{"id":10025,"date":"2025-09-17T10:41:17","date_gmt":"2025-09-17T15:41:17","guid":{"rendered":"https:\/\/stltriallawyers.com\/?page_id=10025"},"modified":"2025-09-17T10:41:18","modified_gmt":"2025-09-17T15:41:18","slug":"hilda-wilson","status":"publish","type":"page","link":"https:\/\/stltriallawyers.com\/es\/nuestro-equipo\/hilda-wilson\/","title":{"rendered":"Hilda Wilson"},"content":{"rendered":"<div id=\"pl-10025\"  class=\"panel-layout\" ><div id=\"pg-10025-0\"  class=\"panel-grid panel-no-style\" ><div id=\"pgc-10025-0-0\"  class=\"panel-grid-cell\" ><div id=\"panel-10025-0-0-0\" class=\"so-panel widget_sow-image panel-first-child panel-last-child\" data-index=\"0\" ><div\n\t\t\t\n\t\t\tclass=\"so-widget-sow-image so-widget-sow-image-default-c4f6304fc136-10025\"\n\t\t\t\n\t\t>\n<div class=\"sow-image-container\">\n\t\t<img \n\tsrc=\"https:\/\/stltriallawyers.com\/wp-content\/uploads\/fernandezlaw-70.jpg\" alt=\"\" \t\tclass=\"so-widget-image\"\/>\n\t<\/div>\n\n<\/div><\/div><\/div><div id=\"pgc-10025-0-1\"  class=\"panel-grid-cell\" ><div id=\"panel-10025-0-1-0\" class=\"so-panel widget_sow-editor panel-first-child panel-last-child\" data-index=\"1\" ><div\n\t\t\t\n\t\t\tclass=\"so-widget-sow-editor so-widget-sow-editor-base\"\n\t\t\t\n\t\t>\n<div class=\"siteorigin-widget-tinymce textwidget\">\n\t<h4 style=\"text-align: left;\"><strong>Hilda Wilson<\/strong><\/h4>\n<p style=\"text-align: left;\"><span style=\"font-weight: 400;\">Asistente Legal de la Oficina<\/span><\/p>\n<p><span style=\"font-weight: 400;\">Hilda Wilson es la Asistente Legal de la Oficina Legal Fern\u00e1ndez (Fern\u00e1ndez Law Office), en donde act\u00faa como asistente de los abogados en el proceso de direcci\u00f3n y gesti\u00f3n diaria de las operaciones de la oficina. Asiste en la recopilaci\u00f3n de informaci\u00f3n importante de los casos y desempe\u00f1a un papel clave para mantener la firma organizada y funcionando sin problemas.<\/span><\/p>\n<p><span style=\"font-weight: 400;\">Nacida en California de padres mexicanos, Hilda es la hija menor de su familia y se enorgullece contribuyendo con la capacidad de la firma para servir a la comunidad hispanohablante. Sus habilidades biling\u00fces y su conocimiento cultural ayudan a superar las barreras ling\u00fc\u00edsticas respaldando la misi\u00f3n de la firma de ofrecer un servicio legal accesible y centrado en el cliente.&nbsp;<\/span><\/p>\n<p><span style=\"font-weight: 400;\">Conocida por su energ\u00eda serena, su s\u00f3lida \u00e9tica de trabajo y su atenci\u00f3n al detalle, Hilda es una parte valiosa y confiable del equipo de Fernandez Law. Fuera de la oficina, disfruta viajando con su esposo, tambi\u00e9n de la reposter\u00eda y de la lectura. <\/span><\/p>\n<\/div>\n<\/div><\/div><\/div><\/div><div id=\"pg-10025-1\"  class=\"panel-grid panel-no-style\" ><div id=\"pgc-10025-1-0\"  class=\"panel-grid-cell panel-grid-cell-empty\" ><\/div><\/div><\/div>","protected":false},"excerpt":{"rendered":"<p>Hilda Wilson Asistente Legal de la Oficina Hilda Wilson es la Asistente Legal de la Oficina Legal Fern\u00e1ndez (Fern\u00e1ndez Law Office), en donde act\u00faa como asistente de los abogados en el proceso de direcci\u00f3n y gesti\u00f3n diaria de las operaciones de la oficina. Asiste en la recopilaci\u00f3n de informaci\u00f3n importante de los casos y desempe\u00f1a &#8230; <\/p>\n<p class=\"read-more-container\"><a title=\"Hilda Wilson\" class=\"read-more button\" href=\"https:\/\/stltriallawyers.com\/es\/nuestro-equipo\/hilda-wilson\/#more-10025\" aria-label=\"Leer m\u00e1s sobre Hilda Wilson\">Leer m\u00e1s<\/a><\/p>\n","protected":false},"author":6,"featured_media":0,"parent":8025,"menu_order":5,"comment_status":"closed","ping_status":"closed","template":"","meta":{"inline_featured_image":false,"ngg_post_thumbnail":0,"footnotes":""},"class_list":["post-10025","page","type-page","status-publish"],"yoast_head":"<!-- This site is optimized with the Yoast SEO Premium plugin v22.4 (Yoast SEO v26.7) - https:\/\/yoast.com\/wordpress\/plugins\/seo\/ -->\n<title>Hilda Wilson - St. Louis Trial Lawyers<\/title>\n<meta name=\"robots\" content=\"index, follow, max-snippet:-1, max-image-preview:large, max-video-preview:-1\" \/>\n<link rel=\"canonical\" href=\"https:\/\/stltriallawyers.com\/es\/nuestro-equipo\/hilda-wilson\/\" \/>\n<meta property=\"og:locale\" content=\"es_ES\" \/>\n<meta property=\"og:type\" content=\"article\" \/>\n<meta property=\"og:title\" content=\"Hilda Wilson\" \/>\n<meta property=\"og:description\" content=\"Hilda Wilson Asistente Legal de la Oficina Hilda Wilson es la Asistente Legal de la Oficina Legal Fern\u00e1ndez (Fern\u00e1ndez Law Office), en donde act\u00faa como asistente de los abogados en el proceso de direcci\u00f3n y gesti\u00f3n diaria de las operaciones de la oficina. Asiste en la recopilaci\u00f3n de informaci\u00f3n importante de los casos y desempe\u00f1a ... Leer m\u00e1s\" \/>\n<meta property=\"og:url\" content=\"https:\/\/stltriallawyers.com\/es\/nuestro-equipo\/hilda-wilson\/\" \/>\n<meta property=\"og:site_name\" content=\"St. Louis Trial Lawyers\" \/>\n<meta property=\"article:modified_time\" content=\"2025-09-17T15:41:18+00:00\" \/>\n<meta name=\"twitter:label1\" content=\"Tiempo de lectura\" \/>\n\t<meta name=\"twitter:data1\" content=\"1 minuto\" \/>\n<script type=\"application\/ld+json\" class=\"yoast-schema-graph\">{\"@context\":\"https:\/\/schema.org\",\"@graph\":[{\"@type\":\"WebPage\",\"@id\":\"https:\/\/stltriallawyers.com\/es\/nuestro-equipo\/hilda-wilson\/\",\"url\":\"https:\/\/stltriallawyers.com\/es\/nuestro-equipo\/hilda-wilson\/\",\"name\":\"Hilda Wilson - St. Louis Trial Lawyers\",\"isPartOf\":{\"@id\":\"https:\/\/stltriallawyers.com\/#website\"},\"datePublished\":\"2025-09-17T15:41:17+00:00\",\"dateModified\":\"2025-09-17T15:41:18+00:00\",\"breadcrumb\":{\"@id\":\"https:\/\/stltriallawyers.com\/es\/nuestro-equipo\/hilda-wilson\/#breadcrumb\"},\"inLanguage\":\"es\",\"potentialAction\":[{\"@type\":\"ReadAction\",\"target\":[\"https:\/\/stltriallawyers.com\/es\/nuestro-equipo\/hilda-wilson\/\"]}]},{\"@type\":\"BreadcrumbList\",\"@id\":\"https:\/\/stltriallawyers.com\/es\/nuestro-equipo\/hilda-wilson\/#breadcrumb\",\"itemListElement\":[{\"@type\":\"ListItem\",\"position\":1,\"name\":\"Home\",\"item\":\"https:\/\/stltriallawyers.com\/es\/\"},{\"@type\":\"ListItem\",\"position\":2,\"name\":\"Nuestro Equipo\",\"item\":\"https:\/\/stltriallawyers.com\/es\/nuestro-equipo\/\"},{\"@type\":\"ListItem\",\"position\":3,\"name\":\"Hilda Wilson\"}]},{\"@type\":\"WebSite\",\"@id\":\"https:\/\/stltriallawyers.com\/#website\",\"url\":\"https:\/\/stltriallawyers.com\/\",\"name\":\"St. Louis Trial Lawyers\",\"description\":\"\",\"publisher\":{\"@id\":\"https:\/\/stltriallawyers.com\/#organization\"},\"potentialAction\":[{\"@type\":\"SearchAction\",\"target\":{\"@type\":\"EntryPoint\",\"urlTemplate\":\"https:\/\/stltriallawyers.com\/?s={search_term_string}\"},\"query-input\":{\"@type\":\"PropertyValueSpecification\",\"valueRequired\":true,\"valueName\":\"search_term_string\"}}],\"inLanguage\":\"es\"},{\"@type\":[\"Organization\",\"Place\"],\"@id\":\"https:\/\/stltriallawyers.com\/#organization\",\"name\":\"Fernandez Law, LLC\",\"url\":\"https:\/\/stltriallawyers.com\/\",\"logo\":{\"@id\":\"https:\/\/stltriallawyers.com\/es\/nuestro-equipo\/hilda-wilson\/#local-main-organization-logo\"},\"image\":{\"@id\":\"https:\/\/stltriallawyers.com\/es\/nuestro-equipo\/hilda-wilson\/#local-main-organization-logo\"},\"telephone\":[],\"openingHoursSpecification\":[{\"@type\":\"OpeningHoursSpecification\",\"dayOfWeek\":[\"Monday\",\"Tuesday\",\"Wednesday\",\"Thursday\",\"Friday\",\"Saturday\",\"Sunday\"],\"opens\":\"09:00\",\"closes\":\"17:00\"}]},{\"@type\":\"ImageObject\",\"inLanguage\":\"es\",\"@id\":\"https:\/\/stltriallawyers.com\/es\/nuestro-equipo\/hilda-wilson\/#local-main-organization-logo\",\"url\":\"https:\/\/stltriallawyers.com\/wp-content\/uploads\/Logo.jpg\",\"contentUrl\":\"https:\/\/stltriallawyers.com\/wp-content\/uploads\/Logo.jpg\",\"width\":1084,\"height\":284,\"caption\":\"Fernandez Law, LLC\"}]}<\/script>\n<!-- \/ Yoast SEO Premium plugin. -->","yoast_head_json":{"title":"Hilda Wilson - St. Louis Trial Lawyers","robots":{"index":"index","follow":"follow","max-snippet":"max-snippet:-1","max-image-preview":"max-image-preview:large","max-video-preview":"max-video-preview:-1"},"canonical":"https:\/\/stltriallawyers.com\/es\/nuestro-equipo\/hilda-wilson\/","og_locale":"es_ES","og_type":"article","og_title":"Hilda Wilson","og_description":"Hilda Wilson Asistente Legal de la Oficina Hilda Wilson es la Asistente Legal de la Oficina Legal Fern\u00e1ndez (Fern\u00e1ndez Law Office), en donde act\u00faa como asistente de los abogados en el proceso de direcci\u00f3n y gesti\u00f3n diaria de las operaciones de la oficina. Asiste en la recopilaci\u00f3n de informaci\u00f3n importante de los casos y desempe\u00f1a ... Leer m\u00e1s","og_url":"https:\/\/stltriallawyers.com\/es\/nuestro-equipo\/hilda-wilson\/","og_site_name":"St. Louis Trial Lawyers","article_modified_time":"2025-09-17T15:41:18+00:00","twitter_misc":{"Tiempo de lectura":"1 minuto"},"schema":{"@context":"https:\/\/schema.org","@graph":[{"@type":"WebPage","@id":"https:\/\/stltriallawyers.com\/es\/nuestro-equipo\/hilda-wilson\/","url":"https:\/\/stltriallawyers.com\/es\/nuestro-equipo\/hilda-wilson\/","name":"Hilda Wilson - St. Louis Trial Lawyers","isPartOf":{"@id":"https:\/\/stltriallawyers.com\/#website"},"datePublished":"2025-09-17T15:41:17+00:00","dateModified":"2025-09-17T15:41:18+00:00","breadcrumb":{"@id":"https:\/\/stltriallawyers.com\/es\/nuestro-equipo\/hilda-wilson\/#breadcrumb"},"inLanguage":"es","potentialAction":[{"@type":"ReadAction","target":["https:\/\/stltriallawyers.com\/es\/nuestro-equipo\/hilda-wilson\/"]}]},{"@type":"BreadcrumbList","@id":"https:\/\/stltriallawyers.com\/es\/nuestro-equipo\/hilda-wilson\/#breadcrumb","itemListElement":[{"@type":"ListItem","position":1,"name":"Home","item":"https:\/\/stltriallawyers.com\/es\/"},{"@type":"ListItem","position":2,"name":"Nuestro Equipo","item":"https:\/\/stltriallawyers.com\/es\/nuestro-equipo\/"},{"@type":"ListItem","position":3,"name":"Hilda Wilson"}]},{"@type":"WebSite","@id":"https:\/\/stltriallawyers.com\/#website","url":"https:\/\/stltriallawyers.com\/","name":"St. Louis Trial Lawyers","description":"","publisher":{"@id":"https:\/\/stltriallawyers.com\/#organization"},"potentialAction":[{"@type":"SearchAction","target":{"@type":"EntryPoint","urlTemplate":"https:\/\/stltriallawyers.com\/?s={search_term_string}"},"query-input":{"@type":"PropertyValueSpecification","valueRequired":true,"valueName":"search_term_string"}}],"inLanguage":"es"},{"@type":["Organization","Place"],"@id":"https:\/\/stltriallawyers.com\/#organization","name":"Fernandez Law, LLC","url":"https:\/\/stltriallawyers.com\/","logo":{"@id":"https:\/\/stltriallawyers.com\/es\/nuestro-equipo\/hilda-wilson\/#local-main-organization-logo"},"image":{"@id":"https:\/\/stltriallawyers.com\/es\/nuestro-equipo\/hilda-wilson\/#local-main-organization-logo"},"telephone":[],"openingHoursSpecification":[{"@type":"OpeningHoursSpecification","dayOfWeek":["Monday","Tuesday","Wednesday","Thursday","Friday","Saturday","Sunday"],"opens":"09:00","closes":"17:00"}]},{"@type":"ImageObject","inLanguage":"es","@id":"https:\/\/stltriallawyers.com\/es\/nuestro-equipo\/hilda-wilson\/#local-main-organization-logo","url":"https:\/\/stltriallawyers.com\/wp-content\/uploads\/Logo.jpg","contentUrl":"https:\/\/stltriallawyers.com\/wp-content\/uploads\/Logo.jpg","width":1084,"height":284,"caption":"Fernandez Law, LLC"}]}},"_links":{"self":[{"href":"https:\/\/stltriallawyers.com\/es\/wp-json\/wp\/v2\/pages\/10025","targetHints":{"allow":["GET"]}}],"collection":[{"href":"https:\/\/stltriallawyers.com\/es\/wp-json\/wp\/v2\/pages"}],"about":[{"href":"https:\/\/stltriallawyers.com\/es\/wp-json\/wp\/v2\/types\/page"}],"author":[{"embeddable":true,"href":"https:\/\/stltriallawyers.com\/es\/wp-json\/wp\/v2\/users\/6"}],"replies":[{"embeddable":true,"href":"https:\/\/stltriallawyers.com\/es\/wp-json\/wp\/v2\/comments?post=10025"}],"version-history":[{"count":1,"href":"https:\/\/stltriallawyers.com\/es\/wp-json\/wp\/v2\/pages\/10025\/revisions"}],"predecessor-version":[{"id":10132,"href":"https:\/\/stltriallawyers.com\/es\/wp-json\/wp\/v2\/pages\/10025\/revisions\/10132"}],"up":[{"embeddable":true,"href":"https:\/\/stltriallawyers.com\/es\/wp-json\/wp\/v2\/pages\/8025"}],"wp:attachment":[{"href":"https:\/\/stltriallawyers.com\/es\/wp-json\/wp\/v2\/media?parent=10025"}],"curies":[{"name":"wp","href":"https:\/\/api.w.org\/{rel}","templated":true}]}}