{"id":4150,"date":"2018-12-14T15:47:18","date_gmt":"2018-12-14T21:47:18","guid":{"rendered":"http:\/\/www.new.stltriallawyers.com\/?page_id=4150"},"modified":"2024-01-18T22:22:33","modified_gmt":"2024-01-19T04:22:33","slug":"contactenos-hoy","status":"publish","type":"page","link":"https:\/\/stltriallawyers.com\/es\/contactenos-hoy\/","title":{"rendered":"CONT\u00c1CTENOS HOY"},"content":{"rendered":"<div id=\"pl-4150\"  class=\"panel-layout\" ><div id=\"pg-4150-0\"  class=\"panel-grid panel-no-style\" ><div id=\"pgc-4150-0-0\"  class=\"panel-grid-cell\" ><div id=\"panel-4150-0-0-0\" class=\"so-panel widget_sow-editor panel-first-child panel-last-child\" data-index=\"0\" ><div\n\t\t\t\n\t\t\tclass=\"so-widget-sow-editor so-widget-sow-editor-base\"\n\t\t\t\n\t\t>\n<div class=\"siteorigin-widget-tinymce textwidget\">\n\t<h1>CONSULTA GRATUITA<\/h1>\n<p>Los abogado litigantes de Fernandez Law en St. Louis han servido a los intereses de las v\u00edctimas de accidentes en Missouri y el sur de Illinois desde 1976.<\/p>\n<p>Para aprender c\u00f3mo nuestra experiencia y compromiso con los intereses de nuestros clientes pueden ayudarle a manejar los efectos de su p\u00e9rdida, ll\u00e1menos al <a href=\"tel:3144339131\">314-433-9131<\/a> o utilice el siguiente formulario para contactarnos por el internet.<\/p>\n<p>En una consulta gratuita, un abogado de nuestra firma puede revisar su caso y explicar lo que podemos hacer para ayudarle a obtener la compensaci\u00f3n que se merece.<\/p>\n<p><strong>Fernandez Law<br \/>\n<\/strong>701 Market Street,<br \/>\nSuite 1425<br \/>\nSt Louis, MO 63101<\/p>\n<p>Phone:&nbsp;<a href=\"tel:3144339131\">314-433-9131<\/a><br \/>\nFax: 314-621-5705<\/p>\n<\/div>\n<\/div><\/div><\/div><div id=\"pgc-4150-0-1\"  class=\"panel-grid-cell\" ><div id=\"panel-4150-0-1-0\" class=\"so-panel widget_sow-editor panel-first-child panel-last-child\" data-index=\"1\" ><div class=\"panel-widget-style panel-widget-style-for-4150-0-1-0\" ><div\n\t\t\t\n\t\t\tclass=\"so-widget-sow-editor so-widget-sow-editor-base\"\n\t\t\t\n\t\t>\n<div class=\"siteorigin-widget-tinymce textwidget\">\n\t<style id=\"wpforms-css-vars-9656\">\n\t\t\t\t#wpforms-9656 {\n\t\t\t\t\n\t\t\t}\n\t\t\t<\/style><div class=\"wpforms-container wpforms-container-full wpforms-render-modern\" id=\"wpforms-9656\"><form id=\"wpforms-form-9656\" class=\"wpforms-validate wpforms-form wpforms-ajax-form\" data-formid=\"9656\" method=\"post\" enctype=\"multipart\/form-data\" action=\"\/es\/wp-json\/wp\/v2\/pages\/4150\" data-token=\"1f40253745bee5b257f020471560bc75\" data-token-time=\"1776961608\"><noscript class=\"wpforms-error-noscript\">Por favor, activa JavaScript en tu navegador para completar este formulario.<\/noscript><div id=\"wpforms-error-noscript\" style=\"display: none;\">Por favor, activa JavaScript en tu navegador para completar este formulario.<\/div><div class=\"wpforms-field-container\"><div id=\"wpforms-9656-field_0-container\" class=\"wpforms-field wpforms-field-name\" data-field-id=\"0\"><label class=\"wpforms-field-label wpforms-label-hide\" for=\"wpforms-9656-field_0\" aria-hidden=\"false\">Nombre <span class=\"wpforms-required-label\" aria-hidden=\"true\">*<\/span><\/label><input type=\"text\" id=\"wpforms-9656-field_0\" class=\"wpforms-field-medium wpforms-field-required\" name=\"wpforms[fields][0]\" placeholder=\"Nombre\" aria-errormessage=\"wpforms-9656-field_0-error\" required><\/div><div id=\"wpforms-9656-field_1-container\" class=\"wpforms-field wpforms-field-email\" data-field-id=\"1\"><label class=\"wpforms-field-label wpforms-label-hide\" for=\"wpforms-9656-field_1\" aria-hidden=\"false\">Correo electr\u00f3nico <span class=\"wpforms-required-label\" aria-hidden=\"true\">*<\/span><\/label><input type=\"email\" id=\"wpforms-9656-field_1\" class=\"wpforms-field-medium wpforms-field-required\" name=\"wpforms[fields][1]\" placeholder=\"Correo electr\u00f3nico\" spellcheck=\"false\" aria-errormessage=\"wpforms-9656-field_1-error\" required><\/div><div id=\"wpforms-9656-field_3-container\" class=\"wpforms-field wpforms-field-number\" data-field-id=\"3\"><label class=\"wpforms-field-label wpforms-label-hide\" for=\"wpforms-9656-field_3\" aria-hidden=\"false\">Tel\u00e9fono<\/label><input type=\"number\" id=\"wpforms-9656-field_3\" class=\"wpforms-field-medium\" name=\"wpforms[fields][3]\" placeholder=\"Tel\u00e9fono\" step=\"any\" aria-errormessage=\"wpforms-9656-field_3-error\" ><\/div><div id=\"wpforms-9656-field_2-container\" class=\"wpforms-field wpforms-field-textarea\" data-field-id=\"2\"><label class=\"wpforms-field-label wpforms-label-hide\" for=\"wpforms-9656-field_2\" aria-hidden=\"false\">Mensaje<\/label><textarea id=\"wpforms-9656-field_2\" class=\"wpforms-field-medium\" name=\"wpforms[fields][2]\" placeholder=\"Mensaje\" aria-errormessage=\"wpforms-9656-field_2-error\" ><\/textarea><\/div><div id=\"wpforms-9656-field_10-container\" class=\"wpforms-field wpforms-field-select wpforms-field-select-style-classic\" data-field-id=\"10\"><label class=\"wpforms-field-label\" for=\"wpforms-9656-field_10\">\u00bfAcepta recibir mensajes de texto de Fern\u00e1ndez Law desde el (314)621-1252? La frecuencia de los mensajes var\u00eda y puede incluir recordatorios de citas, informaci\u00f3n sobre el servicio u otra informaci\u00f3n. Pueden aplicarse tarifas por mensajes y datos. Responda &quot;STOP&quot; en cualquier momento para cancelar la suscripci\u00f3n.  Para obtener ayuda, responda &quot;HELP&quot; o contacte con el servicio de atenci\u00f3n al cliente al (314)621-1252.<\/label><select id=\"wpforms-9656-field_10\" class=\"wpforms-field-medium\" name=\"wpforms[fields][10]\"><option value=\"S\u00ed, acepto recibir mensajes de texto de Fern\u00e1ndez Law desde el (314)621-1252.\"  class=\"choice-1 depth-1\"  >S\u00ed, acepto recibir mensajes de texto de Fern\u00e1ndez Law desde el (314)621-1252.<\/option><option value=\"No, no quiero recibir mensajes de texto de Fern\u00e1ndez Law.\"  class=\"choice-2 depth-1\"  >No, no quiero recibir mensajes de texto de Fern\u00e1ndez Law.<\/option><\/select><div id=\"wpforms-9656-field_10-description\" class=\"wpforms-field-description\">Consulte nuestra Pol\u00edtica de Privacidad para obtener m\u00e1s informaci\u00f3n sobre c\u00f3mo gestionamos su informaci\u00f3n.<\/div><\/div><\/div><!-- .wpforms-field-container --><div class=\"wpforms-recaptcha-container wpforms-is-recaptcha wpforms-is-recaptcha-type-v3\" ><input type=\"hidden\" name=\"wpforms[recaptcha]\" value=\"\"><\/div><div class=\"wpforms-submit-container\" ><input type=\"hidden\" name=\"wpforms[id]\" value=\"9656\"><input type=\"hidden\" name=\"page_title\" value=\"\"><input type=\"hidden\" name=\"page_url\" value=\"https:\/\/stltriallawyers.com\/es\/wp-json\/wp\/v2\/pages\/4150\"><input type=\"hidden\" name=\"url_referer\" value=\"\"><button type=\"submit\" name=\"wpforms[submit]\" id=\"wpforms-submit-9656\" class=\"wpforms-submit\" data-alt-text=\"Sending...\" data-submit-text=\"Send\" aria-live=\"assertive\" value=\"wpforms-submit\">Send<\/button><img loading=\"lazy\" decoding=\"async\" src=\"https:\/\/stltriallawyers.com\/wp-content\/plugins\/wpforms-lite\/assets\/images\/submit-spin.svg\" class=\"wpforms-submit-spinner\" style=\"display: none;\" width=\"26\" height=\"26\" alt=\"Cargando\"><\/div><\/form><\/div>  <!-- .wpforms-container -->\n<\/div>\n<\/div><\/div><\/div><\/div><\/div><div id=\"pg-4150-1\"  class=\"panel-grid panel-no-style\" ><div id=\"pgc-4150-1-0\"  class=\"panel-grid-cell\" ><div id=\"panel-4150-1-0-0\" class=\"so-panel widget_sow-image panel-first-child panel-last-child\" data-index=\"2\" ><div\n\t\t\t\n\t\t\tclass=\"so-widget-sow-image so-widget-sow-image-default-c67d20f9f743-4150\"\n\t\t\t\n\t\t>\n<div class=\"sow-image-container\">\n\t\t\t<a href=\"https:\/\/www.google.com\/maps\/place\/701+Market+St,+St.+Louis,+MO+63101\/@38.6266409,-90.1952339,17z\/data=!3m1!4b1!4m6!3m5!1s0x87d8b3195f386b65:0x1b2dd1d26711b392!8m2!3d38.6266409!4d-90.1926536!16s%2Fg%2F11b8v4qgc0?entry=ttu\"\n\t\t\ttarget=\"_blank\" rel=\"noopener noreferrer\" \t\t>\n\t\t\t<img \n\tsrc=\"https:\/\/stltriallawyers.com\/wp-content\/uploads\/NewMap-jpg.webp\" width=\"2504\" height=\"1616\" srcset=\"https:\/\/stltriallawyers.com\/wp-content\/uploads\/NewMap-jpg.webp 2504w, https:\/\/stltriallawyers.com\/wp-content\/uploads\/NewMap-300x194.webp 300w, https:\/\/stltriallawyers.com\/wp-content\/uploads\/NewMap-1024x661.webp 1024w, https:\/\/stltriallawyers.com\/wp-content\/uploads\/NewMap-768x496.webp 768w, https:\/\/stltriallawyers.com\/wp-content\/uploads\/NewMap-1536x991.webp 1536w, https:\/\/stltriallawyers.com\/wp-content\/uploads\/NewMap-2048x1322.webp 2048w\" sizes=\"(max-width: 2504px) 100vw, 2504px\" title=\"NewMap\" alt=\"\" \t\tclass=\"so-widget-image\"\/>\n\t\t\t<\/a><\/div>\n\n<\/div><\/div><\/div><\/div><\/div>","protected":false},"excerpt":{"rendered":"<p>CONSULTA GRATUITA Los abogado litigantes de Fernandez Law en St. Louis han servido a los intereses de las v\u00edctimas de accidentes en Missouri y el sur de Illinois desde 1976. Para aprender c\u00f3mo nuestra experiencia y compromiso con los intereses de nuestros clientes pueden ayudarle a manejar los efectos de su p\u00e9rdida, ll\u00e1menos al 314-433-9131 &#8230; <\/p>\n<p class=\"read-more-container\"><a title=\"CONT\u00c1CTENOS HOY\" class=\"read-more button\" href=\"https:\/\/stltriallawyers.com\/es\/contactenos-hoy\/#more-4150\" aria-label=\"Leer m\u00e1s sobre CONT\u00c1CTENOS HOY\">Leer m\u00e1s<\/a><\/p>\n","protected":false},"author":3,"featured_media":0,"parent":0,"menu_order":11,"comment_status":"closed","ping_status":"closed","template":"","meta":{"inline_featured_image":false,"ngg_post_thumbnail":0,"footnotes":""},"class_list":["post-4150","page","type-page","status-publish"],"yoast_head":"<!-- This site is optimized with the Yoast SEO Premium plugin v22.4 (Yoast SEO v26.7) - https:\/\/yoast.com\/wordpress\/plugins\/seo\/ -->\n<title>Contact - Abogado de Accidentes de St. Louis<\/title>\n<meta name=\"robots\" content=\"index, follow, max-snippet:-1, max-image-preview:large, max-video-preview:-1\" \/>\n<link rel=\"canonical\" href=\"https:\/\/stltriallawyers.com\/es\/contactenos-hoy\/\" \/>\n<meta property=\"og:locale\" content=\"es_ES\" \/>\n<meta property=\"og:type\" content=\"article\" \/>\n<meta property=\"og:title\" content=\"CONT\u00c1CTENOS HOY\" \/>\n<meta property=\"og:description\" content=\"CONSULTA GRATUITA Los abogado litigantes de Fernandez Law en St. Louis han servido a los intereses de las v\u00edctimas de accidentes en Missouri y el sur de Illinois desde 1976. Para aprender c\u00f3mo nuestra experiencia y compromiso con los intereses de nuestros clientes pueden ayudarle a manejar los efectos de su p\u00e9rdida, ll\u00e1menos al 314-433-9131 ... Leer m\u00e1s\" \/>\n<meta property=\"og:url\" content=\"https:\/\/stltriallawyers.com\/es\/contactenos-hoy\/\" \/>\n<meta property=\"og:site_name\" content=\"St. Louis Trial Lawyers\" \/>\n<meta property=\"article:modified_time\" content=\"2024-01-19T04:22:33+00:00\" \/>\n<meta name=\"twitter:label1\" content=\"Tiempo de lectura\" \/>\n\t<meta name=\"twitter:data1\" content=\"1 minuto\" \/>\n<script type=\"application\/ld+json\" class=\"yoast-schema-graph\">{\"@context\":\"https:\/\/schema.org\",\"@graph\":[{\"@type\":\"WebPage\",\"@id\":\"https:\/\/stltriallawyers.com\/es\/contactenos-hoy\/\",\"url\":\"https:\/\/stltriallawyers.com\/es\/contactenos-hoy\/\",\"name\":\"Contact - Abogado de Accidentes de St. Louis\",\"isPartOf\":{\"@id\":\"https:\/\/stltriallawyers.com\/#website\"},\"datePublished\":\"2018-12-14T21:47:18+00:00\",\"dateModified\":\"2024-01-19T04:22:33+00:00\",\"breadcrumb\":{\"@id\":\"https:\/\/stltriallawyers.com\/es\/contactenos-hoy\/#breadcrumb\"},\"inLanguage\":\"es\",\"potentialAction\":[{\"@type\":\"ReadAction\",\"target\":[\"https:\/\/stltriallawyers.com\/es\/contactenos-hoy\/\"]}]},{\"@type\":\"BreadcrumbList\",\"@id\":\"https:\/\/stltriallawyers.com\/es\/contactenos-hoy\/#breadcrumb\",\"itemListElement\":[{\"@type\":\"ListItem\",\"position\":1,\"name\":\"Home\",\"item\":\"https:\/\/stltriallawyers.com\/es\/\"},{\"@type\":\"ListItem\",\"position\":2,\"name\":\"CONT\u00c1CTENOS HOY\"}]},{\"@type\":\"WebSite\",\"@id\":\"https:\/\/stltriallawyers.com\/#website\",\"url\":\"https:\/\/stltriallawyers.com\/\",\"name\":\"St. Louis Trial Lawyers\",\"description\":\"\",\"publisher\":{\"@id\":\"https:\/\/stltriallawyers.com\/#organization\"},\"potentialAction\":[{\"@type\":\"SearchAction\",\"target\":{\"@type\":\"EntryPoint\",\"urlTemplate\":\"https:\/\/stltriallawyers.com\/?s={search_term_string}\"},\"query-input\":{\"@type\":\"PropertyValueSpecification\",\"valueRequired\":true,\"valueName\":\"search_term_string\"}}],\"inLanguage\":\"es\"},{\"@type\":[\"Organization\",\"Place\"],\"@id\":\"https:\/\/stltriallawyers.com\/#organization\",\"name\":\"Fernandez Law, LLC\",\"url\":\"https:\/\/stltriallawyers.com\/\",\"logo\":{\"@id\":\"https:\/\/stltriallawyers.com\/es\/contactenos-hoy\/#local-main-organization-logo\"},\"image\":{\"@id\":\"https:\/\/stltriallawyers.com\/es\/contactenos-hoy\/#local-main-organization-logo\"},\"telephone\":[],\"openingHoursSpecification\":[{\"@type\":\"OpeningHoursSpecification\",\"dayOfWeek\":[\"Monday\",\"Tuesday\",\"Wednesday\",\"Thursday\",\"Friday\",\"Saturday\",\"Sunday\"],\"opens\":\"09:00\",\"closes\":\"17:00\"}]},{\"@type\":\"ImageObject\",\"inLanguage\":\"es\",\"@id\":\"https:\/\/stltriallawyers.com\/es\/contactenos-hoy\/#local-main-organization-logo\",\"url\":\"https:\/\/stltriallawyers.com\/wp-content\/uploads\/Logo.jpg\",\"contentUrl\":\"https:\/\/stltriallawyers.com\/wp-content\/uploads\/Logo.jpg\",\"width\":1084,\"height\":284,\"caption\":\"Fernandez Law, LLC\"}]}<\/script>\n<!-- \/ Yoast SEO Premium plugin. -->","yoast_head_json":{"title":"Contact - Abogado de Accidentes de St. Louis","robots":{"index":"index","follow":"follow","max-snippet":"max-snippet:-1","max-image-preview":"max-image-preview:large","max-video-preview":"max-video-preview:-1"},"canonical":"https:\/\/stltriallawyers.com\/es\/contactenos-hoy\/","og_locale":"es_ES","og_type":"article","og_title":"CONT\u00c1CTENOS HOY","og_description":"CONSULTA GRATUITA Los abogado litigantes de Fernandez Law en St. Louis han servido a los intereses de las v\u00edctimas de accidentes en Missouri y el sur de Illinois desde 1976. Para aprender c\u00f3mo nuestra experiencia y compromiso con los intereses de nuestros clientes pueden ayudarle a manejar los efectos de su p\u00e9rdida, ll\u00e1menos al 314-433-9131 ... Leer m\u00e1s","og_url":"https:\/\/stltriallawyers.com\/es\/contactenos-hoy\/","og_site_name":"St. Louis Trial Lawyers","article_modified_time":"2024-01-19T04:22:33+00:00","twitter_misc":{"Tiempo de lectura":"1 minuto"},"schema":{"@context":"https:\/\/schema.org","@graph":[{"@type":"WebPage","@id":"https:\/\/stltriallawyers.com\/es\/contactenos-hoy\/","url":"https:\/\/stltriallawyers.com\/es\/contactenos-hoy\/","name":"Contact - Abogado de Accidentes de St. Louis","isPartOf":{"@id":"https:\/\/stltriallawyers.com\/#website"},"datePublished":"2018-12-14T21:47:18+00:00","dateModified":"2024-01-19T04:22:33+00:00","breadcrumb":{"@id":"https:\/\/stltriallawyers.com\/es\/contactenos-hoy\/#breadcrumb"},"inLanguage":"es","potentialAction":[{"@type":"ReadAction","target":["https:\/\/stltriallawyers.com\/es\/contactenos-hoy\/"]}]},{"@type":"BreadcrumbList","@id":"https:\/\/stltriallawyers.com\/es\/contactenos-hoy\/#breadcrumb","itemListElement":[{"@type":"ListItem","position":1,"name":"Home","item":"https:\/\/stltriallawyers.com\/es\/"},{"@type":"ListItem","position":2,"name":"CONT\u00c1CTENOS HOY"}]},{"@type":"WebSite","@id":"https:\/\/stltriallawyers.com\/#website","url":"https:\/\/stltriallawyers.com\/","name":"St. Louis Trial Lawyers","description":"","publisher":{"@id":"https:\/\/stltriallawyers.com\/#organization"},"potentialAction":[{"@type":"SearchAction","target":{"@type":"EntryPoint","urlTemplate":"https:\/\/stltriallawyers.com\/?s={search_term_string}"},"query-input":{"@type":"PropertyValueSpecification","valueRequired":true,"valueName":"search_term_string"}}],"inLanguage":"es"},{"@type":["Organization","Place"],"@id":"https:\/\/stltriallawyers.com\/#organization","name":"Fernandez Law, LLC","url":"https:\/\/stltriallawyers.com\/","logo":{"@id":"https:\/\/stltriallawyers.com\/es\/contactenos-hoy\/#local-main-organization-logo"},"image":{"@id":"https:\/\/stltriallawyers.com\/es\/contactenos-hoy\/#local-main-organization-logo"},"telephone":[],"openingHoursSpecification":[{"@type":"OpeningHoursSpecification","dayOfWeek":["Monday","Tuesday","Wednesday","Thursday","Friday","Saturday","Sunday"],"opens":"09:00","closes":"17:00"}]},{"@type":"ImageObject","inLanguage":"es","@id":"https:\/\/stltriallawyers.com\/es\/contactenos-hoy\/#local-main-organization-logo","url":"https:\/\/stltriallawyers.com\/wp-content\/uploads\/Logo.jpg","contentUrl":"https:\/\/stltriallawyers.com\/wp-content\/uploads\/Logo.jpg","width":1084,"height":284,"caption":"Fernandez Law, LLC"}]}},"_links":{"self":[{"href":"https:\/\/stltriallawyers.com\/es\/wp-json\/wp\/v2\/pages\/4150","targetHints":{"allow":["GET"]}}],"collection":[{"href":"https:\/\/stltriallawyers.com\/es\/wp-json\/wp\/v2\/pages"}],"about":[{"href":"https:\/\/stltriallawyers.com\/es\/wp-json\/wp\/v2\/types\/page"}],"author":[{"embeddable":true,"href":"https:\/\/stltriallawyers.com\/es\/wp-json\/wp\/v2\/users\/3"}],"replies":[{"embeddable":true,"href":"https:\/\/stltriallawyers.com\/es\/wp-json\/wp\/v2\/comments?post=4150"}],"version-history":[{"count":13,"href":"https:\/\/stltriallawyers.com\/es\/wp-json\/wp\/v2\/pages\/4150\/revisions"}],"predecessor-version":[{"id":9725,"href":"https:\/\/stltriallawyers.com\/es\/wp-json\/wp\/v2\/pages\/4150\/revisions\/9725"}],"wp:attachment":[{"href":"https:\/\/stltriallawyers.com\/es\/wp-json\/wp\/v2\/media?parent=4150"}],"curies":[{"name":"wp","href":"https:\/\/api.w.org\/{rel}","templated":true}]}}