{"id":4241,"date":"2019-01-09T12:06:41","date_gmt":"2019-01-09T18:06:41","guid":{"rendered":"http:\/\/www.new.stltriallawyers.com\/?page_id=4241"},"modified":"2025-02-08T15:03:06","modified_gmt":"2025-02-08T21:03:06","slug":"aviacion-accidente-abogado-2","status":"publish","type":"page","link":"https:\/\/stltriallawyers.com\/es\/aviacion-accidente-abogado-2\/","title":{"rendered":"Aviaci\u00f3n Accidente Abogado"},"content":{"rendered":"<p>Hablando estad\u00edsticamente, viajar en avi\u00f3n es m\u00e1s seguro que otros modos de transporte. Sin embargo, cuando un accidente a\u00e9reo ocurre, es usualmente m\u00e1s catastr\u00f3fico. Debido a su naturaleza de m\u00faltiples estratos, usualmente envuelve una mezcla de leyes de orden estatal, federal e internacional, y es crucial contratar a un abogado inteligente y experimentado en asuntos de aviaci\u00f3n que represente sus intereses en una corte.<\/p>\n<p>Los accidentes de aviaci\u00f3n abarcan m\u00faltiples tipos de aeronaves. Dichos accidentes incluyen pero no se limitan a los siguientes:<\/p>\n<ul>\n<li>Estrellones de aerol\u00edneas comerciales<\/li>\n<li>Estrellones de peque\u00f1os aviones<\/li>\n<li>Estrellones de helic\u00f3pteros<\/li>\n<li>Estrellones de ambulancias \u00e1reas<\/li>\n<li>Accidentes en aeropuertos<\/li>\n<li>Lesiones ocurridas a los pasajeros durante abordaje o desembarque<\/li>\n<li>Lesiones como resultado de fallas mec\u00e1nicas o del mal funcionamiento de medidas de seguridad<\/li>\n<li>Y otros<\/li>\n<\/ul>\n<p>Dependiendo de donde se estrelle el avi\u00f3n y las circunstancias del accidente, aplican diferentes leyes. Una multitud de partes puedes ser encontradas responsables del estrell\u00f3n: agencias, el personal de la aerol\u00ednea, pasajeros, escuadras de mantenimiento, controladores de tr\u00e1fico a\u00e9reo, y manufactureros pueden ser acusados con variados grados de responsabilidad. Fue un error del piloto, un error mec\u00e1nico, un defecto de manufactura, negligencia de un controlador a\u00e9reo o negligencia de parte de la autoridad del aeropuerto.<\/p>\n<p>La aviaci\u00f3n es una empresa altamente regulada. Para llegar al fondo de las causas del estrell\u00f3n de un avi\u00f3n, un primer paso importante es una investigaci\u00f3n detallada.<\/p>\n<p>Ya sea que usted haya sido seriamente lesionado o que un miembro de la familia haya sido catastr\u00f3ficamente lesionado o muerto en un accidente de aviaci\u00f3n, cont\u00e1ctenos para revisar su caso. Entre m\u00e1s a tiempo llame, mucho mejor para poder maximizar la efectividad de una investigaci\u00f3n completa.<\/p>\n<p><a class=\"myButton\" href=\"https:\/\/stltriallawyers.com\/es\/contactenos-hoy\/\">Cont\u00e1ctanos para una consulta gratuita<\/a><\/p>\n<p>&nbsp;<\/p>\n<p>&nbsp;<\/p>\n","protected":false},"excerpt":{"rendered":"<p>Hablando estad\u00edsticamente, viajar en avi\u00f3n es m\u00e1s seguro que otros modos de transporte. Sin embargo, cuando un accidente a\u00e9reo ocurre, es usualmente m\u00e1s catastr\u00f3fico. Debido a su naturaleza de m\u00faltiples estratos, usualmente envuelve una mezcla de leyes de orden estatal, federal e internacional, y es crucial contratar a un abogado inteligente y experimentado en asuntos &#8230; <\/p>\n<p class=\"read-more-container\"><a title=\"Aviaci\u00f3n Accidente Abogado\" class=\"read-more button\" href=\"https:\/\/stltriallawyers.com\/es\/aviacion-accidente-abogado-2\/#more-4241\" aria-label=\"Leer m\u00e1s sobre Aviaci\u00f3n Accidente Abogado\">Leer m\u00e1s<\/a><\/p>\n","protected":false},"author":8,"featured_media":0,"parent":0,"menu_order":0,"comment_status":"closed","ping_status":"closed","template":"","meta":{"inline_featured_image":false,"ngg_post_thumbnail":0,"footnotes":""},"class_list":["post-4241","page","type-page","status-publish"],"yoast_head":"<!-- This site is optimized with the Yoast SEO Premium plugin v22.4 (Yoast SEO v26.7) - https:\/\/yoast.com\/wordpress\/plugins\/seo\/ -->\n<title>Abogado de Accidentes de Aviaci\u00f3n | Devereaux, Stokes<\/title>\n<meta name=\"description\" content=\"Si usted fue lesionado en cualquier clase de accidente de aviaci\u00f3n, incluyendo estrellones de aerol\u00edneas comerciales, estrellones de helic\u00f3pteros, u otros, nuestros abogados pueden ayudarle. Para obtener una evaluaci\u00f3n gratuita de su caso, llame a nuestra firma de abogados hoy.\" \/>\n<meta name=\"robots\" content=\"index, follow, max-snippet:-1, max-image-preview:large, max-video-preview:-1\" \/>\n<link rel=\"canonical\" href=\"https:\/\/stltriallawyers.com\/es\/aviacion-accidente-abogado-2\/\" \/>\n<meta property=\"og:locale\" content=\"es_ES\" \/>\n<meta property=\"og:type\" content=\"article\" \/>\n<meta property=\"og:title\" content=\"Aviaci\u00f3n Accidente Abogado\" \/>\n<meta property=\"og:description\" content=\"Si usted fue lesionado en cualquier clase de accidente de aviaci\u00f3n, incluyendo estrellones de aerol\u00edneas comerciales, estrellones de helic\u00f3pteros, u otros, nuestros abogados pueden ayudarle. Para obtener una evaluaci\u00f3n gratuita de su caso, llame a nuestra firma de abogados hoy.\" \/>\n<meta property=\"og:url\" content=\"https:\/\/stltriallawyers.com\/es\/aviacion-accidente-abogado-2\/\" \/>\n<meta property=\"og:site_name\" content=\"St. Louis Trial Lawyers\" \/>\n<meta property=\"article:modified_time\" content=\"2025-02-08T21:03:06+00:00\" \/>\n<meta name=\"twitter:label1\" content=\"Tiempo de lectura\" \/>\n\t<meta name=\"twitter:data1\" content=\"2 minutos\" \/>\n<script type=\"application\/ld+json\" class=\"yoast-schema-graph\">{\"@context\":\"https:\/\/schema.org\",\"@graph\":[{\"@type\":\"WebPage\",\"@id\":\"https:\/\/stltriallawyers.com\/es\/aviacion-accidente-abogado-2\/\",\"url\":\"https:\/\/stltriallawyers.com\/es\/aviacion-accidente-abogado-2\/\",\"name\":\"Abogado de Accidentes de Aviaci\u00f3n | Devereaux, Stokes\",\"isPartOf\":{\"@id\":\"https:\/\/stltriallawyers.com\/#website\"},\"datePublished\":\"2019-01-09T18:06:41+00:00\",\"dateModified\":\"2025-02-08T21:03:06+00:00\",\"description\":\"Si usted fue lesionado en cualquier clase de accidente de aviaci\u00f3n, incluyendo estrellones de aerol\u00edneas comerciales, estrellones de helic\u00f3pteros, u otros, nuestros abogados pueden ayudarle. Para obtener una evaluaci\u00f3n gratuita de su caso, llame a nuestra firma de abogados hoy.\",\"breadcrumb\":{\"@id\":\"https:\/\/stltriallawyers.com\/es\/aviacion-accidente-abogado-2\/#breadcrumb\"},\"inLanguage\":\"es\",\"potentialAction\":[{\"@type\":\"ReadAction\",\"target\":[\"https:\/\/stltriallawyers.com\/es\/aviacion-accidente-abogado-2\/\"]}]},{\"@type\":\"BreadcrumbList\",\"@id\":\"https:\/\/stltriallawyers.com\/es\/aviacion-accidente-abogado-2\/#breadcrumb\",\"itemListElement\":[{\"@type\":\"ListItem\",\"position\":1,\"name\":\"Home\",\"item\":\"https:\/\/stltriallawyers.com\/es\/\"},{\"@type\":\"ListItem\",\"position\":2,\"name\":\"Aviaci\u00f3n Accidente Abogado\"}]},{\"@type\":\"WebSite\",\"@id\":\"https:\/\/stltriallawyers.com\/#website\",\"url\":\"https:\/\/stltriallawyers.com\/\",\"name\":\"St. Louis Trial Lawyers\",\"description\":\"\",\"publisher\":{\"@id\":\"https:\/\/stltriallawyers.com\/#organization\"},\"potentialAction\":[{\"@type\":\"SearchAction\",\"target\":{\"@type\":\"EntryPoint\",\"urlTemplate\":\"https:\/\/stltriallawyers.com\/?s={search_term_string}\"},\"query-input\":{\"@type\":\"PropertyValueSpecification\",\"valueRequired\":true,\"valueName\":\"search_term_string\"}}],\"inLanguage\":\"es\"},{\"@type\":[\"Organization\",\"Place\"],\"@id\":\"https:\/\/stltriallawyers.com\/#organization\",\"name\":\"Fernandez Law, LLC\",\"url\":\"https:\/\/stltriallawyers.com\/\",\"logo\":{\"@id\":\"https:\/\/stltriallawyers.com\/es\/aviacion-accidente-abogado-2\/#local-main-organization-logo\"},\"image\":{\"@id\":\"https:\/\/stltriallawyers.com\/es\/aviacion-accidente-abogado-2\/#local-main-organization-logo\"},\"telephone\":[],\"openingHoursSpecification\":[{\"@type\":\"OpeningHoursSpecification\",\"dayOfWeek\":[\"Monday\",\"Tuesday\",\"Wednesday\",\"Thursday\",\"Friday\",\"Saturday\",\"Sunday\"],\"opens\":\"09:00\",\"closes\":\"17:00\"}]},{\"@type\":\"ImageObject\",\"inLanguage\":\"es\",\"@id\":\"https:\/\/stltriallawyers.com\/es\/aviacion-accidente-abogado-2\/#local-main-organization-logo\",\"url\":\"https:\/\/stltriallawyers.com\/wp-content\/uploads\/Logo.jpg\",\"contentUrl\":\"https:\/\/stltriallawyers.com\/wp-content\/uploads\/Logo.jpg\",\"width\":1084,\"height\":284,\"caption\":\"Fernandez Law, LLC\"}]}<\/script>\n<!-- \/ Yoast SEO Premium plugin. -->","yoast_head_json":{"title":"Abogado de Accidentes de Aviaci\u00f3n | Devereaux, Stokes","description":"Si usted fue lesionado en cualquier clase de accidente de aviaci\u00f3n, incluyendo estrellones de aerol\u00edneas comerciales, estrellones de helic\u00f3pteros, u otros, nuestros abogados pueden ayudarle. Para obtener una evaluaci\u00f3n gratuita de su caso, llame a nuestra firma de abogados hoy.","robots":{"index":"index","follow":"follow","max-snippet":"max-snippet:-1","max-image-preview":"max-image-preview:large","max-video-preview":"max-video-preview:-1"},"canonical":"https:\/\/stltriallawyers.com\/es\/aviacion-accidente-abogado-2\/","og_locale":"es_ES","og_type":"article","og_title":"Aviaci\u00f3n Accidente Abogado","og_description":"Si usted fue lesionado en cualquier clase de accidente de aviaci\u00f3n, incluyendo estrellones de aerol\u00edneas comerciales, estrellones de helic\u00f3pteros, u otros, nuestros abogados pueden ayudarle. Para obtener una evaluaci\u00f3n gratuita de su caso, llame a nuestra firma de abogados hoy.","og_url":"https:\/\/stltriallawyers.com\/es\/aviacion-accidente-abogado-2\/","og_site_name":"St. Louis Trial Lawyers","article_modified_time":"2025-02-08T21:03:06+00:00","twitter_misc":{"Tiempo de lectura":"2 minutos"},"schema":{"@context":"https:\/\/schema.org","@graph":[{"@type":"WebPage","@id":"https:\/\/stltriallawyers.com\/es\/aviacion-accidente-abogado-2\/","url":"https:\/\/stltriallawyers.com\/es\/aviacion-accidente-abogado-2\/","name":"Abogado de Accidentes de Aviaci\u00f3n | Devereaux, Stokes","isPartOf":{"@id":"https:\/\/stltriallawyers.com\/#website"},"datePublished":"2019-01-09T18:06:41+00:00","dateModified":"2025-02-08T21:03:06+00:00","description":"Si usted fue lesionado en cualquier clase de accidente de aviaci\u00f3n, incluyendo estrellones de aerol\u00edneas comerciales, estrellones de helic\u00f3pteros, u otros, nuestros abogados pueden ayudarle. Para obtener una evaluaci\u00f3n gratuita de su caso, llame a nuestra firma de abogados hoy.","breadcrumb":{"@id":"https:\/\/stltriallawyers.com\/es\/aviacion-accidente-abogado-2\/#breadcrumb"},"inLanguage":"es","potentialAction":[{"@type":"ReadAction","target":["https:\/\/stltriallawyers.com\/es\/aviacion-accidente-abogado-2\/"]}]},{"@type":"BreadcrumbList","@id":"https:\/\/stltriallawyers.com\/es\/aviacion-accidente-abogado-2\/#breadcrumb","itemListElement":[{"@type":"ListItem","position":1,"name":"Home","item":"https:\/\/stltriallawyers.com\/es\/"},{"@type":"ListItem","position":2,"name":"Aviaci\u00f3n Accidente Abogado"}]},{"@type":"WebSite","@id":"https:\/\/stltriallawyers.com\/#website","url":"https:\/\/stltriallawyers.com\/","name":"St. Louis Trial Lawyers","description":"","publisher":{"@id":"https:\/\/stltriallawyers.com\/#organization"},"potentialAction":[{"@type":"SearchAction","target":{"@type":"EntryPoint","urlTemplate":"https:\/\/stltriallawyers.com\/?s={search_term_string}"},"query-input":{"@type":"PropertyValueSpecification","valueRequired":true,"valueName":"search_term_string"}}],"inLanguage":"es"},{"@type":["Organization","Place"],"@id":"https:\/\/stltriallawyers.com\/#organization","name":"Fernandez Law, LLC","url":"https:\/\/stltriallawyers.com\/","logo":{"@id":"https:\/\/stltriallawyers.com\/es\/aviacion-accidente-abogado-2\/#local-main-organization-logo"},"image":{"@id":"https:\/\/stltriallawyers.com\/es\/aviacion-accidente-abogado-2\/#local-main-organization-logo"},"telephone":[],"openingHoursSpecification":[{"@type":"OpeningHoursSpecification","dayOfWeek":["Monday","Tuesday","Wednesday","Thursday","Friday","Saturday","Sunday"],"opens":"09:00","closes":"17:00"}]},{"@type":"ImageObject","inLanguage":"es","@id":"https:\/\/stltriallawyers.com\/es\/aviacion-accidente-abogado-2\/#local-main-organization-logo","url":"https:\/\/stltriallawyers.com\/wp-content\/uploads\/Logo.jpg","contentUrl":"https:\/\/stltriallawyers.com\/wp-content\/uploads\/Logo.jpg","width":1084,"height":284,"caption":"Fernandez Law, LLC"}]}},"_links":{"self":[{"href":"https:\/\/stltriallawyers.com\/es\/wp-json\/wp\/v2\/pages\/4241","targetHints":{"allow":["GET"]}}],"collection":[{"href":"https:\/\/stltriallawyers.com\/es\/wp-json\/wp\/v2\/pages"}],"about":[{"href":"https:\/\/stltriallawyers.com\/es\/wp-json\/wp\/v2\/types\/page"}],"author":[{"embeddable":true,"href":"https:\/\/stltriallawyers.com\/es\/wp-json\/wp\/v2\/users\/8"}],"replies":[{"embeddable":true,"href":"https:\/\/stltriallawyers.com\/es\/wp-json\/wp\/v2\/comments?post=4241"}],"version-history":[{"count":2,"href":"https:\/\/stltriallawyers.com\/es\/wp-json\/wp\/v2\/pages\/4241\/revisions"}],"predecessor-version":[{"id":8192,"href":"https:\/\/stltriallawyers.com\/es\/wp-json\/wp\/v2\/pages\/4241\/revisions\/8192"}],"wp:attachment":[{"href":"https:\/\/stltriallawyers.com\/es\/wp-json\/wp\/v2\/media?parent=4241"}],"curies":[{"name":"wp","href":"https:\/\/api.w.org\/{rel}","templated":true}]}}