{"id":4253,"date":"2019-01-09T12:33:32","date_gmt":"2019-01-09T18:33:32","guid":{"rendered":"http:\/\/www.new.stltriallawyers.com\/?page_id=4253"},"modified":"2025-02-08T15:02:23","modified_gmt":"2025-02-08T21:02:23","slug":"embarcacion-accidente-abogado","status":"publish","type":"page","link":"https:\/\/stltriallawyers.com\/es\/embarcacion-accidente-abogado\/","title":{"rendered":"Abogado de Accidentes en Embarcaciones"},"content":{"rendered":"<p>Lo que comenz\u00f3 como una tarde divertida en el Lago de los Ozarks puede convertirse r\u00e1pidamente en una desgracia cuando alguien muere o resulta gravemente herido en un accidente de navegaci\u00f3n.<\/p>\n<p>La gente se sube a motos acu\u00e1ticas o corredores de olas y olvida que est\u00e1n operando una m\u00e1quina de alta velocidad. Se olvidan de que hay muchas embarcaciones acu\u00e1ticas compartiendo el agua, as\u00ed como muelles, pilares de concreto y obst\u00e1culos naturales sumergidos. Hay muchas maneras en que la diversi\u00f3n en el agua puede salir mal y solo empeorar con la presencia del alcohol.<\/p>\n<p>En Fernandez Law, somos abogado experimentados en accidentes de embarcaciones y defensores firmes de las v\u00edctimas de accidentes de embarcaciones. Hemos manejado accidentes de botes de alta velocidad en lagos y r\u00edos, accidentes de motos acu\u00e1ticas, ahogamientos en balsas de remo e incluso hemos investigado accidentes de botes de carreras en el lago de los Ozarks. Trabajamos con determinaci\u00f3n para obtener una compensaci\u00f3n completa y total por las p\u00e9rdidas de nuestros clientes por causa de lesiones, salarios perdidos y facturas m\u00e9dicas.<\/p>\n<p>Los operadores de embarcaciones y otros medios de navegaci\u00f3n est\u00e1n sujetos a las reglas de seguridad.<br \/>\nSi ha sido v\u00edctima de operadores de embarcaciones acu\u00e1ticas imprudentes, negligentes o ebrios, podemos ayudarlo a obtener una compensaci\u00f3n por sus lesiones, incluidos sus costos m\u00e9dicos, p\u00e9rdida de ingresos y dolor y sufrimiento.<\/p>\n<p>Para m\u00e1s informaci\u00f3n acerca de accidentes de embarcaciones, visite the National Safe Boating Council for Education, Training and Outreach.<\/p>\n<h2><span style=\"color: #002d62;\">C\u00f3mo puede ayudarme un abogado de accidentes de barco<\/span><\/h2>\n<p>Durante m\u00e1s de 40 a\u00f1os, nuestra firma ha representado a v\u00edctimas de accidentes las familias de v\u00edctimas de muerte injustificada.<\/p>\n<p>Cuando usted contrata nuestra firma, nosotros actuamos inmediatamente para comenzar nuestro esfuerzo legal. Nuestros abogado investigaran la causa del accidente documentando la negligencia de la parte responsable. Trabajaremos con su doctor y con otros m\u00e9dicos especialistas para entender sus necesidades medicas actuales y futuras.<\/p>\n<p>Nuestros abogado en St. Louis de accidentes de embarcaciones calcular\u00e1n tambi\u00e9n sus salarios perdidos y valorar\u00e1n su dolor y sufrimiento para su inclusi\u00f3n en su demanda. Fernandez Law buscaran para usted la m\u00e1xima compensaci\u00f3n.<\/p>\n<p>Si usted ha sido lesionado en un accidente de embarcaciones, es importante entrar en contacto con un abogado lo antes posible para que ellos puedan comenzar a trabajar a su favor. Cont\u00e1ctenos para programar una consulta gratuita con un abogado experimentado en lesiones personales.<\/p>\n<p><a class=\"myButton\" href=\"https:\/\/stltriallawyers.com\/es\/contactenos-hoy\/\">Cont\u00e1ctanos para una consulta gratuita<\/a><\/p>\n<p>&nbsp;<\/p>\n<p>&nbsp;<\/p>\n","protected":false},"excerpt":{"rendered":"<p>Lo que comenz\u00f3 como una tarde divertida en el Lago de los Ozarks puede convertirse r\u00e1pidamente en una desgracia cuando alguien muere o resulta gravemente herido en un accidente de navegaci\u00f3n. La gente se sube a motos acu\u00e1ticas o corredores de olas y olvida que est\u00e1n operando una m\u00e1quina de alta velocidad. Se olvidan de &#8230; <\/p>\n<p class=\"read-more-container\"><a title=\"Abogado de Accidentes en Embarcaciones\" class=\"read-more button\" href=\"https:\/\/stltriallawyers.com\/es\/embarcacion-accidente-abogado\/#more-4253\" aria-label=\"Leer m\u00e1s sobre Abogado de Accidentes en Embarcaciones\">Leer m\u00e1s<\/a><\/p>\n","protected":false},"author":8,"featured_media":0,"parent":0,"menu_order":0,"comment_status":"closed","ping_status":"closed","template":"","meta":{"inline_featured_image":false,"ngg_post_thumbnail":0,"footnotes":""},"class_list":["post-4253","page","type-page","status-publish"],"yoast_head":"<!-- This site is optimized with the Yoast SEO Premium plugin v22.4 (Yoast SEO v26.7) - https:\/\/yoast.com\/wordpress\/plugins\/seo\/ -->\n<title>Abogado de accidentes en embarcaciones | Fernandez Law<\/title>\n<meta name=\"description\" content=\"\u00bfHerido en un accidente de navegaci\u00f3n o jet ski? No espere a tomar acci\u00f3n. P\u00f3ngase en contacto con nuestro equipo de abogados para obtener m\u00e1s informaci\u00f3n sobre la compensaci\u00f3n que le pertenece.\" \/>\n<meta name=\"robots\" content=\"index, follow, max-snippet:-1, max-image-preview:large, max-video-preview:-1\" \/>\n<link rel=\"canonical\" href=\"https:\/\/stltriallawyers.com\/es\/embarcacion-accidente-abogado\/\" \/>\n<meta property=\"og:locale\" content=\"es_ES\" \/>\n<meta property=\"og:type\" content=\"article\" \/>\n<meta property=\"og:title\" content=\"Abogado de Accidentes en Embarcaciones\" \/>\n<meta property=\"og:description\" content=\"\u00bfHerido en un accidente de navegaci\u00f3n o jet ski? No espere a tomar acci\u00f3n. P\u00f3ngase en contacto con nuestro equipo de abogados para obtener m\u00e1s informaci\u00f3n sobre la compensaci\u00f3n que le pertenece.\" \/>\n<meta property=\"og:url\" content=\"https:\/\/stltriallawyers.com\/es\/embarcacion-accidente-abogado\/\" \/>\n<meta property=\"og:site_name\" content=\"St. Louis Trial Lawyers\" \/>\n<meta property=\"article:modified_time\" content=\"2025-02-08T21:02:23+00:00\" \/>\n<meta name=\"twitter:label1\" content=\"Tiempo de lectura\" \/>\n\t<meta name=\"twitter:data1\" content=\"2 minutos\" \/>\n<script type=\"application\/ld+json\" class=\"yoast-schema-graph\">{\"@context\":\"https:\/\/schema.org\",\"@graph\":[{\"@type\":\"WebPage\",\"@id\":\"https:\/\/stltriallawyers.com\/es\/embarcacion-accidente-abogado\/\",\"url\":\"https:\/\/stltriallawyers.com\/es\/embarcacion-accidente-abogado\/\",\"name\":\"Abogado de accidentes en embarcaciones | Fernandez Law\",\"isPartOf\":{\"@id\":\"https:\/\/stltriallawyers.com\/#website\"},\"datePublished\":\"2019-01-09T18:33:32+00:00\",\"dateModified\":\"2025-02-08T21:02:23+00:00\",\"description\":\"\u00bfHerido en un accidente de navegaci\u00f3n o jet ski? No espere a tomar acci\u00f3n. P\u00f3ngase en contacto con nuestro equipo de abogados para obtener m\u00e1s informaci\u00f3n sobre la compensaci\u00f3n que le pertenece.\",\"breadcrumb\":{\"@id\":\"https:\/\/stltriallawyers.com\/es\/embarcacion-accidente-abogado\/#breadcrumb\"},\"inLanguage\":\"es\",\"potentialAction\":[{\"@type\":\"ReadAction\",\"target\":[\"https:\/\/stltriallawyers.com\/es\/embarcacion-accidente-abogado\/\"]}]},{\"@type\":\"BreadcrumbList\",\"@id\":\"https:\/\/stltriallawyers.com\/es\/embarcacion-accidente-abogado\/#breadcrumb\",\"itemListElement\":[{\"@type\":\"ListItem\",\"position\":1,\"name\":\"Home\",\"item\":\"https:\/\/stltriallawyers.com\/es\/\"},{\"@type\":\"ListItem\",\"position\":2,\"name\":\"Abogado de Accidentes en Embarcaciones\"}]},{\"@type\":\"WebSite\",\"@id\":\"https:\/\/stltriallawyers.com\/#website\",\"url\":\"https:\/\/stltriallawyers.com\/\",\"name\":\"St. Louis Trial Lawyers\",\"description\":\"\",\"publisher\":{\"@id\":\"https:\/\/stltriallawyers.com\/#organization\"},\"potentialAction\":[{\"@type\":\"SearchAction\",\"target\":{\"@type\":\"EntryPoint\",\"urlTemplate\":\"https:\/\/stltriallawyers.com\/?s={search_term_string}\"},\"query-input\":{\"@type\":\"PropertyValueSpecification\",\"valueRequired\":true,\"valueName\":\"search_term_string\"}}],\"inLanguage\":\"es\"},{\"@type\":[\"Organization\",\"Place\"],\"@id\":\"https:\/\/stltriallawyers.com\/#organization\",\"name\":\"Fernandez Law, LLC\",\"url\":\"https:\/\/stltriallawyers.com\/\",\"logo\":{\"@id\":\"https:\/\/stltriallawyers.com\/es\/embarcacion-accidente-abogado\/#local-main-organization-logo\"},\"image\":{\"@id\":\"https:\/\/stltriallawyers.com\/es\/embarcacion-accidente-abogado\/#local-main-organization-logo\"},\"telephone\":[],\"openingHoursSpecification\":[{\"@type\":\"OpeningHoursSpecification\",\"dayOfWeek\":[\"Monday\",\"Tuesday\",\"Wednesday\",\"Thursday\",\"Friday\",\"Saturday\",\"Sunday\"],\"opens\":\"09:00\",\"closes\":\"17:00\"}]},{\"@type\":\"ImageObject\",\"inLanguage\":\"es\",\"@id\":\"https:\/\/stltriallawyers.com\/es\/embarcacion-accidente-abogado\/#local-main-organization-logo\",\"url\":\"https:\/\/stltriallawyers.com\/wp-content\/uploads\/Logo.jpg\",\"contentUrl\":\"https:\/\/stltriallawyers.com\/wp-content\/uploads\/Logo.jpg\",\"width\":1084,\"height\":284,\"caption\":\"Fernandez Law, LLC\"}]}<\/script>\n<!-- \/ Yoast SEO Premium plugin. -->","yoast_head_json":{"title":"Abogado de accidentes en embarcaciones | Fernandez Law","description":"\u00bfHerido en un accidente de navegaci\u00f3n o jet ski? No espere a tomar acci\u00f3n. P\u00f3ngase en contacto con nuestro equipo de abogados para obtener m\u00e1s informaci\u00f3n sobre la compensaci\u00f3n que le pertenece.","robots":{"index":"index","follow":"follow","max-snippet":"max-snippet:-1","max-image-preview":"max-image-preview:large","max-video-preview":"max-video-preview:-1"},"canonical":"https:\/\/stltriallawyers.com\/es\/embarcacion-accidente-abogado\/","og_locale":"es_ES","og_type":"article","og_title":"Abogado de Accidentes en Embarcaciones","og_description":"\u00bfHerido en un accidente de navegaci\u00f3n o jet ski? No espere a tomar acci\u00f3n. P\u00f3ngase en contacto con nuestro equipo de abogados para obtener m\u00e1s informaci\u00f3n sobre la compensaci\u00f3n que le pertenece.","og_url":"https:\/\/stltriallawyers.com\/es\/embarcacion-accidente-abogado\/","og_site_name":"St. Louis Trial Lawyers","article_modified_time":"2025-02-08T21:02:23+00:00","twitter_misc":{"Tiempo de lectura":"2 minutos"},"schema":{"@context":"https:\/\/schema.org","@graph":[{"@type":"WebPage","@id":"https:\/\/stltriallawyers.com\/es\/embarcacion-accidente-abogado\/","url":"https:\/\/stltriallawyers.com\/es\/embarcacion-accidente-abogado\/","name":"Abogado de accidentes en embarcaciones | Fernandez Law","isPartOf":{"@id":"https:\/\/stltriallawyers.com\/#website"},"datePublished":"2019-01-09T18:33:32+00:00","dateModified":"2025-02-08T21:02:23+00:00","description":"\u00bfHerido en un accidente de navegaci\u00f3n o jet ski? No espere a tomar acci\u00f3n. P\u00f3ngase en contacto con nuestro equipo de abogados para obtener m\u00e1s informaci\u00f3n sobre la compensaci\u00f3n que le pertenece.","breadcrumb":{"@id":"https:\/\/stltriallawyers.com\/es\/embarcacion-accidente-abogado\/#breadcrumb"},"inLanguage":"es","potentialAction":[{"@type":"ReadAction","target":["https:\/\/stltriallawyers.com\/es\/embarcacion-accidente-abogado\/"]}]},{"@type":"BreadcrumbList","@id":"https:\/\/stltriallawyers.com\/es\/embarcacion-accidente-abogado\/#breadcrumb","itemListElement":[{"@type":"ListItem","position":1,"name":"Home","item":"https:\/\/stltriallawyers.com\/es\/"},{"@type":"ListItem","position":2,"name":"Abogado de Accidentes en Embarcaciones"}]},{"@type":"WebSite","@id":"https:\/\/stltriallawyers.com\/#website","url":"https:\/\/stltriallawyers.com\/","name":"St. Louis Trial Lawyers","description":"","publisher":{"@id":"https:\/\/stltriallawyers.com\/#organization"},"potentialAction":[{"@type":"SearchAction","target":{"@type":"EntryPoint","urlTemplate":"https:\/\/stltriallawyers.com\/?s={search_term_string}"},"query-input":{"@type":"PropertyValueSpecification","valueRequired":true,"valueName":"search_term_string"}}],"inLanguage":"es"},{"@type":["Organization","Place"],"@id":"https:\/\/stltriallawyers.com\/#organization","name":"Fernandez Law, LLC","url":"https:\/\/stltriallawyers.com\/","logo":{"@id":"https:\/\/stltriallawyers.com\/es\/embarcacion-accidente-abogado\/#local-main-organization-logo"},"image":{"@id":"https:\/\/stltriallawyers.com\/es\/embarcacion-accidente-abogado\/#local-main-organization-logo"},"telephone":[],"openingHoursSpecification":[{"@type":"OpeningHoursSpecification","dayOfWeek":["Monday","Tuesday","Wednesday","Thursday","Friday","Saturday","Sunday"],"opens":"09:00","closes":"17:00"}]},{"@type":"ImageObject","inLanguage":"es","@id":"https:\/\/stltriallawyers.com\/es\/embarcacion-accidente-abogado\/#local-main-organization-logo","url":"https:\/\/stltriallawyers.com\/wp-content\/uploads\/Logo.jpg","contentUrl":"https:\/\/stltriallawyers.com\/wp-content\/uploads\/Logo.jpg","width":1084,"height":284,"caption":"Fernandez Law, LLC"}]}},"_links":{"self":[{"href":"https:\/\/stltriallawyers.com\/es\/wp-json\/wp\/v2\/pages\/4253","targetHints":{"allow":["GET"]}}],"collection":[{"href":"https:\/\/stltriallawyers.com\/es\/wp-json\/wp\/v2\/pages"}],"about":[{"href":"https:\/\/stltriallawyers.com\/es\/wp-json\/wp\/v2\/types\/page"}],"author":[{"embeddable":true,"href":"https:\/\/stltriallawyers.com\/es\/wp-json\/wp\/v2\/users\/8"}],"replies":[{"embeddable":true,"href":"https:\/\/stltriallawyers.com\/es\/wp-json\/wp\/v2\/comments?post=4253"}],"version-history":[{"count":3,"href":"https:\/\/stltriallawyers.com\/es\/wp-json\/wp\/v2\/pages\/4253\/revisions"}],"predecessor-version":[{"id":8194,"href":"https:\/\/stltriallawyers.com\/es\/wp-json\/wp\/v2\/pages\/4253\/revisions\/8194"}],"wp:attachment":[{"href":"https:\/\/stltriallawyers.com\/es\/wp-json\/wp\/v2\/media?parent=4253"}],"curies":[{"name":"wp","href":"https:\/\/api.w.org\/{rel}","templated":true}]}}