{"id":4257,"date":"2019-01-09T12:47:26","date_gmt":"2019-01-09T18:47:26","guid":{"rendered":"http:\/\/www.new.stltriallawyers.com\/?page_id=4257"},"modified":"2025-02-08T14:58:00","modified_gmt":"2025-02-08T20:58:00","slug":"abogado-de-lesiones-por-quemaduras","status":"publish","type":"page","link":"https:\/\/stltriallawyers.com\/es\/abogado-de-lesiones-por-quemaduras\/","title":{"rendered":"Abogado de Lesiones por Quemaduras"},"content":{"rendered":"<p>Lesiones por Quemaduras Severas \u2013 aquellas cuyo resultado es el desfiguramiento, que requieren cirug\u00edas m\u00faltiples para su reparo, o quemaduras que se extienden sobre una parte considerable de su cuerpo \u2013 pueden ser algunas de las lesiones m\u00e1s devastadoras que nosotros manejamos. Estas, con frecuencia resultan en tener que colocar al paciente en un estado de coma qu\u00edmico inducido mientras se recupera y requiere de m\u00faltiples cirug\u00edas e injertos de piel.<\/p>\n<p>Durante tiempo emocional y f\u00edsicamente dif\u00edcil, usted no deber\u00eda de preocuparse si usted puede recibir la compensaci\u00f3n que se le debe. Nuestro equipo de abogado en Fernandez Law tiene experiencia extensiva manejando todo tipo de casos de lesiones por quemaduras incluyendo incendios en la casa causados por tendidos el\u00e9ctricos defectuosos o electrodom\u00e9sticos, explosiones, quemaduras con qu\u00edmicos y electrocuci\u00f3n.<\/p>\n<p>Mientras usted se concentra en su sanaci\u00f3n, nosotros trabajaremos con sus m\u00e9dicos y agencias de seguro detr\u00e1s de las escenas para asegurar que sus da\u00f1os queden establecidos y que todas las partes comprometidas sean consideradas responsables por sus malas acciones.<\/p>\n<h2>Como puede un abogado de lesiones por quemaduras asistirme?<\/h2>\n<p>Nuestros abogado pueden ayudarlo con una gama completa de necesidades legales, m\u00e9dicas, de rehabilitaci\u00f3n y asesoramiento que pueden surgir despu\u00e9s de lesiones extensas por incendio, electrocuci\u00f3n o explosi\u00f3n. Tal vez, m\u00e1s que nada, podemos protegerlo del impulso a aceptar la primera oferta de arreglo que reciba despu\u00e9s del accidente o incendio.<\/p>\n<p>Para algunos casos de quemaduras, la cantidad que necesitar\u00e1 para respaldar su recuperaci\u00f3n no puede conocerse hasta que la v\u00edctima sea liberada de cuidados intensivos y complete la recuperaci\u00f3n de la primera ronda de injertos de piel y cirug\u00eda reconstructiva. Podemos consultarlo para asegurarnos de que tome la mejor decisi\u00f3n a largo plazo a medida que se recupera de las lesiones.<\/p>\n<p>Nos aseguraremos de que su demanda por da\u00f1os sea suficiente para cubrir la totalidad de sus necesidades presentes y futuras.<\/p>\n<h2>Que tipo de casos manejan ustedes?<\/h2>\n<p>El equipo de abogado de Fernandez Law tiene amplia experiencia en casos que involucran lesiones ocurridas en el lugar de trabajo, en una residencia privada y en el espacio p\u00fablico.<\/p>\n<p>Podemos ayudar a las v\u00edctimas en una variedad de casos, que incluyen:<\/p>\n<ul>\n<li style=\"list-style-type: none;\">\n<ul>\n<li>Incendios en casas privadas, apartamentos, condominios, hoteles u otros edificios<\/li>\n<li>Electrocuci\u00f3n en casa o en el trabajo<\/li>\n<li>Incendios causados por tendido el\u00e9ctrico defectuoso o mal funcionamiento de equipos de calefacci\u00f3n o secado en entornos residenciales o en el trabajo<\/li>\n<li>Quemaduras en el lugar de trabajo causadas por explosiones, escaldamiento o exposici\u00f3n a qu\u00edmicos<\/li>\n<li>Cables el\u00e9ctricos y calentadores de espacio defectuosos<\/li>\n<li>Accidentes de Carretera que involucran incendios alimentados por combustible causados por la ruptura de tanques de gasolina, l\u00edneas de combustible u otros defectos de autom\u00f3viles o camiones.<\/li>\n<li>Fuegos desafortunados engolfando remolques y casas m\u00f3viles.<\/li>\n<\/ul>\n<\/li>\n<\/ul>\n<p>Si usted ha sido seriamente lesionado en un incendio o explosi\u00f3n, usted no debe esperar para entrar en acci\u00f3n.<\/p>\n<p>Para discutir sus opciones legales, contacte a nuestro equipo de abogado hoy.<\/p>\n<p><a class=\"myButton\" href=\"https:\/\/stltriallawyers.com\/es\/contactenos-hoy\/\">Cont\u00e1ctanos para una consulta gratuita<\/a><\/p>\n<p>&nbsp;<\/p>\n<p>&nbsp;<\/p>\n","protected":false},"excerpt":{"rendered":"<p>Lesiones por Quemaduras Severas \u2013 aquellas cuyo resultado es el desfiguramiento, que requieren cirug\u00edas m\u00faltiples para su reparo, o quemaduras que se extienden sobre una parte considerable de su cuerpo \u2013 pueden ser algunas de las lesiones m\u00e1s devastadoras que nosotros manejamos. Estas, con frecuencia resultan en tener que colocar al paciente en un estado &#8230; <\/p>\n<p class=\"read-more-container\"><a title=\"Abogado de Lesiones por Quemaduras\" class=\"read-more button\" href=\"https:\/\/stltriallawyers.com\/es\/abogado-de-lesiones-por-quemaduras\/#more-4257\" aria-label=\"Leer m\u00e1s sobre Abogado de Lesiones por Quemaduras\">Leer m\u00e1s<\/a><\/p>\n","protected":false},"author":8,"featured_media":0,"parent":0,"menu_order":0,"comment_status":"closed","ping_status":"closed","template":"","meta":{"inline_featured_image":false,"ngg_post_thumbnail":0,"footnotes":""},"class_list":["post-4257","page","type-page","status-publish"],"yoast_head":"<!-- This site is optimized with the Yoast SEO Premium plugin v22.4 (Yoast SEO v26.7) - https:\/\/yoast.com\/wordpress\/plugins\/seo\/ -->\n<title>Abogado de Lesiones por Quemaduras | Fernandez Law<\/title>\n<meta name=\"description\" content=\"\u00bfV\u00edctima de una quemadura grave? No espere para tomar acci\u00f3n. P\u00f3ngase en contacto con nuestro equipo de abogados para obtener m\u00e1s informaci\u00f3n sobre la compensaci\u00f3n que se le debe.\" \/>\n<meta name=\"robots\" content=\"index, follow, max-snippet:-1, max-image-preview:large, max-video-preview:-1\" \/>\n<link rel=\"canonical\" href=\"https:\/\/stltriallawyers.com\/es\/abogado-de-lesiones-por-quemaduras\/\" \/>\n<meta property=\"og:locale\" content=\"es_ES\" \/>\n<meta property=\"og:type\" content=\"article\" \/>\n<meta property=\"og:title\" content=\"Abogado de Lesiones por Quemaduras\" \/>\n<meta property=\"og:description\" content=\"\u00bfV\u00edctima de una quemadura grave? No espere para tomar acci\u00f3n. P\u00f3ngase en contacto con nuestro equipo de abogados para obtener m\u00e1s informaci\u00f3n sobre la compensaci\u00f3n que se le debe.\" \/>\n<meta property=\"og:url\" content=\"https:\/\/stltriallawyers.com\/es\/abogado-de-lesiones-por-quemaduras\/\" \/>\n<meta property=\"og:site_name\" content=\"St. Louis Trial Lawyers\" \/>\n<meta property=\"article:modified_time\" content=\"2025-02-08T20:58:00+00:00\" \/>\n<meta name=\"twitter:label1\" content=\"Tiempo de lectura\" \/>\n\t<meta name=\"twitter:data1\" content=\"3 minutos\" \/>\n<script type=\"application\/ld+json\" class=\"yoast-schema-graph\">{\"@context\":\"https:\/\/schema.org\",\"@graph\":[{\"@type\":\"WebPage\",\"@id\":\"https:\/\/stltriallawyers.com\/es\/abogado-de-lesiones-por-quemaduras\/\",\"url\":\"https:\/\/stltriallawyers.com\/es\/abogado-de-lesiones-por-quemaduras\/\",\"name\":\"Abogado de Lesiones por Quemaduras | Fernandez Law\",\"isPartOf\":{\"@id\":\"https:\/\/stltriallawyers.com\/#website\"},\"datePublished\":\"2019-01-09T18:47:26+00:00\",\"dateModified\":\"2025-02-08T20:58:00+00:00\",\"description\":\"\u00bfV\u00edctima de una quemadura grave? No espere para tomar acci\u00f3n. P\u00f3ngase en contacto con nuestro equipo de abogados para obtener m\u00e1s informaci\u00f3n sobre la compensaci\u00f3n que se le debe.\",\"breadcrumb\":{\"@id\":\"https:\/\/stltriallawyers.com\/es\/abogado-de-lesiones-por-quemaduras\/#breadcrumb\"},\"inLanguage\":\"es\",\"potentialAction\":[{\"@type\":\"ReadAction\",\"target\":[\"https:\/\/stltriallawyers.com\/es\/abogado-de-lesiones-por-quemaduras\/\"]}]},{\"@type\":\"BreadcrumbList\",\"@id\":\"https:\/\/stltriallawyers.com\/es\/abogado-de-lesiones-por-quemaduras\/#breadcrumb\",\"itemListElement\":[{\"@type\":\"ListItem\",\"position\":1,\"name\":\"Home\",\"item\":\"https:\/\/stltriallawyers.com\/es\/\"},{\"@type\":\"ListItem\",\"position\":2,\"name\":\"Abogado de Lesiones por Quemaduras\"}]},{\"@type\":\"WebSite\",\"@id\":\"https:\/\/stltriallawyers.com\/#website\",\"url\":\"https:\/\/stltriallawyers.com\/\",\"name\":\"St. Louis Trial Lawyers\",\"description\":\"\",\"publisher\":{\"@id\":\"https:\/\/stltriallawyers.com\/#organization\"},\"potentialAction\":[{\"@type\":\"SearchAction\",\"target\":{\"@type\":\"EntryPoint\",\"urlTemplate\":\"https:\/\/stltriallawyers.com\/?s={search_term_string}\"},\"query-input\":{\"@type\":\"PropertyValueSpecification\",\"valueRequired\":true,\"valueName\":\"search_term_string\"}}],\"inLanguage\":\"es\"},{\"@type\":[\"Organization\",\"Place\"],\"@id\":\"https:\/\/stltriallawyers.com\/#organization\",\"name\":\"Fernandez Law, LLC\",\"url\":\"https:\/\/stltriallawyers.com\/\",\"logo\":{\"@id\":\"https:\/\/stltriallawyers.com\/es\/abogado-de-lesiones-por-quemaduras\/#local-main-organization-logo\"},\"image\":{\"@id\":\"https:\/\/stltriallawyers.com\/es\/abogado-de-lesiones-por-quemaduras\/#local-main-organization-logo\"},\"telephone\":[],\"openingHoursSpecification\":[{\"@type\":\"OpeningHoursSpecification\",\"dayOfWeek\":[\"Monday\",\"Tuesday\",\"Wednesday\",\"Thursday\",\"Friday\",\"Saturday\",\"Sunday\"],\"opens\":\"09:00\",\"closes\":\"17:00\"}]},{\"@type\":\"ImageObject\",\"inLanguage\":\"es\",\"@id\":\"https:\/\/stltriallawyers.com\/es\/abogado-de-lesiones-por-quemaduras\/#local-main-organization-logo\",\"url\":\"https:\/\/stltriallawyers.com\/wp-content\/uploads\/Logo.jpg\",\"contentUrl\":\"https:\/\/stltriallawyers.com\/wp-content\/uploads\/Logo.jpg\",\"width\":1084,\"height\":284,\"caption\":\"Fernandez Law, LLC\"}]}<\/script>\n<!-- \/ Yoast SEO Premium plugin. -->","yoast_head_json":{"title":"Abogado de Lesiones por Quemaduras | Fernandez Law","description":"\u00bfV\u00edctima de una quemadura grave? No espere para tomar acci\u00f3n. P\u00f3ngase en contacto con nuestro equipo de abogados para obtener m\u00e1s informaci\u00f3n sobre la compensaci\u00f3n que se le debe.","robots":{"index":"index","follow":"follow","max-snippet":"max-snippet:-1","max-image-preview":"max-image-preview:large","max-video-preview":"max-video-preview:-1"},"canonical":"https:\/\/stltriallawyers.com\/es\/abogado-de-lesiones-por-quemaduras\/","og_locale":"es_ES","og_type":"article","og_title":"Abogado de Lesiones por Quemaduras","og_description":"\u00bfV\u00edctima de una quemadura grave? No espere para tomar acci\u00f3n. P\u00f3ngase en contacto con nuestro equipo de abogados para obtener m\u00e1s informaci\u00f3n sobre la compensaci\u00f3n que se le debe.","og_url":"https:\/\/stltriallawyers.com\/es\/abogado-de-lesiones-por-quemaduras\/","og_site_name":"St. Louis Trial Lawyers","article_modified_time":"2025-02-08T20:58:00+00:00","twitter_misc":{"Tiempo de lectura":"3 minutos"},"schema":{"@context":"https:\/\/schema.org","@graph":[{"@type":"WebPage","@id":"https:\/\/stltriallawyers.com\/es\/abogado-de-lesiones-por-quemaduras\/","url":"https:\/\/stltriallawyers.com\/es\/abogado-de-lesiones-por-quemaduras\/","name":"Abogado de Lesiones por Quemaduras | Fernandez Law","isPartOf":{"@id":"https:\/\/stltriallawyers.com\/#website"},"datePublished":"2019-01-09T18:47:26+00:00","dateModified":"2025-02-08T20:58:00+00:00","description":"\u00bfV\u00edctima de una quemadura grave? No espere para tomar acci\u00f3n. P\u00f3ngase en contacto con nuestro equipo de abogados para obtener m\u00e1s informaci\u00f3n sobre la compensaci\u00f3n que se le debe.","breadcrumb":{"@id":"https:\/\/stltriallawyers.com\/es\/abogado-de-lesiones-por-quemaduras\/#breadcrumb"},"inLanguage":"es","potentialAction":[{"@type":"ReadAction","target":["https:\/\/stltriallawyers.com\/es\/abogado-de-lesiones-por-quemaduras\/"]}]},{"@type":"BreadcrumbList","@id":"https:\/\/stltriallawyers.com\/es\/abogado-de-lesiones-por-quemaduras\/#breadcrumb","itemListElement":[{"@type":"ListItem","position":1,"name":"Home","item":"https:\/\/stltriallawyers.com\/es\/"},{"@type":"ListItem","position":2,"name":"Abogado de Lesiones por Quemaduras"}]},{"@type":"WebSite","@id":"https:\/\/stltriallawyers.com\/#website","url":"https:\/\/stltriallawyers.com\/","name":"St. Louis Trial Lawyers","description":"","publisher":{"@id":"https:\/\/stltriallawyers.com\/#organization"},"potentialAction":[{"@type":"SearchAction","target":{"@type":"EntryPoint","urlTemplate":"https:\/\/stltriallawyers.com\/?s={search_term_string}"},"query-input":{"@type":"PropertyValueSpecification","valueRequired":true,"valueName":"search_term_string"}}],"inLanguage":"es"},{"@type":["Organization","Place"],"@id":"https:\/\/stltriallawyers.com\/#organization","name":"Fernandez Law, LLC","url":"https:\/\/stltriallawyers.com\/","logo":{"@id":"https:\/\/stltriallawyers.com\/es\/abogado-de-lesiones-por-quemaduras\/#local-main-organization-logo"},"image":{"@id":"https:\/\/stltriallawyers.com\/es\/abogado-de-lesiones-por-quemaduras\/#local-main-organization-logo"},"telephone":[],"openingHoursSpecification":[{"@type":"OpeningHoursSpecification","dayOfWeek":["Monday","Tuesday","Wednesday","Thursday","Friday","Saturday","Sunday"],"opens":"09:00","closes":"17:00"}]},{"@type":"ImageObject","inLanguage":"es","@id":"https:\/\/stltriallawyers.com\/es\/abogado-de-lesiones-por-quemaduras\/#local-main-organization-logo","url":"https:\/\/stltriallawyers.com\/wp-content\/uploads\/Logo.jpg","contentUrl":"https:\/\/stltriallawyers.com\/wp-content\/uploads\/Logo.jpg","width":1084,"height":284,"caption":"Fernandez Law, LLC"}]}},"_links":{"self":[{"href":"https:\/\/stltriallawyers.com\/es\/wp-json\/wp\/v2\/pages\/4257","targetHints":{"allow":["GET"]}}],"collection":[{"href":"https:\/\/stltriallawyers.com\/es\/wp-json\/wp\/v2\/pages"}],"about":[{"href":"https:\/\/stltriallawyers.com\/es\/wp-json\/wp\/v2\/types\/page"}],"author":[{"embeddable":true,"href":"https:\/\/stltriallawyers.com\/es\/wp-json\/wp\/v2\/users\/8"}],"replies":[{"embeddable":true,"href":"https:\/\/stltriallawyers.com\/es\/wp-json\/wp\/v2\/comments?post=4257"}],"version-history":[{"count":3,"href":"https:\/\/stltriallawyers.com\/es\/wp-json\/wp\/v2\/pages\/4257\/revisions"}],"predecessor-version":[{"id":8195,"href":"https:\/\/stltriallawyers.com\/es\/wp-json\/wp\/v2\/pages\/4257\/revisions\/8195"}],"wp:attachment":[{"href":"https:\/\/stltriallawyers.com\/es\/wp-json\/wp\/v2\/media?parent=4257"}],"curies":[{"name":"wp","href":"https:\/\/api.w.org\/{rel}","templated":true}]}}