{"id":4267,"date":"2019-01-09T13:27:40","date_gmt":"2019-01-09T19:27:40","guid":{"rendered":"http:\/\/www.new.stltriallawyers.com\/?page_id=4267"},"modified":"2025-02-08T15:01:18","modified_gmt":"2025-02-08T21:01:18","slug":"legal-negligencia-abogado","status":"publish","type":"page","link":"https:\/\/stltriallawyers.com\/es\/legal-negligencia-abogado\/","title":{"rendered":"Abogado de mala pr\u00e1ctica legal en St. Louis"},"content":{"rendered":"<p>Experimentar negligencia, deshonestidad o incompetencia profesional por parte de un abogado, corredor de seguros o un miembro de otra profesi\u00f3n con licencia puede causar p\u00e9rdidas financieras y problemas. Durante este tiempo frustrante, usted necesita la ayuda de un abogado experimentado que pueda compensar las p\u00e9rdidas y ayudarlo a obtener la compensaci\u00f3n que merece.<\/p>\n<h2><span style=\"color: #002d62;\">\u00bfEn qu\u00e9 me puede ayudar un abogado de negligencia legal?<\/span><\/h2>\n<p>En los litigios de negligencia por responsabilidad profesional, el principal desaf\u00edo es <strong>investigar y probar si ha sufrido una p\u00e9rdida debido a la negligencia o falta de conducta de un miembro de la profesi\u00f3n dada.<\/strong> La mayor\u00eda de los profesionales establecidos tienen un seguro de mala pr\u00e1ctica u otro seguro de responsabilidad civil, lo que ayuda a asegurar que las p\u00e9rdidas de los clientes lesionados puedan recuperarse.<\/p>\n<p>Sin embargo, en los juicios que involucran muchas profesiones, no solo es necesario demostrar negligencia y p\u00e9rdidas resultantes, es tambi\u00e9n posible que tenga que mostrar c\u00f3mo el error u omisi\u00f3n por parte de los demandados en la profesi\u00f3n present\u00f3 un <strong>incumplimiento de los est\u00e1ndares de pr\u00e1ctica reconocidos o conducta \u00e9tica.<\/strong><\/p>\n<p>La prueba de responsabilidad y da\u00f1os puede diferir mucho de una profesi\u00f3n a otra. Por ejemplo, en un caso de negligencia legal que involucre la desestimaci\u00f3n de una demanda por lesiones personales debido a que sus abogado no cumplieron con un plazo de presentaci\u00f3n de recursos, el demandante a menudo tendr\u00e1 que probar su caso completo de lesiones personales en la demanda por negligencia, profesional, con la compa\u00f1\u00eda de seguros calzando los zapatos del acusado.<\/p>\n<h2><span style=\"color: #002d62;\">En que tipo de casos trabajan ustedes?<\/span><\/h2>\n<p>La experiencia y habilidad en litigios por lesiones personales que nuestra firma de abogado ha desarrollado en los \u00faltimos 40 a\u00f1os puede ayudarlo a rescatar su caso que su abogado anterior perdi\u00f3 por negligencia o incompetencia. Tambi\u00e9n presentamos reclamos de responsabilidad profesional contra acusados tales como:<\/p>\n<ul>\n<li>Corredores de seguros, agentes o ajustadores p\u00fablicos de reclamos<\/li>\n<li>Corredores de Valores o Comerciantes, generalmente en procedimientos de arbitraje<\/li>\n<li>Profesionales m\u00e9dicos y profesionales proveedores cuidados de la salud de todo tipo<\/li>\n<li>Administradores de Pensiones<\/li>\n<li>Oficiales de la Polic\u00eda, diputados del alguacil, y guardias licenciados de seguridad privada<\/li>\n<li>Administradores de hogares de ancianos<\/li>\n<li>Clero, consejeros matrimoniales, psic\u00f3logos y otros consejeros<\/li>\n<li>Incumplimiento de los deberes fiduciarios contra fideicomisarios, guardianes, curadores u otros encargados de los bienes o el bienestar personal de otro<\/li>\n<li>Para ayudar a garantizar que reciba el monto total de la compensaci\u00f3n que merece, es importante que contacte inmediatamente a un abogado que pueda comenzar a trabajar en su caso<\/li>\n<\/ul>\n<p>Para una consulta gratuita sobre sus derechos en caso de negligencia legal u otra negligencia profesional, contacte a un abogado en nuestra oficina en St. Louis<\/p>\n<p><a class=\"myButton\" href=\"https:\/\/stltriallawyers.com\/es\/contactenos-hoy\/\">Cont\u00e1ctanos para una consulta gratuita<\/a><\/p>\n<p>&nbsp;<\/p>\n<p>&nbsp;<\/p>\n","protected":false},"excerpt":{"rendered":"<p>Experimentar negligencia, deshonestidad o incompetencia profesional por parte de un abogado, corredor de seguros o un miembro de otra profesi\u00f3n con licencia puede causar p\u00e9rdidas financieras y problemas. Durante este tiempo frustrante, usted necesita la ayuda de un abogado experimentado que pueda compensar las p\u00e9rdidas y ayudarlo a obtener la compensaci\u00f3n que merece. \u00bfEn qu\u00e9 &#8230; <\/p>\n<p class=\"read-more-container\"><a title=\"Abogado de mala pr\u00e1ctica legal en St. Louis\" class=\"read-more button\" href=\"https:\/\/stltriallawyers.com\/es\/legal-negligencia-abogado\/#more-4267\" aria-label=\"Leer m\u00e1s sobre Abogado de mala pr\u00e1ctica legal en St. Louis\">Leer m\u00e1s<\/a><\/p>\n","protected":false},"author":8,"featured_media":0,"parent":0,"menu_order":0,"comment_status":"closed","ping_status":"closed","template":"","meta":{"inline_featured_image":false,"ngg_post_thumbnail":0,"footnotes":""},"class_list":["post-4267","page","type-page","status-publish"],"yoast_head":"<!-- This site is optimized with the Yoast SEO Premium plugin v22.4 (Yoast SEO v26.7) - https:\/\/yoast.com\/wordpress\/plugins\/seo\/ -->\n<title>Abogado de Negligencia Profesional | Fernandez Law<\/title>\n<meta name=\"description\" content=\"Si ha sufrido negligencia, deshonestidad o incompetencia profesional de un profesional con licencia, como un abogado, contador o asesor financiero, puede tener derecho a una compensaci\u00f3n. Llama hoy para una consulta gratuita.\" \/>\n<meta name=\"robots\" content=\"index, follow, max-snippet:-1, max-image-preview:large, max-video-preview:-1\" \/>\n<link rel=\"canonical\" href=\"https:\/\/stltriallawyers.com\/es\/legal-negligencia-abogado\/\" \/>\n<meta property=\"og:locale\" content=\"es_ES\" \/>\n<meta property=\"og:type\" content=\"article\" \/>\n<meta property=\"og:title\" content=\"Abogado de mala pr\u00e1ctica legal en St. Louis\" \/>\n<meta property=\"og:description\" content=\"Si ha sufrido negligencia, deshonestidad o incompetencia profesional de un profesional con licencia, como un abogado, contador o asesor financiero, puede tener derecho a una compensaci\u00f3n. Llama hoy para una consulta gratuita.\" \/>\n<meta property=\"og:url\" content=\"https:\/\/stltriallawyers.com\/es\/legal-negligencia-abogado\/\" \/>\n<meta property=\"og:site_name\" content=\"St. Louis Trial Lawyers\" \/>\n<meta property=\"article:modified_time\" content=\"2025-02-08T21:01:18+00:00\" \/>\n<meta name=\"twitter:label1\" content=\"Tiempo de lectura\" \/>\n\t<meta name=\"twitter:data1\" content=\"2 minutos\" \/>\n<script type=\"application\/ld+json\" class=\"yoast-schema-graph\">{\"@context\":\"https:\/\/schema.org\",\"@graph\":[{\"@type\":\"WebPage\",\"@id\":\"https:\/\/stltriallawyers.com\/es\/legal-negligencia-abogado\/\",\"url\":\"https:\/\/stltriallawyers.com\/es\/legal-negligencia-abogado\/\",\"name\":\"Abogado de Negligencia Profesional | Fernandez Law\",\"isPartOf\":{\"@id\":\"https:\/\/stltriallawyers.com\/#website\"},\"datePublished\":\"2019-01-09T19:27:40+00:00\",\"dateModified\":\"2025-02-08T21:01:18+00:00\",\"description\":\"Si ha sufrido negligencia, deshonestidad o incompetencia profesional de un profesional con licencia, como un abogado, contador o asesor financiero, puede tener derecho a una compensaci\u00f3n. Llama hoy para una consulta gratuita.\",\"breadcrumb\":{\"@id\":\"https:\/\/stltriallawyers.com\/es\/legal-negligencia-abogado\/#breadcrumb\"},\"inLanguage\":\"es\",\"potentialAction\":[{\"@type\":\"ReadAction\",\"target\":[\"https:\/\/stltriallawyers.com\/es\/legal-negligencia-abogado\/\"]}]},{\"@type\":\"BreadcrumbList\",\"@id\":\"https:\/\/stltriallawyers.com\/es\/legal-negligencia-abogado\/#breadcrumb\",\"itemListElement\":[{\"@type\":\"ListItem\",\"position\":1,\"name\":\"Home\",\"item\":\"https:\/\/stltriallawyers.com\/es\/\"},{\"@type\":\"ListItem\",\"position\":2,\"name\":\"Abogado de mala pr\u00e1ctica legal en St. Louis\"}]},{\"@type\":\"WebSite\",\"@id\":\"https:\/\/stltriallawyers.com\/#website\",\"url\":\"https:\/\/stltriallawyers.com\/\",\"name\":\"St. Louis Trial Lawyers\",\"description\":\"\",\"publisher\":{\"@id\":\"https:\/\/stltriallawyers.com\/#organization\"},\"potentialAction\":[{\"@type\":\"SearchAction\",\"target\":{\"@type\":\"EntryPoint\",\"urlTemplate\":\"https:\/\/stltriallawyers.com\/?s={search_term_string}\"},\"query-input\":{\"@type\":\"PropertyValueSpecification\",\"valueRequired\":true,\"valueName\":\"search_term_string\"}}],\"inLanguage\":\"es\"},{\"@type\":[\"Organization\",\"Place\"],\"@id\":\"https:\/\/stltriallawyers.com\/#organization\",\"name\":\"Fernandez Law, LLC\",\"url\":\"https:\/\/stltriallawyers.com\/\",\"logo\":{\"@id\":\"https:\/\/stltriallawyers.com\/es\/legal-negligencia-abogado\/#local-main-organization-logo\"},\"image\":{\"@id\":\"https:\/\/stltriallawyers.com\/es\/legal-negligencia-abogado\/#local-main-organization-logo\"},\"telephone\":[],\"openingHoursSpecification\":[{\"@type\":\"OpeningHoursSpecification\",\"dayOfWeek\":[\"Monday\",\"Tuesday\",\"Wednesday\",\"Thursday\",\"Friday\",\"Saturday\",\"Sunday\"],\"opens\":\"09:00\",\"closes\":\"17:00\"}]},{\"@type\":\"ImageObject\",\"inLanguage\":\"es\",\"@id\":\"https:\/\/stltriallawyers.com\/es\/legal-negligencia-abogado\/#local-main-organization-logo\",\"url\":\"https:\/\/stltriallawyers.com\/wp-content\/uploads\/Logo.jpg\",\"contentUrl\":\"https:\/\/stltriallawyers.com\/wp-content\/uploads\/Logo.jpg\",\"width\":1084,\"height\":284,\"caption\":\"Fernandez Law, LLC\"}]}<\/script>\n<!-- \/ Yoast SEO Premium plugin. -->","yoast_head_json":{"title":"Abogado de Negligencia Profesional | Fernandez Law","description":"Si ha sufrido negligencia, deshonestidad o incompetencia profesional de un profesional con licencia, como un abogado, contador o asesor financiero, puede tener derecho a una compensaci\u00f3n. Llama hoy para una consulta gratuita.","robots":{"index":"index","follow":"follow","max-snippet":"max-snippet:-1","max-image-preview":"max-image-preview:large","max-video-preview":"max-video-preview:-1"},"canonical":"https:\/\/stltriallawyers.com\/es\/legal-negligencia-abogado\/","og_locale":"es_ES","og_type":"article","og_title":"Abogado de mala pr\u00e1ctica legal en St. Louis","og_description":"Si ha sufrido negligencia, deshonestidad o incompetencia profesional de un profesional con licencia, como un abogado, contador o asesor financiero, puede tener derecho a una compensaci\u00f3n. Llama hoy para una consulta gratuita.","og_url":"https:\/\/stltriallawyers.com\/es\/legal-negligencia-abogado\/","og_site_name":"St. Louis Trial Lawyers","article_modified_time":"2025-02-08T21:01:18+00:00","twitter_misc":{"Tiempo de lectura":"2 minutos"},"schema":{"@context":"https:\/\/schema.org","@graph":[{"@type":"WebPage","@id":"https:\/\/stltriallawyers.com\/es\/legal-negligencia-abogado\/","url":"https:\/\/stltriallawyers.com\/es\/legal-negligencia-abogado\/","name":"Abogado de Negligencia Profesional | Fernandez Law","isPartOf":{"@id":"https:\/\/stltriallawyers.com\/#website"},"datePublished":"2019-01-09T19:27:40+00:00","dateModified":"2025-02-08T21:01:18+00:00","description":"Si ha sufrido negligencia, deshonestidad o incompetencia profesional de un profesional con licencia, como un abogado, contador o asesor financiero, puede tener derecho a una compensaci\u00f3n. Llama hoy para una consulta gratuita.","breadcrumb":{"@id":"https:\/\/stltriallawyers.com\/es\/legal-negligencia-abogado\/#breadcrumb"},"inLanguage":"es","potentialAction":[{"@type":"ReadAction","target":["https:\/\/stltriallawyers.com\/es\/legal-negligencia-abogado\/"]}]},{"@type":"BreadcrumbList","@id":"https:\/\/stltriallawyers.com\/es\/legal-negligencia-abogado\/#breadcrumb","itemListElement":[{"@type":"ListItem","position":1,"name":"Home","item":"https:\/\/stltriallawyers.com\/es\/"},{"@type":"ListItem","position":2,"name":"Abogado de mala pr\u00e1ctica legal en St. Louis"}]},{"@type":"WebSite","@id":"https:\/\/stltriallawyers.com\/#website","url":"https:\/\/stltriallawyers.com\/","name":"St. Louis Trial Lawyers","description":"","publisher":{"@id":"https:\/\/stltriallawyers.com\/#organization"},"potentialAction":[{"@type":"SearchAction","target":{"@type":"EntryPoint","urlTemplate":"https:\/\/stltriallawyers.com\/?s={search_term_string}"},"query-input":{"@type":"PropertyValueSpecification","valueRequired":true,"valueName":"search_term_string"}}],"inLanguage":"es"},{"@type":["Organization","Place"],"@id":"https:\/\/stltriallawyers.com\/#organization","name":"Fernandez Law, LLC","url":"https:\/\/stltriallawyers.com\/","logo":{"@id":"https:\/\/stltriallawyers.com\/es\/legal-negligencia-abogado\/#local-main-organization-logo"},"image":{"@id":"https:\/\/stltriallawyers.com\/es\/legal-negligencia-abogado\/#local-main-organization-logo"},"telephone":[],"openingHoursSpecification":[{"@type":"OpeningHoursSpecification","dayOfWeek":["Monday","Tuesday","Wednesday","Thursday","Friday","Saturday","Sunday"],"opens":"09:00","closes":"17:00"}]},{"@type":"ImageObject","inLanguage":"es","@id":"https:\/\/stltriallawyers.com\/es\/legal-negligencia-abogado\/#local-main-organization-logo","url":"https:\/\/stltriallawyers.com\/wp-content\/uploads\/Logo.jpg","contentUrl":"https:\/\/stltriallawyers.com\/wp-content\/uploads\/Logo.jpg","width":1084,"height":284,"caption":"Fernandez Law, LLC"}]}},"_links":{"self":[{"href":"https:\/\/stltriallawyers.com\/es\/wp-json\/wp\/v2\/pages\/4267","targetHints":{"allow":["GET"]}}],"collection":[{"href":"https:\/\/stltriallawyers.com\/es\/wp-json\/wp\/v2\/pages"}],"about":[{"href":"https:\/\/stltriallawyers.com\/es\/wp-json\/wp\/v2\/types\/page"}],"author":[{"embeddable":true,"href":"https:\/\/stltriallawyers.com\/es\/wp-json\/wp\/v2\/users\/8"}],"replies":[{"embeddable":true,"href":"https:\/\/stltriallawyers.com\/es\/wp-json\/wp\/v2\/comments?post=4267"}],"version-history":[{"count":2,"href":"https:\/\/stltriallawyers.com\/es\/wp-json\/wp\/v2\/pages\/4267\/revisions"}],"predecessor-version":[{"id":8207,"href":"https:\/\/stltriallawyers.com\/es\/wp-json\/wp\/v2\/pages\/4267\/revisions\/8207"}],"wp:attachment":[{"href":"https:\/\/stltriallawyers.com\/es\/wp-json\/wp\/v2\/media?parent=4267"}],"curies":[{"name":"wp","href":"https:\/\/api.w.org\/{rel}","templated":true}]}}