{"id":4271,"date":"2019-01-09T13:37:19","date_gmt":"2019-01-09T19:37:19","guid":{"rendered":"http:\/\/www.new.stltriallawyers.com\/?page_id=4271"},"modified":"2025-02-08T15:00:51","modified_gmt":"2025-02-08T21:00:51","slug":"abogado-litigio-farmaceutico","status":"publish","type":"page","link":"https:\/\/stltriallawyers.com\/es\/abogado-litigio-farmaceutico\/","title":{"rendered":"Abogado de St. Louis en Litigaci\u00f3n Farmac\u00e9utica"},"content":{"rendered":"<p>La ciencia nos ha proporcionado muchas drogas que cambian vidas y salvan vidas. Pero algunos fabricantes farmac\u00e9uticos toman atajos durante el proceso de desarrollo y aprobaci\u00f3n del producto o eligen ignorar los efectos secundarios peligrosos. Esto puede resultar en medicamentos en el mercado que tienen efectos potencialmente devastadores que ni siquiera los m\u00e9dicos que recetan conocen.<\/p>\n<p>Nuestro abogado de litigios farmac\u00e9uticos del Grupo Legal Fern\u00e1ndez representa a personas que han sufrido lesiones graves como resultado de medicamentos recetados y productos farmac\u00e9uticos peligrosos. Ayudamos a nivelar el campo de juego al responsabilizar a estas empresas cuando anteponen las ganancias corporativas a la seguridad y el bienestar del p\u00fablico. Cuando su m\u00e9dico le receta un medicamento, utiliza su mejor criterio m\u00e9dico para hacer lo mejor para usted; se ven obligados a confiar en la informaci\u00f3n que les proporciona el fabricante sobre ese medicamento. Si la compa\u00f1\u00eda farmac\u00e9utica no ha revelado completamente los posibles efectos secundarios negativos de un medicamento, entonces usted y su m\u00e9dico est\u00e1n tomando decisiones sobre su salud sin informaci\u00f3n completa, lo cual no es justo para usted, su m\u00e9dico o el p\u00fablico. Tiene derecho a comparar todos los pros y los contras al decidir qu\u00e9 medicamentos tomar. Tenemos amplia experiencia en el manejo de este tipo de casos de omisi\u00f3n de informaci\u00f3n.<\/p>\n<p>Si ha resultado perjudicado por un medicamento que se lanz\u00f3 al mercado apresuradamente o que no se prob\u00f3 adecuadamente, podemos ayudarlo a recibir la compensaci\u00f3n a la que tiene derecho.<\/p>\n<p>&nbsp;<\/p>\n<p><strong>Llame al 314-433-9131 o haga un clic en el bot\u00f3n a continuaci\u00f3n para contactarnos y hablar con un abogado<\/strong><\/p>\n<p><a class=\"myButton\" href=\"https:\/\/stltriallawyers.com\/es\/contactenos-hoy\/\">Cont\u00e1ctanos para una consulta gratuita<\/a><\/p>\n<h2>&nbsp;<\/h2>\n<h2><strong>\u00bfPorque se aprueban en primer lugar medicamentos que causan da\u00f1o? <\/strong><\/h2>\n<p>La Administraci\u00f3n Federal de Medicamentos (FDA) tiene la responsabilidad de garantizar que los productos farmac\u00e9uticos sean seguros, eficaces y no causen da\u00f1o al p\u00fablico. Desafortunadamente, la FDA tiene exceso de trabajo, falta de personal y debe confiar en la informaci\u00f3n que le brindan las mismas compa\u00f1\u00edas cuyos productos controlan para determinar si los medicamentos son seguros. La mayor\u00eda de las personas no se dan cuenta que los datos y estudios utilizados en el proceso de aprobaci\u00f3n de medicamentos por parte de la FDA provienen del fabricante que busca la aprobaci\u00f3n. Esto puede dar lugar a que algunas empresas sin escr\u00fapulos antepongan sus propios beneficios a la seguridad del p\u00fablico. Tienen millones de d\u00f3lares y d\u00e9cadas de investigaci\u00f3n invertidas en su l\u00ednea de medicamentos. La tentaci\u00f3n de enterrar los informes de eventos adversos o de manipular los resultados de un estudio puede ser abrumadora. Desafortunadamente, vemos que esto sucede con demasiada frecuencia.<\/p>\n<p>Estos grandes fabricantes multinacionales de medicamentos gastan cientos de millones de d\u00f3lares en investigaci\u00f3n y desarrollo de nuevos productos. Cuando consiguen que sus medicamentos lleguen a la etapa de aprobaci\u00f3n de la FDA, est\u00e1n tan ansiosos por recuperar su inversi\u00f3n que pueden hacerse los de la vista gorda ante los peligrosos efectos secundarios de sus productos.<\/p>\n<p>Nuestra firma busca agresivamente la compensaci\u00f3n que pueda ayudar a nuestros clientes a reconstruir sus vidas.<\/p>\n<p>Si usted o un ser querido ha sufrido efectos secundarios graves debido a un medicamento recetado, comun\u00edquese con nuestra firma.<\/p>\n<p>&nbsp;<\/p>\n<h2><strong>\u00bfEn qu\u00e9 tipos de casos hemos trabajado?<\/strong><\/h2>\n<p>Representamos a personas en casos que involucran todo tipo de medicamentos peligrosos y defectuosos (con o sin advertencias de etiqueta negra). Actualmente estamos trabajando en los siguientes casos:<\/p>\n<ul>\n<li>Xarelto (Adelgazador de la sangre)<\/li>\n<li>Taxotere<\/li>\n<li>Risperdal<\/li>\n<li>Suplementos de Testosterona<\/li>\n<li>Filtros IVC<\/li>\n<li>Asbestos, demandas por c\u00e1ncer de pulm\u00f3n<\/li>\n<li>Viberzi<\/li>\n<li>Medicamentos Opioides<\/li>\n<\/ul>\n<p>En el pasado hemos manejado muchas demandas por productos farmac\u00e9uticos incluidos:<\/p>\n<ul>\n<li>Paxil<\/li>\n<li>Zoloft<\/li>\n<li>Yaz and Yasmin<\/li>\n<li>Topomax \/ Topiramate<\/li>\n<li>SSRI anti-depresivos<\/li>\n<li>Prozac<\/li>\n<li>Actos<\/li>\n<li>Zofran<\/li>\n<li>Parches de Fentanilo<\/li>\n<li>Lexapro<\/li>\n<li>Wellbutrin<\/li>\n<li>Multaq<\/li>\n<li>Pradaxa<\/li>\n<li>Effexor<\/li>\n<li>Calexa<\/li>\n<\/ul>\n<h2>&nbsp;<\/h2>\n<h2><strong>Creo que He Tomado un Medicamento Peligroso. <\/strong><strong>Como puede el Grupo Legal Fern\u00e1ndez ayudarme?<\/strong><\/h2>\n<p>Nuestro abogado farmac\u00e9utico act\u00faa con decisi\u00f3n para investigar los efectos adversos que ha experimentado y vincularlos de manera concluyente con el uso del medicamento. Nuestro abogado de litigios farmac\u00e9uticos complementar\u00e1 su caso con las investigaciones de expertos m\u00e9dicos, cient\u00edficos biotecnol\u00f3gicos y otros especialistas.<\/p>\n<p>Tambi\u00e9n examinaremos cuidadosamente el efecto que el uso del medicamento ha tenido en su vida para documentar sus p\u00e9rdidas y poder incluirlas en su reclamo. Buscaremos la m\u00e1xima compensaci\u00f3n para usted.<\/p>\n<p>Fern\u00e1ndez Law (El Grupo Legal Fern\u00e1ndez) en St. Louis, Missouri, representa a individuos. Podemos combinar ciertos casos con otros en una demanda colectiva o en un litigio por da\u00f1os masivos multi-distrit\u00e1les para mermar al m\u00ednimo los gastos y maximizar la recuperaci\u00f3n que usted pueda obtener.<\/p>\n<p>Para obtener m\u00e1s informaci\u00f3n f\u00e1cil de usar para el consumidor sobre medicamentos aprobados, efectos secundarios, posibles advertencias y uso seguro, visite la p\u00e1gina de la FDA sobre productos de consumo.<\/p>\n<p>Nuestra firma tiene los recursos y la determinaci\u00f3n necesarios para tener \u00e9xito contra oponentes bien financiados. Seremos su firme defensor y trabajaremos incansablemente para obtener el mejor resultado posible para usted.<\/p>\n<hr>\n<p><em>\u201c <\/em><strong><em>Gonzalo Fern\u00e1ndez es un gran abogado. Trabaja duro por sus clientes manteniendo en su mente el mejor inter\u00e9s para ellos.&nbsp; El siempre regresa sus llamadas y mantiene sus citas, con El no hay correteo.&nbsp; \u201cGonz\u201d es extremadamente agradable y amistoso.&nbsp; El tiene conocimiento extensivo de la ley, y aplica ese conocimiento para hacer un trabajo impecable para sus clientes.<\/em><\/strong><\/p>\n<p><strong><em>Yo lo recomiendo altamente. <\/em><\/strong><\/p>\n<p><strong><em>&#8211; D\u2019Andre<\/em><\/strong><\/p>\n<hr>\n<h2><strong>Contacte Nuestro Grupo Hoy<\/strong><\/h2>\n<p>Para hablar con uno de nuestros abogados, contacte al Grupo Legal Fern\u00e1ndez.&nbsp; Llame al 314- 433- 9131, o llame gratis al 866-285-4611 para averiguar cu\u00e1nto vale su demanda. Estamos listos a ayudarlo a obtener la compensaci\u00f3n que usted se merece.<\/p>\n<p><a class=\"myButton\" href=\"https:\/\/stltriallawyers.com\/es\/contactenos-hoy\/\">Cont\u00e1ctanos para una consulta gratuita<\/a><\/p>\n<p>&nbsp;<\/p>\n<p>&nbsp;<\/p>\n","protected":false},"excerpt":{"rendered":"<p>La ciencia nos ha proporcionado muchas drogas que cambian vidas y salvan vidas. Pero algunos fabricantes farmac\u00e9uticos toman atajos durante el proceso de desarrollo y aprobaci\u00f3n del producto o eligen ignorar los efectos secundarios peligrosos. Esto puede resultar en medicamentos en el mercado que tienen efectos potencialmente devastadores que ni siquiera los m\u00e9dicos que recetan &#8230; <\/p>\n<p class=\"read-more-container\"><a title=\"Abogado de St. Louis en Litigaci\u00f3n Farmac\u00e9utica\" class=\"read-more button\" href=\"https:\/\/stltriallawyers.com\/es\/abogado-litigio-farmaceutico\/#more-4271\" aria-label=\"Leer m\u00e1s sobre Abogado de St. Louis en Litigaci\u00f3n Farmac\u00e9utica\">Leer m\u00e1s<\/a><\/p>\n","protected":false},"author":8,"featured_media":0,"parent":0,"menu_order":0,"comment_status":"closed","ping_status":"closed","template":"","meta":{"inline_featured_image":false,"ngg_post_thumbnail":0,"footnotes":""},"class_list":["post-4271","page","type-page","status-publish"],"yoast_head":"<!-- This site is optimized with the Yoast SEO Premium plugin v22.4 (Yoast SEO v26.7) - https:\/\/yoast.com\/wordpress\/plugins\/seo\/ -->\n<title>Abogado de St. Louis en Litigaci\u00f3n Farmac\u00e9utica - St. Louis Trial Lawyers<\/title>\n<meta name=\"robots\" content=\"index, follow, max-snippet:-1, max-image-preview:large, max-video-preview:-1\" \/>\n<link rel=\"canonical\" href=\"https:\/\/stltriallawyers.com\/es\/abogado-litigio-farmaceutico\/\" \/>\n<meta property=\"og:locale\" content=\"es_ES\" \/>\n<meta property=\"og:type\" content=\"article\" \/>\n<meta property=\"og:title\" content=\"Abogado de St. Louis en Litigaci\u00f3n Farmac\u00e9utica\" \/>\n<meta property=\"og:description\" content=\"La ciencia nos ha proporcionado muchas drogas que cambian vidas y salvan vidas. Pero algunos fabricantes farmac\u00e9uticos toman atajos durante el proceso de desarrollo y aprobaci\u00f3n del producto o eligen ignorar los efectos secundarios peligrosos. Esto puede resultar en medicamentos en el mercado que tienen efectos potencialmente devastadores que ni siquiera los m\u00e9dicos que recetan ... Leer m\u00e1s\" \/>\n<meta property=\"og:url\" content=\"https:\/\/stltriallawyers.com\/es\/abogado-litigio-farmaceutico\/\" \/>\n<meta property=\"og:site_name\" content=\"St. Louis Trial Lawyers\" \/>\n<meta property=\"article:modified_time\" content=\"2025-02-08T21:00:51+00:00\" \/>\n<meta name=\"twitter:label1\" content=\"Tiempo de lectura\" \/>\n\t<meta name=\"twitter:data1\" content=\"5 minutos\" \/>\n<script type=\"application\/ld+json\" class=\"yoast-schema-graph\">{\"@context\":\"https:\/\/schema.org\",\"@graph\":[{\"@type\":\"WebPage\",\"@id\":\"https:\/\/stltriallawyers.com\/es\/abogado-litigio-farmaceutico\/\",\"url\":\"https:\/\/stltriallawyers.com\/es\/abogado-litigio-farmaceutico\/\",\"name\":\"Abogado de St. Louis en Litigaci\u00f3n Farmac\u00e9utica - St. Louis Trial Lawyers\",\"isPartOf\":{\"@id\":\"https:\/\/stltriallawyers.com\/#website\"},\"datePublished\":\"2019-01-09T19:37:19+00:00\",\"dateModified\":\"2025-02-08T21:00:51+00:00\",\"breadcrumb\":{\"@id\":\"https:\/\/stltriallawyers.com\/es\/abogado-litigio-farmaceutico\/#breadcrumb\"},\"inLanguage\":\"es\",\"potentialAction\":[{\"@type\":\"ReadAction\",\"target\":[\"https:\/\/stltriallawyers.com\/es\/abogado-litigio-farmaceutico\/\"]}]},{\"@type\":\"BreadcrumbList\",\"@id\":\"https:\/\/stltriallawyers.com\/es\/abogado-litigio-farmaceutico\/#breadcrumb\",\"itemListElement\":[{\"@type\":\"ListItem\",\"position\":1,\"name\":\"Home\",\"item\":\"https:\/\/stltriallawyers.com\/es\/\"},{\"@type\":\"ListItem\",\"position\":2,\"name\":\"Abogado de St. Louis en Litigaci\u00f3n Farmac\u00e9utica\"}]},{\"@type\":\"WebSite\",\"@id\":\"https:\/\/stltriallawyers.com\/#website\",\"url\":\"https:\/\/stltriallawyers.com\/\",\"name\":\"St. Louis Trial Lawyers\",\"description\":\"\",\"publisher\":{\"@id\":\"https:\/\/stltriallawyers.com\/#organization\"},\"potentialAction\":[{\"@type\":\"SearchAction\",\"target\":{\"@type\":\"EntryPoint\",\"urlTemplate\":\"https:\/\/stltriallawyers.com\/?s={search_term_string}\"},\"query-input\":{\"@type\":\"PropertyValueSpecification\",\"valueRequired\":true,\"valueName\":\"search_term_string\"}}],\"inLanguage\":\"es\"},{\"@type\":[\"Organization\",\"Place\"],\"@id\":\"https:\/\/stltriallawyers.com\/#organization\",\"name\":\"Fernandez Law, LLC\",\"url\":\"https:\/\/stltriallawyers.com\/\",\"logo\":{\"@id\":\"https:\/\/stltriallawyers.com\/es\/abogado-litigio-farmaceutico\/#local-main-organization-logo\"},\"image\":{\"@id\":\"https:\/\/stltriallawyers.com\/es\/abogado-litigio-farmaceutico\/#local-main-organization-logo\"},\"telephone\":[],\"openingHoursSpecification\":[{\"@type\":\"OpeningHoursSpecification\",\"dayOfWeek\":[\"Monday\",\"Tuesday\",\"Wednesday\",\"Thursday\",\"Friday\",\"Saturday\",\"Sunday\"],\"opens\":\"09:00\",\"closes\":\"17:00\"}]},{\"@type\":\"ImageObject\",\"inLanguage\":\"es\",\"@id\":\"https:\/\/stltriallawyers.com\/es\/abogado-litigio-farmaceutico\/#local-main-organization-logo\",\"url\":\"https:\/\/stltriallawyers.com\/wp-content\/uploads\/Logo.jpg\",\"contentUrl\":\"https:\/\/stltriallawyers.com\/wp-content\/uploads\/Logo.jpg\",\"width\":1084,\"height\":284,\"caption\":\"Fernandez Law, LLC\"}]}<\/script>\n<!-- \/ Yoast SEO Premium plugin. -->","yoast_head_json":{"title":"Abogado de St. Louis en Litigaci\u00f3n Farmac\u00e9utica - St. Louis Trial Lawyers","robots":{"index":"index","follow":"follow","max-snippet":"max-snippet:-1","max-image-preview":"max-image-preview:large","max-video-preview":"max-video-preview:-1"},"canonical":"https:\/\/stltriallawyers.com\/es\/abogado-litigio-farmaceutico\/","og_locale":"es_ES","og_type":"article","og_title":"Abogado de St. Louis en Litigaci\u00f3n Farmac\u00e9utica","og_description":"La ciencia nos ha proporcionado muchas drogas que cambian vidas y salvan vidas. Pero algunos fabricantes farmac\u00e9uticos toman atajos durante el proceso de desarrollo y aprobaci\u00f3n del producto o eligen ignorar los efectos secundarios peligrosos. Esto puede resultar en medicamentos en el mercado que tienen efectos potencialmente devastadores que ni siquiera los m\u00e9dicos que recetan ... Leer m\u00e1s","og_url":"https:\/\/stltriallawyers.com\/es\/abogado-litigio-farmaceutico\/","og_site_name":"St. Louis Trial Lawyers","article_modified_time":"2025-02-08T21:00:51+00:00","twitter_misc":{"Tiempo de lectura":"5 minutos"},"schema":{"@context":"https:\/\/schema.org","@graph":[{"@type":"WebPage","@id":"https:\/\/stltriallawyers.com\/es\/abogado-litigio-farmaceutico\/","url":"https:\/\/stltriallawyers.com\/es\/abogado-litigio-farmaceutico\/","name":"Abogado de St. Louis en Litigaci\u00f3n Farmac\u00e9utica - St. Louis Trial Lawyers","isPartOf":{"@id":"https:\/\/stltriallawyers.com\/#website"},"datePublished":"2019-01-09T19:37:19+00:00","dateModified":"2025-02-08T21:00:51+00:00","breadcrumb":{"@id":"https:\/\/stltriallawyers.com\/es\/abogado-litigio-farmaceutico\/#breadcrumb"},"inLanguage":"es","potentialAction":[{"@type":"ReadAction","target":["https:\/\/stltriallawyers.com\/es\/abogado-litigio-farmaceutico\/"]}]},{"@type":"BreadcrumbList","@id":"https:\/\/stltriallawyers.com\/es\/abogado-litigio-farmaceutico\/#breadcrumb","itemListElement":[{"@type":"ListItem","position":1,"name":"Home","item":"https:\/\/stltriallawyers.com\/es\/"},{"@type":"ListItem","position":2,"name":"Abogado de St. Louis en Litigaci\u00f3n Farmac\u00e9utica"}]},{"@type":"WebSite","@id":"https:\/\/stltriallawyers.com\/#website","url":"https:\/\/stltriallawyers.com\/","name":"St. Louis Trial Lawyers","description":"","publisher":{"@id":"https:\/\/stltriallawyers.com\/#organization"},"potentialAction":[{"@type":"SearchAction","target":{"@type":"EntryPoint","urlTemplate":"https:\/\/stltriallawyers.com\/?s={search_term_string}"},"query-input":{"@type":"PropertyValueSpecification","valueRequired":true,"valueName":"search_term_string"}}],"inLanguage":"es"},{"@type":["Organization","Place"],"@id":"https:\/\/stltriallawyers.com\/#organization","name":"Fernandez Law, LLC","url":"https:\/\/stltriallawyers.com\/","logo":{"@id":"https:\/\/stltriallawyers.com\/es\/abogado-litigio-farmaceutico\/#local-main-organization-logo"},"image":{"@id":"https:\/\/stltriallawyers.com\/es\/abogado-litigio-farmaceutico\/#local-main-organization-logo"},"telephone":[],"openingHoursSpecification":[{"@type":"OpeningHoursSpecification","dayOfWeek":["Monday","Tuesday","Wednesday","Thursday","Friday","Saturday","Sunday"],"opens":"09:00","closes":"17:00"}]},{"@type":"ImageObject","inLanguage":"es","@id":"https:\/\/stltriallawyers.com\/es\/abogado-litigio-farmaceutico\/#local-main-organization-logo","url":"https:\/\/stltriallawyers.com\/wp-content\/uploads\/Logo.jpg","contentUrl":"https:\/\/stltriallawyers.com\/wp-content\/uploads\/Logo.jpg","width":1084,"height":284,"caption":"Fernandez Law, LLC"}]}},"_links":{"self":[{"href":"https:\/\/stltriallawyers.com\/es\/wp-json\/wp\/v2\/pages\/4271","targetHints":{"allow":["GET"]}}],"collection":[{"href":"https:\/\/stltriallawyers.com\/es\/wp-json\/wp\/v2\/pages"}],"about":[{"href":"https:\/\/stltriallawyers.com\/es\/wp-json\/wp\/v2\/types\/page"}],"author":[{"embeddable":true,"href":"https:\/\/stltriallawyers.com\/es\/wp-json\/wp\/v2\/users\/8"}],"replies":[{"embeddable":true,"href":"https:\/\/stltriallawyers.com\/es\/wp-json\/wp\/v2\/comments?post=4271"}],"version-history":[{"count":5,"href":"https:\/\/stltriallawyers.com\/es\/wp-json\/wp\/v2\/pages\/4271\/revisions"}],"predecessor-version":[{"id":9743,"href":"https:\/\/stltriallawyers.com\/es\/wp-json\/wp\/v2\/pages\/4271\/revisions\/9743"}],"wp:attachment":[{"href":"https:\/\/stltriallawyers.com\/es\/wp-json\/wp\/v2\/media?parent=4271"}],"curies":[{"name":"wp","href":"https:\/\/api.w.org\/{rel}","templated":true}]}}