{"id":4277,"date":"2019-01-09T13:45:51","date_gmt":"2019-01-09T19:45:51","guid":{"rendered":"http:\/\/www.new.stltriallawyers.com\/?page_id=4277"},"modified":"2025-02-08T15:02:05","modified_gmt":"2025-02-08T21:02:05","slug":"policias-mala-conducta-abogados","status":"publish","type":"page","link":"https:\/\/stltriallawyers.com\/es\/policias-mala-conducta-abogados\/","title":{"rendered":"Abogado de mala conducta policial en St. Louis"},"content":{"rendered":"<p>La polic\u00eda protege a nuestras comunidades a diario, pero es necesario responsabilizar por sus acciones a quienes cometen actos de negligencia e incluso actos criminales. Hemos escuchado mucho sobre la brutalidad de los polic\u00edas en los \u00faltimos a\u00f1os. Durante mucho tiempo, mucha gente no cre\u00eda que este tipo de actividad estuviera sucediendo. Hemos estado a la vanguardia de la lucha por los derechos de los marginados y de aquellos que han sido maltratados y lesionados por los agentes de la ley.<\/p>\n<p>Los abogado de Fernandez Law representan a clientes con reclamaciones por da\u00f1os resultantes de negligencia o mala conducta intencional por parte de la polic\u00eda, oficiales del alguacil, oficiales correccionales de seguridad privada u otro personal de respuesta de emergencia.<\/p>\n<p>Nuestros abogado de conducta indebida de la polic\u00eda representan a clientes con reclamos contra funcionarios y municipalidades en el condado de St. Louis, la ciudad de St. Louis y en todo Missouri y el sur de Illinois. Tambi\u00e9n manejamos casos relacionados con contratistas de seguridad privada en edificios comerciales y residenciales, escuelas, bares y otras instalaciones. Estos son casos excepcionalmente complicados y, a menudo, se deben presentar en el Tribunal Federal. Hay problemas como la inmunidad de soberan\u00eda que pueden limitar o negar la recuperaci\u00f3n. Si cree que es v\u00edctima de la falta de conducta policial u oficiales de la ley, usted merece trabajar con un equipo de abogado con experiencia para obtener la compensaci\u00f3n que merece.<\/p>\n<h2><span style=\"color: #002d62;\">Que Tipo de Casos de Mala Conducta Policial Manejamos?<\/span><\/h2>\n<p>Representamos miembros del publico en general con demandas por lesiones sufridas en encuentros con oficiales de la polic\u00eda, oficiales de correccionales, y otros primeros respondientes, ya sea que envuelvan mala conducta, abuso o simple negligencia. Entre los casos que manejamos que envuelven mala conducta policial est\u00e1n incluidos:<\/p>\n<ul>\n<li>Uso excesivo de fuerza por parte de oficiales de la polic\u00eda o personal de la ley<\/li>\n<li>Lesiones resultantes del uso de dispositivos de fuerza no letal, como por ejemplo pistolas electro-paralizantes a distancia, gases lacrim\u00f3genos, balas de goma, piquetas telesc\u00f3picas, pistolas de descarga el\u00e9ctrica u otros medios de control de multitudes o entrada forzosa<\/li>\n<li>Accidentes de Veh\u00edculos Motorizados resultando de persecuciones de polic\u00eda a alta velocidad<\/li>\n<li>Colisiones con Carros de Bomberos, ambulancias, veh\u00edculos gr\u00faa, veh\u00edculos removedores de nieve y otros veh\u00edculos oficiales de primeros respondientes<\/li>\n<li>Muerte o lesi\u00f3n por causa de disparos provenientes de las manos de un polic\u00eda, o de un polic\u00eda fuera horas de trabajo, o guardia de seguridad privada<\/li>\n<li>Arresto falso, encarcelamiento falso y enjuiciamiento malicioso<\/li>\n<li>Abuso o negligencia de oficiales de una correccional, de una c\u00e1rcel o de una prisi\u00f3n<\/li>\n<\/ul>\n<h2><span style=\"color: #002d62;\">\u00bfPor qu\u00e9 deber\u00eda elegir a Fernandez Law para manejar mi caso?<\/span><\/h2>\n<p>La experiencia que hemos desarrollado por m\u00e1s de 40 a\u00f1os de operaci\u00f3n nos ayudan a reconocer la diferencia entre los accidentes desafortunados y el hecho de que un individuo oficial de la polic\u00eda ignore los procedimientos adoptados precisamente para proteger al p\u00fablico mientras permite que la polic\u00eda cumpla sus funciones. Nuestra familiaridad con la investigaci\u00f3n y el desarrollo de pruebas en casos de conducta indebida o negligencia de la polic\u00eda tambi\u00e9n puede representar una ventaja importante para los clientes que, de otro modo, podr\u00edan esperar respuestas incompletas a sus preguntas sobre qu\u00e9 sucedi\u00f3 y por qu\u00e9.<\/p>\n<h2><span style=\"color: #002d62;\">\u00bfC\u00f3mo Puede Ayudarme un Abogado de Mala Conducta Policial?<\/span><\/h2>\n<p>Nuestra experiencia con reclamos de responsabilidad municipal de todo tipo tambi\u00e9n puede ayudarlo a superar los obst\u00e1culos relacionados con los requisitos de notificaci\u00f3n, reclamos de inmunidad oficial o soberan\u00eda y limitaciones en los da\u00f1os que complican cualquier demanda contra una entidad p\u00fablica.<\/p>\n<p>Estas reclamaciones son complejas y no deben manejarse sin la ayuda de un abogado.<\/p>\n<p>Usted necesita un abogado de mala conducta de la polic\u00eda con una amplia experiencia de su lado. Para discutir su caso, haga una consulta gratis hoy.<\/p>\n<p><a class=\"myButton\" href=\"https:\/\/stltriallawyers.com\/es\/contactenos-hoy\/\">Cont\u00e1ctanos para una consulta gratuita<\/a><\/p>\n<p>&nbsp;<\/p>\n<p>&nbsp;<\/p>\n","protected":false},"excerpt":{"rendered":"<p>La polic\u00eda protege a nuestras comunidades a diario, pero es necesario responsabilizar por sus acciones a quienes cometen actos de negligencia e incluso actos criminales. Hemos escuchado mucho sobre la brutalidad de los polic\u00edas en los \u00faltimos a\u00f1os. Durante mucho tiempo, mucha gente no cre\u00eda que este tipo de actividad estuviera sucediendo. Hemos estado a &#8230; <\/p>\n<p class=\"read-more-container\"><a title=\"Abogado de mala conducta policial en St. Louis\" class=\"read-more button\" href=\"https:\/\/stltriallawyers.com\/es\/policias-mala-conducta-abogados\/#more-4277\" aria-label=\"Leer m\u00e1s sobre Abogado de mala conducta policial en St. Louis\">Leer m\u00e1s<\/a><\/p>\n","protected":false},"author":8,"featured_media":0,"parent":0,"menu_order":0,"comment_status":"closed","ping_status":"closed","template":"","meta":{"inline_featured_image":false,"ngg_post_thumbnail":0,"footnotes":""},"class_list":["post-4277","page","type-page","status-publish"],"yoast_head":"<!-- This site is optimized with the Yoast SEO Premium plugin v22.4 (Yoast SEO v26.7) - https:\/\/yoast.com\/wordpress\/plugins\/seo\/ -->\n<title>Polic\u00eda de mala conducta, abogados | Fernandez Law<\/title>\n<meta name=\"description\" content=\"\u00bfV\u00edctima de mala conducta policial en el \u00e1rea de St. Louis? Nuestro equipo de abogados puede ayudar. Cont\u00e1ctenos para una consulta gratuita.\" \/>\n<meta name=\"robots\" content=\"index, follow, max-snippet:-1, max-image-preview:large, max-video-preview:-1\" \/>\n<link rel=\"canonical\" href=\"https:\/\/stltriallawyers.com\/es\/policias-mala-conducta-abogados\/\" \/>\n<meta property=\"og:locale\" content=\"es_ES\" \/>\n<meta property=\"og:type\" content=\"article\" \/>\n<meta property=\"og:title\" content=\"Abogado de mala conducta policial en St. Louis\" \/>\n<meta property=\"og:description\" content=\"\u00bfV\u00edctima de mala conducta policial en el \u00e1rea de St. Louis? Nuestro equipo de abogados puede ayudar. Cont\u00e1ctenos para una consulta gratuita.\" \/>\n<meta property=\"og:url\" content=\"https:\/\/stltriallawyers.com\/es\/policias-mala-conducta-abogados\/\" \/>\n<meta property=\"og:site_name\" content=\"St. Louis Trial Lawyers\" \/>\n<meta property=\"article:modified_time\" content=\"2025-02-08T21:02:05+00:00\" \/>\n<meta name=\"twitter:label1\" content=\"Tiempo de lectura\" \/>\n\t<meta name=\"twitter:data1\" content=\"3 minutos\" \/>\n<script type=\"application\/ld+json\" class=\"yoast-schema-graph\">{\"@context\":\"https:\/\/schema.org\",\"@graph\":[{\"@type\":\"WebPage\",\"@id\":\"https:\/\/stltriallawyers.com\/es\/policias-mala-conducta-abogados\/\",\"url\":\"https:\/\/stltriallawyers.com\/es\/policias-mala-conducta-abogados\/\",\"name\":\"Polic\u00eda de mala conducta, abogados | Fernandez Law\",\"isPartOf\":{\"@id\":\"https:\/\/stltriallawyers.com\/#website\"},\"datePublished\":\"2019-01-09T19:45:51+00:00\",\"dateModified\":\"2025-02-08T21:02:05+00:00\",\"description\":\"\u00bfV\u00edctima de mala conducta policial en el \u00e1rea de St. Louis? Nuestro equipo de abogados puede ayudar. Cont\u00e1ctenos para una consulta gratuita.\",\"breadcrumb\":{\"@id\":\"https:\/\/stltriallawyers.com\/es\/policias-mala-conducta-abogados\/#breadcrumb\"},\"inLanguage\":\"es\",\"potentialAction\":[{\"@type\":\"ReadAction\",\"target\":[\"https:\/\/stltriallawyers.com\/es\/policias-mala-conducta-abogados\/\"]}]},{\"@type\":\"BreadcrumbList\",\"@id\":\"https:\/\/stltriallawyers.com\/es\/policias-mala-conducta-abogados\/#breadcrumb\",\"itemListElement\":[{\"@type\":\"ListItem\",\"position\":1,\"name\":\"Home\",\"item\":\"https:\/\/stltriallawyers.com\/es\/\"},{\"@type\":\"ListItem\",\"position\":2,\"name\":\"Abogado de mala conducta policial en St. Louis\"}]},{\"@type\":\"WebSite\",\"@id\":\"https:\/\/stltriallawyers.com\/#website\",\"url\":\"https:\/\/stltriallawyers.com\/\",\"name\":\"St. Louis Trial Lawyers\",\"description\":\"\",\"publisher\":{\"@id\":\"https:\/\/stltriallawyers.com\/#organization\"},\"potentialAction\":[{\"@type\":\"SearchAction\",\"target\":{\"@type\":\"EntryPoint\",\"urlTemplate\":\"https:\/\/stltriallawyers.com\/?s={search_term_string}\"},\"query-input\":{\"@type\":\"PropertyValueSpecification\",\"valueRequired\":true,\"valueName\":\"search_term_string\"}}],\"inLanguage\":\"es\"},{\"@type\":[\"Organization\",\"Place\"],\"@id\":\"https:\/\/stltriallawyers.com\/#organization\",\"name\":\"Fernandez Law, LLC\",\"url\":\"https:\/\/stltriallawyers.com\/\",\"logo\":{\"@id\":\"https:\/\/stltriallawyers.com\/es\/policias-mala-conducta-abogados\/#local-main-organization-logo\"},\"image\":{\"@id\":\"https:\/\/stltriallawyers.com\/es\/policias-mala-conducta-abogados\/#local-main-organization-logo\"},\"telephone\":[],\"openingHoursSpecification\":[{\"@type\":\"OpeningHoursSpecification\",\"dayOfWeek\":[\"Monday\",\"Tuesday\",\"Wednesday\",\"Thursday\",\"Friday\",\"Saturday\",\"Sunday\"],\"opens\":\"09:00\",\"closes\":\"17:00\"}]},{\"@type\":\"ImageObject\",\"inLanguage\":\"es\",\"@id\":\"https:\/\/stltriallawyers.com\/es\/policias-mala-conducta-abogados\/#local-main-organization-logo\",\"url\":\"https:\/\/stltriallawyers.com\/wp-content\/uploads\/Logo.jpg\",\"contentUrl\":\"https:\/\/stltriallawyers.com\/wp-content\/uploads\/Logo.jpg\",\"width\":1084,\"height\":284,\"caption\":\"Fernandez Law, LLC\"}]}<\/script>\n<!-- \/ Yoast SEO Premium plugin. -->","yoast_head_json":{"title":"Polic\u00eda de mala conducta, abogados | Fernandez Law","description":"\u00bfV\u00edctima de mala conducta policial en el \u00e1rea de St. Louis? Nuestro equipo de abogados puede ayudar. Cont\u00e1ctenos para una consulta gratuita.","robots":{"index":"index","follow":"follow","max-snippet":"max-snippet:-1","max-image-preview":"max-image-preview:large","max-video-preview":"max-video-preview:-1"},"canonical":"https:\/\/stltriallawyers.com\/es\/policias-mala-conducta-abogados\/","og_locale":"es_ES","og_type":"article","og_title":"Abogado de mala conducta policial en St. Louis","og_description":"\u00bfV\u00edctima de mala conducta policial en el \u00e1rea de St. Louis? Nuestro equipo de abogados puede ayudar. Cont\u00e1ctenos para una consulta gratuita.","og_url":"https:\/\/stltriallawyers.com\/es\/policias-mala-conducta-abogados\/","og_site_name":"St. Louis Trial Lawyers","article_modified_time":"2025-02-08T21:02:05+00:00","twitter_misc":{"Tiempo de lectura":"3 minutos"},"schema":{"@context":"https:\/\/schema.org","@graph":[{"@type":"WebPage","@id":"https:\/\/stltriallawyers.com\/es\/policias-mala-conducta-abogados\/","url":"https:\/\/stltriallawyers.com\/es\/policias-mala-conducta-abogados\/","name":"Polic\u00eda de mala conducta, abogados | Fernandez Law","isPartOf":{"@id":"https:\/\/stltriallawyers.com\/#website"},"datePublished":"2019-01-09T19:45:51+00:00","dateModified":"2025-02-08T21:02:05+00:00","description":"\u00bfV\u00edctima de mala conducta policial en el \u00e1rea de St. Louis? Nuestro equipo de abogados puede ayudar. Cont\u00e1ctenos para una consulta gratuita.","breadcrumb":{"@id":"https:\/\/stltriallawyers.com\/es\/policias-mala-conducta-abogados\/#breadcrumb"},"inLanguage":"es","potentialAction":[{"@type":"ReadAction","target":["https:\/\/stltriallawyers.com\/es\/policias-mala-conducta-abogados\/"]}]},{"@type":"BreadcrumbList","@id":"https:\/\/stltriallawyers.com\/es\/policias-mala-conducta-abogados\/#breadcrumb","itemListElement":[{"@type":"ListItem","position":1,"name":"Home","item":"https:\/\/stltriallawyers.com\/es\/"},{"@type":"ListItem","position":2,"name":"Abogado de mala conducta policial en St. Louis"}]},{"@type":"WebSite","@id":"https:\/\/stltriallawyers.com\/#website","url":"https:\/\/stltriallawyers.com\/","name":"St. Louis Trial Lawyers","description":"","publisher":{"@id":"https:\/\/stltriallawyers.com\/#organization"},"potentialAction":[{"@type":"SearchAction","target":{"@type":"EntryPoint","urlTemplate":"https:\/\/stltriallawyers.com\/?s={search_term_string}"},"query-input":{"@type":"PropertyValueSpecification","valueRequired":true,"valueName":"search_term_string"}}],"inLanguage":"es"},{"@type":["Organization","Place"],"@id":"https:\/\/stltriallawyers.com\/#organization","name":"Fernandez Law, LLC","url":"https:\/\/stltriallawyers.com\/","logo":{"@id":"https:\/\/stltriallawyers.com\/es\/policias-mala-conducta-abogados\/#local-main-organization-logo"},"image":{"@id":"https:\/\/stltriallawyers.com\/es\/policias-mala-conducta-abogados\/#local-main-organization-logo"},"telephone":[],"openingHoursSpecification":[{"@type":"OpeningHoursSpecification","dayOfWeek":["Monday","Tuesday","Wednesday","Thursday","Friday","Saturday","Sunday"],"opens":"09:00","closes":"17:00"}]},{"@type":"ImageObject","inLanguage":"es","@id":"https:\/\/stltriallawyers.com\/es\/policias-mala-conducta-abogados\/#local-main-organization-logo","url":"https:\/\/stltriallawyers.com\/wp-content\/uploads\/Logo.jpg","contentUrl":"https:\/\/stltriallawyers.com\/wp-content\/uploads\/Logo.jpg","width":1084,"height":284,"caption":"Fernandez Law, LLC"}]}},"_links":{"self":[{"href":"https:\/\/stltriallawyers.com\/es\/wp-json\/wp\/v2\/pages\/4277","targetHints":{"allow":["GET"]}}],"collection":[{"href":"https:\/\/stltriallawyers.com\/es\/wp-json\/wp\/v2\/pages"}],"about":[{"href":"https:\/\/stltriallawyers.com\/es\/wp-json\/wp\/v2\/types\/page"}],"author":[{"embeddable":true,"href":"https:\/\/stltriallawyers.com\/es\/wp-json\/wp\/v2\/users\/8"}],"replies":[{"embeddable":true,"href":"https:\/\/stltriallawyers.com\/es\/wp-json\/wp\/v2\/comments?post=4277"}],"version-history":[{"count":2,"href":"https:\/\/stltriallawyers.com\/es\/wp-json\/wp\/v2\/pages\/4277\/revisions"}],"predecessor-version":[{"id":8200,"href":"https:\/\/stltriallawyers.com\/es\/wp-json\/wp\/v2\/pages\/4277\/revisions\/8200"}],"wp:attachment":[{"href":"https:\/\/stltriallawyers.com\/es\/wp-json\/wp\/v2\/media?parent=4277"}],"curies":[{"name":"wp","href":"https:\/\/api.w.org\/{rel}","templated":true}]}}