{"id":4281,"date":"2019-01-09T16:17:09","date_gmt":"2019-01-09T22:17:09","guid":{"rendered":"http:\/\/www.new.stltriallawyers.com\/?page_id=4281"},"modified":"2025-02-08T15:01:44","modified_gmt":"2025-02-08T21:01:44","slug":"abogado-de-responsabilidad-de-predios","status":"publish","type":"page","link":"https:\/\/stltriallawyers.com\/es\/abogado-de-responsabilidad-de-predios\/","title":{"rendered":"Abogado de Responsabilidad de Predios"},"content":{"rendered":"<p>El propietario de un edificio o propiedad tiene la responsabilidad legal de mantener condiciones seguras en una propiedad. Cuando el propietario no lo hace y se produce una lesi\u00f3n grave, la v\u00edctima del accidente puede reclamar una indemnizaci\u00f3n por p\u00e9rdidas financieras, dolor y sufrimiento.<\/p>\r\n<h2><span style=\"color: #002d62;\">\u00bfQu\u00e9 tipo de accidentes entran en los casos de responsabilidad de predios?<\/span><\/h2>\r\n<p>Si usted ha estado involucrado en alguno de los siguientes, nuestra firma de abogado puede ayudarlo.<\/p>\r\n<ul>\r\n<li>Barandas o escaleras defectuosas<\/li>\r\n<li>Asfalto o concreto roto<\/li>\r\n<li>Seguridad negligente o inadecuada<\/li>\r\n<li>Mala iluminaci\u00f3n<\/li>\r\n<li>Pasamanos elementos arquitect\u00f3nicos defectuosos<\/li>\r\n<li>Escombros de construcci\u00f3n en edificios<\/li>\r\n<li>Falta de detectores de humo o mon\u00f3xido de carbono<\/li>\r\n<li>Los casos de Dram Shop o el consumo excesivo de alcohol a una persona visiblemente intoxicada que luego hace da\u00f1o a otra persona<\/li>\r\n<\/ul>\r\n<p>Lea sobre un acuerdo de $ 3 millones que obtuvimos.<\/p>\r\n<h2><span style=\"color: #002d62;\">Qu\u00e9 puede hacer por usted un abogado de responsabilidad predial<\/span><\/h2>\r\n<p>Nuestros abogado se dedican a ayudar a victimas de accidentes a obtener cuidados m\u00e9dicos y la compensaci\u00f3n que se merecen. Somos defensores que trabajamos con determinaci\u00f3n para ayudar a nuestros clientes a obtener una compensaci\u00f3n total y completa por sus p\u00e9rdidas.<\/p>\r\n<h2><span style=\"color: #002d62;\">Qu\u00e9 debe hacer despu\u00e9s de un accidente de responsabilidad predial?<\/span><\/h2>\r\n<p>Despu\u00e9s de un accidente, la evidencia sobre las condiciones peligrosas puede comenzar a desaparecer r\u00e1pidamente. Si ha sufrido una lesi\u00f3n debido a la negligencia de un propietario, debe actuar ahora para proteger su habilidad de obtener una compensaci\u00f3n. La compa\u00f1\u00eda de seguros puede intentar culparlo por el accidente, por lo que es importante documentar la escena y preservar la evidencia.<\/p>\r\n<p>Debe seguir los siguientes pasos para que nuestros abogado se preparen para el mejor caso posible:<\/p>\r\n<ul>\r\n<li>Reporte el accidente al due\u00f1o del edificio o al gerente de la tienda.<\/li>\r\n<li>Si es posible, documente la escena con fotos.<\/li>\r\n<li>Consiga los nombres de los testigos que vieron lo sucedido.<\/li>\r\n<li>Mire a ver si hay c\u00e1maras de seguridad que hayan capturado el incidente<\/li>\r\n<li>Obtenga atenci\u00f3n m\u00e9dica y siga las instrucciones de su m\u00e9dico<\/li>\r\n<li>Obtenga los nombres y n\u00fameros de tel\u00e9fono de cualquier testigo. Escriba su recolecci\u00f3n del accidente y los efectos de este en su vida.<\/li>\r\n<li>Llame a nuestra firma lo antes posible<\/li>\r\n<\/ul>\r\n<p>Nuestros abogado trabajar\u00e1n diligentemente para construir un caso s\u00f3lido y exitoso para usted. Si ha sufrido lesiones graves, le daremos prioridad ayud\u00e1ndolo a obtener la atenci\u00f3n m\u00e9dica y el servicio que necesita para recuperarse en la mayor medida posible. Tambi\u00e9n buscaremos una compensaci\u00f3n total por la p\u00e9rdida de salarios u otras p\u00e9rdidas financieras, su dolor y sufrimiento.<\/p>\r\n<h2><span style=\"color: #002d62;\">Comience a construir su caso hoy<\/span><\/h2>\r\n<p>Para una consulta gratuita con un abogado de responsabilidad predial de St. Louis, contacte a nuestra firma.<\/p>\r\n<p><a class=\"myButton\" href=\"https:\/\/stltriallawyers.com\/es\/contactenos-hoy\/\">Cont\u00e1ctanos para una consulta gratuita<\/a><\/p>\r\n\r\n<p>&nbsp;<\/p>\r\n<p>&nbsp;<\/p>\r\n","protected":false},"excerpt":{"rendered":"<p>El propietario de un edificio o propiedad tiene la responsabilidad legal de mantener condiciones seguras en una propiedad. Cuando el propietario no lo hace y se produce una lesi\u00f3n grave, la v\u00edctima del accidente puede reclamar una indemnizaci\u00f3n por p\u00e9rdidas financieras, dolor y sufrimiento. \u00bfQu\u00e9 tipo de accidentes entran en los casos de responsabilidad de &#8230; <\/p>\n<p class=\"read-more-container\"><a title=\"Abogado de Responsabilidad de Predios\" class=\"read-more button\" href=\"https:\/\/stltriallawyers.com\/es\/abogado-de-responsabilidad-de-predios\/#more-4281\" aria-label=\"Leer m\u00e1s sobre Abogado de Responsabilidad de Predios\">Leer m\u00e1s<\/a><\/p>\n","protected":false},"author":8,"featured_media":0,"parent":0,"menu_order":0,"comment_status":"closed","ping_status":"closed","template":"","meta":{"inline_featured_image":false,"ngg_post_thumbnail":0,"footnotes":""},"class_list":["post-4281","page","type-page","status-publish"],"yoast_head":"<!-- This site is optimized with the Yoast SEO Premium plugin v22.4 (Yoast SEO v26.7) - https:\/\/yoast.com\/wordpress\/plugins\/seo\/ -->\n<title>Abogado de Responsabilidad de Predios | Fernandez Law<\/title>\n<meta name=\"description\" content=\"Si ha sido herido debido a una condici\u00f3n peligrosa de una propiedad, nuestros abogados pueden ayudarle a reclamar una compensaci\u00f3n por p\u00e9rdidas financieras, dolor y sufrimiento. Llame hoy para una consulta gratuita.\" \/>\n<meta name=\"robots\" content=\"index, follow, max-snippet:-1, max-image-preview:large, max-video-preview:-1\" \/>\n<link rel=\"canonical\" href=\"https:\/\/stltriallawyers.com\/es\/abogado-de-responsabilidad-de-predios\/\" \/>\n<meta property=\"og:locale\" content=\"es_ES\" \/>\n<meta property=\"og:type\" content=\"article\" \/>\n<meta property=\"og:title\" content=\"Abogado de Responsabilidad de Predios\" \/>\n<meta property=\"og:description\" content=\"Si ha sido herido debido a una condici\u00f3n peligrosa de una propiedad, nuestros abogados pueden ayudarle a reclamar una compensaci\u00f3n por p\u00e9rdidas financieras, dolor y sufrimiento. Llame hoy para una consulta gratuita.\" \/>\n<meta property=\"og:url\" content=\"https:\/\/stltriallawyers.com\/es\/abogado-de-responsabilidad-de-predios\/\" \/>\n<meta property=\"og:site_name\" content=\"St. Louis Trial Lawyers\" \/>\n<meta property=\"article:modified_time\" content=\"2025-02-08T21:01:44+00:00\" \/>\n<meta name=\"twitter:label1\" content=\"Tiempo de lectura\" \/>\n\t<meta name=\"twitter:data1\" content=\"2 minutos\" \/>\n<script type=\"application\/ld+json\" class=\"yoast-schema-graph\">{\"@context\":\"https:\/\/schema.org\",\"@graph\":[{\"@type\":\"WebPage\",\"@id\":\"https:\/\/stltriallawyers.com\/es\/abogado-de-responsabilidad-de-predios\/\",\"url\":\"https:\/\/stltriallawyers.com\/es\/abogado-de-responsabilidad-de-predios\/\",\"name\":\"Abogado de Responsabilidad de Predios | Fernandez Law\",\"isPartOf\":{\"@id\":\"https:\/\/stltriallawyers.com\/#website\"},\"datePublished\":\"2019-01-09T22:17:09+00:00\",\"dateModified\":\"2025-02-08T21:01:44+00:00\",\"description\":\"Si ha sido herido debido a una condici\u00f3n peligrosa de una propiedad, nuestros abogados pueden ayudarle a reclamar una compensaci\u00f3n por p\u00e9rdidas financieras, dolor y sufrimiento. Llame hoy para una consulta gratuita.\",\"breadcrumb\":{\"@id\":\"https:\/\/stltriallawyers.com\/es\/abogado-de-responsabilidad-de-predios\/#breadcrumb\"},\"inLanguage\":\"es\",\"potentialAction\":[{\"@type\":\"ReadAction\",\"target\":[\"https:\/\/stltriallawyers.com\/es\/abogado-de-responsabilidad-de-predios\/\"]}]},{\"@type\":\"BreadcrumbList\",\"@id\":\"https:\/\/stltriallawyers.com\/es\/abogado-de-responsabilidad-de-predios\/#breadcrumb\",\"itemListElement\":[{\"@type\":\"ListItem\",\"position\":1,\"name\":\"Home\",\"item\":\"https:\/\/stltriallawyers.com\/es\/\"},{\"@type\":\"ListItem\",\"position\":2,\"name\":\"Abogado de Responsabilidad de Predios\"}]},{\"@type\":\"WebSite\",\"@id\":\"https:\/\/stltriallawyers.com\/#website\",\"url\":\"https:\/\/stltriallawyers.com\/\",\"name\":\"St. Louis Trial Lawyers\",\"description\":\"\",\"publisher\":{\"@id\":\"https:\/\/stltriallawyers.com\/#organization\"},\"potentialAction\":[{\"@type\":\"SearchAction\",\"target\":{\"@type\":\"EntryPoint\",\"urlTemplate\":\"https:\/\/stltriallawyers.com\/?s={search_term_string}\"},\"query-input\":{\"@type\":\"PropertyValueSpecification\",\"valueRequired\":true,\"valueName\":\"search_term_string\"}}],\"inLanguage\":\"es\"},{\"@type\":[\"Organization\",\"Place\"],\"@id\":\"https:\/\/stltriallawyers.com\/#organization\",\"name\":\"Fernandez Law, LLC\",\"url\":\"https:\/\/stltriallawyers.com\/\",\"logo\":{\"@id\":\"https:\/\/stltriallawyers.com\/es\/abogado-de-responsabilidad-de-predios\/#local-main-organization-logo\"},\"image\":{\"@id\":\"https:\/\/stltriallawyers.com\/es\/abogado-de-responsabilidad-de-predios\/#local-main-organization-logo\"},\"telephone\":[],\"openingHoursSpecification\":[{\"@type\":\"OpeningHoursSpecification\",\"dayOfWeek\":[\"Monday\",\"Tuesday\",\"Wednesday\",\"Thursday\",\"Friday\",\"Saturday\",\"Sunday\"],\"opens\":\"09:00\",\"closes\":\"17:00\"}]},{\"@type\":\"ImageObject\",\"inLanguage\":\"es\",\"@id\":\"https:\/\/stltriallawyers.com\/es\/abogado-de-responsabilidad-de-predios\/#local-main-organization-logo\",\"url\":\"https:\/\/stltriallawyers.com\/wp-content\/uploads\/Logo.jpg\",\"contentUrl\":\"https:\/\/stltriallawyers.com\/wp-content\/uploads\/Logo.jpg\",\"width\":1084,\"height\":284,\"caption\":\"Fernandez Law, LLC\"}]}<\/script>\n<!-- \/ Yoast SEO Premium plugin. -->","yoast_head_json":{"title":"Abogado de Responsabilidad de Predios | Fernandez Law","description":"Si ha sido herido debido a una condici\u00f3n peligrosa de una propiedad, nuestros abogados pueden ayudarle a reclamar una compensaci\u00f3n por p\u00e9rdidas financieras, dolor y sufrimiento. Llame hoy para una consulta gratuita.","robots":{"index":"index","follow":"follow","max-snippet":"max-snippet:-1","max-image-preview":"max-image-preview:large","max-video-preview":"max-video-preview:-1"},"canonical":"https:\/\/stltriallawyers.com\/es\/abogado-de-responsabilidad-de-predios\/","og_locale":"es_ES","og_type":"article","og_title":"Abogado de Responsabilidad de Predios","og_description":"Si ha sido herido debido a una condici\u00f3n peligrosa de una propiedad, nuestros abogados pueden ayudarle a reclamar una compensaci\u00f3n por p\u00e9rdidas financieras, dolor y sufrimiento. Llame hoy para una consulta gratuita.","og_url":"https:\/\/stltriallawyers.com\/es\/abogado-de-responsabilidad-de-predios\/","og_site_name":"St. Louis Trial Lawyers","article_modified_time":"2025-02-08T21:01:44+00:00","twitter_misc":{"Tiempo de lectura":"2 minutos"},"schema":{"@context":"https:\/\/schema.org","@graph":[{"@type":"WebPage","@id":"https:\/\/stltriallawyers.com\/es\/abogado-de-responsabilidad-de-predios\/","url":"https:\/\/stltriallawyers.com\/es\/abogado-de-responsabilidad-de-predios\/","name":"Abogado de Responsabilidad de Predios | Fernandez Law","isPartOf":{"@id":"https:\/\/stltriallawyers.com\/#website"},"datePublished":"2019-01-09T22:17:09+00:00","dateModified":"2025-02-08T21:01:44+00:00","description":"Si ha sido herido debido a una condici\u00f3n peligrosa de una propiedad, nuestros abogados pueden ayudarle a reclamar una compensaci\u00f3n por p\u00e9rdidas financieras, dolor y sufrimiento. Llame hoy para una consulta gratuita.","breadcrumb":{"@id":"https:\/\/stltriallawyers.com\/es\/abogado-de-responsabilidad-de-predios\/#breadcrumb"},"inLanguage":"es","potentialAction":[{"@type":"ReadAction","target":["https:\/\/stltriallawyers.com\/es\/abogado-de-responsabilidad-de-predios\/"]}]},{"@type":"BreadcrumbList","@id":"https:\/\/stltriallawyers.com\/es\/abogado-de-responsabilidad-de-predios\/#breadcrumb","itemListElement":[{"@type":"ListItem","position":1,"name":"Home","item":"https:\/\/stltriallawyers.com\/es\/"},{"@type":"ListItem","position":2,"name":"Abogado de Responsabilidad de Predios"}]},{"@type":"WebSite","@id":"https:\/\/stltriallawyers.com\/#website","url":"https:\/\/stltriallawyers.com\/","name":"St. Louis Trial Lawyers","description":"","publisher":{"@id":"https:\/\/stltriallawyers.com\/#organization"},"potentialAction":[{"@type":"SearchAction","target":{"@type":"EntryPoint","urlTemplate":"https:\/\/stltriallawyers.com\/?s={search_term_string}"},"query-input":{"@type":"PropertyValueSpecification","valueRequired":true,"valueName":"search_term_string"}}],"inLanguage":"es"},{"@type":["Organization","Place"],"@id":"https:\/\/stltriallawyers.com\/#organization","name":"Fernandez Law, LLC","url":"https:\/\/stltriallawyers.com\/","logo":{"@id":"https:\/\/stltriallawyers.com\/es\/abogado-de-responsabilidad-de-predios\/#local-main-organization-logo"},"image":{"@id":"https:\/\/stltriallawyers.com\/es\/abogado-de-responsabilidad-de-predios\/#local-main-organization-logo"},"telephone":[],"openingHoursSpecification":[{"@type":"OpeningHoursSpecification","dayOfWeek":["Monday","Tuesday","Wednesday","Thursday","Friday","Saturday","Sunday"],"opens":"09:00","closes":"17:00"}]},{"@type":"ImageObject","inLanguage":"es","@id":"https:\/\/stltriallawyers.com\/es\/abogado-de-responsabilidad-de-predios\/#local-main-organization-logo","url":"https:\/\/stltriallawyers.com\/wp-content\/uploads\/Logo.jpg","contentUrl":"https:\/\/stltriallawyers.com\/wp-content\/uploads\/Logo.jpg","width":1084,"height":284,"caption":"Fernandez Law, LLC"}]}},"_links":{"self":[{"href":"https:\/\/stltriallawyers.com\/es\/wp-json\/wp\/v2\/pages\/4281","targetHints":{"allow":["GET"]}}],"collection":[{"href":"https:\/\/stltriallawyers.com\/es\/wp-json\/wp\/v2\/pages"}],"about":[{"href":"https:\/\/stltriallawyers.com\/es\/wp-json\/wp\/v2\/types\/page"}],"author":[{"embeddable":true,"href":"https:\/\/stltriallawyers.com\/es\/wp-json\/wp\/v2\/users\/8"}],"replies":[{"embeddable":true,"href":"https:\/\/stltriallawyers.com\/es\/wp-json\/wp\/v2\/comments?post=4281"}],"version-history":[{"count":3,"href":"https:\/\/stltriallawyers.com\/es\/wp-json\/wp\/v2\/pages\/4281\/revisions"}],"predecessor-version":[{"id":8201,"href":"https:\/\/stltriallawyers.com\/es\/wp-json\/wp\/v2\/pages\/4281\/revisions\/8201"}],"wp:attachment":[{"href":"https:\/\/stltriallawyers.com\/es\/wp-json\/wp\/v2\/media?parent=4281"}],"curies":[{"name":"wp","href":"https:\/\/api.w.org\/{rel}","templated":true}]}}