{"id":4286,"date":"2019-01-09T16:26:50","date_gmt":"2019-01-09T22:26:50","guid":{"rendered":"http:\/\/www.new.stltriallawyers.com\/?page_id=4286"},"modified":"2025-02-04T14:11:50","modified_gmt":"2025-02-04T20:11:50","slug":"delator-abogado-qui-tam","status":"publish","type":"page","link":"https:\/\/stltriallawyers.com\/es\/delator-abogado-qui-tam\/","title":{"rendered":"Los abogado de las demandas de delatores o qui tam"},"content":{"rendered":"<p>Los abogado de las demandas de delatores o qui tam, es una demanda civil que se realiza cuando un individuo tiene conocimiento de fraude, de actividades ilegales o de corrupci\u00f3n de una empresa, lo que resulta en alg\u00fan tipo de p\u00e9rdida financiera para el gobierno de los EE. UU. Por lo general, los denunciantes son empleados o antiguos empleados de una empresa que tienen alg\u00fan tipo de relaci\u00f3n con el gobierno federal. A menudo vemos estas demandas en el \u00e1rea de la medicina, las finanzas, la banca y proveedores gubernamentales.<\/p>\n<p>Si sufri\u00f3 por pronunciarse en contra de alg\u00fan hecho y hacer lo que es correcto, queremos ayudarle. Nuestros abogado pueden representarlo de manera justa y precisa contra el gobierno de los Estados Unidos.<\/p>\n<h2><span style=\"color: #002d62;\">C\u00f3mo se maneja una demanda legal hecha por un delator?<\/span><\/h2>\n<p>En tal demanda, la persona con informaci\u00f3n relacionada con el delito puede presentar una demanda conforme a la Ley Federal de Reclamos Falsos, que le permite a la persona ponerse en los zapatos del Gobierno Federal mientras se otorga al gobierno la oportunidad de revisar la denuncia y determinar si ellos desean intervenir. La decisi\u00f3n de intervenir generalmente se basa en que el reclamo tenga m\u00e9rito y en los da\u00f1os que involucra.<\/p>\n<p>El t\u00e9rmino \u00abQui Tam\u00bb es la abreviatura de la frase en lat\u00edn \u00abqui tam pro domino rege quam pro sic ipso in hoc parte seuitur\u00bb que significa \u00abel que se demanda a s\u00ed mismo y al rey en este asunto\u00bb.<\/p>\n<p>Se refiere a la pr\u00e1ctica legal de derecho consuetudinario en la Inglaterra medieval de permitir que un individuo, que tiene conocimiento de un fraude en el gobierno, se ponga en los zapatos del rey o gobierno y presente una demanda en su nombre.<\/p>\n<p>Seg\u00fan la Ley Federal de Reclamaciones Falsas, una persona que proporciona informaci\u00f3n valiosa y \u00fanica al gobierno que utiliza para cubrir da\u00f1os tiene derecho a una parte del dinero recuperado.<\/p>\n<p>Se necesita gran coraje e integridad para hacer frente a su empleador cuando sabe que se est\u00e1 involucrando en una conducta inapropiada. un denunciante puede sufrir una venganza dentro de su empresa o incluso dentro de una industria entera y estar poniendo su futuro en juego. La Ley Federal de Reclamaciones Falsas reconoce el riesgo que corren estos delatores y el valor de la informaci\u00f3n que proporcionan al ofrecer un incentivo financiero en los casos en que pueden recuperar una parte de sus da\u00f1os.<\/p>\n<h2><span style=\"color: #002d62;\">\u00bfCu\u00e1les son algunos de los ejemplos de delatores o demandas legales?<\/span><\/h2>\n<p>A menudo vemos que estas demandas surgen en el contexto de la industria de la salud, en donde los hospitales pueden haber efectuado cobros incorrectamente a Medicaid o Medicare, contratistas de defensa u otros proveedores de productos o servicios para el gobierno, o cualquier industria que est\u00e9 regulada por el gobierno federal, tales como la Banca, finanzas y valores.<\/p>\n<p>Ejemplos de demanda de delatores incluyen:<\/p>\n<h3><span style=\"color: #002d62;\">FRAUDE DE SALUD<\/span><\/h3>\n<ul>\n<li>M\u00e1s de $2 billones recuperados contra fabricantes de medicamentos y dispositivos m\u00e9dicos.<\/li>\n<li>$ 1.5 billones pagados por GlaxoSmithKline LLC relacionados con las acusaciones de que promovieron ciertos antidepresivos, incluidos Paxil, Wellbutrin y Zofran, para usos no aprobados por la FDA y proporcionaron sobornos para facilitar el recetar los medicamentos para usos no especificados.<\/li>\n<\/ul>\n<h3><span style=\"color: #002d62;\">FRAUDE EN HIPOTECAS Y VIVIENDA Y ARREGLO DE PRECIOS<\/span><\/h3>\n<ul>\n<li>$ 1 bill\u00f3n pagados por Countrywide Financial en relaci\u00f3n con las acusaciones de que participaron en pr\u00e1cticas de suscripci\u00f3n hipotecarias fraudulentas y enga\u00f1osas.<\/li>\n<li>Se lleg\u00f3 a un acuerdo de $ 7 billones de d\u00f3lares con Citygroup relacionado con la forma en que comercializ\u00f3 y vendi\u00f3 valores respaldados por hipotecas residenciales<\/li>\n<\/ul>\n<h3><span style=\"color: #002d62;\">FRAUDE EN CONTRATACI\u00d3N Y EN PRECIOSM<\/span><\/h3>\n<ul>\n<li>Acuerdo por $200 millones de d\u00f3lares contra\u00eddo con Oracle corp., con respecto a las denuncias de falsificaci\u00f3n ante el gobierno federal de los descuentos comerciales en general otorgados a clientes privados con el fin de obtener un precio m\u00e1s alto del gobierno.<\/li>\n<li>En julio de 2014, el departamento de justicia anunci\u00f3 que intervendr\u00eda en un caso similar contra Symatec Corp., que ha estado proveyendo software al gobierno federal.<\/li>\n<\/ul>\n<p>Si usted tiene conocimiento de fraude o corrupci\u00f3n que resulte en una p\u00e9rdida para el gobierno, ll\u00e1menos para ver si podemos ayudarlo. Estos casos son generalmente complicados y dif\u00edciles por que involucran elementos acusatorios altamente sensibles y emocionales que hay que proteger trav\u00e9s de este proceso.<\/p>\n<p>Si usted desea discutir una demanda de un denunciante o una demanda qui tam, llame a nuestros abogado hoy.<\/p>\n<p><a class=\"myButton\" href=\"https:\/\/stltriallawyers.com\/es\/contactenos-hoy\/\">Cont\u00e1ctanos para una consulta gratuita<\/a><\/p>\n<p>&nbsp;<\/p>\n<p>&nbsp;<\/p>\n","protected":false},"excerpt":{"rendered":"<p>Los abogado de las demandas de delatores o qui tam, es una demanda civil que se realiza cuando un individuo tiene conocimiento de fraude, de actividades ilegales o de corrupci\u00f3n de una empresa, lo que resulta en alg\u00fan tipo de p\u00e9rdida financiera para el gobierno de los EE. UU. Por lo general, los denunciantes son &#8230; <\/p>\n<p class=\"read-more-container\"><a title=\"Los abogado de las demandas de delatores o qui tam\" class=\"read-more button\" href=\"https:\/\/stltriallawyers.com\/es\/delator-abogado-qui-tam\/#more-4286\" aria-label=\"Leer m\u00e1s sobre Los abogado de las demandas de delatores o qui tam\">Leer m\u00e1s<\/a><\/p>\n","protected":false},"author":8,"featured_media":0,"parent":0,"menu_order":0,"comment_status":"closed","ping_status":"closed","template":"","meta":{"inline_featured_image":false,"ngg_post_thumbnail":0,"footnotes":""},"class_list":["post-4286","page","type-page","status-publish"],"yoast_head":"<!-- This site is optimized with the Yoast SEO Premium plugin v22.4 (Yoast SEO v26.7) - https:\/\/yoast.com\/wordpress\/plugins\/seo\/ -->\n<title>Delator - Qui Tam Lawyer | Fernandez Law<\/title>\n<meta name=\"description\" content=\"\u00bfSufriste por denunciar y hacer lo que es correcto? El equipo de abogados de Fernandez Law tiene experiencia en la navegaci\u00f3n de demandas de delatores y pueden ayudarlo a presentar una demanda. Llama hoy para una consulta gratuita.\" \/>\n<meta name=\"robots\" content=\"index, follow, max-snippet:-1, max-image-preview:large, max-video-preview:-1\" \/>\n<link rel=\"canonical\" href=\"https:\/\/stltriallawyers.com\/es\/delator-abogado-qui-tam\/\" \/>\n<meta property=\"og:locale\" content=\"es_ES\" \/>\n<meta property=\"og:type\" content=\"article\" \/>\n<meta property=\"og:title\" content=\"Los abogado de las demandas de delatores o qui tam\" \/>\n<meta property=\"og:description\" content=\"\u00bfSufriste por denunciar y hacer lo que es correcto? El equipo de abogados de Fernandez Law tiene experiencia en la navegaci\u00f3n de demandas de delatores y pueden ayudarlo a presentar una demanda. Llama hoy para una consulta gratuita.\" \/>\n<meta property=\"og:url\" content=\"https:\/\/stltriallawyers.com\/es\/delator-abogado-qui-tam\/\" \/>\n<meta property=\"og:site_name\" content=\"St. Louis Trial Lawyers\" \/>\n<meta property=\"article:modified_time\" content=\"2025-02-04T20:11:50+00:00\" \/>\n<meta name=\"twitter:label1\" content=\"Tiempo de lectura\" \/>\n\t<meta name=\"twitter:data1\" content=\"4 minutos\" \/>\n<script type=\"application\/ld+json\" class=\"yoast-schema-graph\">{\"@context\":\"https:\/\/schema.org\",\"@graph\":[{\"@type\":\"WebPage\",\"@id\":\"https:\/\/stltriallawyers.com\/es\/delator-abogado-qui-tam\/\",\"url\":\"https:\/\/stltriallawyers.com\/es\/delator-abogado-qui-tam\/\",\"name\":\"Delator - Qui Tam Lawyer | Fernandez Law\",\"isPartOf\":{\"@id\":\"https:\/\/stltriallawyers.com\/#website\"},\"datePublished\":\"2019-01-09T22:26:50+00:00\",\"dateModified\":\"2025-02-04T20:11:50+00:00\",\"description\":\"\u00bfSufriste por denunciar y hacer lo que es correcto? El equipo de abogados de Fernandez Law tiene experiencia en la navegaci\u00f3n de demandas de delatores y pueden ayudarlo a presentar una demanda. Llama hoy para una consulta gratuita.\",\"breadcrumb\":{\"@id\":\"https:\/\/stltriallawyers.com\/es\/delator-abogado-qui-tam\/#breadcrumb\"},\"inLanguage\":\"es\",\"potentialAction\":[{\"@type\":\"ReadAction\",\"target\":[\"https:\/\/stltriallawyers.com\/es\/delator-abogado-qui-tam\/\"]}]},{\"@type\":\"BreadcrumbList\",\"@id\":\"https:\/\/stltriallawyers.com\/es\/delator-abogado-qui-tam\/#breadcrumb\",\"itemListElement\":[{\"@type\":\"ListItem\",\"position\":1,\"name\":\"Home\",\"item\":\"https:\/\/stltriallawyers.com\/es\/\"},{\"@type\":\"ListItem\",\"position\":2,\"name\":\"Los abogado de las demandas de delatores o qui tam\"}]},{\"@type\":\"WebSite\",\"@id\":\"https:\/\/stltriallawyers.com\/#website\",\"url\":\"https:\/\/stltriallawyers.com\/\",\"name\":\"St. Louis Trial Lawyers\",\"description\":\"\",\"publisher\":{\"@id\":\"https:\/\/stltriallawyers.com\/#organization\"},\"potentialAction\":[{\"@type\":\"SearchAction\",\"target\":{\"@type\":\"EntryPoint\",\"urlTemplate\":\"https:\/\/stltriallawyers.com\/?s={search_term_string}\"},\"query-input\":{\"@type\":\"PropertyValueSpecification\",\"valueRequired\":true,\"valueName\":\"search_term_string\"}}],\"inLanguage\":\"es\"},{\"@type\":[\"Organization\",\"Place\"],\"@id\":\"https:\/\/stltriallawyers.com\/#organization\",\"name\":\"Fernandez Law, LLC\",\"url\":\"https:\/\/stltriallawyers.com\/\",\"logo\":{\"@id\":\"https:\/\/stltriallawyers.com\/es\/delator-abogado-qui-tam\/#local-main-organization-logo\"},\"image\":{\"@id\":\"https:\/\/stltriallawyers.com\/es\/delator-abogado-qui-tam\/#local-main-organization-logo\"},\"telephone\":[],\"openingHoursSpecification\":[{\"@type\":\"OpeningHoursSpecification\",\"dayOfWeek\":[\"Monday\",\"Tuesday\",\"Wednesday\",\"Thursday\",\"Friday\",\"Saturday\",\"Sunday\"],\"opens\":\"09:00\",\"closes\":\"17:00\"}]},{\"@type\":\"ImageObject\",\"inLanguage\":\"es\",\"@id\":\"https:\/\/stltriallawyers.com\/es\/delator-abogado-qui-tam\/#local-main-organization-logo\",\"url\":\"https:\/\/stltriallawyers.com\/wp-content\/uploads\/Logo.jpg\",\"contentUrl\":\"https:\/\/stltriallawyers.com\/wp-content\/uploads\/Logo.jpg\",\"width\":1084,\"height\":284,\"caption\":\"Fernandez Law, LLC\"}]}<\/script>\n<!-- \/ Yoast SEO Premium plugin. -->","yoast_head_json":{"title":"Delator - Qui Tam Lawyer | Fernandez Law","description":"\u00bfSufriste por denunciar y hacer lo que es correcto? El equipo de abogados de Fernandez Law tiene experiencia en la navegaci\u00f3n de demandas de delatores y pueden ayudarlo a presentar una demanda. Llama hoy para una consulta gratuita.","robots":{"index":"index","follow":"follow","max-snippet":"max-snippet:-1","max-image-preview":"max-image-preview:large","max-video-preview":"max-video-preview:-1"},"canonical":"https:\/\/stltriallawyers.com\/es\/delator-abogado-qui-tam\/","og_locale":"es_ES","og_type":"article","og_title":"Los abogado de las demandas de delatores o qui tam","og_description":"\u00bfSufriste por denunciar y hacer lo que es correcto? El equipo de abogados de Fernandez Law tiene experiencia en la navegaci\u00f3n de demandas de delatores y pueden ayudarlo a presentar una demanda. Llama hoy para una consulta gratuita.","og_url":"https:\/\/stltriallawyers.com\/es\/delator-abogado-qui-tam\/","og_site_name":"St. Louis Trial Lawyers","article_modified_time":"2025-02-04T20:11:50+00:00","twitter_misc":{"Tiempo de lectura":"4 minutos"},"schema":{"@context":"https:\/\/schema.org","@graph":[{"@type":"WebPage","@id":"https:\/\/stltriallawyers.com\/es\/delator-abogado-qui-tam\/","url":"https:\/\/stltriallawyers.com\/es\/delator-abogado-qui-tam\/","name":"Delator - Qui Tam Lawyer | Fernandez Law","isPartOf":{"@id":"https:\/\/stltriallawyers.com\/#website"},"datePublished":"2019-01-09T22:26:50+00:00","dateModified":"2025-02-04T20:11:50+00:00","description":"\u00bfSufriste por denunciar y hacer lo que es correcto? El equipo de abogados de Fernandez Law tiene experiencia en la navegaci\u00f3n de demandas de delatores y pueden ayudarlo a presentar una demanda. Llama hoy para una consulta gratuita.","breadcrumb":{"@id":"https:\/\/stltriallawyers.com\/es\/delator-abogado-qui-tam\/#breadcrumb"},"inLanguage":"es","potentialAction":[{"@type":"ReadAction","target":["https:\/\/stltriallawyers.com\/es\/delator-abogado-qui-tam\/"]}]},{"@type":"BreadcrumbList","@id":"https:\/\/stltriallawyers.com\/es\/delator-abogado-qui-tam\/#breadcrumb","itemListElement":[{"@type":"ListItem","position":1,"name":"Home","item":"https:\/\/stltriallawyers.com\/es\/"},{"@type":"ListItem","position":2,"name":"Los abogado de las demandas de delatores o qui tam"}]},{"@type":"WebSite","@id":"https:\/\/stltriallawyers.com\/#website","url":"https:\/\/stltriallawyers.com\/","name":"St. Louis Trial Lawyers","description":"","publisher":{"@id":"https:\/\/stltriallawyers.com\/#organization"},"potentialAction":[{"@type":"SearchAction","target":{"@type":"EntryPoint","urlTemplate":"https:\/\/stltriallawyers.com\/?s={search_term_string}"},"query-input":{"@type":"PropertyValueSpecification","valueRequired":true,"valueName":"search_term_string"}}],"inLanguage":"es"},{"@type":["Organization","Place"],"@id":"https:\/\/stltriallawyers.com\/#organization","name":"Fernandez Law, LLC","url":"https:\/\/stltriallawyers.com\/","logo":{"@id":"https:\/\/stltriallawyers.com\/es\/delator-abogado-qui-tam\/#local-main-organization-logo"},"image":{"@id":"https:\/\/stltriallawyers.com\/es\/delator-abogado-qui-tam\/#local-main-organization-logo"},"telephone":[],"openingHoursSpecification":[{"@type":"OpeningHoursSpecification","dayOfWeek":["Monday","Tuesday","Wednesday","Thursday","Friday","Saturday","Sunday"],"opens":"09:00","closes":"17:00"}]},{"@type":"ImageObject","inLanguage":"es","@id":"https:\/\/stltriallawyers.com\/es\/delator-abogado-qui-tam\/#local-main-organization-logo","url":"https:\/\/stltriallawyers.com\/wp-content\/uploads\/Logo.jpg","contentUrl":"https:\/\/stltriallawyers.com\/wp-content\/uploads\/Logo.jpg","width":1084,"height":284,"caption":"Fernandez Law, LLC"}]}},"_links":{"self":[{"href":"https:\/\/stltriallawyers.com\/es\/wp-json\/wp\/v2\/pages\/4286","targetHints":{"allow":["GET"]}}],"collection":[{"href":"https:\/\/stltriallawyers.com\/es\/wp-json\/wp\/v2\/pages"}],"about":[{"href":"https:\/\/stltriallawyers.com\/es\/wp-json\/wp\/v2\/types\/page"}],"author":[{"embeddable":true,"href":"https:\/\/stltriallawyers.com\/es\/wp-json\/wp\/v2\/users\/8"}],"replies":[{"embeddable":true,"href":"https:\/\/stltriallawyers.com\/es\/wp-json\/wp\/v2\/comments?post=4286"}],"version-history":[{"count":3,"href":"https:\/\/stltriallawyers.com\/es\/wp-json\/wp\/v2\/pages\/4286\/revisions"}],"predecessor-version":[{"id":9824,"href":"https:\/\/stltriallawyers.com\/es\/wp-json\/wp\/v2\/pages\/4286\/revisions\/9824"}],"wp:attachment":[{"href":"https:\/\/stltriallawyers.com\/es\/wp-json\/wp\/v2\/media?parent=4286"}],"curies":[{"name":"wp","href":"https:\/\/api.w.org\/{rel}","templated":true}]}}