{"id":4330,"date":"2019-02-18T16:33:03","date_gmt":"2019-02-18T22:33:03","guid":{"rendered":"http:\/\/www.new.stltriallawyers.com\/?page_id=4330"},"modified":"2021-02-16T00:59:22","modified_gmt":"2021-02-16T06:59:22","slug":"gonzalo-a-fernandez","status":"publish","type":"page","link":"https:\/\/stltriallawyers.com\/es\/nuestro-equipo\/gonzalo-a-fernandez\/","title":{"rendered":"Gonzalo Fernandez"},"content":{"rendered":"<div id=\"pl-4330\"  class=\"panel-layout\" ><div id=\"pg-4330-0\"  class=\"panel-grid panel-no-style\" ><div id=\"pgc-4330-0-0\"  class=\"panel-grid-cell\" ><div id=\"panel-4330-0-0-0\" class=\"so-panel widget_sow-image panel-first-child panel-last-child\" data-index=\"0\" ><div\n\t\t\t\n\t\t\tclass=\"so-widget-sow-image so-widget-sow-image-default-c4f6304fc136-4330\"\n\t\t\t\n\t\t>\n<div class=\"sow-image-container\">\n\t\t<img \n\tsrc=\"https:\/\/stltriallawyers.com\/wp-content\/uploads\/Fernandez_GonzProfileWide.jpg\" width=\"1888\" height=\"900\" srcset=\"https:\/\/stltriallawyers.com\/wp-content\/uploads\/Fernandez_GonzProfileWide.jpg 1888w, https:\/\/stltriallawyers.com\/wp-content\/uploads\/Fernandez_GonzProfileWide-300x143.jpg 300w, https:\/\/stltriallawyers.com\/wp-content\/uploads\/Fernandez_GonzProfileWide-1024x488.jpg 1024w, https:\/\/stltriallawyers.com\/wp-content\/uploads\/Fernandez_GonzProfileWide-768x366.jpg 768w, https:\/\/stltriallawyers.com\/wp-content\/uploads\/Fernandez_GonzProfileWide-1536x732.jpg 1536w\" sizes=\"(max-width: 1888px) 100vw, 1888px\" alt=\"\" \t\tclass=\"so-widget-image\"\/>\n\t<\/div>\n\n<\/div><\/div><\/div><\/div><div id=\"pg-4330-1\"  class=\"panel-grid panel-no-style\" ><div id=\"pgc-4330-1-0\"  class=\"panel-grid-cell\" ><div id=\"panel-4330-1-0-0\" class=\"so-panel widget_sow-editor panel-first-child panel-last-child\" data-index=\"1\" ><div\n\t\t\t\n\t\t\tclass=\"so-widget-sow-editor so-widget-sow-editor-base\"\n\t\t\t\n\t\t>\n<div class=\"siteorigin-widget-tinymce textwidget\">\n\t<h4 style=\"text-align: center;\"><strong>Gonzalo Fernandez<\/strong><\/h4>\n<p style=\"text-align: center;\">Socio<\/p>\n<p>Gonzalo Fern\u00e1ndez naci\u00f3 en Mendoza, Argentina y se mud\u00f3 a los Estados Unidos cuando era ni\u00f1o. Creci\u00f3 en University City, Missouri en un hogar biling\u00fce y bicultural. Asisti\u00f3 a St. Louis Priory High School, Boston College y luego regres\u00f3 a su hogar en St. Louis, donde obtuvo su JD y un MBA de la Universidad de Washington en St. Louis en 1989. Despu\u00e9s de graduarse, Gonzalo se mud\u00f3 a Chicago, donde trabaj\u00f3 en El Departamento de Comercio Internacional de Baker &amp; McKenzie, la firma de abogados m\u00e1s grande del mundo con m\u00e1s de 1,500 abogados en oficinas en 150 pa\u00edses.<\/p>\n<p>Gonzalo est\u00e1 muy orgulloso de ser el abogado n\u00famero 1,523 contratado. Como joven abogado, Gonzalo quer\u00eda seguir con su pasi\u00f3n por el trabajo de prueba y dej\u00f3 a Baker &amp; McKenzie en 1991 para ocupar un puesto como asistente de fiscal\u00eda en la Oficina del Fiscal del Circuito de St. Louis. Cuando abandon\u00f3 la oficina del fiscal, hab\u00eda sido nombrado para la Unidad de Delitos Sexuales y Abuso Infantil y el Panel de V\u00edctimas Especiales y hab\u00eda juzgado m\u00e1s de 100 casos. Gonzalo luego asumi\u00f3 un puesto como asesor jur\u00eddico general asociado de Anheuser Busch Companies, donde trabaj\u00f3 en estrecha colaboraci\u00f3n con los equipos de ventas y marketing de la empresa. Dos a\u00f1os m\u00e1s tarde, fund\u00f3 su propio bufete de abogados centrando su pr\u00e1ctica en litigios civiles y penales. En julio de 2000, Gonzalo fusion\u00f3 su pr\u00e1ctica legal con el bufete de abogados Fernandez Law, una firma de larga data que se centra en la negligencia m\u00e9dica y el litigio por lesiones personales del demandante.<\/p>\n<p>Gonzalo es ahora socio de la firma Fernandez Law, donde se enfoca casi exclusivamente en casos de lesiones catastr\u00f3ficas en nombre de las v\u00edctimas y sus familias. Es miembro de la Asociaci\u00f3n de Abogados de Juicio de Missouri, la Asociaci\u00f3n Americana de Justicia, la Asociaci\u00f3n de Abogados Hispanos, el Colegio de Abogados del Metropolitano de St. Louis, la Asociaci\u00f3n de Abogados de St. Louis y la Asociaci\u00f3n Nacional de Abogados de Defensa Criminal. Tiene licencia para ejercer la abogac\u00eda en los estados de Missouri, Illinois y Colorado. Gonzalo ha recibido numerosos premios y reconocimientos, entre ellos la membres\u00eda en Superlawyers, el Foro de Million Dollar Advocates, la selecci\u00f3n repetida de Top Lawyers en Missouri y Kansas, as\u00ed como Best Lawyers en St. Louis, seg\u00fan lo publicado por Alive Magazine.<\/p>\n<p>La fluidez de Gonzalo en espa\u00f1ol le ha permitido desarrollar una pr\u00e1ctica en la que representa a un gran n\u00famero de hispanos. Debido a las diversas necesidades de esta base de clientes, su pr\u00e1ctica incluye no solo el trabajo civil en juicios sino tambi\u00e9n la inmigraci\u00f3n y la defensa penal. Gonzalo ha sido miembro del Panel Principal de Abogados de Defensa Penal del Tribunal Federal, donde acepta citas para defender a los hispanos que no hablan ingl\u00e9s y que est\u00e1n acusados \u200b\u200bde delitos federales en el Distrito Este de Missouri. Gonzalo ha representado al Gobierno de M\u00e9xico durante muchos a\u00f1os a trav\u00e9s de su Oficina Consular en Misuri, y ha trabajado con el consulado mexicano local en la creaci\u00f3n de un fondo para proporcionar servicios legales gratuitos a los ciudadanos mexicanos en el \u00e1rea de St. Louis que de otro modo no podr\u00edan pagar una representaci\u00f3n. Gonzalo enfoca su pr\u00e1ctica en litigios de lesiones personales hechos de hecho complicados y ha tratado m\u00e1s de 50 casos de veredicto ante un jurado.<\/p>\n<p>Gonzalo es tambi\u00e9n activo en su comunidad y actualmente se desempe\u00f1a como Presidente Regional de la Asociaci\u00f3n Nacional de Abogados Hispanos, que incluye al Estado de Missouri, es tambi\u00e9n Presidente del Comit\u00e9 de Minor\u00edas de la Asociaci\u00f3n del Colegio de Abogados del \u00c1rea Metropolitana de St. Louis en la Ley. Gonzalo tambi\u00e9n form\u00f3 parte de la junta directiva de St. Louis Downtown YMCA, la junta de Acci\u00f3n Social Comunitaria, una organizaci\u00f3n de base comprometida a brindar atenci\u00f3n m\u00e9dica y servicios sociales a la creciente poblaci\u00f3n hispana en el \u00e1rea de St. Louis, y la junta directiva de directores de la C\u00e1mara de Comercio Hispana de San Luis. Gonzalo ha estado involucrado durante muchos a\u00f1os con Project Kids, una organizaci\u00f3n que establece un programa de tutor\u00eda entre j\u00f3venes profesionales y ni\u00f1os en riesgo en el este de St. Louis. M\u00e1s recientemente, Gonzalo se ha desempe\u00f1ado en la Junta de Eternal Rain Forest de Friends of the Children, la reserva ambiental privada m\u00e1s grande de Costa Rica, y actualmente hace parte de la Junta de S\u00edndicos de la Escuela John Burroughs en St. Louis. Gonzalo aparece regularmente en programas de radio y televisi\u00f3n en espa\u00f1ol dise\u00f1ados para educar a la comunidad hispana sobre asuntos legales que afectan sus vidas y dicta conferencias en parroquias Hispanas sobre cambios recientes en las leyes de inmigraci\u00f3n y su aplicaci\u00f3n, as\u00ed como en KMOX y en varios medios de televisi\u00f3n. Gonzalo contin\u00faa dedicando su pr\u00e1ctica a los litigios por lesiones personales del demandante civil y al servicio de las necesidades de la creciente comunidad latina en el \u00e1rea de St. Louis.<\/p>\n<p>&nbsp;<\/p>\n<div style=\"text-align: center;\"><a class=\"myButton\" href=\"https:\/\/stltriallawyers.com\/es\/contactenos-hoy\/\">CONTACT<\/a><\/div>\n<div><\/div>\n<\/div>\n<\/div><\/div><\/div><\/div><div id=\"pg-4330-2\"  class=\"panel-grid panel-has-style\" ><div class=\"siteorigin-panels-stretch panel-row-style panel-row-style-for-4330-2\" data-stretch-type=\"full\" ><div id=\"pgc-4330-2-0\"  class=\"panel-grid-cell\" ><div id=\"panel-4330-2-0-0\" class=\"so-panel widget_sow-editor panel-first-child panel-last-child\" data-index=\"2\" ><div class=\"panel-widget-style panel-widget-style-for-4330-2-0-0\" ><div\n\t\t\t\n\t\t\tclass=\"so-widget-sow-editor so-widget-sow-editor-base\"\n\t\t\t\n\t\t>\n<div class=\"siteorigin-widget-tinymce textwidget\">\n\t<h2 style=\"text-align: center;\"><strong>DETAILS<\/strong><\/h2>\n<\/div>\n<\/div><\/div><\/div><\/div><\/div><\/div><div id=\"pg-4330-3\"  class=\"panel-grid panel-no-style\" ><div id=\"pgc-4330-3-0\"  class=\"panel-grid-cell\" ><div id=\"panel-4330-3-0-0\" class=\"so-panel widget_sow-editor panel-first-child panel-last-child\" data-index=\"3\" ><div\n\t\t\t\n\t\t\tclass=\"so-widget-sow-editor so-widget-sow-editor-base\"\n\t\t\t\n\t\t>\n<div class=\"siteorigin-widget-tinymce textwidget\">\n\t<h4 style=\"text-align: center;\"><strong>\u00c1REAS DE PR\u00c1CTICA<\/strong><\/h4>\n<\/div>\n<\/div><\/div><\/div><div id=\"pgc-4330-3-1\"  class=\"panel-grid-cell\" ><div id=\"panel-4330-3-1-0\" class=\"so-panel widget_sow-editor panel-first-child panel-last-child\" data-index=\"4\" ><div\n\t\t\t\n\t\t\tclass=\"so-widget-sow-editor so-widget-sow-editor-base\"\n\t\t\t\n\t\t>\n<div class=\"siteorigin-widget-tinymce textwidget\">\n\t<h4 style=\"text-align: center;\"><strong>ADMISSIONES A LA BARRA<\/strong><\/h4>\n<\/div>\n<\/div><\/div><\/div><div id=\"pgc-4330-3-2\"  class=\"panel-grid-cell\" ><div class=\"panel-cell-style panel-cell-style-for-4330-3-2\" ><div id=\"panel-4330-3-2-0\" class=\"so-panel widget_sow-editor panel-first-child panel-last-child\" data-index=\"5\" ><div\n\t\t\t\n\t\t\tclass=\"so-widget-sow-editor so-widget-sow-editor-base\"\n\t\t\t\n\t\t>\n<div class=\"siteorigin-widget-tinymce textwidget\">\n\t<h4 style=\"text-align: center;\"><strong>EDUCACI\u00d3N<\/strong><\/h4>\n<\/div>\n<\/div><\/div><\/div><\/div><\/div><div id=\"pg-4330-4\"  class=\"panel-grid panel-no-style\" ><div id=\"pgc-4330-4-0\"  class=\"panel-grid-cell\" ><div class=\"panel-cell-style panel-cell-style-for-4330-4-0\" ><div id=\"panel-4330-4-0-0\" class=\"so-panel widget_sow-editor panel-first-child panel-last-child\" data-index=\"6\" ><div\n\t\t\t\n\t\t\tclass=\"so-widget-sow-editor so-widget-sow-editor-base\"\n\t\t\t\n\t\t>\n<div class=\"siteorigin-widget-tinymce textwidget\">\n\t<p style=\"text-align: center;\">Litigio del Demandante en Lesiones Personales<\/p>\n<p style=\"text-align: center;\">Muerte Injusta<\/p>\n<p style=\"text-align: center;\">Mala Praxis M\u00e9dica<\/p>\n<p style=\"text-align: center;\">Productos Peligrosos<\/p>\n<p style=\"text-align: center;\">Abuso de Derechos Civiles\/Polic\u00eda<\/p>\n<\/div>\n<\/div><\/div><\/div><\/div><div id=\"pgc-4330-4-1\"  class=\"panel-grid-cell\" ><div class=\"panel-cell-style panel-cell-style-for-4330-4-1\" ><div id=\"panel-4330-4-1-0\" class=\"so-panel widget_sow-editor panel-first-child panel-last-child\" data-index=\"7\" ><div\n\t\t\t\n\t\t\tclass=\"so-widget-sow-editor so-widget-sow-editor-base\"\n\t\t\t\n\t\t>\n<div class=\"siteorigin-widget-tinymce textwidget\">\n\t<p style=\"text-align: center;\">Missouri, 1990<\/p>\n<p style=\"text-align: center;\">Illinois,&nbsp;1989<\/p>\n<p style=\"text-align: center;\">Colorado, 2001<\/p>\n<\/div>\n<\/div><\/div><\/div><\/div><div id=\"pgc-4330-4-2\"  class=\"panel-grid-cell\" ><div class=\"panel-cell-style panel-cell-style-for-4330-4-2\" ><div id=\"panel-4330-4-2-0\" class=\"so-panel widget_sow-editor panel-first-child panel-last-child\" data-index=\"8\" ><div\n\t\t\t\n\t\t\tclass=\"so-widget-sow-editor so-widget-sow-editor-base\"\n\t\t\t\n\t\t>\n<div class=\"siteorigin-widget-tinymce textwidget\">\n\t<p style=\"text-align: center;\">Boston College&nbsp;<strong>B.A. - 1985<\/strong><\/p>\n<p style=\"text-align: center;\">Washington University School of Law, St. Louis, Missouri&nbsp;<strong>J.D. - 1989<\/strong><\/p>\n<p style=\"text-align: center;\">Washington University in St. Louis&nbsp;<strong>MBA - 1989<\/strong><\/p>\n<\/div>\n<\/div><\/div><\/div><\/div><\/div><div id=\"pg-4330-5\"  class=\"panel-grid panel-no-style\" ><div id=\"pgc-4330-5-0\"  class=\"panel-grid-cell\" ><div id=\"panel-4330-5-0-0\" class=\"so-panel widget_sow-editor panel-first-child panel-last-child\" data-index=\"9\" ><div\n\t\t\t\n\t\t\tclass=\"so-widget-sow-editor so-widget-sow-editor-base\"\n\t\t\t\n\t\t>\n<div class=\"siteorigin-widget-tinymce textwidget\">\n\t<h4 style=\"text-align: center;\"><strong>HONORES, MEMBRES\u00cdAS Y ASOCIACIONES PROFESIONALES<\/strong><\/h4>\n<\/div>\n<\/div><\/div><\/div><\/div><div id=\"pg-4330-6\"  class=\"panel-grid panel-has-style\" ><div class=\"panel-row-style panel-row-style-for-4330-6\" ><div id=\"pgc-4330-6-0\"  class=\"panel-grid-cell\" ><div id=\"panel-4330-6-0-0\" class=\"so-panel widget_siteorigin-panels-builder panel-first-child panel-last-child\" data-index=\"10\" ><div id=\"pl-w602b6d4a74e9a\"  class=\"panel-layout\" ><div id=\"pg-w602b6d4a74e9a-0\"  class=\"panel-grid panel-has-style\" ><div class=\"panel-row-style panel-row-style-for-w602b6d4a74e9a-0\" ><div id=\"pgc-w602b6d4a74e9a-0-0\"  class=\"panel-grid-cell\" ><div id=\"panel-w602b6d4a74e9a-0-0-0\" class=\"so-panel widget_sow-editor panel-first-child panel-last-child\" data-index=\"0\" ><div\n\t\t\t\n\t\t\tclass=\"so-widget-sow-editor so-widget-sow-editor-base\"\n\t\t\t\n\t\t>\n<div class=\"siteorigin-widget-tinymce textwidget\">\n\t<p style=\"text-align: center;\">Missouri Asociaci\u00f3n de Abogados Litigantes<\/p>\n<\/div>\n<\/div><\/div><\/div><div id=\"pgc-w602b6d4a74e9a-0-1\"  class=\"panel-grid-cell\" ><div id=\"panel-w602b6d4a74e9a-0-1-0\" class=\"so-panel widget_sow-editor panel-first-child panel-last-child\" data-index=\"1\" ><div\n\t\t\t\n\t\t\tclass=\"so-widget-sow-editor so-widget-sow-editor-base\"\n\t\t\t\n\t\t>\n<div class=\"siteorigin-widget-tinymce textwidget\">\n\t<p style=\"text-align: center;\">La Asociaci\u00f3n Americana de Justicia<\/p>\n<\/div>\n<\/div><\/div><\/div><div id=\"pgc-w602b6d4a74e9a-0-2\"  class=\"panel-grid-cell\" ><div id=\"panel-w602b6d4a74e9a-0-2-0\" class=\"so-panel widget_sow-editor panel-first-child panel-last-child\" data-index=\"2\" ><div\n\t\t\t\n\t\t\tclass=\"so-widget-sow-editor so-widget-sow-editor-base\"\n\t\t\t\n\t\t>\n<div class=\"siteorigin-widget-tinymce textwidget\">\n\t<p style=\"text-align: center;\">SuperAbogados<\/p>\n<\/div>\n<\/div><\/div><\/div><div id=\"pgc-w602b6d4a74e9a-0-3\"  class=\"panel-grid-cell\" ><div id=\"panel-w602b6d4a74e9a-0-3-0\" class=\"so-panel widget_sow-editor panel-first-child panel-last-child\" data-index=\"3\" ><div\n\t\t\t\n\t\t\tclass=\"so-widget-sow-editor so-widget-sow-editor-base\"\n\t\t\t\n\t\t>\n<div class=\"siteorigin-widget-tinymce textwidget\">\n\t<p style=\"text-align: center;\">Million Dollar Advocates Forum Association<\/p>\n<\/div>\n<\/div><\/div><\/div><div id=\"pgc-w602b6d4a74e9a-0-4\"  class=\"panel-grid-cell\" ><div id=\"panel-w602b6d4a74e9a-0-4-0\" class=\"so-panel widget_sow-editor panel-first-child panel-last-child\" data-index=\"4\" ><div\n\t\t\t\n\t\t\tclass=\"so-widget-sow-editor so-widget-sow-editor-base\"\n\t\t\t\n\t\t>\n<div class=\"siteorigin-widget-tinymce textwidget\">\n\t<p style=\"text-align: center;\">Hispanic National Bar<\/p>\n<\/div>\n<\/div><\/div><\/div><\/div><\/div><div id=\"pg-w602b6d4a74e9a-1\"  class=\"panel-grid panel-has-style\" ><div class=\"panel-row-style panel-row-style-for-w602b6d4a74e9a-1\" ><div id=\"pgc-w602b6d4a74e9a-1-0\"  class=\"panel-grid-cell\" ><div id=\"panel-w602b6d4a74e9a-1-0-0\" class=\"so-panel widget_sow-editor panel-first-child panel-last-child\" data-index=\"5\" ><div\n\t\t\t\n\t\t\tclass=\"so-widget-sow-editor so-widget-sow-editor-base\"\n\t\t\t\n\t\t>\n<div class=\"siteorigin-widget-tinymce textwidget\">\n\t<p style=\"text-align: center;\">Asociaci\u00f3n de Abogados Hispanos de St. Louis<\/p>\n<\/div>\n<\/div><\/div><\/div><div id=\"pgc-w602b6d4a74e9a-1-1\"  class=\"panel-grid-cell\" ><div id=\"panel-w602b6d4a74e9a-1-1-0\" class=\"so-panel widget_sow-editor panel-first-child panel-last-child\" data-index=\"6\" ><div\n\t\t\t\n\t\t\tclass=\"so-widget-sow-editor so-widget-sow-editor-base\"\n\t\t\t\n\t\t>\n<div class=\"siteorigin-widget-tinymce textwidget\">\n\t<p style=\"text-align: center;\">Mejores Abogados en Missouri y Kansas<\/p>\n<\/div>\n<\/div><\/div><\/div><div id=\"pgc-w602b6d4a74e9a-1-2\"  class=\"panel-grid-cell\" ><div id=\"panel-w602b6d4a74e9a-1-2-0\" class=\"so-panel widget_sow-editor panel-first-child panel-last-child\" data-index=\"7\" ><div\n\t\t\t\n\t\t\tclass=\"so-widget-sow-editor so-widget-sow-editor-base\"\n\t\t\t\n\t\t>\n<div class=\"siteorigin-widget-tinymce textwidget\">\n\t<p style=\"text-align: center;\">Mejores Abogados revista Alive<\/p>\n<\/div>\n<\/div><\/div><\/div><div id=\"pgc-w602b6d4a74e9a-1-3\"  class=\"panel-grid-cell\" ><div id=\"panel-w602b6d4a74e9a-1-3-0\" class=\"so-panel widget_sow-editor panel-first-child panel-last-child\" data-index=\"8\" ><div\n\t\t\t\n\t\t\tclass=\"so-widget-sow-editor so-widget-sow-editor-base\"\n\t\t\t\n\t\t>\n<div class=\"siteorigin-widget-tinymce textwidget\">\n\t<p style=\"text-align: center;\">C\u00e1mara de Comercio Hispana de St. Louis<\/p>\n<\/div>\n<\/div><\/div><\/div><div id=\"pgc-w602b6d4a74e9a-1-4\"  class=\"panel-grid-cell\" ><div id=\"panel-w602b6d4a74e9a-1-4-0\" class=\"so-panel widget_sow-editor panel-first-child panel-last-child\" data-index=\"9\" ><div\n\t\t\t\n\t\t\tclass=\"so-widget-sow-editor so-widget-sow-editor-base\"\n\t\t\t\n\t\t>\n<div class=\"siteorigin-widget-tinymce textwidget\">\n\t<p style=\"text-align: center;\">Bar Association of Metropolitan St. Louis Chair<\/p>\n<\/div>\n<\/div><\/div><\/div><\/div><\/div><\/div><\/div><\/div><\/div><\/div><\/div>","protected":false},"excerpt":{"rendered":"<p>Gonzalo Fernandez Socio Gonzalo Fern\u00e1ndez naci\u00f3 en Mendoza, Argentina y se mud\u00f3 a los Estados Unidos cuando era ni\u00f1o. Creci\u00f3 en University City, Missouri en un hogar biling\u00fce y bicultural. Asisti\u00f3 a St. Louis Priory High School, Boston College y luego regres\u00f3 a su hogar en St. Louis, donde obtuvo su JD y un MBA &#8230; <\/p>\n<p class=\"read-more-container\"><a title=\"Gonzalo Fernandez\" class=\"read-more button\" href=\"https:\/\/stltriallawyers.com\/es\/nuestro-equipo\/gonzalo-a-fernandez\/#more-4330\" aria-label=\"Leer m\u00e1s sobre Gonzalo Fernandez\">Leer m\u00e1s<\/a><\/p>\n","protected":false},"author":8,"featured_media":0,"parent":8025,"menu_order":1,"comment_status":"closed","ping_status":"closed","template":"","meta":{"inline_featured_image":false,"ngg_post_thumbnail":0,"footnotes":""},"class_list":["post-4330","page","type-page","status-publish"],"yoast_head":"<!-- This site is optimized with the Yoast SEO Premium plugin v22.4 (Yoast SEO v26.7) - https:\/\/yoast.com\/wordpress\/plugins\/seo\/ -->\n<title>Gonzalo Fernandez - St. Louis Trial Lawyers<\/title>\n<meta name=\"robots\" content=\"index, follow, max-snippet:-1, max-image-preview:large, max-video-preview:-1\" \/>\n<link rel=\"canonical\" href=\"https:\/\/stltriallawyers.com\/es\/nuestro-equipo\/gonzalo-a-fernandez\/\" \/>\n<meta property=\"og:locale\" content=\"es_ES\" \/>\n<meta property=\"og:type\" content=\"article\" \/>\n<meta property=\"og:title\" content=\"Gonzalo Fernandez\" \/>\n<meta property=\"og:description\" content=\"Gonzalo Fernandez Socio Gonzalo Fern\u00e1ndez naci\u00f3 en Mendoza, Argentina y se mud\u00f3 a los Estados Unidos cuando era ni\u00f1o. Creci\u00f3 en University City, Missouri en un hogar biling\u00fce y bicultural. Asisti\u00f3 a St. Louis Priory High School, Boston College y luego regres\u00f3 a su hogar en St. Louis, donde obtuvo su JD y un MBA ... Leer m\u00e1s\" \/>\n<meta property=\"og:url\" content=\"https:\/\/stltriallawyers.com\/es\/nuestro-equipo\/gonzalo-a-fernandez\/\" \/>\n<meta property=\"og:site_name\" content=\"St. Louis Trial Lawyers\" \/>\n<meta property=\"article:modified_time\" content=\"2021-02-16T06:59:22+00:00\" \/>\n<meta name=\"twitter:label1\" content=\"Tiempo de lectura\" \/>\n\t<meta name=\"twitter:data1\" content=\"5 minutos\" \/>\n<script type=\"application\/ld+json\" class=\"yoast-schema-graph\">{\"@context\":\"https:\/\/schema.org\",\"@graph\":[{\"@type\":\"WebPage\",\"@id\":\"https:\/\/stltriallawyers.com\/es\/nuestro-equipo\/gonzalo-a-fernandez\/\",\"url\":\"https:\/\/stltriallawyers.com\/es\/nuestro-equipo\/gonzalo-a-fernandez\/\",\"name\":\"Gonzalo Fernandez - St. Louis Trial Lawyers\",\"isPartOf\":{\"@id\":\"https:\/\/stltriallawyers.com\/#website\"},\"datePublished\":\"2019-02-18T22:33:03+00:00\",\"dateModified\":\"2021-02-16T06:59:22+00:00\",\"breadcrumb\":{\"@id\":\"https:\/\/stltriallawyers.com\/es\/nuestro-equipo\/gonzalo-a-fernandez\/#breadcrumb\"},\"inLanguage\":\"es\",\"potentialAction\":[{\"@type\":\"ReadAction\",\"target\":[\"https:\/\/stltriallawyers.com\/es\/nuestro-equipo\/gonzalo-a-fernandez\/\"]}]},{\"@type\":\"BreadcrumbList\",\"@id\":\"https:\/\/stltriallawyers.com\/es\/nuestro-equipo\/gonzalo-a-fernandez\/#breadcrumb\",\"itemListElement\":[{\"@type\":\"ListItem\",\"position\":1,\"name\":\"Home\",\"item\":\"https:\/\/stltriallawyers.com\/es\/\"},{\"@type\":\"ListItem\",\"position\":2,\"name\":\"Nuestro Equipo\",\"item\":\"https:\/\/stltriallawyers.com\/es\/nuestro-equipo\/\"},{\"@type\":\"ListItem\",\"position\":3,\"name\":\"Gonzalo Fernandez\"}]},{\"@type\":\"WebSite\",\"@id\":\"https:\/\/stltriallawyers.com\/#website\",\"url\":\"https:\/\/stltriallawyers.com\/\",\"name\":\"St. Louis Trial Lawyers\",\"description\":\"\",\"publisher\":{\"@id\":\"https:\/\/stltriallawyers.com\/#organization\"},\"potentialAction\":[{\"@type\":\"SearchAction\",\"target\":{\"@type\":\"EntryPoint\",\"urlTemplate\":\"https:\/\/stltriallawyers.com\/?s={search_term_string}\"},\"query-input\":{\"@type\":\"PropertyValueSpecification\",\"valueRequired\":true,\"valueName\":\"search_term_string\"}}],\"inLanguage\":\"es\"},{\"@type\":[\"Organization\",\"Place\"],\"@id\":\"https:\/\/stltriallawyers.com\/#organization\",\"name\":\"Fernandez Law, LLC\",\"url\":\"https:\/\/stltriallawyers.com\/\",\"logo\":{\"@id\":\"https:\/\/stltriallawyers.com\/es\/nuestro-equipo\/gonzalo-a-fernandez\/#local-main-organization-logo\"},\"image\":{\"@id\":\"https:\/\/stltriallawyers.com\/es\/nuestro-equipo\/gonzalo-a-fernandez\/#local-main-organization-logo\"},\"telephone\":[],\"openingHoursSpecification\":[{\"@type\":\"OpeningHoursSpecification\",\"dayOfWeek\":[\"Monday\",\"Tuesday\",\"Wednesday\",\"Thursday\",\"Friday\",\"Saturday\",\"Sunday\"],\"opens\":\"09:00\",\"closes\":\"17:00\"}]},{\"@type\":\"ImageObject\",\"inLanguage\":\"es\",\"@id\":\"https:\/\/stltriallawyers.com\/es\/nuestro-equipo\/gonzalo-a-fernandez\/#local-main-organization-logo\",\"url\":\"https:\/\/stltriallawyers.com\/wp-content\/uploads\/Logo.jpg\",\"contentUrl\":\"https:\/\/stltriallawyers.com\/wp-content\/uploads\/Logo.jpg\",\"width\":1084,\"height\":284,\"caption\":\"Fernandez Law, LLC\"}]}<\/script>\n<!-- \/ Yoast SEO Premium plugin. -->","yoast_head_json":{"title":"Gonzalo Fernandez - St. Louis Trial Lawyers","robots":{"index":"index","follow":"follow","max-snippet":"max-snippet:-1","max-image-preview":"max-image-preview:large","max-video-preview":"max-video-preview:-1"},"canonical":"https:\/\/stltriallawyers.com\/es\/nuestro-equipo\/gonzalo-a-fernandez\/","og_locale":"es_ES","og_type":"article","og_title":"Gonzalo Fernandez","og_description":"Gonzalo Fernandez Socio Gonzalo Fern\u00e1ndez naci\u00f3 en Mendoza, Argentina y se mud\u00f3 a los Estados Unidos cuando era ni\u00f1o. Creci\u00f3 en University City, Missouri en un hogar biling\u00fce y bicultural. Asisti\u00f3 a St. Louis Priory High School, Boston College y luego regres\u00f3 a su hogar en St. Louis, donde obtuvo su JD y un MBA ... Leer m\u00e1s","og_url":"https:\/\/stltriallawyers.com\/es\/nuestro-equipo\/gonzalo-a-fernandez\/","og_site_name":"St. Louis Trial Lawyers","article_modified_time":"2021-02-16T06:59:22+00:00","twitter_misc":{"Tiempo de lectura":"5 minutos"},"schema":{"@context":"https:\/\/schema.org","@graph":[{"@type":"WebPage","@id":"https:\/\/stltriallawyers.com\/es\/nuestro-equipo\/gonzalo-a-fernandez\/","url":"https:\/\/stltriallawyers.com\/es\/nuestro-equipo\/gonzalo-a-fernandez\/","name":"Gonzalo Fernandez - St. Louis Trial Lawyers","isPartOf":{"@id":"https:\/\/stltriallawyers.com\/#website"},"datePublished":"2019-02-18T22:33:03+00:00","dateModified":"2021-02-16T06:59:22+00:00","breadcrumb":{"@id":"https:\/\/stltriallawyers.com\/es\/nuestro-equipo\/gonzalo-a-fernandez\/#breadcrumb"},"inLanguage":"es","potentialAction":[{"@type":"ReadAction","target":["https:\/\/stltriallawyers.com\/es\/nuestro-equipo\/gonzalo-a-fernandez\/"]}]},{"@type":"BreadcrumbList","@id":"https:\/\/stltriallawyers.com\/es\/nuestro-equipo\/gonzalo-a-fernandez\/#breadcrumb","itemListElement":[{"@type":"ListItem","position":1,"name":"Home","item":"https:\/\/stltriallawyers.com\/es\/"},{"@type":"ListItem","position":2,"name":"Nuestro Equipo","item":"https:\/\/stltriallawyers.com\/es\/nuestro-equipo\/"},{"@type":"ListItem","position":3,"name":"Gonzalo Fernandez"}]},{"@type":"WebSite","@id":"https:\/\/stltriallawyers.com\/#website","url":"https:\/\/stltriallawyers.com\/","name":"St. Louis Trial Lawyers","description":"","publisher":{"@id":"https:\/\/stltriallawyers.com\/#organization"},"potentialAction":[{"@type":"SearchAction","target":{"@type":"EntryPoint","urlTemplate":"https:\/\/stltriallawyers.com\/?s={search_term_string}"},"query-input":{"@type":"PropertyValueSpecification","valueRequired":true,"valueName":"search_term_string"}}],"inLanguage":"es"},{"@type":["Organization","Place"],"@id":"https:\/\/stltriallawyers.com\/#organization","name":"Fernandez Law, LLC","url":"https:\/\/stltriallawyers.com\/","logo":{"@id":"https:\/\/stltriallawyers.com\/es\/nuestro-equipo\/gonzalo-a-fernandez\/#local-main-organization-logo"},"image":{"@id":"https:\/\/stltriallawyers.com\/es\/nuestro-equipo\/gonzalo-a-fernandez\/#local-main-organization-logo"},"telephone":[],"openingHoursSpecification":[{"@type":"OpeningHoursSpecification","dayOfWeek":["Monday","Tuesday","Wednesday","Thursday","Friday","Saturday","Sunday"],"opens":"09:00","closes":"17:00"}]},{"@type":"ImageObject","inLanguage":"es","@id":"https:\/\/stltriallawyers.com\/es\/nuestro-equipo\/gonzalo-a-fernandez\/#local-main-organization-logo","url":"https:\/\/stltriallawyers.com\/wp-content\/uploads\/Logo.jpg","contentUrl":"https:\/\/stltriallawyers.com\/wp-content\/uploads\/Logo.jpg","width":1084,"height":284,"caption":"Fernandez Law, LLC"}]}},"_links":{"self":[{"href":"https:\/\/stltriallawyers.com\/es\/wp-json\/wp\/v2\/pages\/4330","targetHints":{"allow":["GET"]}}],"collection":[{"href":"https:\/\/stltriallawyers.com\/es\/wp-json\/wp\/v2\/pages"}],"about":[{"href":"https:\/\/stltriallawyers.com\/es\/wp-json\/wp\/v2\/types\/page"}],"author":[{"embeddable":true,"href":"https:\/\/stltriallawyers.com\/es\/wp-json\/wp\/v2\/users\/8"}],"replies":[{"embeddable":true,"href":"https:\/\/stltriallawyers.com\/es\/wp-json\/wp\/v2\/comments?post=4330"}],"version-history":[{"count":4,"href":"https:\/\/stltriallawyers.com\/es\/wp-json\/wp\/v2\/pages\/4330\/revisions"}],"predecessor-version":[{"id":8199,"href":"https:\/\/stltriallawyers.com\/es\/wp-json\/wp\/v2\/pages\/4330\/revisions\/8199"}],"up":[{"embeddable":true,"href":"https:\/\/stltriallawyers.com\/es\/wp-json\/wp\/v2\/pages\/8025"}],"wp:attachment":[{"href":"https:\/\/stltriallawyers.com\/es\/wp-json\/wp\/v2\/media?parent=4330"}],"curies":[{"name":"wp","href":"https:\/\/api.w.org\/{rel}","templated":true}]}}