{"id":4345,"date":"2019-02-18T18:02:46","date_gmt":"2019-02-19T00:02:46","guid":{"rendered":"http:\/\/www.new.stltriallawyers.com\/?page_id=4345"},"modified":"2021-02-09T23:40:49","modified_gmt":"2021-02-10T05:40:49","slug":"kim-zimmermann","status":"publish","type":"page","link":"https:\/\/stltriallawyers.com\/es\/nuestro-equipo\/kim-zimmermann\/","title":{"rendered":"Kim Zimmermann"},"content":{"rendered":"<div id=\"pl-4345\"  class=\"panel-layout\" ><div id=\"pg-4345-0\"  class=\"panel-grid panel-no-style\" ><div id=\"pgc-4345-0-0\"  class=\"panel-grid-cell\" ><div id=\"panel-4345-0-0-0\" class=\"so-panel widget_sow-image panel-first-child panel-last-child\" data-index=\"0\" ><div\n\t\t\t\n\t\t\tclass=\"so-widget-sow-image so-widget-sow-image-default-c4f6304fc136-4345\"\n\t\t\t\n\t\t>\n<div class=\"sow-image-container\">\n\t\t<img \n\tsrc=\"https:\/\/stltriallawyers.com\/wp-content\/uploads\/Fernandez_KimProfileWide.jpg\" width=\"1888\" height=\"900\" srcset=\"https:\/\/stltriallawyers.com\/wp-content\/uploads\/Fernandez_KimProfileWide.jpg 1888w, https:\/\/stltriallawyers.com\/wp-content\/uploads\/Fernandez_KimProfileWide-300x143.jpg 300w, https:\/\/stltriallawyers.com\/wp-content\/uploads\/Fernandez_KimProfileWide-1024x488.jpg 1024w, https:\/\/stltriallawyers.com\/wp-content\/uploads\/Fernandez_KimProfileWide-768x366.jpg 768w, https:\/\/stltriallawyers.com\/wp-content\/uploads\/Fernandez_KimProfileWide-1536x732.jpg 1536w\" sizes=\"(max-width: 1888px) 100vw, 1888px\" alt=\"\" \t\tclass=\"so-widget-image\"\/>\n\t<\/div>\n\n<\/div><\/div><\/div><\/div><div id=\"pg-4345-1\"  class=\"panel-grid panel-no-style\" ><div id=\"pgc-4345-1-0\"  class=\"panel-grid-cell\" ><div id=\"panel-4345-1-0-0\" class=\"so-panel widget_sow-editor panel-first-child panel-last-child\" data-index=\"1\" ><div\n\t\t\t\n\t\t\tclass=\"so-widget-sow-editor so-widget-sow-editor-base\"\n\t\t\t\n\t\t>\n<div class=\"siteorigin-widget-tinymce textwidget\">\n\t<h4 style=\"text-align: center;\"><strong>Kim Zimmermann<\/strong><\/h4>\n<p style=\"text-align: center;\">Paralegal<\/p>\n<p>Originalmente desde California, Kim era la hija de un piloto del Air Force y se mud\u00f3 por todo el pa\u00eds hasta graduarse de la preparatoria en Trenton, Illinois. Despu\u00e9s de graduarse, tuvo su primer trabajo en la edad de 18 a\u00f1os con el bufete de abogado.<\/p>\n<p>Ella trabaj\u00f3 como secretaria y asistente de socio fundador Dan Devereaux y eventualmente actual socio Gonzalo Fernandez durante casi 20 a\u00f1os. Luego dej\u00f3 para tomar una posici\u00f3n de paralegal en el bufete de Gray, Ritter y Graham. Despu\u00e9s de una ausencia de 10 a\u00f1os, Kim fue obligada a regresar a sus ra\u00edces, y estuvimos encantados de darle la bienvenida en el 2012. Kim es una parte integral de nuestro equipo con m\u00e1s de 30 a\u00f1os de experiencia paralegal trabajando en casos de lesiones personales dif\u00edciles y complicados. Kim est\u00e1 casada y tiene tres hijos y vive en el sur de Illinois.<\/p>\n<\/div>\n<\/div><\/div><\/div><\/div><\/div>","protected":false},"excerpt":{"rendered":"<p>Kim Zimmermann Paralegal Originalmente desde California, Kim era la hija de un piloto del Air Force y se mud\u00f3 por todo el pa\u00eds hasta graduarse de la preparatoria en Trenton, Illinois. Despu\u00e9s de graduarse, tuvo su primer trabajo en la edad de 18 a\u00f1os con el bufete de abogado. Ella trabaj\u00f3 como secretaria y asistente &#8230; <\/p>\n<p class=\"read-more-container\"><a title=\"Kim Zimmermann\" class=\"read-more button\" href=\"https:\/\/stltriallawyers.com\/es\/nuestro-equipo\/kim-zimmermann\/#more-4345\" aria-label=\"Leer m\u00e1s sobre Kim Zimmermann\">Leer m\u00e1s<\/a><\/p>\n","protected":false},"author":8,"featured_media":0,"parent":8025,"menu_order":5,"comment_status":"closed","ping_status":"closed","template":"","meta":{"inline_featured_image":false,"ngg_post_thumbnail":0,"footnotes":""},"class_list":["post-4345","page","type-page","status-publish"],"yoast_head":"<!-- This site is optimized with the Yoast SEO Premium plugin v22.4 (Yoast SEO v26.7) - https:\/\/yoast.com\/wordpress\/plugins\/seo\/ -->\n<title>Kim Zimmermann - St. Louis Trial Lawyers<\/title>\n<meta name=\"robots\" content=\"index, follow, max-snippet:-1, max-image-preview:large, max-video-preview:-1\" \/>\n<link rel=\"canonical\" href=\"https:\/\/stltriallawyers.com\/es\/nuestro-equipo\/kim-zimmermann\/\" \/>\n<meta property=\"og:locale\" content=\"es_ES\" \/>\n<meta property=\"og:type\" content=\"article\" \/>\n<meta property=\"og:title\" content=\"Kim Zimmermann\" \/>\n<meta property=\"og:description\" content=\"Kim Zimmermann Paralegal Originalmente desde California, Kim era la hija de un piloto del Air Force y se mud\u00f3 por todo el pa\u00eds hasta graduarse de la preparatoria en Trenton, Illinois. Despu\u00e9s de graduarse, tuvo su primer trabajo en la edad de 18 a\u00f1os con el bufete de abogado. Ella trabaj\u00f3 como secretaria y asistente ... Leer m\u00e1s\" \/>\n<meta property=\"og:url\" content=\"https:\/\/stltriallawyers.com\/es\/nuestro-equipo\/kim-zimmermann\/\" \/>\n<meta property=\"og:site_name\" content=\"St. Louis Trial Lawyers\" \/>\n<meta property=\"article:modified_time\" content=\"2021-02-10T05:40:49+00:00\" \/>\n<meta name=\"twitter:label1\" content=\"Tiempo de lectura\" \/>\n\t<meta name=\"twitter:data1\" content=\"1 minuto\" \/>\n<script type=\"application\/ld+json\" class=\"yoast-schema-graph\">{\"@context\":\"https:\/\/schema.org\",\"@graph\":[{\"@type\":\"WebPage\",\"@id\":\"https:\/\/stltriallawyers.com\/es\/nuestro-equipo\/kim-zimmermann\/\",\"url\":\"https:\/\/stltriallawyers.com\/es\/nuestro-equipo\/kim-zimmermann\/\",\"name\":\"Kim Zimmermann - St. Louis Trial Lawyers\",\"isPartOf\":{\"@id\":\"https:\/\/stltriallawyers.com\/#website\"},\"datePublished\":\"2019-02-19T00:02:46+00:00\",\"dateModified\":\"2021-02-10T05:40:49+00:00\",\"breadcrumb\":{\"@id\":\"https:\/\/stltriallawyers.com\/es\/nuestro-equipo\/kim-zimmermann\/#breadcrumb\"},\"inLanguage\":\"es\",\"potentialAction\":[{\"@type\":\"ReadAction\",\"target\":[\"https:\/\/stltriallawyers.com\/es\/nuestro-equipo\/kim-zimmermann\/\"]}]},{\"@type\":\"BreadcrumbList\",\"@id\":\"https:\/\/stltriallawyers.com\/es\/nuestro-equipo\/kim-zimmermann\/#breadcrumb\",\"itemListElement\":[{\"@type\":\"ListItem\",\"position\":1,\"name\":\"Home\",\"item\":\"https:\/\/stltriallawyers.com\/es\/\"},{\"@type\":\"ListItem\",\"position\":2,\"name\":\"Nuestro Equipo\",\"item\":\"https:\/\/stltriallawyers.com\/es\/nuestro-equipo\/\"},{\"@type\":\"ListItem\",\"position\":3,\"name\":\"Kim Zimmermann\"}]},{\"@type\":\"WebSite\",\"@id\":\"https:\/\/stltriallawyers.com\/#website\",\"url\":\"https:\/\/stltriallawyers.com\/\",\"name\":\"St. Louis Trial Lawyers\",\"description\":\"\",\"publisher\":{\"@id\":\"https:\/\/stltriallawyers.com\/#organization\"},\"potentialAction\":[{\"@type\":\"SearchAction\",\"target\":{\"@type\":\"EntryPoint\",\"urlTemplate\":\"https:\/\/stltriallawyers.com\/?s={search_term_string}\"},\"query-input\":{\"@type\":\"PropertyValueSpecification\",\"valueRequired\":true,\"valueName\":\"search_term_string\"}}],\"inLanguage\":\"es\"},{\"@type\":[\"Organization\",\"Place\"],\"@id\":\"https:\/\/stltriallawyers.com\/#organization\",\"name\":\"Fernandez Law, LLC\",\"url\":\"https:\/\/stltriallawyers.com\/\",\"logo\":{\"@id\":\"https:\/\/stltriallawyers.com\/es\/nuestro-equipo\/kim-zimmermann\/#local-main-organization-logo\"},\"image\":{\"@id\":\"https:\/\/stltriallawyers.com\/es\/nuestro-equipo\/kim-zimmermann\/#local-main-organization-logo\"},\"telephone\":[],\"openingHoursSpecification\":[{\"@type\":\"OpeningHoursSpecification\",\"dayOfWeek\":[\"Monday\",\"Tuesday\",\"Wednesday\",\"Thursday\",\"Friday\",\"Saturday\",\"Sunday\"],\"opens\":\"09:00\",\"closes\":\"17:00\"}]},{\"@type\":\"ImageObject\",\"inLanguage\":\"es\",\"@id\":\"https:\/\/stltriallawyers.com\/es\/nuestro-equipo\/kim-zimmermann\/#local-main-organization-logo\",\"url\":\"https:\/\/stltriallawyers.com\/wp-content\/uploads\/Logo.jpg\",\"contentUrl\":\"https:\/\/stltriallawyers.com\/wp-content\/uploads\/Logo.jpg\",\"width\":1084,\"height\":284,\"caption\":\"Fernandez Law, LLC\"}]}<\/script>\n<!-- \/ Yoast SEO Premium plugin. -->","yoast_head_json":{"title":"Kim Zimmermann - St. Louis Trial Lawyers","robots":{"index":"index","follow":"follow","max-snippet":"max-snippet:-1","max-image-preview":"max-image-preview:large","max-video-preview":"max-video-preview:-1"},"canonical":"https:\/\/stltriallawyers.com\/es\/nuestro-equipo\/kim-zimmermann\/","og_locale":"es_ES","og_type":"article","og_title":"Kim Zimmermann","og_description":"Kim Zimmermann Paralegal Originalmente desde California, Kim era la hija de un piloto del Air Force y se mud\u00f3 por todo el pa\u00eds hasta graduarse de la preparatoria en Trenton, Illinois. Despu\u00e9s de graduarse, tuvo su primer trabajo en la edad de 18 a\u00f1os con el bufete de abogado. Ella trabaj\u00f3 como secretaria y asistente ... Leer m\u00e1s","og_url":"https:\/\/stltriallawyers.com\/es\/nuestro-equipo\/kim-zimmermann\/","og_site_name":"St. Louis Trial Lawyers","article_modified_time":"2021-02-10T05:40:49+00:00","twitter_misc":{"Tiempo de lectura":"1 minuto"},"schema":{"@context":"https:\/\/schema.org","@graph":[{"@type":"WebPage","@id":"https:\/\/stltriallawyers.com\/es\/nuestro-equipo\/kim-zimmermann\/","url":"https:\/\/stltriallawyers.com\/es\/nuestro-equipo\/kim-zimmermann\/","name":"Kim Zimmermann - St. Louis Trial Lawyers","isPartOf":{"@id":"https:\/\/stltriallawyers.com\/#website"},"datePublished":"2019-02-19T00:02:46+00:00","dateModified":"2021-02-10T05:40:49+00:00","breadcrumb":{"@id":"https:\/\/stltriallawyers.com\/es\/nuestro-equipo\/kim-zimmermann\/#breadcrumb"},"inLanguage":"es","potentialAction":[{"@type":"ReadAction","target":["https:\/\/stltriallawyers.com\/es\/nuestro-equipo\/kim-zimmermann\/"]}]},{"@type":"BreadcrumbList","@id":"https:\/\/stltriallawyers.com\/es\/nuestro-equipo\/kim-zimmermann\/#breadcrumb","itemListElement":[{"@type":"ListItem","position":1,"name":"Home","item":"https:\/\/stltriallawyers.com\/es\/"},{"@type":"ListItem","position":2,"name":"Nuestro Equipo","item":"https:\/\/stltriallawyers.com\/es\/nuestro-equipo\/"},{"@type":"ListItem","position":3,"name":"Kim Zimmermann"}]},{"@type":"WebSite","@id":"https:\/\/stltriallawyers.com\/#website","url":"https:\/\/stltriallawyers.com\/","name":"St. Louis Trial Lawyers","description":"","publisher":{"@id":"https:\/\/stltriallawyers.com\/#organization"},"potentialAction":[{"@type":"SearchAction","target":{"@type":"EntryPoint","urlTemplate":"https:\/\/stltriallawyers.com\/?s={search_term_string}"},"query-input":{"@type":"PropertyValueSpecification","valueRequired":true,"valueName":"search_term_string"}}],"inLanguage":"es"},{"@type":["Organization","Place"],"@id":"https:\/\/stltriallawyers.com\/#organization","name":"Fernandez Law, LLC","url":"https:\/\/stltriallawyers.com\/","logo":{"@id":"https:\/\/stltriallawyers.com\/es\/nuestro-equipo\/kim-zimmermann\/#local-main-organization-logo"},"image":{"@id":"https:\/\/stltriallawyers.com\/es\/nuestro-equipo\/kim-zimmermann\/#local-main-organization-logo"},"telephone":[],"openingHoursSpecification":[{"@type":"OpeningHoursSpecification","dayOfWeek":["Monday","Tuesday","Wednesday","Thursday","Friday","Saturday","Sunday"],"opens":"09:00","closes":"17:00"}]},{"@type":"ImageObject","inLanguage":"es","@id":"https:\/\/stltriallawyers.com\/es\/nuestro-equipo\/kim-zimmermann\/#local-main-organization-logo","url":"https:\/\/stltriallawyers.com\/wp-content\/uploads\/Logo.jpg","contentUrl":"https:\/\/stltriallawyers.com\/wp-content\/uploads\/Logo.jpg","width":1084,"height":284,"caption":"Fernandez Law, LLC"}]}},"_links":{"self":[{"href":"https:\/\/stltriallawyers.com\/es\/wp-json\/wp\/v2\/pages\/4345","targetHints":{"allow":["GET"]}}],"collection":[{"href":"https:\/\/stltriallawyers.com\/es\/wp-json\/wp\/v2\/pages"}],"about":[{"href":"https:\/\/stltriallawyers.com\/es\/wp-json\/wp\/v2\/types\/page"}],"author":[{"embeddable":true,"href":"https:\/\/stltriallawyers.com\/es\/wp-json\/wp\/v2\/users\/8"}],"replies":[{"embeddable":true,"href":"https:\/\/stltriallawyers.com\/es\/wp-json\/wp\/v2\/comments?post=4345"}],"version-history":[{"count":2,"href":"https:\/\/stltriallawyers.com\/es\/wp-json\/wp\/v2\/pages\/4345\/revisions"}],"predecessor-version":[{"id":8044,"href":"https:\/\/stltriallawyers.com\/es\/wp-json\/wp\/v2\/pages\/4345\/revisions\/8044"}],"up":[{"embeddable":true,"href":"https:\/\/stltriallawyers.com\/es\/wp-json\/wp\/v2\/pages\/8025"}],"wp:attachment":[{"href":"https:\/\/stltriallawyers.com\/es\/wp-json\/wp\/v2\/media?parent=4345"}],"curies":[{"name":"wp","href":"https:\/\/api.w.org\/{rel}","templated":true}]}}