{"id":4449,"date":"2019-04-04T10:10:15","date_gmt":"2019-04-04T15:10:15","guid":{"rendered":"http:\/\/www.new.stltriallawyers.com\/?page_id=4449"},"modified":"2025-02-08T14:59:56","modified_gmt":"2025-02-08T20:59:56","slug":"abogados-en-st-louis-especializados-en-responsabilidad-de-productos","status":"publish","type":"page","link":"https:\/\/stltriallawyers.com\/es\/abogados-en-st-louis-especializados-en-responsabilidad-de-productos\/","title":{"rendered":"Abogado en St. Louis Especializados en Responsabilidad de Productos"},"content":{"rendered":"<p>Cuando una empresa fabrica un producto con la intenci\u00f3n de venderlo al p\u00fablico con fines de lucro, tiene el deber de garantizar que lo que est\u00e1 colocando en el mercado no sea injustificadamente peligroso. Desafortunadamente, cuando los autom\u00f3viles, dispositivos m\u00e9dicos o art\u00edculos para el hogar no cumplen con las normas de seguridad adecuadas, pueden provocar da\u00f1os significativos.<\/p>\n<p>Una lesi\u00f3n o muerte causada por un producto peligroso es una experiencia traum\u00e1tica para las v\u00edctimas y sus familias. Durante este tiempo estresante, es importante ponerse en contacto con una firma de abogado con conocimiento para ayudarlo a comprender sus derechos como consumidor y obtener una compensaci\u00f3n por sus lesiones. P\u00f3ngase en contacto con nosotros para establecer una consulta gratuita.<\/p>\n<h2>\u00bfPara Comenzar, Porque se Venden Productos Defectuosos?<\/h2>\n<p><strong>Como consumidores, esperamos que los productos que vemos en los estantes y compramos para nuestras familias sean seguros.<\/strong>. El p\u00fablico a menudo asume que las corporaciones y los fabricantes tienen sus mejores intereses en el coraz\u00f3n.<\/p>\n<p>Desafortunadamente, en ciertos casos, estas empresas se preocupan m\u00e1s por ahorrar dinero y proteger su imagen que por la seguridad y el bienestar del p\u00fablico.<\/p>\n<p>Las empresas est\u00e1n poniendo su inter\u00e9s financiero por encima de su seguridad todos los d\u00edas. \u00a0Invierten en la investigaci\u00f3n y el desarrollo de nuevos productos y los llevan al mercado. Admitir que hay un problema con uno de sus productos no solo tiene un impacto directo en sus resultados, sino que tambi\u00e9n puede afectar su relaci\u00f3n con los distribuidores, mayoristas, su equipo de ventas y minoristas.<\/p>\n<p>Hemos visto casos en los que las grandes corporaciones sab\u00edan que ten\u00edan productos peligrosos y tomaron una decisi\u00f3n empresarial consciente de que ser\u00eda menos costoso dejarlo en los estantes y lidiar con los reclamos por da\u00f1os y demandas legales que participar en un retiro de los productos que proteger\u00eda al p\u00fablico.<\/p>\n<h2>Problemas Comunes de Responsabilidad de Producto<\/h2>\n<p>Los problemas con los productos pueden incluir fallas en la forma en que se fabric\u00f3, se dise\u00f1\u00f3 y prob\u00f3 el dispositivo, o la falta de advertencias o avisos de los peligros asociados con el uso del dispositivo mismo.<\/p>\n<h2>\u00bfQue Tipos de Casos de Productos Peligrosos Representan?<\/h2>\n<p>Los tipos de casos que manejamos incluyen:<\/p>\n<ul>\n<li>Aparatos m\u00e9dicos y quir\u00fargicos<\/li>\n<li>Productos farmac\u00e9uticos y medicamentos peligrosos<\/li>\n<li>Autom\u00f3viles que incluyen la resistencia a choques, fallas en el cintur\u00f3n de seguridad, incendio alimentado por combustible, expulsi\u00f3n de ocupantes, reventones de llantas y casos de volcamiento de SUV. (Veh\u00edculos Sub Urbanos)<\/li>\n<li>Electrodom\u00e9sticos y Equipos Electr\u00f3nicos<\/li>\n<li>Casas m\u00f3viles y remolques, incluidas demandas por el valor de un incendio<\/li>\n<li>Equipos industriales y agr\u00edcolas<\/li>\n<li>Cables el\u00e9ctricos, protectores estabilizadores de voltaje y recept\u00e1culos de alimentaci\u00f3n<\/li>\n<li>Equipo de mantenimiento de casa que incluye muebles para beb\u00e9s y persianas<\/li>\n<li>Respiradores y equipo de respiraci\u00f3n<\/li>\n<\/ul>\n<p>Desafortunadamente, los defectos en los nuevos productos salen a la luz a diario. Para obtener una lista actualizada de los productos que se consideran potencialmente peligrosos, visite <a href=\"http:\/\/www.saferproducts.gov\/\" target=\"_blank\" rel=\"noopener noreferrer\">SaferProducts.gov<\/a>.<\/p>\n<h2>\u00bfDebo Presentar un Reclamo Ante la Comision de Seguridad de Productos del Consumidor de los Estados Unidos?<\/h2>\n<p>S\u00ed, recomendamos presentar un informe para ayudar a que el fabricante sea responsable e informar a otros consumidores sobre productos peligrosos en el mercado.<\/p>\n<p>Sin embargo, la Comisi\u00f3n de Seguridad de Productos para el Consumidor simplemente est\u00e1 desarrollando una base de datos de productos da\u00f1inos y no puede garantizar que investigar\u00e1 cada informe enviado. Por lo tanto, es importante contactar a un abogado para investigar su caso espec\u00edfico y trabajar para buscar da\u00f1os de la compa\u00f1\u00eda responsable.<\/p>\n<h2>\u00bfQue Tan Rapido Debo Presentar un Reclamos de Responsabilidad de Producto?<\/h2>\n<p>Los estatutos var\u00edan de estado a estado. En Missouri, un reclamo de responsabilidad por productos defectuosos debe presentarse dentro de los cinco a\u00f1os posteriores a la fecha en que se produjo una lesi\u00f3n o la muerte. Recomendamos contactar a un abogado tan pronto como sea posible, mientras que los detalles del producto son m\u00e1s f\u00e1ciles de recordar y para evitar demoras.<\/p>\n<h2>Da\u00f1os en una Demanda de Responsabilidad de Producto<\/h2>\n<p>Un abogado especializado en responsabilidad por productos defectuosos puede ayudarlo a obtener una compensaci\u00f3n por lo siguiente:<\/p>\n<ul>\n<li>P\u00e9rdida de salarios por lesi\u00f3n<\/li>\n<li>Facturas m\u00e9dicas<\/li>\n<li>Da\u00f1os emocionales<\/li>\n<\/ul>\n<h2>Pongase en Contacto con Fernandez Law Hoy<\/h2>\n<p>Usted no tiene que escoger o decidir solo durante el proceso de reclamaci\u00f3n de responsabilidad de un producto. En Fernandez Law nuestro experimentado equipo de abogado investigar\u00e1 los detalles de su caso y lo ayudar\u00e1 a buscar una indemnizaci\u00f3n. P\u00f3ngase en <a href=\"https:\/\/stltriallawyers.com\/es\/contactenos-hoy\/\">contacto con nosotros<\/a> hoy para establecer una consulta gratuita.<\/p>\n<p><a class=\"myButton\" href=\"https:\/\/stltriallawyers.com\/es\/contactenos-hoy\/\">Programe una Evaluaci\u00f3n Gratuita de su Caso<\/a><\/p>\n<p>&nbsp;<\/p>\n<p>&nbsp;<\/p>\n","protected":false},"excerpt":{"rendered":"<p>Cuando una empresa fabrica un producto con la intenci\u00f3n de venderlo al p\u00fablico con fines de lucro, tiene el deber de garantizar que lo que est\u00e1 colocando en el mercado no sea injustificadamente peligroso. Desafortunadamente, cuando los autom\u00f3viles, dispositivos m\u00e9dicos o art\u00edculos para el hogar no cumplen con las normas de seguridad adecuadas, pueden provocar &#8230; <\/p>\n<p class=\"read-more-container\"><a title=\"Abogado en St. Louis Especializados en Responsabilidad de Productos\" class=\"read-more button\" href=\"https:\/\/stltriallawyers.com\/es\/abogados-en-st-louis-especializados-en-responsabilidad-de-productos\/#more-4449\" aria-label=\"Leer m\u00e1s sobre Abogado en St. Louis Especializados en Responsabilidad de Productos\">Leer m\u00e1s<\/a><\/p>\n","protected":false},"author":8,"featured_media":0,"parent":0,"menu_order":0,"comment_status":"closed","ping_status":"closed","template":"","meta":{"inline_featured_image":false,"ngg_post_thumbnail":0,"footnotes":""},"class_list":["post-4449","page","type-page","status-publish"],"yoast_head":"<!-- This site is optimized with the Yoast SEO Premium plugin v22.4 (Yoast SEO v26.7) - https:\/\/yoast.com\/wordpress\/plugins\/seo\/ -->\n<title>Abogado en St. Louis Especializados en Responsabilidad de Productos - St. Louis Trial Lawyers<\/title>\n<meta name=\"robots\" content=\"index, follow, max-snippet:-1, max-image-preview:large, max-video-preview:-1\" \/>\n<link rel=\"canonical\" href=\"https:\/\/stltriallawyers.com\/es\/abogados-en-st-louis-especializados-en-responsabilidad-de-productos\/\" \/>\n<meta property=\"og:locale\" content=\"es_ES\" \/>\n<meta property=\"og:type\" content=\"article\" \/>\n<meta property=\"og:title\" content=\"Abogado en St. Louis Especializados en Responsabilidad de Productos\" \/>\n<meta property=\"og:description\" content=\"Cuando una empresa fabrica un producto con la intenci\u00f3n de venderlo al p\u00fablico con fines de lucro, tiene el deber de garantizar que lo que est\u00e1 colocando en el mercado no sea injustificadamente peligroso. Desafortunadamente, cuando los autom\u00f3viles, dispositivos m\u00e9dicos o art\u00edculos para el hogar no cumplen con las normas de seguridad adecuadas, pueden provocar ... Leer m\u00e1s\" \/>\n<meta property=\"og:url\" content=\"https:\/\/stltriallawyers.com\/es\/abogados-en-st-louis-especializados-en-responsabilidad-de-productos\/\" \/>\n<meta property=\"og:site_name\" content=\"St. Louis Trial Lawyers\" \/>\n<meta property=\"article:modified_time\" content=\"2025-02-08T20:59:56+00:00\" \/>\n<meta name=\"twitter:label1\" content=\"Tiempo de lectura\" \/>\n\t<meta name=\"twitter:data1\" content=\"4 minutos\" \/>\n<script type=\"application\/ld+json\" class=\"yoast-schema-graph\">{\"@context\":\"https:\/\/schema.org\",\"@graph\":[{\"@type\":\"WebPage\",\"@id\":\"https:\/\/stltriallawyers.com\/es\/abogados-en-st-louis-especializados-en-responsabilidad-de-productos\/\",\"url\":\"https:\/\/stltriallawyers.com\/es\/abogados-en-st-louis-especializados-en-responsabilidad-de-productos\/\",\"name\":\"Abogado en St. Louis Especializados en Responsabilidad de Productos - St. Louis Trial Lawyers\",\"isPartOf\":{\"@id\":\"https:\/\/stltriallawyers.com\/#website\"},\"datePublished\":\"2019-04-04T15:10:15+00:00\",\"dateModified\":\"2025-02-08T20:59:56+00:00\",\"breadcrumb\":{\"@id\":\"https:\/\/stltriallawyers.com\/es\/abogados-en-st-louis-especializados-en-responsabilidad-de-productos\/#breadcrumb\"},\"inLanguage\":\"es\",\"potentialAction\":[{\"@type\":\"ReadAction\",\"target\":[\"https:\/\/stltriallawyers.com\/es\/abogados-en-st-louis-especializados-en-responsabilidad-de-productos\/\"]}]},{\"@type\":\"BreadcrumbList\",\"@id\":\"https:\/\/stltriallawyers.com\/es\/abogados-en-st-louis-especializados-en-responsabilidad-de-productos\/#breadcrumb\",\"itemListElement\":[{\"@type\":\"ListItem\",\"position\":1,\"name\":\"Home\",\"item\":\"https:\/\/stltriallawyers.com\/es\/\"},{\"@type\":\"ListItem\",\"position\":2,\"name\":\"Abogado en St. Louis Especializados en Responsabilidad de Productos\"}]},{\"@type\":\"WebSite\",\"@id\":\"https:\/\/stltriallawyers.com\/#website\",\"url\":\"https:\/\/stltriallawyers.com\/\",\"name\":\"St. Louis Trial Lawyers\",\"description\":\"\",\"publisher\":{\"@id\":\"https:\/\/stltriallawyers.com\/#organization\"},\"potentialAction\":[{\"@type\":\"SearchAction\",\"target\":{\"@type\":\"EntryPoint\",\"urlTemplate\":\"https:\/\/stltriallawyers.com\/?s={search_term_string}\"},\"query-input\":{\"@type\":\"PropertyValueSpecification\",\"valueRequired\":true,\"valueName\":\"search_term_string\"}}],\"inLanguage\":\"es\"},{\"@type\":[\"Organization\",\"Place\"],\"@id\":\"https:\/\/stltriallawyers.com\/#organization\",\"name\":\"Fernandez Law, LLC\",\"url\":\"https:\/\/stltriallawyers.com\/\",\"logo\":{\"@id\":\"https:\/\/stltriallawyers.com\/es\/abogados-en-st-louis-especializados-en-responsabilidad-de-productos\/#local-main-organization-logo\"},\"image\":{\"@id\":\"https:\/\/stltriallawyers.com\/es\/abogados-en-st-louis-especializados-en-responsabilidad-de-productos\/#local-main-organization-logo\"},\"telephone\":[],\"openingHoursSpecification\":[{\"@type\":\"OpeningHoursSpecification\",\"dayOfWeek\":[\"Monday\",\"Tuesday\",\"Wednesday\",\"Thursday\",\"Friday\",\"Saturday\",\"Sunday\"],\"opens\":\"09:00\",\"closes\":\"17:00\"}]},{\"@type\":\"ImageObject\",\"inLanguage\":\"es\",\"@id\":\"https:\/\/stltriallawyers.com\/es\/abogados-en-st-louis-especializados-en-responsabilidad-de-productos\/#local-main-organization-logo\",\"url\":\"https:\/\/stltriallawyers.com\/wp-content\/uploads\/Logo.jpg\",\"contentUrl\":\"https:\/\/stltriallawyers.com\/wp-content\/uploads\/Logo.jpg\",\"width\":1084,\"height\":284,\"caption\":\"Fernandez Law, LLC\"}]}<\/script>\n<!-- \/ Yoast SEO Premium plugin. -->","yoast_head_json":{"title":"Abogado en St. Louis Especializados en Responsabilidad de Productos - St. Louis Trial Lawyers","robots":{"index":"index","follow":"follow","max-snippet":"max-snippet:-1","max-image-preview":"max-image-preview:large","max-video-preview":"max-video-preview:-1"},"canonical":"https:\/\/stltriallawyers.com\/es\/abogados-en-st-louis-especializados-en-responsabilidad-de-productos\/","og_locale":"es_ES","og_type":"article","og_title":"Abogado en St. Louis Especializados en Responsabilidad de Productos","og_description":"Cuando una empresa fabrica un producto con la intenci\u00f3n de venderlo al p\u00fablico con fines de lucro, tiene el deber de garantizar que lo que est\u00e1 colocando en el mercado no sea injustificadamente peligroso. Desafortunadamente, cuando los autom\u00f3viles, dispositivos m\u00e9dicos o art\u00edculos para el hogar no cumplen con las normas de seguridad adecuadas, pueden provocar ... Leer m\u00e1s","og_url":"https:\/\/stltriallawyers.com\/es\/abogados-en-st-louis-especializados-en-responsabilidad-de-productos\/","og_site_name":"St. Louis Trial Lawyers","article_modified_time":"2025-02-08T20:59:56+00:00","twitter_misc":{"Tiempo de lectura":"4 minutos"},"schema":{"@context":"https:\/\/schema.org","@graph":[{"@type":"WebPage","@id":"https:\/\/stltriallawyers.com\/es\/abogados-en-st-louis-especializados-en-responsabilidad-de-productos\/","url":"https:\/\/stltriallawyers.com\/es\/abogados-en-st-louis-especializados-en-responsabilidad-de-productos\/","name":"Abogado en St. Louis Especializados en Responsabilidad de Productos - St. Louis Trial Lawyers","isPartOf":{"@id":"https:\/\/stltriallawyers.com\/#website"},"datePublished":"2019-04-04T15:10:15+00:00","dateModified":"2025-02-08T20:59:56+00:00","breadcrumb":{"@id":"https:\/\/stltriallawyers.com\/es\/abogados-en-st-louis-especializados-en-responsabilidad-de-productos\/#breadcrumb"},"inLanguage":"es","potentialAction":[{"@type":"ReadAction","target":["https:\/\/stltriallawyers.com\/es\/abogados-en-st-louis-especializados-en-responsabilidad-de-productos\/"]}]},{"@type":"BreadcrumbList","@id":"https:\/\/stltriallawyers.com\/es\/abogados-en-st-louis-especializados-en-responsabilidad-de-productos\/#breadcrumb","itemListElement":[{"@type":"ListItem","position":1,"name":"Home","item":"https:\/\/stltriallawyers.com\/es\/"},{"@type":"ListItem","position":2,"name":"Abogado en St. Louis Especializados en Responsabilidad de Productos"}]},{"@type":"WebSite","@id":"https:\/\/stltriallawyers.com\/#website","url":"https:\/\/stltriallawyers.com\/","name":"St. Louis Trial Lawyers","description":"","publisher":{"@id":"https:\/\/stltriallawyers.com\/#organization"},"potentialAction":[{"@type":"SearchAction","target":{"@type":"EntryPoint","urlTemplate":"https:\/\/stltriallawyers.com\/?s={search_term_string}"},"query-input":{"@type":"PropertyValueSpecification","valueRequired":true,"valueName":"search_term_string"}}],"inLanguage":"es"},{"@type":["Organization","Place"],"@id":"https:\/\/stltriallawyers.com\/#organization","name":"Fernandez Law, LLC","url":"https:\/\/stltriallawyers.com\/","logo":{"@id":"https:\/\/stltriallawyers.com\/es\/abogados-en-st-louis-especializados-en-responsabilidad-de-productos\/#local-main-organization-logo"},"image":{"@id":"https:\/\/stltriallawyers.com\/es\/abogados-en-st-louis-especializados-en-responsabilidad-de-productos\/#local-main-organization-logo"},"telephone":[],"openingHoursSpecification":[{"@type":"OpeningHoursSpecification","dayOfWeek":["Monday","Tuesday","Wednesday","Thursday","Friday","Saturday","Sunday"],"opens":"09:00","closes":"17:00"}]},{"@type":"ImageObject","inLanguage":"es","@id":"https:\/\/stltriallawyers.com\/es\/abogados-en-st-louis-especializados-en-responsabilidad-de-productos\/#local-main-organization-logo","url":"https:\/\/stltriallawyers.com\/wp-content\/uploads\/Logo.jpg","contentUrl":"https:\/\/stltriallawyers.com\/wp-content\/uploads\/Logo.jpg","width":1084,"height":284,"caption":"Fernandez Law, LLC"}]}},"_links":{"self":[{"href":"https:\/\/stltriallawyers.com\/es\/wp-json\/wp\/v2\/pages\/4449","targetHints":{"allow":["GET"]}}],"collection":[{"href":"https:\/\/stltriallawyers.com\/es\/wp-json\/wp\/v2\/pages"}],"about":[{"href":"https:\/\/stltriallawyers.com\/es\/wp-json\/wp\/v2\/types\/page"}],"author":[{"embeddable":true,"href":"https:\/\/stltriallawyers.com\/es\/wp-json\/wp\/v2\/users\/8"}],"replies":[{"embeddable":true,"href":"https:\/\/stltriallawyers.com\/es\/wp-json\/wp\/v2\/comments?post=4449"}],"version-history":[{"count":2,"href":"https:\/\/stltriallawyers.com\/es\/wp-json\/wp\/v2\/pages\/4449\/revisions"}],"predecessor-version":[{"id":8210,"href":"https:\/\/stltriallawyers.com\/es\/wp-json\/wp\/v2\/pages\/4449\/revisions\/8210"}],"wp:attachment":[{"href":"https:\/\/stltriallawyers.com\/es\/wp-json\/wp\/v2\/media?parent=4449"}],"curies":[{"name":"wp","href":"https:\/\/api.w.org\/{rel}","templated":true}]}}