{"id":4466,"date":"2019-04-04T12:18:00","date_gmt":"2019-04-04T17:18:00","guid":{"rendered":"http:\/\/www.new.stltriallawyers.com\/?page_id=4466"},"modified":"2025-02-08T14:57:33","modified_gmt":"2025-02-08T20:57:33","slug":"abogados-en-st-louis-especializados-en-casos-de-muerte-no-justificada","status":"publish","type":"page","link":"https:\/\/stltriallawyers.com\/es\/abogados-en-st-louis-especializados-en-casos-de-muerte-no-justificada\/","title":{"rendered":"Abogados en St. Louis, Para  Casos de Negligencia Medica"},"content":{"rendered":"<p>Doctores, enfermeras, hospitales y T\u00e9cnicos en Medicina est\u00e1n supuestos a hacerlo sentir bien. Cuando sus malas decisiones causan da\u00f1o, usted tiene derecho a una compensaci\u00f3n por los errores. Un abogado especializado en negligencia m\u00e9dica puede ayudarle a obtener la restituci\u00f3n que se merece.<\/p>\n<p>No tiene que vivir con las consecuencias de la negligencia m\u00e9dica. En 2022, los tribunales exigieron que m\u00e1s de 200 proveedores m\u00e9dicos de Missouri pagaran por los reclamos de la negligencia m\u00e9dica.<\/p>\n<p><a class=\"myButton\" href=\"https:\/\/stltriallawyers.com\/es\/contactenos-hoy\/\"><span style=\"font-weight: 400;\">AGENDAR UNA EVALUCION GRATUITA DE SU CASO<\/span><\/a><\/p>\n<p>&nbsp;<\/p>\n<h2><strong>Mala Pr\u00e1ctica M\u00e9dica vs. Negligencia&nbsp;&nbsp;&nbsp;&nbsp;&nbsp;&nbsp;&nbsp;&nbsp;&nbsp;&nbsp;&nbsp;&nbsp; <\/strong><\/h2>\n<p><strong>La negligencia m\u00e9dica<\/strong> se produce cuando un profesional de la salud falla en brindar al paciente el nivel de atenci\u00f3n que se espera de un m\u00e9dico razonable, con antecedentes y capacitaci\u00f3n similares a todos aquellos en su posici\u00f3n.<\/p>\n<p>Por ejemplo:<\/p>\n<ul>\n<li>Nosotros fuimos los abogados en un caso de Mala Pr\u00e1ctica M\u00e9dica de un paciente quien fue a un Sal\u00f3n de Emergencia en Missouri con s\u00edntomas de una infecci\u00f3n cerebral. El jurado encontr\u00f3 que sus m\u00e9dicos fallaron en diagnosticar y tratar una infecci\u00f3n que cualquier otro doctor razonablemente pudo haber reconocido. Nuestro cliente fue compensado con $5 millones.<\/li>\n<li>Nosotros representamos a la familia de un beb\u00e9 cuya pierna quedo paralizada despu\u00e9s que un Hospital de St. Louis tratara incorrectamente un obseso rectal. El Jurado fallo que ning\u00fan cuerpo m\u00e9dico razonable hubiera tomado un curso de tratamiento igual al que tomaron.&nbsp; Nuestro cliente fue compensado con $16 millones.&nbsp;<\/li>\n<\/ul>\n<p>&nbsp;<\/p>\n<p><strong>Cuando la Negligencia M\u00e9dica Ocurre, el paciente puede demandar por Mala Pr\u00e1ctica M\u00e9dica. <\/strong><\/p>\n<p>En Missouri, las principales causas de indemnizaciones por negligencia m\u00e9dica son por \u201cdesempe\u00f1o inadecuado\u201d y la \u201cfalla en el diagn\u00f3stico\u201d, ambas acciones negligentes. En general, los actos de negligencia m\u00e9dica se dividen en dos categor\u00edas muy amplias: 1. Un acto afirmativo, es decir, hacer algo que no se debe hacer o hacerlo de manera inadecuada (por ejemplo, amputar la pierna equivocada); y 2. Un acto de omisi\u00f3n, o no hacer algo que se debi\u00f3 haber hecho (por ejemplo, solicitar una radiograf\u00eda de t\u00f3rax pero no informar al paciente ni a los dem\u00e1s tratantes que hay una masa grande en los pulmones que necesita seguimiento).<\/p>\n<p>La gente suele asociar la \u201cnegligencia m\u00e9dica\u201d con los m\u00e9dicos, pero, de hecho, cualquier proveedor de atenci\u00f3n m\u00e9dica puede ser considerado responsable de negligencia m\u00e9dica. \u00c9stas incluyen:<\/p>\n<ul>\n<li>Enfermeras \/ Enfermeros<\/li>\n<li>T\u00e9cnicos, por ejemplo, radi\u00f3logos, flebotomistas y oftalm\u00f3logos.<\/li>\n<li>Farmac\u00f3logos<\/li>\n<li>Dentistas<\/li>\n<li>Quiropr\u00e1cticos<\/li>\n<li>Organizaci\u00f3n como hospitales, cl\u00ednicas y centros m\u00e9dicos.<\/li>\n<\/ul>\n<p>Llame para una consulta gratis: 314-433-9131<\/p>\n<h3>&nbsp;<\/h3>\n<h2><strong>\u00bfQu\u00e9 tan com\u00fan es la negligencia m\u00e9dica?<\/strong><\/h2>\n<p>Un alarmante an\u00e1lisis de 2023 realizado por la Universidad Johns Hopkins encontr\u00f3 que casi 800.000 estadounidenses mueren o quedan permanentemente discapacitados cada a\u00f1o debido a errores m\u00e9dicos.<\/p>\n<p>Seg\u00fan la Divisi\u00f3n de Investigaci\u00f3n de Pol\u00edticas Econ\u00f3micas y de Salud de la Asociaci\u00f3n M\u00e9dica Estadounidense, m\u00e1s de un tercio de los m\u00e9dicos son demandados por negligencia m\u00e9dica en alg\u00fan momento de su carrera.<\/p>\n<p><strong>Pacientes lesionados por causa de errores M\u00e9dicos <\/strong><strong>Grafica<\/strong><\/p>\n<p><strong>Pacientes<\/strong><\/p>\n<p><strong>800 mil: Da\u00f1o Total <\/strong><\/p>\n<p><strong>600 mil: Incapacidad Permanente<\/strong><\/p>\n<p><strong>200 mil: Muerte<\/strong><\/p>\n<p>&nbsp;<\/p>\n<p>Nuestros abogados con experiencia en negligencia m\u00e9dica creen que parte de la culpa es un cambio en la forma en que se practica la medicina.&nbsp;&nbsp;&nbsp;&nbsp;&nbsp;&nbsp;&nbsp;&nbsp;&nbsp;&nbsp;&nbsp;<\/p>\n<p>Durante las \u00faltimas d\u00e9cadas, nuestros abogados han visto un n\u00famero creciente de proveedores de atenci\u00f3n m\u00e9dica de Missouri cambiar hacia un modelo de tratamiento especializado.<\/p>\n<p>El alto n\u00famero de especializaciones significa que los pacientes hospitalizados a menudo ven a m\u00faltiples proveedores, cada uno centrado en su \u00e1rea limitada de especializaci\u00f3n. Desafortunadamente, en este modelo nadie se detiene para observar el paciente completamente ni a ver c\u00f3mo le afectan todos estos diversos tratamientos.<\/p>\n<p>Los crecientes costos de la atenci\u00f3n m\u00e9dica en Missouri tambi\u00e9n pueden desempe\u00f1ar un papel en la tasa inaceptablemente alta de negligencia m\u00e9dica.<\/p>\n<p>Hemos visto compa\u00f1\u00edas de Seguro M\u00e9dico ejercer un poder creciente influenciando decisiones m\u00e9dicas.&nbsp; Algunas siendo la compa\u00f1\u00eda aseguradora y no el m\u00e9dico, quien dicta que diagn\u00f3stico, que examen o cual tratamiento debe el paciente recibir.<\/p>\n<p><a class=\"myButton\" href=\"https:\/\/stltriallawyers.com\/es\/contactenos-hoy\/\"><span style=\"font-weight: 400;\">AGENDAR UNA EVALUCION GRATUITA DE SU CASO<\/span><\/a><\/p>\n<p>&nbsp;<\/p>\n<h2><strong>Tipos de Negligencia Medica<\/strong><\/h2>\n<ul>\n<li>Falla al reconocer y diagnosticar una condici\u00f3n<\/li>\n<li>Errores de cirug\u00eda<\/li>\n<li>Errores de anestesia<\/li>\n<li>Falla en el monitoreo del paciente<\/li>\n<li>Falla al ordenar los ex\u00e1menes adecuados<\/li>\n<li>Errores de laboratorio<\/li>\n<li>Lesiones al nacer<\/li>\n<li>Lesiones farmac\u00e9uticas<\/li>\n<li>Falla en tomar acci\u00f3n respecto a un diagn\u00f3stico.<\/li>\n<\/ul>\n<p>&nbsp;<\/p>\n<p>Para que un abogado pueda exitosamente presentar una demanda argumentando Negligencia M\u00e9dica, los abogados tienen que probar no solamente que el profesional medico actu\u00f3 negligentemente sino tambi\u00e9n, que dicha negligencia fue la causa del mal ocasionado. No todo da\u00f1o es f\u00edsico.&nbsp; A continuaci\u00f3n, las diferentes lesiones que una persona pueda sufrir por causa de la negligencia m\u00e9dica.<\/p>\n<ul>\n<li>Desfiguramiento<\/li>\n<li>Discapacidad<\/li>\n<li>Costos M\u00e9dicos<\/li>\n<li>Perdida de Salarios<\/li>\n<li>Perdida de capacidad para generar ingresos<\/li>\n<li>Dolor y Sufrimiento<\/li>\n<li>Muerte<\/li>\n<\/ul>\n<p><a class=\"myButton\" href=\"https:\/\/stltriallawyers.com\/es\/contactenos-hoy\/\"><span style=\"font-weight: 400;\">AGENDAR UNA EVALUCION GRATUITA DE SU CASO<\/span><\/a><\/p>\n<p>&nbsp;<\/p>\n<h2><strong>Como saber si usted tiene un caso de Negligencia M\u00e9dica<\/strong><\/h2>\n<p>Es importante entender que un resultado adverso no significa necesariamente que hubo negligencia. Lesiones a pacientes algunas veces ocurren a pesar de la aplicaci\u00f3n de los mejores esfuerzos por parte del cuerpo m\u00e9dico.<\/p>\n<p>Es tambi\u00e9n importante entender que tan alta esta la vara.&nbsp; Un abogado especializado en Negligencia M\u00e9dica no est\u00e1 tratando de probar que su doctor cometi\u00f3 un error que un mejor doctor pudo haber evitado. <strong>Para ganar su demanda, usted tiene que probar que hubo un error que cualquier doctor razonablemente pudo haber evitado. <\/strong><\/p>\n<p>Usted puede que tenga un caso de Negligencia M\u00e9dica si:<\/p>\n<ul>\n<li>Usted fue tratado por un profesional m\u00e9dico<\/li>\n<li>El profesional m\u00e9dico fue negligente \u2013 ya sea tomando una acci\u00f3n errada o fallando al no tomar la acci\u00f3n adecuada<\/li>\n<li>La negligencia conllev\u00f3 a una lesi\u00f3n f\u00edsica, mental o econ\u00f3mica<\/li>\n<\/ul>\n<p>&nbsp;<\/p>\n<h2><strong>Estatuto de Limitaciones en demandas por Negligencia Medica<\/strong><\/h2>\n<p>En Missouri, usted tiene dos a\u00f1os a partir de la fecha en que se cometi\u00f3 el error m\u00e9dico para presentar una demanda.<\/p>\n<p>Si la negligencia incluy\u00f3 el haber dejado un objeto o instrumento extra\u00f1o<\/p>\n<p>En su cuerpo o haber fallado al no reportar los resultados de los ex\u00e1menes, esa ventana de los dos a\u00f1os comienza a contar desde el momento que usted sabe o debi\u00f3 haber sabido acerca del asunto.<\/p>\n<p>Si la persona fallece por causa de negligencia, la familia tiene tres a\u00f1os para entablar una demanda.<\/p>\n<p>Pacientes que sufren negligencia m\u00e9dica siendo en la ni\u00f1ez tiene dos a\u00f1os despu\u00e9s de cumplir 18 a\u00f1os para entablar una demanda.<\/p>\n<p><a class=\"myButton\" href=\"https:\/\/stltriallawyers.com\/es\/contactenos-hoy\/\"><span style=\"font-weight: 400;\">AGENDAR UNA EVALUCION GRATUITA DE SU CASO<\/span><\/a><\/p>\n<p>&nbsp;<\/p>\n<h2><strong>Estatuto de Limitaciones en casos de Negligencia M\u00e9dica (Missouri)<\/strong><\/h2>\n<p>Objeto ajeno olvidado en el cuerpo: 2 a\u00f1os a partir de la fecha en que se descubre<\/p>\n<p>Fallar no reportando resultados de ex\u00e1menes: 2 a\u00f1os a partir de la fecha en que se descubre<\/p>\n<p>Adulto que sufri\u00f3 negligencia en su ni\u00f1ez:&nbsp; 2 a\u00f1os despu\u00e9s de cumplir 18 a\u00f1os<\/p>\n<p>Negligencia resultando en muerte: 3 a\u00f1os a partir de la fecha del error m\u00e9dico<\/p>\n<p>Toda otra demanda: 2 a\u00f1os a partir del cometimiento del error<\/p>\n<p>&nbsp;<\/p>\n<h2><strong>Como pueden ayudarlo nuestros Abogados de Negligencia M\u00e9dica<\/strong><\/h2>\n<p>La obligaci\u00f3n de la prueba es alta. &nbsp;Y los proveedores de atenci\u00f3n m\u00e9dica emplean equipos de abogados especializados en negligencia m\u00e9dica para presentar argumentos a su favor. Para obtener la compensaci\u00f3n que se merece, usted necesita un abogado de su lado que est\u00e9 calificado para asumir ese nivel de prueba.<\/p>\n<p>Cuando nuestros abogados construyen un caso, trabajan con expertos m\u00e9dicos y de atenci\u00f3n vital para evaluar los impactos de la lesi\u00f3n a largo plazo:<\/p>\n<ul>\n<li>Impacto en tu vida<\/li>\n<li>Impacto en la vida de tu familia<\/li>\n<li>Posibles costos futuros<\/li>\n<\/ul>\n<p>Queremos que la compensaci\u00f3n que reciba satisfaga sus necesidades por el resto de su vida. Por ejemplo, si su lesi\u00f3n result\u00f3 en una discapacidad permanente, lucharemos para obtener una compensaci\u00f3n por aspectos como la rehabilitaci\u00f3n f\u00edsica, el costo de los dispositivos de asistencia como sillas de ruedas y la p\u00e9rdida de ingresos futuros.<\/p>\n<p>La ley de Missouri exige que las demandas por negligencia m\u00e9dica est\u00e9n respaldadas por una declaraci\u00f3n jurada de otro proveedor de atenci\u00f3n m\u00e9dica en el mismo campo.<\/p>\n<p>Por ejemplo, si sufri\u00f3 un error de anestesia, otro anestesi\u00f3logo debe confirmar que su anestesi\u00f3logo no le brind\u00f3 un est\u00e1ndar de atenci\u00f3n razonable. Nuestros abogados experimentados obtendr\u00e1n esas declaraciones de expertos para respaldar su caso.<\/p>\n<p>&nbsp;<\/p>\n<h2><strong>Compensaci\u00f3n potencial por demandas de Negligencia M\u00e9dica en Missouri<\/strong><\/h2>\n<p>Al decidir su compensaci\u00f3n, un jurado puede considerar factores como el tipo y grado de negligencia, el tipo y gravedad de las lesiones y el nivel de p\u00e9rdida econ\u00f3mica.<\/p>\n<p>En 2015, los legisladores de Missouri limitaron la cantidad que una persona puede recibir por dolor y sufrimiento entre 400.000 y 700.000 d\u00f3lares, y los l\u00edmites aumentar\u00e1n un 1,7% cada a\u00f1o.<\/p>\n<p>No hay l\u00edmite para la compensaci\u00f3n que un jurado puede otorgar por p\u00e9rdida de ingresos, gastos m\u00e9dicos y otros da\u00f1os.<\/p>\n<p><strong>Como los abogados de Negligencia M\u00e9dica del Grupo Legal Fern\u00e1ndez han ayudado a personas en Missouri&nbsp; <\/strong><\/p>\n<p>Acuerdo por $7 millones en el caso de un ni\u00f1o que sufri\u00f3 da\u00f1o cerebral debido a la falta de diagn\u00f3stico y tratamiento de una embolia pulmonar<\/p>\n<p>Acuerdo por $3 millones en el caso de un hombre paralizado debido a que no se le diagnostic\u00f3 ni trat\u00f3 una infecci\u00f3n de la columna<\/p>\n<p>Acuerdo por $1,2 millones en el caso de un hombre que sufri\u00f3 una lesi\u00f3n cerebral despu\u00e9s de que el personal de la sala de emergencias no reconociera un derrame cerebral en desarrollo.<\/p>\n<p>$800,000 en el caso de una mujer ciega de un ojo por no tratar una infecci\u00f3n ocular<\/p>\n<p>El equipo legal Fern\u00e1ndez tiene m\u00e1s de 30 a\u00f1os de experiencia investigando y procesando reclamos por negligencia m\u00e9dica. Nuestros abogados de negligencia m\u00e9dica est\u00e1n decididos a lograr que nuestros clientes obtengan la compensaci\u00f3n que merecen.<\/p>\n<p>Si ha sufrido un error por parte de un proveedor de atenci\u00f3n m\u00e9dica, p\u00f3ngase en contacto para programar su consulta gratuita.<\/p>\n<p><a class=\"myButton\" href=\"https:\/\/stltriallawyers.com\/es\/contactenos-hoy\/\"><span style=\"font-weight: 400;\">AGENDAR UNA EVALUCION GRATUITA DE SU CASO<\/span><\/a><\/p>\n<hr>\n<p>\u201c<em>Gonzalo Fern\u00e1ndez hizo un gran trabajo representando a nuestro hijo en un caso complejo de negligencia m\u00e9dica. Su caso dur\u00f3 m\u00e1s de dos a\u00f1os y durante todo el tiempo \u201cGonz\u201d nos mantuvo informados y actualizados. El trabajo incansable que hicieron \u201cGonz\u201d y su firma legal nos brind\u00f3 un futuro para nuestro hijo y un alivio emocional y financiero para toda la familia. Recomendamos ampliamente a \u201cGonz\u201d y su firma de abogados a cualquiera que necesite representaci\u00f3n legal profesional en el complicado mundo de la medicina.\u201d<\/em><\/p>\n<p><em>&#8211; Steve<\/em><\/p>\n<hr>\n<h2><strong>PERMITANOS TRABAJAR PARA USTED<\/strong><\/h2>\n<p>En el peor caso de Negligencia M\u00e9dica \u2013 en el cual la victima ha sufrido da\u00f1o o lesi\u00f3n a su medula espinal y est\u00e1 confrontando discapacidad por el resto de su vida y tratamiento continuo como tambi\u00e9n necesidades de rehabilitaci\u00f3n &#8211; Logramos resultados sobresalientes para nuestros clientes a trav\u00e9s de nuestra capacidad de documentar consecuencias y gastos espec\u00edficos a largo plazo, incluso bajo la ley actual.<\/p>\n<p>Esperamos altos est\u00e1ndares de atenci\u00f3n por parte de m\u00e9dicos y proveedores m\u00e9dicos. Haremos que los proveedores m\u00e9dicos cumplan con ese est\u00e1ndar y buscaremos la m\u00e1xima compensaci\u00f3n para usted. Cont\u00e1ctenos hoy para programar una consulta gratuita para discutir su caso.<\/p>\n<p>Llame al 314-433-9131 o al n\u00famero gratuito 866-285-4611 para averiguar el valor potencial de su demanda. Estamos listos para ayudarlo a obtener la compensaci\u00f3n que se merece.<\/p>\n<p>Programe una evaluaci\u00f3n gratuita de su caso<\/p>\n<p><strong>Llama al 314.443.9131 \/\/ 701 Market Street, SUITE 1425 \/\/ ST. <\/strong><strong>LOUIS, MO 6301 \/\/ Mapa y Direcciones.<\/strong><\/p>\n","protected":false},"excerpt":{"rendered":"<p>Doctores, enfermeras, hospitales y T\u00e9cnicos en Medicina est\u00e1n supuestos a hacerlo sentir bien. Cuando sus malas decisiones causan da\u00f1o, usted tiene derecho a una compensaci\u00f3n por los errores. Un abogado especializado en negligencia m\u00e9dica puede ayudarle a obtener la restituci\u00f3n que se merece. No tiene que vivir con las consecuencias de la negligencia m\u00e9dica. En &#8230; <\/p>\n<p class=\"read-more-container\"><a title=\"Abogados en St. Louis, Para  Casos de Negligencia Medica\" class=\"read-more button\" href=\"https:\/\/stltriallawyers.com\/es\/abogados-en-st-louis-especializados-en-casos-de-muerte-no-justificada\/#more-4466\" aria-label=\"Leer m\u00e1s sobre Abogados en St. Louis, Para  Casos de Negligencia Medica\">Leer m\u00e1s<\/a><\/p>\n","protected":false},"author":8,"featured_media":0,"parent":0,"menu_order":0,"comment_status":"closed","ping_status":"closed","template":"","meta":{"inline_featured_image":false,"ngg_post_thumbnail":0,"footnotes":""},"class_list":["post-4466","page","type-page","status-publish"],"yoast_head":"<!-- This site is optimized with the Yoast SEO Premium plugin v22.4 (Yoast SEO v26.7) - https:\/\/yoast.com\/wordpress\/plugins\/seo\/ -->\n<title>Abogados en St. Louis, Para Casos de Negligencia Medica - St. Louis Trial Lawyers<\/title>\n<meta name=\"robots\" content=\"index, follow, max-snippet:-1, max-image-preview:large, max-video-preview:-1\" \/>\n<link rel=\"canonical\" href=\"https:\/\/stltriallawyers.com\/es\/abogados-en-st-louis-especializados-en-casos-de-muerte-no-justificada\/\" \/>\n<meta property=\"og:locale\" content=\"es_ES\" \/>\n<meta property=\"og:type\" content=\"article\" \/>\n<meta property=\"og:title\" content=\"Abogados en St. Louis, Para Casos de Negligencia Medica\" \/>\n<meta property=\"og:description\" content=\"Doctores, enfermeras, hospitales y T\u00e9cnicos en Medicina est\u00e1n supuestos a hacerlo sentir bien. Cuando sus malas decisiones causan da\u00f1o, usted tiene derecho a una compensaci\u00f3n por los errores. Un abogado especializado en negligencia m\u00e9dica puede ayudarle a obtener la restituci\u00f3n que se merece. No tiene que vivir con las consecuencias de la negligencia m\u00e9dica. En ... Leer m\u00e1s\" \/>\n<meta property=\"og:url\" content=\"https:\/\/stltriallawyers.com\/es\/abogados-en-st-louis-especializados-en-casos-de-muerte-no-justificada\/\" \/>\n<meta property=\"og:site_name\" content=\"St. Louis Trial Lawyers\" \/>\n<meta property=\"article:modified_time\" content=\"2025-02-08T20:57:33+00:00\" \/>\n<meta name=\"twitter:label1\" content=\"Tiempo de lectura\" \/>\n\t<meta name=\"twitter:data1\" content=\"9 minutos\" \/>\n<script type=\"application\/ld+json\" class=\"yoast-schema-graph\">{\"@context\":\"https:\/\/schema.org\",\"@graph\":[{\"@type\":\"WebPage\",\"@id\":\"https:\/\/stltriallawyers.com\/es\/abogados-en-st-louis-especializados-en-casos-de-muerte-no-justificada\/\",\"url\":\"https:\/\/stltriallawyers.com\/es\/abogados-en-st-louis-especializados-en-casos-de-muerte-no-justificada\/\",\"name\":\"Abogados en St. Louis, Para Casos de Negligencia Medica - St. Louis Trial Lawyers\",\"isPartOf\":{\"@id\":\"https:\/\/stltriallawyers.com\/#website\"},\"datePublished\":\"2019-04-04T17:18:00+00:00\",\"dateModified\":\"2025-02-08T20:57:33+00:00\",\"breadcrumb\":{\"@id\":\"https:\/\/stltriallawyers.com\/es\/abogados-en-st-louis-especializados-en-casos-de-muerte-no-justificada\/#breadcrumb\"},\"inLanguage\":\"es\",\"potentialAction\":[{\"@type\":\"ReadAction\",\"target\":[\"https:\/\/stltriallawyers.com\/es\/abogados-en-st-louis-especializados-en-casos-de-muerte-no-justificada\/\"]}]},{\"@type\":\"BreadcrumbList\",\"@id\":\"https:\/\/stltriallawyers.com\/es\/abogados-en-st-louis-especializados-en-casos-de-muerte-no-justificada\/#breadcrumb\",\"itemListElement\":[{\"@type\":\"ListItem\",\"position\":1,\"name\":\"Home\",\"item\":\"https:\/\/stltriallawyers.com\/es\/\"},{\"@type\":\"ListItem\",\"position\":2,\"name\":\"Abogados en St. Louis, Para Casos de Negligencia Medica\"}]},{\"@type\":\"WebSite\",\"@id\":\"https:\/\/stltriallawyers.com\/#website\",\"url\":\"https:\/\/stltriallawyers.com\/\",\"name\":\"St. Louis Trial Lawyers\",\"description\":\"\",\"publisher\":{\"@id\":\"https:\/\/stltriallawyers.com\/#organization\"},\"potentialAction\":[{\"@type\":\"SearchAction\",\"target\":{\"@type\":\"EntryPoint\",\"urlTemplate\":\"https:\/\/stltriallawyers.com\/?s={search_term_string}\"},\"query-input\":{\"@type\":\"PropertyValueSpecification\",\"valueRequired\":true,\"valueName\":\"search_term_string\"}}],\"inLanguage\":\"es\"},{\"@type\":[\"Organization\",\"Place\"],\"@id\":\"https:\/\/stltriallawyers.com\/#organization\",\"name\":\"Fernandez Law, LLC\",\"url\":\"https:\/\/stltriallawyers.com\/\",\"logo\":{\"@id\":\"https:\/\/stltriallawyers.com\/es\/abogados-en-st-louis-especializados-en-casos-de-muerte-no-justificada\/#local-main-organization-logo\"},\"image\":{\"@id\":\"https:\/\/stltriallawyers.com\/es\/abogados-en-st-louis-especializados-en-casos-de-muerte-no-justificada\/#local-main-organization-logo\"},\"telephone\":[],\"openingHoursSpecification\":[{\"@type\":\"OpeningHoursSpecification\",\"dayOfWeek\":[\"Monday\",\"Tuesday\",\"Wednesday\",\"Thursday\",\"Friday\",\"Saturday\",\"Sunday\"],\"opens\":\"09:00\",\"closes\":\"17:00\"}]},{\"@type\":\"ImageObject\",\"inLanguage\":\"es\",\"@id\":\"https:\/\/stltriallawyers.com\/es\/abogados-en-st-louis-especializados-en-casos-de-muerte-no-justificada\/#local-main-organization-logo\",\"url\":\"https:\/\/stltriallawyers.com\/wp-content\/uploads\/Logo.jpg\",\"contentUrl\":\"https:\/\/stltriallawyers.com\/wp-content\/uploads\/Logo.jpg\",\"width\":1084,\"height\":284,\"caption\":\"Fernandez Law, LLC\"}]}<\/script>\n<!-- \/ Yoast SEO Premium plugin. -->","yoast_head_json":{"title":"Abogados en St. Louis, Para Casos de Negligencia Medica - St. Louis Trial Lawyers","robots":{"index":"index","follow":"follow","max-snippet":"max-snippet:-1","max-image-preview":"max-image-preview:large","max-video-preview":"max-video-preview:-1"},"canonical":"https:\/\/stltriallawyers.com\/es\/abogados-en-st-louis-especializados-en-casos-de-muerte-no-justificada\/","og_locale":"es_ES","og_type":"article","og_title":"Abogados en St. Louis, Para Casos de Negligencia Medica","og_description":"Doctores, enfermeras, hospitales y T\u00e9cnicos en Medicina est\u00e1n supuestos a hacerlo sentir bien. Cuando sus malas decisiones causan da\u00f1o, usted tiene derecho a una compensaci\u00f3n por los errores. Un abogado especializado en negligencia m\u00e9dica puede ayudarle a obtener la restituci\u00f3n que se merece. No tiene que vivir con las consecuencias de la negligencia m\u00e9dica. En ... Leer m\u00e1s","og_url":"https:\/\/stltriallawyers.com\/es\/abogados-en-st-louis-especializados-en-casos-de-muerte-no-justificada\/","og_site_name":"St. Louis Trial Lawyers","article_modified_time":"2025-02-08T20:57:33+00:00","twitter_misc":{"Tiempo de lectura":"9 minutos"},"schema":{"@context":"https:\/\/schema.org","@graph":[{"@type":"WebPage","@id":"https:\/\/stltriallawyers.com\/es\/abogados-en-st-louis-especializados-en-casos-de-muerte-no-justificada\/","url":"https:\/\/stltriallawyers.com\/es\/abogados-en-st-louis-especializados-en-casos-de-muerte-no-justificada\/","name":"Abogados en St. Louis, Para Casos de Negligencia Medica - St. Louis Trial Lawyers","isPartOf":{"@id":"https:\/\/stltriallawyers.com\/#website"},"datePublished":"2019-04-04T17:18:00+00:00","dateModified":"2025-02-08T20:57:33+00:00","breadcrumb":{"@id":"https:\/\/stltriallawyers.com\/es\/abogados-en-st-louis-especializados-en-casos-de-muerte-no-justificada\/#breadcrumb"},"inLanguage":"es","potentialAction":[{"@type":"ReadAction","target":["https:\/\/stltriallawyers.com\/es\/abogados-en-st-louis-especializados-en-casos-de-muerte-no-justificada\/"]}]},{"@type":"BreadcrumbList","@id":"https:\/\/stltriallawyers.com\/es\/abogados-en-st-louis-especializados-en-casos-de-muerte-no-justificada\/#breadcrumb","itemListElement":[{"@type":"ListItem","position":1,"name":"Home","item":"https:\/\/stltriallawyers.com\/es\/"},{"@type":"ListItem","position":2,"name":"Abogados en St. Louis, Para Casos de Negligencia Medica"}]},{"@type":"WebSite","@id":"https:\/\/stltriallawyers.com\/#website","url":"https:\/\/stltriallawyers.com\/","name":"St. Louis Trial Lawyers","description":"","publisher":{"@id":"https:\/\/stltriallawyers.com\/#organization"},"potentialAction":[{"@type":"SearchAction","target":{"@type":"EntryPoint","urlTemplate":"https:\/\/stltriallawyers.com\/?s={search_term_string}"},"query-input":{"@type":"PropertyValueSpecification","valueRequired":true,"valueName":"search_term_string"}}],"inLanguage":"es"},{"@type":["Organization","Place"],"@id":"https:\/\/stltriallawyers.com\/#organization","name":"Fernandez Law, LLC","url":"https:\/\/stltriallawyers.com\/","logo":{"@id":"https:\/\/stltriallawyers.com\/es\/abogados-en-st-louis-especializados-en-casos-de-muerte-no-justificada\/#local-main-organization-logo"},"image":{"@id":"https:\/\/stltriallawyers.com\/es\/abogados-en-st-louis-especializados-en-casos-de-muerte-no-justificada\/#local-main-organization-logo"},"telephone":[],"openingHoursSpecification":[{"@type":"OpeningHoursSpecification","dayOfWeek":["Monday","Tuesday","Wednesday","Thursday","Friday","Saturday","Sunday"],"opens":"09:00","closes":"17:00"}]},{"@type":"ImageObject","inLanguage":"es","@id":"https:\/\/stltriallawyers.com\/es\/abogados-en-st-louis-especializados-en-casos-de-muerte-no-justificada\/#local-main-organization-logo","url":"https:\/\/stltriallawyers.com\/wp-content\/uploads\/Logo.jpg","contentUrl":"https:\/\/stltriallawyers.com\/wp-content\/uploads\/Logo.jpg","width":1084,"height":284,"caption":"Fernandez Law, LLC"}]}},"_links":{"self":[{"href":"https:\/\/stltriallawyers.com\/es\/wp-json\/wp\/v2\/pages\/4466","targetHints":{"allow":["GET"]}}],"collection":[{"href":"https:\/\/stltriallawyers.com\/es\/wp-json\/wp\/v2\/pages"}],"about":[{"href":"https:\/\/stltriallawyers.com\/es\/wp-json\/wp\/v2\/types\/page"}],"author":[{"embeddable":true,"href":"https:\/\/stltriallawyers.com\/es\/wp-json\/wp\/v2\/users\/8"}],"replies":[{"embeddable":true,"href":"https:\/\/stltriallawyers.com\/es\/wp-json\/wp\/v2\/comments?post=4466"}],"version-history":[{"count":5,"href":"https:\/\/stltriallawyers.com\/es\/wp-json\/wp\/v2\/pages\/4466\/revisions"}],"predecessor-version":[{"id":9740,"href":"https:\/\/stltriallawyers.com\/es\/wp-json\/wp\/v2\/pages\/4466\/revisions\/9740"}],"wp:attachment":[{"href":"https:\/\/stltriallawyers.com\/es\/wp-json\/wp\/v2\/media?parent=4466"}],"curies":[{"name":"wp","href":"https:\/\/api.w.org\/{rel}","templated":true}]}}