{"id":4470,"date":"2019-04-04T12:48:12","date_gmt":"2019-04-04T17:48:12","guid":{"rendered":"http:\/\/www.new.stltriallawyers.com\/?page_id=4470"},"modified":"2025-02-08T14:56:46","modified_gmt":"2025-02-08T20:56:46","slug":"abogados-en-st-louis-especializados-en-accidentes-de-carros","status":"publish","type":"page","link":"https:\/\/stltriallawyers.com\/es\/abogados-en-st-louis-especializados-en-accidentes-de-carros\/","title":{"rendered":"ABOGADO EN CASO DE ACCIDENTE DE AUTOMOVIL"},"content":{"rendered":"<p><span style=\"font-weight: 400;\">En la Oficina de Log\u00edstica y Representaci\u00f3n Legal Fern\u00e1ndez, sabemos cual importante es tener de su lado a un abogado experto en accidentes de carros.&nbsp;&nbsp;<\/span><\/p>\n<p><span style=\"font-weight: 400;\">Hemos manejado estos casos complejos por m\u00e1s de 30 a\u00f1os en el \u00e1rea de Saint Louis por tanto podemos ayudarlo a usted o a su ser querido a obtener la compensaci\u00f3n que usted merece.&nbsp;<\/span><\/p>\n<p><span style=\"font-weight: 400;\">Muchos conductores experimentaran alguna abolladura en sus guardafangos durante alg\u00fan momento sobre la carretera.&nbsp; Sin embargo, si usted ha estado envuelto en un accidente automovil\u00edstico grave que ha conllevado a lesiones que atenten contra su vida o de incapacidad permanente, usted no deber\u00eda de tener que manejar cuentas medicas costosas ni tener que lidiar con las confusas demandas del seguro usted solo.&nbsp;<\/span><\/p>\n<p><span style=\"font-weight: 400;\">Mientras usted se concentra en buscar el tratamiento m\u00e9dico, el recobro de las lesiones, y el arreglo de los da\u00f1os de su propiedad, nuestro equipo legal se encargar\u00e1 de todo asunto relacionado con las compa\u00f1\u00edas de seguros trabajando con gran empe\u00f1o para establecer la responsabilidad de las partes negligentes. Estamos listos para tomar su caso de accidente automovil\u00edstico.&nbsp;<\/span><\/p>\n<p><span style=\"font-weight: 400;\">Llame a 314-433-9131 oprima el bot\u00f3n de abajo para contactarnos y hablar con un abogado.<\/span><\/p>\n<p>&nbsp;<\/p>\n<h2><b>\u00bfPORQUE DEBERIA YO CONTRATAR UN ABOGADO DESPUES DE UN ACCIDENTE AUTOMOVILISTICO? <\/b><\/h2>\n<p><span style=\"font-weight: 400;\">Sufrir un accidente de coche es abrumador y estresante.&nbsp; Nuestros abogados expertos en lesiones personales pueden asistirlo de las siguientes maneras:<\/span><\/p>\n<ul>\n<li style=\"font-weight: 400;\" aria-level=\"1\"><span style=\"font-weight: 400;\">Ayud\u00e1ndole a resolver los reclamos del seguro<\/span><\/li>\n<li style=\"font-weight: 400;\" aria-level=\"1\"><span style=\"font-weight: 400;\">Estableciendo la responsabilidad de las partes negligentes por los da\u00f1os<\/span><\/li>\n<li style=\"font-weight: 400;\" aria-level=\"1\"><span style=\"font-weight: 400;\">Obteniendo compensaci\u00f3n por da\u00f1os emocionales \/ dolor y sufrimiento<\/span><\/li>\n<li style=\"font-weight: 400;\" aria-level=\"1\"><span style=\"font-weight: 400;\">Recibiendo ayuda en el pago de facturas por gastos m\u00e9dicos pasados y futuros<\/span><\/li>\n<li style=\"font-weight: 400;\" aria-level=\"1\"><span style=\"font-weight: 400;\">Proveyendo asesoramiento legal.<\/span><\/li>\n<\/ul>\n<h3><span style=\"font-weight: 400;\">QUE TIPOS DE CASOS ATENDEMOS?&nbsp;<\/span><\/h3>\n<p><span style=\"font-weight: 400;\">Proveemos representaci\u00f3n legal a v\u00edctimas de accidentes de autom\u00f3vil ayud\u00e1ndoles a obtener compensaci\u00f3n en accidentes por diversas causas, pero sin limitarse a lo siguiente:&nbsp;<\/span><\/p>\n<p><b>Accidentes que Envuelven Conducci\u00f3n en Estado Ebrio.&nbsp;&nbsp;<\/b><\/p>\n<p><span style=\"font-weight: 400;\">Un accidente de autom\u00f3vil causado por un c<\/span><b><i>onductor en estado de embriaguez<\/i><\/b><span style=\"font-weight: 400;\"> o bajo la influencia de drogas puede alterar su vida para siempre.&nbsp; Un seguimiento al arresto de su accidente por causa de conducci\u00f3n en estado ebrio o bajo la influencia de drogas es tan solo un ejemplo de la clase de investigaci\u00f3n profunda que el Equipo legal Fern\u00e1ndez esta preparado a llevar a cabo.&nbsp;<\/span><\/p>\n<p><span style=\"font-weight: 400;\">Existen estatutos espec\u00edficos en Missouri e Illinois llamados \u201cDram Shop Laws\u201d (leyes de expendio de trago) las cuales son directrices en cuanto a la responsabilidad que tienen los bares y restaurantes de suspender el servicio de alcohol a una persona que obviamente se encuentra intoxicada, quien pudiera continuar a causar lesiones a alguna otra persona. &nbsp; Adicionalmente, si el conductor intoxicado esta trabajando o posee una p\u00f3liza de propiedad de su casa, es posible que pueda haber seguro del lugar de trabajo o cualquier otra p\u00f3liza de seguro a la disposici\u00f3n para compensarlo a usted.&nbsp;<\/span><\/p>\n<p><b>Conductores Desasegurados \/ Conductores Insuficientemente Asegurados<\/b><\/p>\n<p><span style=\"font-weight: 400;\">Cada estado tiene requisitos mandatorios m\u00ednimos de seguro. Para registrar un veh\u00edculo, usted tiene que mostrar que ha comprado un seguro equivalente al m\u00ednimo requerido si acaso usted sufriera un accidente. &nbsp; Si usted es golpeado por un conductor no asegurado, o si un veh\u00edculo no identificado es responsable de su accidente, usted puede hacer un reclamo por \u201cconductor no asegurado\u201d (UM = CNA) amparado por su propia p\u00f3liza de seguro.&nbsp;<\/span><\/p>\n<p><b>Mensajeando Mientras Conduces un Veh\u00edculo \/ \u201cTexteando\u201d y Conduciendo<\/b><\/p>\n<p><span style=\"font-weight: 400;\">Estudios de investigaci\u00f3n han mostrado que el usar un celular mientras se conduce un veh\u00edculo puede causar tantos accidentes como el conducir bajo la influencia del alcohol.&nbsp; Nuestro equipo legal puede trabajar con investigadores para descubrir si el conductor del otro veh\u00edculo estaba distra\u00eddo en una conversaci\u00f3n por celular, un intercambio de mensajes, o alguna otra cosa afuera del veh\u00edculo.&nbsp; Esta informaci\u00f3n es clave en nuestra b\u00fasqueda de indemnizaci\u00f3n por sus lesiones, dolor y sufrimiento.&nbsp;<\/span><\/p>\n<p><b>Colisiones de Frente<\/b><\/p>\n<p><span style=\"font-weight: 400;\">Algunas de las lesiones mas amenazantes contra la vida son aquellas que resultan de colisiones frontales.&nbsp; Este tipo de accidentes de automotores son extremadamente peligrosas debido al alto impacto y velocidad asociados frecuentemente con el choque.&nbsp; Mas com\u00fanmente son lesiones a la cabeza y el cerebro.&nbsp; Cuando estas lesiones son suficientemente serias, las lesiones a la cabeza y el cerebro causan da\u00f1o permanente, conllevando a una rehabilitaci\u00f3n m\u00e1s extensiva y necesidades de cuidados posoperatorios.&nbsp; Investigaremos a fondo la causa de su colisi\u00f3n frontal y responsabilizaremos a todas las partes negligentes por sus acciones.<\/span><\/p>\n<p><b>Otros Casos de Accidentes<\/b><span style=\"font-weight: 400;\">&nbsp;&nbsp;&nbsp;&nbsp;&nbsp;&nbsp;&nbsp;&nbsp;&nbsp;<\/span><\/p>\n<p><span style=\"font-weight: 400;\">Nuestra Firma Legal maneja tambi\u00e9n gran variedad de casos de lesiones personales, incluyendo <\/span><i><span style=\"font-weight: 400;\">accidentes de camiones, negligencia m\u00e9dica,<\/span><\/i><span style=\"font-weight: 400;\"> y <\/span><i><span style=\"font-weight: 400;\">lesiones catastr\u00f3ficas. <\/span><\/i><span style=\"font-weight: 400;\">Colisiones de veh\u00edculos pueden ser complejas; si su caso envuelve un accidente con un cami\u00f3n, o lesiones severas, estamos aqu\u00ed para ayudarlo.&nbsp;<\/span><\/p>\n<p><b>Cuanto es el Valor de su Reclamo por su Accidente de Autom\u00f3vil?<\/b><\/p>\n<p><span style=\"font-weight: 400;\">Cada accidente es diferente.&nbsp; La indemnizaci\u00f3n por da\u00f1os depende de una variedad de factores, incluyendo el costo de las facturas por tratamiento m\u00e9dico, y el tipo de lesiones.&nbsp;<\/span><\/p>\n<p><span style=\"font-weight: 400;\">\u201c \u2026 Un amigo m\u00edo me recomend\u00f3 a Gonzalo (\u00abGonz\u00bb) Fern\u00e1ndez despu\u00e9s de que tuve un accidente automovil\u00edstico y haber luchado con la compa\u00f1\u00eda de seguros durante varios meses. Finalmente me di cuenta de que necesitaba contratar un asesor legal. Fue fabuloso trabajar con \u201cGonz\u201d. Desde nuestra reuni\u00f3n inicial, supe que \u00e9l era la persona adecuada. Fue siempre agradable, honesto, justo y colaborador.&nbsp; Siempre se comunic\u00f3 conmigo a tiempo, me mantuvo informado durante esos \u00abtiempos de espera\u00bb, me llam\u00f3 o me envi\u00f3 un correo electr\u00f3nico personalmente (en lugar de que lo hiciera un asistente) y se hizo cargo de todo.&nbsp; Me dio excelentes consejos y confi\u00e9 completamente en \u00e9l.&nbsp;<\/span><\/p>\n<p><span style=\"font-weight: 400;\">Me dej\u00f3 tomar mis propias decisiones, pero me ayud\u00f3 constantemente a evaluar los pros y los contras de cualquier elecci\u00f3n que enfrentara.&nbsp; Lo digo con 100 por ciento de certeza: mi acuerdo final fue mucho m\u00e1s de lo que habr\u00eda recibido si hubiera intentado este proceso solo.&nbsp; Lo recomendar\u00eda en un abrir y cerrar de ojos \u2026 \u201c&nbsp;<\/span><\/p>\n<p><b>CONTACTE A NUESTRO EQUIPO LEGAL<\/b><\/p>\n<p><span style=\"font-weight: 400;\">Para hablar con uno de nuestros abogados, contacte a la Firma Legal Fern\u00e1ndez.&nbsp; Llame al 314-443-9131 o llame gratis al 866-285-4611 para averiguar cuanto es el valor de su reclamo. Estamos listos para ayudarlo a obtener la compensaci\u00f3n que usted se merece. <\/span><\/p>\n<p><a class=\"myButton\" href=\"https:\/\/stltriallawyers.com\/es\/contactenos-hoy\/\"><span style=\"font-weight: 400;\">Agendar una cita para una evaluaci\u00f3n gratuita de su caso<\/span><\/a><\/p>\n<p><span style=\"font-weight: 400;\">Llama al 314-433-9131 \/\/ 133 South 11th Street, Suite 350 \/\/ Saint Louis Mo 63102 <\/span><\/p>\n<p>&nbsp;<\/p>\n","protected":false},"excerpt":{"rendered":"<p>En la Oficina de Log\u00edstica y Representaci\u00f3n Legal Fern\u00e1ndez, sabemos cual importante es tener de su lado a un abogado experto en accidentes de carros.&nbsp;&nbsp; Hemos manejado estos casos complejos por m\u00e1s de 30 a\u00f1os en el \u00e1rea de Saint Louis por tanto podemos ayudarlo a usted o a su ser querido a obtener la &#8230; <\/p>\n<p class=\"read-more-container\"><a title=\"ABOGADO EN CASO DE ACCIDENTE DE AUTOMOVIL\" class=\"read-more button\" href=\"https:\/\/stltriallawyers.com\/es\/abogados-en-st-louis-especializados-en-accidentes-de-carros\/#more-4470\" aria-label=\"Leer m\u00e1s sobre ABOGADO EN CASO DE ACCIDENTE DE AUTOMOVIL\">Leer m\u00e1s<\/a><\/p>\n","protected":false},"author":8,"featured_media":0,"parent":0,"menu_order":0,"comment_status":"closed","ping_status":"closed","template":"","meta":{"inline_featured_image":false,"ngg_post_thumbnail":0,"footnotes":""},"class_list":["post-4470","page","type-page","status-publish"],"yoast_head":"<!-- This site is optimized with the Yoast SEO Premium plugin v22.4 (Yoast SEO v26.7) - https:\/\/yoast.com\/wordpress\/plugins\/seo\/ -->\n<title>ABOGADO EN CASO DE ACCIDENTE DE AUTOMOVIL - St. Louis Trial Lawyers<\/title>\n<meta name=\"robots\" content=\"index, follow, max-snippet:-1, max-image-preview:large, max-video-preview:-1\" \/>\n<link rel=\"canonical\" href=\"https:\/\/stltriallawyers.com\/es\/abogados-en-st-louis-especializados-en-accidentes-de-carros\/\" \/>\n<meta property=\"og:locale\" content=\"es_ES\" \/>\n<meta property=\"og:type\" content=\"article\" \/>\n<meta property=\"og:title\" content=\"ABOGADO EN CASO DE ACCIDENTE DE AUTOMOVIL\" \/>\n<meta property=\"og:description\" content=\"En la Oficina de Log\u00edstica y Representaci\u00f3n Legal Fern\u00e1ndez, sabemos cual importante es tener de su lado a un abogado experto en accidentes de carros.&nbsp;&nbsp; Hemos manejado estos casos complejos por m\u00e1s de 30 a\u00f1os en el \u00e1rea de Saint Louis por tanto podemos ayudarlo a usted o a su ser querido a obtener la ... Leer m\u00e1s\" \/>\n<meta property=\"og:url\" content=\"https:\/\/stltriallawyers.com\/es\/abogados-en-st-louis-especializados-en-accidentes-de-carros\/\" \/>\n<meta property=\"og:site_name\" content=\"St. Louis Trial Lawyers\" \/>\n<meta property=\"article:modified_time\" content=\"2025-02-08T20:56:46+00:00\" \/>\n<meta name=\"twitter:label1\" content=\"Tiempo de lectura\" \/>\n\t<meta name=\"twitter:data1\" content=\"5 minutos\" \/>\n<script type=\"application\/ld+json\" class=\"yoast-schema-graph\">{\"@context\":\"https:\/\/schema.org\",\"@graph\":[{\"@type\":\"WebPage\",\"@id\":\"https:\/\/stltriallawyers.com\/es\/abogados-en-st-louis-especializados-en-accidentes-de-carros\/\",\"url\":\"https:\/\/stltriallawyers.com\/es\/abogados-en-st-louis-especializados-en-accidentes-de-carros\/\",\"name\":\"ABOGADO EN CASO DE ACCIDENTE DE AUTOMOVIL - St. Louis Trial Lawyers\",\"isPartOf\":{\"@id\":\"https:\/\/stltriallawyers.com\/#website\"},\"datePublished\":\"2019-04-04T17:48:12+00:00\",\"dateModified\":\"2025-02-08T20:56:46+00:00\",\"breadcrumb\":{\"@id\":\"https:\/\/stltriallawyers.com\/es\/abogados-en-st-louis-especializados-en-accidentes-de-carros\/#breadcrumb\"},\"inLanguage\":\"es\",\"potentialAction\":[{\"@type\":\"ReadAction\",\"target\":[\"https:\/\/stltriallawyers.com\/es\/abogados-en-st-louis-especializados-en-accidentes-de-carros\/\"]}]},{\"@type\":\"BreadcrumbList\",\"@id\":\"https:\/\/stltriallawyers.com\/es\/abogados-en-st-louis-especializados-en-accidentes-de-carros\/#breadcrumb\",\"itemListElement\":[{\"@type\":\"ListItem\",\"position\":1,\"name\":\"Home\",\"item\":\"https:\/\/stltriallawyers.com\/es\/\"},{\"@type\":\"ListItem\",\"position\":2,\"name\":\"ABOGADO EN CASO DE ACCIDENTE DE AUTOMOVIL\"}]},{\"@type\":\"WebSite\",\"@id\":\"https:\/\/stltriallawyers.com\/#website\",\"url\":\"https:\/\/stltriallawyers.com\/\",\"name\":\"St. Louis Trial Lawyers\",\"description\":\"\",\"publisher\":{\"@id\":\"https:\/\/stltriallawyers.com\/#organization\"},\"potentialAction\":[{\"@type\":\"SearchAction\",\"target\":{\"@type\":\"EntryPoint\",\"urlTemplate\":\"https:\/\/stltriallawyers.com\/?s={search_term_string}\"},\"query-input\":{\"@type\":\"PropertyValueSpecification\",\"valueRequired\":true,\"valueName\":\"search_term_string\"}}],\"inLanguage\":\"es\"},{\"@type\":[\"Organization\",\"Place\"],\"@id\":\"https:\/\/stltriallawyers.com\/#organization\",\"name\":\"Fernandez Law, LLC\",\"url\":\"https:\/\/stltriallawyers.com\/\",\"logo\":{\"@id\":\"https:\/\/stltriallawyers.com\/es\/abogados-en-st-louis-especializados-en-accidentes-de-carros\/#local-main-organization-logo\"},\"image\":{\"@id\":\"https:\/\/stltriallawyers.com\/es\/abogados-en-st-louis-especializados-en-accidentes-de-carros\/#local-main-organization-logo\"},\"telephone\":[],\"openingHoursSpecification\":[{\"@type\":\"OpeningHoursSpecification\",\"dayOfWeek\":[\"Monday\",\"Tuesday\",\"Wednesday\",\"Thursday\",\"Friday\",\"Saturday\",\"Sunday\"],\"opens\":\"09:00\",\"closes\":\"17:00\"}]},{\"@type\":\"ImageObject\",\"inLanguage\":\"es\",\"@id\":\"https:\/\/stltriallawyers.com\/es\/abogados-en-st-louis-especializados-en-accidentes-de-carros\/#local-main-organization-logo\",\"url\":\"https:\/\/stltriallawyers.com\/wp-content\/uploads\/Logo.jpg\",\"contentUrl\":\"https:\/\/stltriallawyers.com\/wp-content\/uploads\/Logo.jpg\",\"width\":1084,\"height\":284,\"caption\":\"Fernandez Law, LLC\"}]}<\/script>\n<!-- \/ Yoast SEO Premium plugin. -->","yoast_head_json":{"title":"ABOGADO EN CASO DE ACCIDENTE DE AUTOMOVIL - St. Louis Trial Lawyers","robots":{"index":"index","follow":"follow","max-snippet":"max-snippet:-1","max-image-preview":"max-image-preview:large","max-video-preview":"max-video-preview:-1"},"canonical":"https:\/\/stltriallawyers.com\/es\/abogados-en-st-louis-especializados-en-accidentes-de-carros\/","og_locale":"es_ES","og_type":"article","og_title":"ABOGADO EN CASO DE ACCIDENTE DE AUTOMOVIL","og_description":"En la Oficina de Log\u00edstica y Representaci\u00f3n Legal Fern\u00e1ndez, sabemos cual importante es tener de su lado a un abogado experto en accidentes de carros.&nbsp;&nbsp; Hemos manejado estos casos complejos por m\u00e1s de 30 a\u00f1os en el \u00e1rea de Saint Louis por tanto podemos ayudarlo a usted o a su ser querido a obtener la ... Leer m\u00e1s","og_url":"https:\/\/stltriallawyers.com\/es\/abogados-en-st-louis-especializados-en-accidentes-de-carros\/","og_site_name":"St. Louis Trial Lawyers","article_modified_time":"2025-02-08T20:56:46+00:00","twitter_misc":{"Tiempo de lectura":"5 minutos"},"schema":{"@context":"https:\/\/schema.org","@graph":[{"@type":"WebPage","@id":"https:\/\/stltriallawyers.com\/es\/abogados-en-st-louis-especializados-en-accidentes-de-carros\/","url":"https:\/\/stltriallawyers.com\/es\/abogados-en-st-louis-especializados-en-accidentes-de-carros\/","name":"ABOGADO EN CASO DE ACCIDENTE DE AUTOMOVIL - St. Louis Trial Lawyers","isPartOf":{"@id":"https:\/\/stltriallawyers.com\/#website"},"datePublished":"2019-04-04T17:48:12+00:00","dateModified":"2025-02-08T20:56:46+00:00","breadcrumb":{"@id":"https:\/\/stltriallawyers.com\/es\/abogados-en-st-louis-especializados-en-accidentes-de-carros\/#breadcrumb"},"inLanguage":"es","potentialAction":[{"@type":"ReadAction","target":["https:\/\/stltriallawyers.com\/es\/abogados-en-st-louis-especializados-en-accidentes-de-carros\/"]}]},{"@type":"BreadcrumbList","@id":"https:\/\/stltriallawyers.com\/es\/abogados-en-st-louis-especializados-en-accidentes-de-carros\/#breadcrumb","itemListElement":[{"@type":"ListItem","position":1,"name":"Home","item":"https:\/\/stltriallawyers.com\/es\/"},{"@type":"ListItem","position":2,"name":"ABOGADO EN CASO DE ACCIDENTE DE AUTOMOVIL"}]},{"@type":"WebSite","@id":"https:\/\/stltriallawyers.com\/#website","url":"https:\/\/stltriallawyers.com\/","name":"St. Louis Trial Lawyers","description":"","publisher":{"@id":"https:\/\/stltriallawyers.com\/#organization"},"potentialAction":[{"@type":"SearchAction","target":{"@type":"EntryPoint","urlTemplate":"https:\/\/stltriallawyers.com\/?s={search_term_string}"},"query-input":{"@type":"PropertyValueSpecification","valueRequired":true,"valueName":"search_term_string"}}],"inLanguage":"es"},{"@type":["Organization","Place"],"@id":"https:\/\/stltriallawyers.com\/#organization","name":"Fernandez Law, LLC","url":"https:\/\/stltriallawyers.com\/","logo":{"@id":"https:\/\/stltriallawyers.com\/es\/abogados-en-st-louis-especializados-en-accidentes-de-carros\/#local-main-organization-logo"},"image":{"@id":"https:\/\/stltriallawyers.com\/es\/abogados-en-st-louis-especializados-en-accidentes-de-carros\/#local-main-organization-logo"},"telephone":[],"openingHoursSpecification":[{"@type":"OpeningHoursSpecification","dayOfWeek":["Monday","Tuesday","Wednesday","Thursday","Friday","Saturday","Sunday"],"opens":"09:00","closes":"17:00"}]},{"@type":"ImageObject","inLanguage":"es","@id":"https:\/\/stltriallawyers.com\/es\/abogados-en-st-louis-especializados-en-accidentes-de-carros\/#local-main-organization-logo","url":"https:\/\/stltriallawyers.com\/wp-content\/uploads\/Logo.jpg","contentUrl":"https:\/\/stltriallawyers.com\/wp-content\/uploads\/Logo.jpg","width":1084,"height":284,"caption":"Fernandez Law, LLC"}]}},"_links":{"self":[{"href":"https:\/\/stltriallawyers.com\/es\/wp-json\/wp\/v2\/pages\/4470","targetHints":{"allow":["GET"]}}],"collection":[{"href":"https:\/\/stltriallawyers.com\/es\/wp-json\/wp\/v2\/pages"}],"about":[{"href":"https:\/\/stltriallawyers.com\/es\/wp-json\/wp\/v2\/types\/page"}],"author":[{"embeddable":true,"href":"https:\/\/stltriallawyers.com\/es\/wp-json\/wp\/v2\/users\/8"}],"replies":[{"embeddable":true,"href":"https:\/\/stltriallawyers.com\/es\/wp-json\/wp\/v2\/comments?post=4470"}],"version-history":[{"count":7,"href":"https:\/\/stltriallawyers.com\/es\/wp-json\/wp\/v2\/pages\/4470\/revisions"}],"predecessor-version":[{"id":9688,"href":"https:\/\/stltriallawyers.com\/es\/wp-json\/wp\/v2\/pages\/4470\/revisions\/9688"}],"wp:attachment":[{"href":"https:\/\/stltriallawyers.com\/es\/wp-json\/wp\/v2\/media?parent=4470"}],"curies":[{"name":"wp","href":"https:\/\/api.w.org\/{rel}","templated":true}]}}