{"id":4474,"date":"2019-04-04T13:03:17","date_gmt":"2019-04-04T18:03:17","guid":{"rendered":"http:\/\/www.new.stltriallawyers.com\/?page_id=4474"},"modified":"2025-02-08T14:59:20","modified_gmt":"2025-02-08T20:59:20","slug":"abogados-en-st-louis-especializados-en-mala-praxis-medica","status":"publish","type":"page","link":"https:\/\/stltriallawyers.com\/es\/abogados-en-st-louis-especializados-en-mala-praxis-medica\/","title":{"rendered":"Abogado en St. Louis Especializados en Mala Praxis Medica"},"content":{"rendered":"<p>La gran mayor\u00eda de los m\u00e9dicos y enfermeras hacen un gran trabajo y se preocupan profundamente por sus pacientes. Sin embargo, como en cualquier otra profesi\u00f3n, se cometen errores.<\/p>\n<p>Con m\u00e1s de 30 a\u00f1os de experiencia en la investigaci\u00f3n y el procesamiento de reclamos por negligencia m\u00e9dica, los abogado de <a href=\"https:\/\/stltriallawyers.com\/es\/nuestro-equipo\/\">Fern\u00e1ndez Law<\/a> brindan un servicio al cliente confiable e ingenioso en casos de negligencia m\u00e9dica. Nuestra experiencia con el litigio de casos de diagn\u00f3stico err\u00f3neo puede ayudar a garantizar que su caso se resuelva sobre la base de todas las pruebas, no solo los documentos que el asegurador de negligencia del demandado desea que usted vea.<\/p>\n<p>Debido a que los m\u00e9dicos no pueden tratar una afecci\u00f3n m\u00e9dica no identificada o mal identificada, cualquier falla para diagnosticar la condici\u00f3n del paciente correctamente y lo suficientemente pronto para un tratamiento efectivo puede tener consecuencias desastrosas para el paciente y su familia.<\/p>\n<p><a href=\"https:\/\/stltriallawyers.com\/es\/contactenos-hoy\/\">Cont\u00e1ctenos en St. Louis<\/a> para averiguar c\u00f3mo nuestra experiencia puede ayudarlo a usted o a sus seres queridos.<\/p>\n<h2>\u00bfQue es la Negligencia Medica?<\/h2>\n<p>La negligencia m\u00e9dica es una de las principales causas de muerte evitable en los EE. UU. La definici\u00f3n legal de negligencia m\u00e9dica, o mala praxis o mala pr\u00e1ctica m\u00e9dica, es cuando un profesional de la salud, al brindar atenci\u00f3n y tratamiento a un paciente, se desv\u00eda de lo que un profesional de la salud razonable y con antecedentes y formaci\u00f3n similar har\u00eda en circunstancias similares.<\/p>\n<p>La falta negligente de un m\u00e9dico para diagnosticar una enfermedad o lesi\u00f3n puede ocurrir en la sala de examen de un m\u00e9dico de familia, en la sala de emergencias de un hospital, en un laboratorio de radiolog\u00eda, en una sala de obstetricia o en una unidad de recuperaci\u00f3n postoperatoria.<\/p>\n<h2>\u00bfComo Sabe Si Usted Tiene un Caso?<\/h2>\n<p>Es posible que tenga una negligencia m\u00e9dica si un profesional de la medicina hubiera incurrido en cualquiera de lo siguiente:<\/p>\n<ul>\n<li>No se pudo diagnosticar oportunamente una condici\u00f3n o se diagnostic\u00f3 una condici\u00f3n inadecuadamente<\/li>\n<li>No se pudo tratar adecuadamente una condici\u00f3n<\/li>\n<li>Realiz\u00f3 cirug\u00edas innecesarias<\/li>\n<li>Errores cometidos de medicaci\u00f3n<\/li>\n<li>Creado infecciones evitables o complicaciones<\/li>\n<\/ul>\n<h2>Errores Medicos Comunes<\/h2>\n<ul>\n<li>Negligencia en la sala de emergencias<\/li>\n<li>Pinzamiento de la m\u00e9dula espinal<\/li>\n<li>Errores de anestesia<\/li>\n<li>Complicaciones de Preeclampsia<\/li>\n<\/ul>\n<h2>\u00bfCual es el Tiempo Limite para Reclamos por Negligencia Medica?<\/h2>\n<p>El estatuto de limitaciones para la negligencia m\u00e9dica var\u00eda seg\u00fan el estado. En Missouri, un paciente lesionado tiene dos a\u00f1os despu\u00e9s de que se produce el error m\u00e9dico para presentar un caso. Si la negligencia m\u00e9dica result\u00f3 en la muerte del paciente, usted tiene tres a\u00f1os a partir de la fecha de la muerte para declarar. Por supuesto, hay excepciones que pueden darle m\u00e1s tiempo y deben ser analizadas caso por caso.<\/p>\n<h2>\u00bfLa Hiperespecializaci\u00f3n en Medicina y la Nueva Tecnologia Lleva a una Disminucion en la Atencion del Paciente?<\/h2>\n<p>Durante la \u00faltima generaci\u00f3n, a medida que la tecnolog\u00eda y el conocimiento m\u00e9dico aumentaron, tambi\u00e9n lo hizo la especializaci\u00f3n en medicina. No solo ve a un onc\u00f3logo para el c\u00e1ncer, sino que tambi\u00e9n puede ver a un onc\u00f3logo nuclear que ha dedicado toda su carrera a tratar el tipo espec\u00edfico de c\u00e9lulas malignas con las que est\u00e1 tratando. Este tipo de hiperespecializaci\u00f3n nos ha permitido beneficiarnos de tener m\u00e9dicos que tienen una incre\u00edble riqueza de conocimientos con un problema particular. El problema con este enfoque es que cada m\u00e9dico que atiende al paciente est\u00e1 tan concentrado en su \u00e1rea de especializaci\u00f3n limitada que nadie da un paso atr\u00e1s para mirar el panorama general. Desafortunadamente, al confiar m\u00e1s en las nuevas tecnolog\u00edas y en los especialistas que est\u00e1n muy centrados en su \u00e1rea de especializaci\u00f3n limitada, a menudo vemos pacientes que fracasan porque nadie est\u00e1 retrocediendo y mirando el panorama general.<\/p>\n<h2>Nuestros Resultados<\/h2>\n<p><a href=\"https:\/\/stltriallawyers.com\/es\/case-results\/\">Hemos recuperado da\u00f1os<\/a> contra m\u00e9dicos, hospitales, t\u00e9cnicos m\u00e9dicos y otros profesionales de la salud cuyo enfoque negligente de la atenci\u00f3n al paciente result\u00f3 en un diagn\u00f3stico incorrecto y un retraso en el tratamiento.<\/p>\n<ul>\n<li>Callahan v. Cardinal Glennon Hospital &#8211; Acuerdo por $ 16 millones\n<ul>\n<li>Una demanda por negligencia m\u00e9dica que involucra a un beb\u00e9 que sufri\u00f3 par\u00e1lisis en las piernas despu\u00e9s de haber tratado incorrectamente un absceso rectal. Un jurado otorg\u00f3 $ 16 millones en da\u00f1os contra los acusados, lo que fue confirmado en apelaci\u00f3n por la Corte Suprema de Missouri.<\/li>\n<\/ul>\n<\/li>\n<\/ul>\n<ul>\n<li>Joe Doe vs Hospital &#8211; $ 7 millones de liquidaci\u00f3n\n<ul>\n<li>Nuestro equipo present\u00f3 una demanda por negligencia m\u00e9dica en nombre de un adolescente que sufri\u00f3 un da\u00f1o cerebral extenso debido a una falla en diagnosticar y tratar una embolia pulmonar. El caso fue a juicio y se resolvi\u00f3 justo antes de cerrar los argumentos por m\u00e1s de $ 7 millones.<\/li>\n<\/ul>\n<\/li>\n<\/ul>\n<ul>\n<li>Matthew Scott v. SSM Healthcare &#8211; Acuerdo de $ 5 millones\n<ul>\n<li>Nuestro equipo represent\u00f3 a un hombre joven que visit\u00f3 la sala de emergencias con s\u00edntomas de una infecci\u00f3n cerebral grave, que supusimos que los m\u00e9dicos que lo atendieron no diagnosticaron ni trataron oportunamente. Despu\u00e9s de un juicio de casi dos semanas, el jurado fall\u00f3 a favor de nuestros clientes y otorg\u00f3 casi $ 5 millones en da\u00f1os. Este caso fue apelado ante la Corte Suprema de Missouri y result\u00f3 en una decisi\u00f3n hist\u00f3rica a nuestro favor que cambi\u00f3 la ley en Missouri con respecto a la cantidad de dinero que un demandante podr\u00eda recibir por da\u00f1os y perjuicios de un acusado en casos similares. El caso sigue siendo ampliamente citado por los tribunales y publicaciones acad\u00e9micas en todo el pa\u00eds.<\/li>\n<\/ul>\n<\/li>\n<\/ul>\n<ul>\n<li>Jim Doe contra proveedores de atenci\u00f3n m\u00e9dica &#8211; Acuerdo por $ 3 millones de d\u00f3lares\n<ul>\n<li>Nuestro cliente sufri\u00f3 una lesi\u00f3n en la m\u00e9dula espinal y par\u00e1lisis completa despu\u00e9s de que sus m\u00e9dicos no pudieron diagnosticar y tratar oportunamente una infecci\u00f3n espinal en crecimiento y un absceso. El caso fue resuelto por $ 3 millones.<\/li>\n<\/ul>\n<\/li>\n<\/ul>\n<ul>\n<li>John Doe vs. Centro de atenci\u00f3n m\u00e9dica $ 1.2 millones de liquidaci\u00f3n\n<ul>\n<li>Nuestro cliente era un caballero retirado que sufri\u00f3 una lesi\u00f3n cerebral por no reconocer y tratar un derrame cerebral en desarrollo en una sala de emergencia. El caso fue resuelto por $ 1.2 millones.<\/li>\n<\/ul>\n<\/li>\n<\/ul>\n<ul>\n<li>Lorna Bottger vs. Cheek &#8211; $ 800,000 de liquidaci\u00f3n\n<ul>\n<li>Este caso de negligencia m\u00e9dica involucr\u00f3 a una mujer de 84 a\u00f1os de edad que perdi\u00f3 la vista en un ojo debido a una falla en reconocer y tratar oportunamente una infecci\u00f3n ocular. Un jurado le otorg\u00f3 $ 800,000 en da\u00f1os. La sentencia se revoc\u00f3 en una apelaci\u00f3n y se resolvi\u00f3 a partir de entonces inmediatamente antes de un nuevo juicio.<\/li>\n<\/ul>\n<\/li>\n<\/ul>\n<h2>Dejenos Trabajar Para Usted<\/h2>\n<p>En 2005, el estado de Missouri promulg\u00f3 leyes de reforma de agravios que dificultan que una v\u00edctima de negligencia m\u00e9dica reciba una indemnizaci\u00f3n. Desde entonces, la legislatura ha promulgado en varias ocasiones m\u00e1s leyes que restringen los derechos de las v\u00edctimas de negligencia m\u00e9dica para obtener una compensaci\u00f3n total por sus lesiones. Aunque el estado actual de la ley ya no es tan favorable para los demandantes y sus familias, todav\u00eda podemos trabajar para obtener el m\u00e1ximo valor de su investigaci\u00f3n perspicaz de los hechos y documentar exhaustivamente la prueba de sus p\u00e9rdidas f\u00edsicas y econ\u00f3micas reales.<\/p>\n<p>En los peores casos de error quir\u00fargico o negligencia hospitalaria, donde la v\u00edctima se enfrenta a una discapacidad de por vida y un tratamiento continuo o necesidades de rehabilitaci\u00f3n, logramos resultados sobresalientes para nuestros clientes a trav\u00e9s de nuestra capacidad para documentar consecuencias y gastos espec\u00edficos a largo plazo, incluso bajo la ley actual.<\/p>\n<p>Esperamos altos est\u00e1ndares de atenci\u00f3n de parte de los m\u00e9dicos y proveedores de salud. Mantendremos al proveedor m\u00e9dico en el m\u00e1s alto nivel, y buscaremos una compensaci\u00f3n m\u00e1xima para usted. Cont\u00e1ctenos hoy para una consulta gratuita para discutir su caso.<\/p>\n<p><a class=\"myButton\" href=\"https:\/\/stltriallawyers.com\/es\/contactenos-hoy\/\">Programe una Evaluaci\u00f3n Gratuita de su Caso<\/a><\/p>\n<p>&nbsp;<\/p>\n<p>&nbsp;<\/p>\n","protected":false},"excerpt":{"rendered":"<p>La gran mayor\u00eda de los m\u00e9dicos y enfermeras hacen un gran trabajo y se preocupan profundamente por sus pacientes. Sin embargo, como en cualquier otra profesi\u00f3n, se cometen errores. Con m\u00e1s de 30 a\u00f1os de experiencia en la investigaci\u00f3n y el procesamiento de reclamos por negligencia m\u00e9dica, los abogado de Fern\u00e1ndez Law brindan un servicio &#8230; <\/p>\n<p class=\"read-more-container\"><a title=\"Abogado en St. Louis Especializados en Mala Praxis Medica\" class=\"read-more button\" href=\"https:\/\/stltriallawyers.com\/es\/abogados-en-st-louis-especializados-en-mala-praxis-medica\/#more-4474\" aria-label=\"Leer m\u00e1s sobre Abogado en St. Louis Especializados en Mala Praxis Medica\">Leer m\u00e1s<\/a><\/p>\n","protected":false},"author":8,"featured_media":0,"parent":0,"menu_order":0,"comment_status":"closed","ping_status":"closed","template":"","meta":{"inline_featured_image":false,"ngg_post_thumbnail":0,"footnotes":""},"class_list":["post-4474","page","type-page","status-publish"],"yoast_head":"<!-- This site is optimized with the Yoast SEO Premium plugin v22.4 (Yoast SEO v26.7) - https:\/\/yoast.com\/wordpress\/plugins\/seo\/ -->\n<title>Abogado en St. Louis Especializados en Mala Praxis Medica - St. Louis Trial Lawyers<\/title>\n<meta name=\"robots\" content=\"index, follow, max-snippet:-1, max-image-preview:large, max-video-preview:-1\" \/>\n<link rel=\"canonical\" href=\"https:\/\/stltriallawyers.com\/es\/abogados-en-st-louis-especializados-en-mala-praxis-medica\/\" \/>\n<meta property=\"og:locale\" content=\"es_ES\" \/>\n<meta property=\"og:type\" content=\"article\" \/>\n<meta property=\"og:title\" content=\"Abogado en St. Louis Especializados en Mala Praxis Medica\" \/>\n<meta property=\"og:description\" content=\"La gran mayor\u00eda de los m\u00e9dicos y enfermeras hacen un gran trabajo y se preocupan profundamente por sus pacientes. Sin embargo, como en cualquier otra profesi\u00f3n, se cometen errores. Con m\u00e1s de 30 a\u00f1os de experiencia en la investigaci\u00f3n y el procesamiento de reclamos por negligencia m\u00e9dica, los abogado de Fern\u00e1ndez Law brindan un servicio ... Leer m\u00e1s\" \/>\n<meta property=\"og:url\" content=\"https:\/\/stltriallawyers.com\/es\/abogados-en-st-louis-especializados-en-mala-praxis-medica\/\" \/>\n<meta property=\"og:site_name\" content=\"St. Louis Trial Lawyers\" \/>\n<meta property=\"article:modified_time\" content=\"2025-02-08T20:59:20+00:00\" \/>\n<meta name=\"twitter:label1\" content=\"Tiempo de lectura\" \/>\n\t<meta name=\"twitter:data1\" content=\"6 minutos\" \/>\n<script type=\"application\/ld+json\" class=\"yoast-schema-graph\">{\"@context\":\"https:\/\/schema.org\",\"@graph\":[{\"@type\":\"WebPage\",\"@id\":\"https:\/\/stltriallawyers.com\/es\/abogados-en-st-louis-especializados-en-mala-praxis-medica\/\",\"url\":\"https:\/\/stltriallawyers.com\/es\/abogados-en-st-louis-especializados-en-mala-praxis-medica\/\",\"name\":\"Abogado en St. Louis Especializados en Mala Praxis Medica - St. Louis Trial Lawyers\",\"isPartOf\":{\"@id\":\"https:\/\/stltriallawyers.com\/#website\"},\"datePublished\":\"2019-04-04T18:03:17+00:00\",\"dateModified\":\"2025-02-08T20:59:20+00:00\",\"breadcrumb\":{\"@id\":\"https:\/\/stltriallawyers.com\/es\/abogados-en-st-louis-especializados-en-mala-praxis-medica\/#breadcrumb\"},\"inLanguage\":\"es\",\"potentialAction\":[{\"@type\":\"ReadAction\",\"target\":[\"https:\/\/stltriallawyers.com\/es\/abogados-en-st-louis-especializados-en-mala-praxis-medica\/\"]}]},{\"@type\":\"BreadcrumbList\",\"@id\":\"https:\/\/stltriallawyers.com\/es\/abogados-en-st-louis-especializados-en-mala-praxis-medica\/#breadcrumb\",\"itemListElement\":[{\"@type\":\"ListItem\",\"position\":1,\"name\":\"Home\",\"item\":\"https:\/\/stltriallawyers.com\/es\/\"},{\"@type\":\"ListItem\",\"position\":2,\"name\":\"Abogado en St. Louis Especializados en Mala Praxis Medica\"}]},{\"@type\":\"WebSite\",\"@id\":\"https:\/\/stltriallawyers.com\/#website\",\"url\":\"https:\/\/stltriallawyers.com\/\",\"name\":\"St. Louis Trial Lawyers\",\"description\":\"\",\"publisher\":{\"@id\":\"https:\/\/stltriallawyers.com\/#organization\"},\"potentialAction\":[{\"@type\":\"SearchAction\",\"target\":{\"@type\":\"EntryPoint\",\"urlTemplate\":\"https:\/\/stltriallawyers.com\/?s={search_term_string}\"},\"query-input\":{\"@type\":\"PropertyValueSpecification\",\"valueRequired\":true,\"valueName\":\"search_term_string\"}}],\"inLanguage\":\"es\"},{\"@type\":[\"Organization\",\"Place\"],\"@id\":\"https:\/\/stltriallawyers.com\/#organization\",\"name\":\"Fernandez Law, LLC\",\"url\":\"https:\/\/stltriallawyers.com\/\",\"logo\":{\"@id\":\"https:\/\/stltriallawyers.com\/es\/abogados-en-st-louis-especializados-en-mala-praxis-medica\/#local-main-organization-logo\"},\"image\":{\"@id\":\"https:\/\/stltriallawyers.com\/es\/abogados-en-st-louis-especializados-en-mala-praxis-medica\/#local-main-organization-logo\"},\"telephone\":[],\"openingHoursSpecification\":[{\"@type\":\"OpeningHoursSpecification\",\"dayOfWeek\":[\"Monday\",\"Tuesday\",\"Wednesday\",\"Thursday\",\"Friday\",\"Saturday\",\"Sunday\"],\"opens\":\"09:00\",\"closes\":\"17:00\"}]},{\"@type\":\"ImageObject\",\"inLanguage\":\"es\",\"@id\":\"https:\/\/stltriallawyers.com\/es\/abogados-en-st-louis-especializados-en-mala-praxis-medica\/#local-main-organization-logo\",\"url\":\"https:\/\/stltriallawyers.com\/wp-content\/uploads\/Logo.jpg\",\"contentUrl\":\"https:\/\/stltriallawyers.com\/wp-content\/uploads\/Logo.jpg\",\"width\":1084,\"height\":284,\"caption\":\"Fernandez Law, LLC\"}]}<\/script>\n<!-- \/ Yoast SEO Premium plugin. -->","yoast_head_json":{"title":"Abogado en St. Louis Especializados en Mala Praxis Medica - St. Louis Trial Lawyers","robots":{"index":"index","follow":"follow","max-snippet":"max-snippet:-1","max-image-preview":"max-image-preview:large","max-video-preview":"max-video-preview:-1"},"canonical":"https:\/\/stltriallawyers.com\/es\/abogados-en-st-louis-especializados-en-mala-praxis-medica\/","og_locale":"es_ES","og_type":"article","og_title":"Abogado en St. Louis Especializados en Mala Praxis Medica","og_description":"La gran mayor\u00eda de los m\u00e9dicos y enfermeras hacen un gran trabajo y se preocupan profundamente por sus pacientes. Sin embargo, como en cualquier otra profesi\u00f3n, se cometen errores. Con m\u00e1s de 30 a\u00f1os de experiencia en la investigaci\u00f3n y el procesamiento de reclamos por negligencia m\u00e9dica, los abogado de Fern\u00e1ndez Law brindan un servicio ... Leer m\u00e1s","og_url":"https:\/\/stltriallawyers.com\/es\/abogados-en-st-louis-especializados-en-mala-praxis-medica\/","og_site_name":"St. Louis Trial Lawyers","article_modified_time":"2025-02-08T20:59:20+00:00","twitter_misc":{"Tiempo de lectura":"6 minutos"},"schema":{"@context":"https:\/\/schema.org","@graph":[{"@type":"WebPage","@id":"https:\/\/stltriallawyers.com\/es\/abogados-en-st-louis-especializados-en-mala-praxis-medica\/","url":"https:\/\/stltriallawyers.com\/es\/abogados-en-st-louis-especializados-en-mala-praxis-medica\/","name":"Abogado en St. Louis Especializados en Mala Praxis Medica - St. Louis Trial Lawyers","isPartOf":{"@id":"https:\/\/stltriallawyers.com\/#website"},"datePublished":"2019-04-04T18:03:17+00:00","dateModified":"2025-02-08T20:59:20+00:00","breadcrumb":{"@id":"https:\/\/stltriallawyers.com\/es\/abogados-en-st-louis-especializados-en-mala-praxis-medica\/#breadcrumb"},"inLanguage":"es","potentialAction":[{"@type":"ReadAction","target":["https:\/\/stltriallawyers.com\/es\/abogados-en-st-louis-especializados-en-mala-praxis-medica\/"]}]},{"@type":"BreadcrumbList","@id":"https:\/\/stltriallawyers.com\/es\/abogados-en-st-louis-especializados-en-mala-praxis-medica\/#breadcrumb","itemListElement":[{"@type":"ListItem","position":1,"name":"Home","item":"https:\/\/stltriallawyers.com\/es\/"},{"@type":"ListItem","position":2,"name":"Abogado en St. Louis Especializados en Mala Praxis Medica"}]},{"@type":"WebSite","@id":"https:\/\/stltriallawyers.com\/#website","url":"https:\/\/stltriallawyers.com\/","name":"St. Louis Trial Lawyers","description":"","publisher":{"@id":"https:\/\/stltriallawyers.com\/#organization"},"potentialAction":[{"@type":"SearchAction","target":{"@type":"EntryPoint","urlTemplate":"https:\/\/stltriallawyers.com\/?s={search_term_string}"},"query-input":{"@type":"PropertyValueSpecification","valueRequired":true,"valueName":"search_term_string"}}],"inLanguage":"es"},{"@type":["Organization","Place"],"@id":"https:\/\/stltriallawyers.com\/#organization","name":"Fernandez Law, LLC","url":"https:\/\/stltriallawyers.com\/","logo":{"@id":"https:\/\/stltriallawyers.com\/es\/abogados-en-st-louis-especializados-en-mala-praxis-medica\/#local-main-organization-logo"},"image":{"@id":"https:\/\/stltriallawyers.com\/es\/abogados-en-st-louis-especializados-en-mala-praxis-medica\/#local-main-organization-logo"},"telephone":[],"openingHoursSpecification":[{"@type":"OpeningHoursSpecification","dayOfWeek":["Monday","Tuesday","Wednesday","Thursday","Friday","Saturday","Sunday"],"opens":"09:00","closes":"17:00"}]},{"@type":"ImageObject","inLanguage":"es","@id":"https:\/\/stltriallawyers.com\/es\/abogados-en-st-louis-especializados-en-mala-praxis-medica\/#local-main-organization-logo","url":"https:\/\/stltriallawyers.com\/wp-content\/uploads\/Logo.jpg","contentUrl":"https:\/\/stltriallawyers.com\/wp-content\/uploads\/Logo.jpg","width":1084,"height":284,"caption":"Fernandez Law, LLC"}]}},"_links":{"self":[{"href":"https:\/\/stltriallawyers.com\/es\/wp-json\/wp\/v2\/pages\/4474","targetHints":{"allow":["GET"]}}],"collection":[{"href":"https:\/\/stltriallawyers.com\/es\/wp-json\/wp\/v2\/pages"}],"about":[{"href":"https:\/\/stltriallawyers.com\/es\/wp-json\/wp\/v2\/types\/page"}],"author":[{"embeddable":true,"href":"https:\/\/stltriallawyers.com\/es\/wp-json\/wp\/v2\/users\/8"}],"replies":[{"embeddable":true,"href":"https:\/\/stltriallawyers.com\/es\/wp-json\/wp\/v2\/comments?post=4474"}],"version-history":[{"count":3,"href":"https:\/\/stltriallawyers.com\/es\/wp-json\/wp\/v2\/pages\/4474\/revisions"}],"predecessor-version":[{"id":8365,"href":"https:\/\/stltriallawyers.com\/es\/wp-json\/wp\/v2\/pages\/4474\/revisions\/8365"}],"wp:attachment":[{"href":"https:\/\/stltriallawyers.com\/es\/wp-json\/wp\/v2\/media?parent=4474"}],"curies":[{"name":"wp","href":"https:\/\/api.w.org\/{rel}","templated":true}]}}