{"id":6746,"date":"2020-08-17T13:59:17","date_gmt":"2020-08-17T18:59:17","guid":{"rendered":"http:\/\/www.new.stltriallawyers.com\/?page_id=6746"},"modified":"2025-09-17T10:43:47","modified_gmt":"2025-09-17T15:43:47","slug":"anne-fernandez","status":"publish","type":"page","link":"https:\/\/stltriallawyers.com\/es\/nuestro-equipo\/anne-fernandez\/","title":{"rendered":"Anne Fernandez"},"content":{"rendered":"<div id=\"pl-6746\"  class=\"panel-layout\" ><div id=\"pg-6746-0\"  class=\"panel-grid panel-no-style\" ><div id=\"pgc-6746-0-0\"  class=\"panel-grid-cell\" ><div id=\"panel-6746-0-0-0\" class=\"so-panel widget_sow-image panel-first-child panel-last-child\" data-index=\"0\" ><div\n\t\t\t\n\t\t\tclass=\"so-widget-sow-image so-widget-sow-image-default-c4f6304fc136-6746\"\n\t\t\t\n\t\t>\n<div class=\"sow-image-container\">\n\t\t<img \n\tsrc=\"https:\/\/stltriallawyers.com\/wp-content\/uploads\/fernandezlaw-109.jpg\" alt=\"\" \t\tclass=\"so-widget-image\"\/>\n\t<\/div>\n\n<\/div><\/div><\/div><div id=\"pgc-6746-0-1\"  class=\"panel-grid-cell\" ><div id=\"panel-6746-0-1-0\" class=\"so-panel widget_sow-editor panel-first-child panel-last-child\" data-index=\"1\" ><div\n\t\t\t\n\t\t\tclass=\"so-widget-sow-editor so-widget-sow-editor-base\"\n\t\t\t\n\t\t>\n<div class=\"siteorigin-widget-tinymce textwidget\">\n\t<h4 style=\"text-align: left;\"><strong>Anne Fernandez<\/strong><\/h4>\n<p style=\"text-align: left;\"><span style=\"font-weight: 400;\">Contadora de la Oficina<\/span><\/p>\n<p><span style=\"font-weight: 400;\">Anne Fern\u00e1ndez es la contadora de la Oficina Legal Fern\u00e1ndez (Fern\u00e1ndez Law) desde el a\u00f1o 2023, aunque su trayectoria en la firma se extiende por m\u00e1s de 25 a\u00f1os. Antes de asumir este cargo, trabaj\u00f3 dos d\u00e9cadas en el sector empresarial estadounidense, desarrollando su carrera en Finanzas y Marcad\u00e9o.<\/span><\/p>\n<p><span style=\"font-weight: 400;\">Anne creci\u00f3 en San Luis y se licenci\u00f3 en la Universidad de Miami en Oxford, Ohio, antes de completar su MBA (Mag\u00edster en Administraci\u00f3n de Negocios) en la Universidad DePaul en Chicago.<\/span><\/p>\n<p><span style=\"font-weight: 400;\">Fuera del trabajo, usted suele encontrar a Anne en una cancha de tenis o en una clase de Pilates. Tambi\u00e9n le encanta viajar y disfruta explorando nuevos lugares con amigos y familiares.<\/span><\/p>\n<\/div>\n<\/div><\/div><\/div><\/div><div id=\"pg-6746-1\"  class=\"panel-grid panel-no-style\" ><div id=\"pgc-6746-1-0\"  class=\"panel-grid-cell panel-grid-cell-empty\" ><\/div><\/div><\/div>","protected":false},"excerpt":{"rendered":"<p>Anne Fernandez Contadora de la Oficina Anne Fern\u00e1ndez es la contadora de la Oficina Legal Fern\u00e1ndez (Fern\u00e1ndez Law) desde el a\u00f1o 2023, aunque su trayectoria en la firma se extiende por m\u00e1s de 25 a\u00f1os. Antes de asumir este cargo, trabaj\u00f3 dos d\u00e9cadas en el sector empresarial estadounidense, desarrollando su carrera en Finanzas y Marcad\u00e9o. &#8230; <\/p>\n<p class=\"read-more-container\"><a title=\"Anne Fernandez\" class=\"read-more button\" href=\"https:\/\/stltriallawyers.com\/es\/nuestro-equipo\/anne-fernandez\/#more-6746\" aria-label=\"Leer m\u00e1s sobre Anne Fernandez\">Leer m\u00e1s<\/a><\/p>\n","protected":false},"author":6,"featured_media":0,"parent":8025,"menu_order":5,"comment_status":"closed","ping_status":"closed","template":"","meta":{"inline_featured_image":false,"ngg_post_thumbnail":0,"footnotes":""},"class_list":["post-6746","page","type-page","status-publish"],"yoast_head":"<!-- This site is optimized with the Yoast SEO Premium plugin v22.4 (Yoast SEO v26.7) - https:\/\/yoast.com\/wordpress\/plugins\/seo\/ -->\n<title>Anne Fernandez - St. Louis Trial Lawyers<\/title>\n<meta name=\"robots\" content=\"index, follow, max-snippet:-1, max-image-preview:large, max-video-preview:-1\" \/>\n<link rel=\"canonical\" href=\"https:\/\/stltriallawyers.com\/es\/nuestro-equipo\/anne-fernandez\/\" \/>\n<meta property=\"og:locale\" content=\"es_ES\" \/>\n<meta property=\"og:type\" content=\"article\" \/>\n<meta property=\"og:title\" content=\"Anne Fernandez\" \/>\n<meta property=\"og:description\" content=\"Anne Fernandez Contadora de la Oficina Anne Fern\u00e1ndez es la contadora de la Oficina Legal Fern\u00e1ndez (Fern\u00e1ndez Law) desde el a\u00f1o 2023, aunque su trayectoria en la firma se extiende por m\u00e1s de 25 a\u00f1os. Antes de asumir este cargo, trabaj\u00f3 dos d\u00e9cadas en el sector empresarial estadounidense, desarrollando su carrera en Finanzas y Marcad\u00e9o. ... Leer m\u00e1s\" \/>\n<meta property=\"og:url\" content=\"https:\/\/stltriallawyers.com\/es\/nuestro-equipo\/anne-fernandez\/\" \/>\n<meta property=\"og:site_name\" content=\"St. Louis Trial Lawyers\" \/>\n<meta property=\"article:modified_time\" content=\"2025-09-17T15:43:47+00:00\" \/>\n<meta name=\"twitter:label1\" content=\"Tiempo de lectura\" \/>\n\t<meta name=\"twitter:data1\" content=\"1 minuto\" \/>\n<script type=\"application\/ld+json\" class=\"yoast-schema-graph\">{\"@context\":\"https:\/\/schema.org\",\"@graph\":[{\"@type\":\"WebPage\",\"@id\":\"https:\/\/stltriallawyers.com\/es\/nuestro-equipo\/anne-fernandez\/\",\"url\":\"https:\/\/stltriallawyers.com\/es\/nuestro-equipo\/anne-fernandez\/\",\"name\":\"Anne Fernandez - St. Louis Trial Lawyers\",\"isPartOf\":{\"@id\":\"https:\/\/stltriallawyers.com\/#website\"},\"datePublished\":\"2020-08-17T18:59:17+00:00\",\"dateModified\":\"2025-09-17T15:43:47+00:00\",\"breadcrumb\":{\"@id\":\"https:\/\/stltriallawyers.com\/es\/nuestro-equipo\/anne-fernandez\/#breadcrumb\"},\"inLanguage\":\"es\",\"potentialAction\":[{\"@type\":\"ReadAction\",\"target\":[\"https:\/\/stltriallawyers.com\/es\/nuestro-equipo\/anne-fernandez\/\"]}]},{\"@type\":\"BreadcrumbList\",\"@id\":\"https:\/\/stltriallawyers.com\/es\/nuestro-equipo\/anne-fernandez\/#breadcrumb\",\"itemListElement\":[{\"@type\":\"ListItem\",\"position\":1,\"name\":\"Home\",\"item\":\"https:\/\/stltriallawyers.com\/es\/\"},{\"@type\":\"ListItem\",\"position\":2,\"name\":\"Nuestro Equipo\",\"item\":\"https:\/\/stltriallawyers.com\/es\/nuestro-equipo\/\"},{\"@type\":\"ListItem\",\"position\":3,\"name\":\"Anne Fernandez\"}]},{\"@type\":\"WebSite\",\"@id\":\"https:\/\/stltriallawyers.com\/#website\",\"url\":\"https:\/\/stltriallawyers.com\/\",\"name\":\"St. Louis Trial Lawyers\",\"description\":\"\",\"publisher\":{\"@id\":\"https:\/\/stltriallawyers.com\/#organization\"},\"potentialAction\":[{\"@type\":\"SearchAction\",\"target\":{\"@type\":\"EntryPoint\",\"urlTemplate\":\"https:\/\/stltriallawyers.com\/?s={search_term_string}\"},\"query-input\":{\"@type\":\"PropertyValueSpecification\",\"valueRequired\":true,\"valueName\":\"search_term_string\"}}],\"inLanguage\":\"es\"},{\"@type\":[\"Organization\",\"Place\"],\"@id\":\"https:\/\/stltriallawyers.com\/#organization\",\"name\":\"Fernandez Law, LLC\",\"url\":\"https:\/\/stltriallawyers.com\/\",\"logo\":{\"@id\":\"https:\/\/stltriallawyers.com\/es\/nuestro-equipo\/anne-fernandez\/#local-main-organization-logo\"},\"image\":{\"@id\":\"https:\/\/stltriallawyers.com\/es\/nuestro-equipo\/anne-fernandez\/#local-main-organization-logo\"},\"telephone\":[],\"openingHoursSpecification\":[{\"@type\":\"OpeningHoursSpecification\",\"dayOfWeek\":[\"Monday\",\"Tuesday\",\"Wednesday\",\"Thursday\",\"Friday\",\"Saturday\",\"Sunday\"],\"opens\":\"09:00\",\"closes\":\"17:00\"}]},{\"@type\":\"ImageObject\",\"inLanguage\":\"es\",\"@id\":\"https:\/\/stltriallawyers.com\/es\/nuestro-equipo\/anne-fernandez\/#local-main-organization-logo\",\"url\":\"https:\/\/stltriallawyers.com\/wp-content\/uploads\/Logo.jpg\",\"contentUrl\":\"https:\/\/stltriallawyers.com\/wp-content\/uploads\/Logo.jpg\",\"width\":1084,\"height\":284,\"caption\":\"Fernandez Law, LLC\"}]}<\/script>\n<!-- \/ Yoast SEO Premium plugin. -->","yoast_head_json":{"title":"Anne Fernandez - St. Louis Trial Lawyers","robots":{"index":"index","follow":"follow","max-snippet":"max-snippet:-1","max-image-preview":"max-image-preview:large","max-video-preview":"max-video-preview:-1"},"canonical":"https:\/\/stltriallawyers.com\/es\/nuestro-equipo\/anne-fernandez\/","og_locale":"es_ES","og_type":"article","og_title":"Anne Fernandez","og_description":"Anne Fernandez Contadora de la Oficina Anne Fern\u00e1ndez es la contadora de la Oficina Legal Fern\u00e1ndez (Fern\u00e1ndez Law) desde el a\u00f1o 2023, aunque su trayectoria en la firma se extiende por m\u00e1s de 25 a\u00f1os. Antes de asumir este cargo, trabaj\u00f3 dos d\u00e9cadas en el sector empresarial estadounidense, desarrollando su carrera en Finanzas y Marcad\u00e9o. ... Leer m\u00e1s","og_url":"https:\/\/stltriallawyers.com\/es\/nuestro-equipo\/anne-fernandez\/","og_site_name":"St. Louis Trial Lawyers","article_modified_time":"2025-09-17T15:43:47+00:00","twitter_misc":{"Tiempo de lectura":"1 minuto"},"schema":{"@context":"https:\/\/schema.org","@graph":[{"@type":"WebPage","@id":"https:\/\/stltriallawyers.com\/es\/nuestro-equipo\/anne-fernandez\/","url":"https:\/\/stltriallawyers.com\/es\/nuestro-equipo\/anne-fernandez\/","name":"Anne Fernandez - St. Louis Trial Lawyers","isPartOf":{"@id":"https:\/\/stltriallawyers.com\/#website"},"datePublished":"2020-08-17T18:59:17+00:00","dateModified":"2025-09-17T15:43:47+00:00","breadcrumb":{"@id":"https:\/\/stltriallawyers.com\/es\/nuestro-equipo\/anne-fernandez\/#breadcrumb"},"inLanguage":"es","potentialAction":[{"@type":"ReadAction","target":["https:\/\/stltriallawyers.com\/es\/nuestro-equipo\/anne-fernandez\/"]}]},{"@type":"BreadcrumbList","@id":"https:\/\/stltriallawyers.com\/es\/nuestro-equipo\/anne-fernandez\/#breadcrumb","itemListElement":[{"@type":"ListItem","position":1,"name":"Home","item":"https:\/\/stltriallawyers.com\/es\/"},{"@type":"ListItem","position":2,"name":"Nuestro Equipo","item":"https:\/\/stltriallawyers.com\/es\/nuestro-equipo\/"},{"@type":"ListItem","position":3,"name":"Anne Fernandez"}]},{"@type":"WebSite","@id":"https:\/\/stltriallawyers.com\/#website","url":"https:\/\/stltriallawyers.com\/","name":"St. Louis Trial Lawyers","description":"","publisher":{"@id":"https:\/\/stltriallawyers.com\/#organization"},"potentialAction":[{"@type":"SearchAction","target":{"@type":"EntryPoint","urlTemplate":"https:\/\/stltriallawyers.com\/?s={search_term_string}"},"query-input":{"@type":"PropertyValueSpecification","valueRequired":true,"valueName":"search_term_string"}}],"inLanguage":"es"},{"@type":["Organization","Place"],"@id":"https:\/\/stltriallawyers.com\/#organization","name":"Fernandez Law, LLC","url":"https:\/\/stltriallawyers.com\/","logo":{"@id":"https:\/\/stltriallawyers.com\/es\/nuestro-equipo\/anne-fernandez\/#local-main-organization-logo"},"image":{"@id":"https:\/\/stltriallawyers.com\/es\/nuestro-equipo\/anne-fernandez\/#local-main-organization-logo"},"telephone":[],"openingHoursSpecification":[{"@type":"OpeningHoursSpecification","dayOfWeek":["Monday","Tuesday","Wednesday","Thursday","Friday","Saturday","Sunday"],"opens":"09:00","closes":"17:00"}]},{"@type":"ImageObject","inLanguage":"es","@id":"https:\/\/stltriallawyers.com\/es\/nuestro-equipo\/anne-fernandez\/#local-main-organization-logo","url":"https:\/\/stltriallawyers.com\/wp-content\/uploads\/Logo.jpg","contentUrl":"https:\/\/stltriallawyers.com\/wp-content\/uploads\/Logo.jpg","width":1084,"height":284,"caption":"Fernandez Law, LLC"}]}},"_links":{"self":[{"href":"https:\/\/stltriallawyers.com\/es\/wp-json\/wp\/v2\/pages\/6746","targetHints":{"allow":["GET"]}}],"collection":[{"href":"https:\/\/stltriallawyers.com\/es\/wp-json\/wp\/v2\/pages"}],"about":[{"href":"https:\/\/stltriallawyers.com\/es\/wp-json\/wp\/v2\/types\/page"}],"author":[{"embeddable":true,"href":"https:\/\/stltriallawyers.com\/es\/wp-json\/wp\/v2\/users\/6"}],"replies":[{"embeddable":true,"href":"https:\/\/stltriallawyers.com\/es\/wp-json\/wp\/v2\/comments?post=6746"}],"version-history":[{"count":4,"href":"https:\/\/stltriallawyers.com\/es\/wp-json\/wp\/v2\/pages\/6746\/revisions"}],"predecessor-version":[{"id":10134,"href":"https:\/\/stltriallawyers.com\/es\/wp-json\/wp\/v2\/pages\/6746\/revisions\/10134"}],"up":[{"embeddable":true,"href":"https:\/\/stltriallawyers.com\/es\/wp-json\/wp\/v2\/pages\/8025"}],"wp:attachment":[{"href":"https:\/\/stltriallawyers.com\/es\/wp-json\/wp\/v2\/media?parent=6746"}],"curies":[{"name":"wp","href":"https:\/\/api.w.org\/{rel}","templated":true}]}}