{"id":8025,"date":"2021-02-09T23:16:18","date_gmt":"2021-02-10T05:16:18","guid":{"rendered":"https:\/\/stltriallawyers.com\/?page_id=8025"},"modified":"2025-09-17T11:02:16","modified_gmt":"2025-09-17T16:02:16","slug":"nuestro-equipo","status":"publish","type":"page","link":"https:\/\/stltriallawyers.com\/es\/nuestro-equipo\/","title":{"rendered":"Nuestro Equipo"},"content":{"rendered":"<div id=\"pl-8025\"  class=\"panel-layout\" ><div id=\"pg-8025-0\"  class=\"panel-grid panel-no-style\" ><div id=\"pgc-8025-0-0\"  class=\"panel-grid-cell\" ><div id=\"panel-8025-0-0-0\" class=\"so-panel widget_sow-editor panel-first-child panel-last-child\" data-index=\"0\" ><div\n\t\t\t\n\t\t\tclass=\"so-widget-sow-editor so-widget-sow-editor-base\"\n\t\t\t\n\t\t>\n<div class=\"siteorigin-widget-tinymce textwidget\">\n\t<p>Nuestra firma combina experiencia, servicio al cliente y un historial de \u00e9xito en nombre de las personas que han sufrido p\u00e9rdidas como resultado de la negligencia .<\/p>\n<p>Nuestra pr\u00e1ctica de lesiones personales incluye los casos de accidentes automovil\u00edsticos , accidentes de camiones , negligencia m\u00e9dica, responsabilidad por productos defectuosos y mala conducta policial .<\/p>\n<\/div>\n<\/div><\/div><\/div><div id=\"pgc-8025-0-1\"  class=\"panel-grid-cell\" ><div id=\"panel-8025-0-1-0\" class=\"so-panel widget_sow-image panel-first-child panel-last-child\" data-index=\"1\" ><div\n\t\t\t\n\t\t\tclass=\"so-widget-sow-image so-widget-sow-image-default-c4f6304fc136-8025\"\n\t\t\t\n\t\t>\n<div class=\"sow-image-container\">\n\t\t<img \n\tsrc=\"https:\/\/stltriallawyers.com\/wp-content\/uploads\/FL4_Optimized.jpg\" width=\"2000\" height=\"1334\" srcset=\"https:\/\/stltriallawyers.com\/wp-content\/uploads\/FL4_Optimized.jpg 2000w, https:\/\/stltriallawyers.com\/wp-content\/uploads\/FL4_Optimized-300x200.jpg 300w, https:\/\/stltriallawyers.com\/wp-content\/uploads\/FL4_Optimized-1024x683.jpg 1024w, https:\/\/stltriallawyers.com\/wp-content\/uploads\/FL4_Optimized-768x512.jpg 768w, https:\/\/stltriallawyers.com\/wp-content\/uploads\/FL4_Optimized-1536x1025.jpg 1536w, https:\/\/stltriallawyers.com\/wp-content\/uploads\/FL4_Optimized-272x182.jpg 272w\" sizes=\"(max-width: 2000px) 100vw, 2000px\" alt=\"Attorney Gonzalo standing outside his office with paralegal Kim and assistant Hilda\" \t\tclass=\"so-widget-image\"\/>\n\t<\/div>\n\n<\/div><\/div><\/div><\/div><div id=\"pg-8025-1\"  class=\"panel-grid panel-no-style\" ><div id=\"pgc-8025-1-0\"  class=\"panel-grid-cell\" ><div id=\"panel-8025-1-0-0\" class=\"so-panel widget_sow-image panel-first-child panel-last-child\" data-index=\"2\" ><div\n\t\t\t\n\t\t\tclass=\"so-widget-sow-image so-widget-sow-image-default-c67d20f9f743-8025\"\n\t\t\t\n\t\t>\n<div class=\"sow-image-container\">\n\t\t<img \n\tsrc=\"https:\/\/stltriallawyers.com\/wp-content\/uploads\/FLGonz_Optimized.jpg\" width=\"2000\" height=\"2000\" srcset=\"https:\/\/stltriallawyers.com\/wp-content\/uploads\/FLGonz_Optimized.jpg 2000w, https:\/\/stltriallawyers.com\/wp-content\/uploads\/FLGonz_Optimized-300x300.jpg 300w, https:\/\/stltriallawyers.com\/wp-content\/uploads\/FLGonz_Optimized-1024x1024.jpg 1024w, https:\/\/stltriallawyers.com\/wp-content\/uploads\/FLGonz_Optimized-150x150.jpg 150w, https:\/\/stltriallawyers.com\/wp-content\/uploads\/FLGonz_Optimized-768x768.jpg 768w, https:\/\/stltriallawyers.com\/wp-content\/uploads\/FLGonz_Optimized-1536x1536.jpg 1536w\" sizes=\"(max-width: 2000px) 100vw, 2000px\" alt=\"Attorney Gonzalo Fernandez smiling\" \t\tclass=\"so-widget-image\"\/>\n\t<\/div>\n\n<\/div><\/div><\/div><div id=\"pgc-8025-1-1\"  class=\"panel-grid-cell\" ><div id=\"panel-8025-1-1-0\" class=\"so-panel widget_sow-editor panel-first-child panel-last-child\" data-index=\"3\" ><div\n\t\t\t\n\t\t\tclass=\"so-widget-sow-editor so-widget-sow-editor-base\"\n\t\t\t\n\t\t>\n<div class=\"siteorigin-widget-tinymce textwidget\">\n\t<h4 class=\"person_title\"><strong>Gonzalo Fernandez<\/strong><\/h4>\n<p class=\"person_subtitle\">Socio<\/p>\n<p>Gonzalo Fernandez naci\u00f3 en Mendoza, Argentina y se mud\u00f3 a los Estados Unidos todavia siendo ni\u00f1o peque\u00f1o. Creci\u00f3 en un hogar biling\u00fce y bicultural en University City, Missouri. Attendi\u00f3 St Louis Priorato High School, Boston College y luego regres\u00f3 a St. Louis, donde obtuvo su J.D. y un M.B.A. de la Universidad de Washington en St. Louis en 1989.<\/p>\n<div><a class=\"myButton\" href=\"https:\/\/stltriallawyers.com\/es\/nuestro-equipo\/gonzalo-a-fernandez\/\">Perfil<\/a><\/div>\n<\/div>\n<\/div><\/div><\/div><\/div><div id=\"pg-8025-2\"  class=\"panel-grid panel-no-style\" ><div id=\"pgc-8025-2-0\"  class=\"panel-grid-cell\" ><div id=\"panel-8025-2-0-0\" class=\"so-panel widget_sow-image panel-first-child panel-last-child\" data-index=\"4\" ><div\n\t\t\t\n\t\t\tclass=\"so-widget-sow-image so-widget-sow-image-default-c67d20f9f743-8025\"\n\t\t\t\n\t\t>\n<div class=\"sow-image-container\">\n\t\t<img \n\tsrc=\"https:\/\/stltriallawyers.com\/wp-content\/uploads\/FLKim_Optimized.jpg\" width=\"2000\" height=\"2000\" srcset=\"https:\/\/stltriallawyers.com\/wp-content\/uploads\/FLKim_Optimized.jpg 2000w, https:\/\/stltriallawyers.com\/wp-content\/uploads\/FLKim_Optimized-300x300.jpg 300w, https:\/\/stltriallawyers.com\/wp-content\/uploads\/FLKim_Optimized-1024x1024.jpg 1024w, https:\/\/stltriallawyers.com\/wp-content\/uploads\/FLKim_Optimized-150x150.jpg 150w, https:\/\/stltriallawyers.com\/wp-content\/uploads\/FLKim_Optimized-768x768.jpg 768w, https:\/\/stltriallawyers.com\/wp-content\/uploads\/FLKim_Optimized-1536x1536.jpg 1536w\" sizes=\"(max-width: 2000px) 100vw, 2000px\" alt=\"Paralegal Kim Zimmerman smiling\" \t\tclass=\"so-widget-image\"\/>\n\t<\/div>\n\n<\/div><\/div><\/div><div id=\"pgc-8025-2-1\"  class=\"panel-grid-cell\" ><div id=\"panel-8025-2-1-0\" class=\"so-panel widget_sow-editor panel-first-child panel-last-child\" data-index=\"5\" ><div\n\t\t\t\n\t\t\tclass=\"so-widget-sow-editor so-widget-sow-editor-base\"\n\t\t\t\n\t\t>\n<div class=\"siteorigin-widget-tinymce textwidget\">\n\t<h4 class=\"person_title\"><strong>Kim Zimmermann<\/strong><\/h4>\n<p class=\"person_subtitle\">Paralegal<\/p>\n<p>Originalmente desde California, Kim era la hija de un piloto del Air Force y se mud\u00f3 por todo el pa\u00eds hasta graduarse de la preparatoria en Trenton, Illinois. Despu\u00e9s de graduarse, tuvo su primer trabajo en la edad de 18 a\u00f1os con el bufete de abogados.<\/p>\n<div><a class=\"myButton\" href=\"https:\/\/stltriallawyers.com\/es\/nuestro-equipo\/kim-zimmermann\/\">Perfil<\/a><\/div>\n<\/div>\n<\/div><\/div><\/div><\/div><div id=\"pg-8025-3\"  class=\"panel-grid panel-no-style\" ><div id=\"pgc-8025-3-0\"  class=\"panel-grid-cell\" ><div id=\"panel-8025-3-0-0\" class=\"so-panel widget_sow-image panel-first-child panel-last-child\" data-index=\"6\" ><div\n\t\t\t\n\t\t\tclass=\"so-widget-sow-image so-widget-sow-image-default-c67d20f9f743-8025\"\n\t\t\t\n\t\t>\n<div class=\"sow-image-container\">\n\t\t<img \n\tsrc=\"https:\/\/stltriallawyers.com\/wp-content\/uploads\/FLHilda_Optimized.jpg\" width=\"2000\" height=\"2000\" srcset=\"https:\/\/stltriallawyers.com\/wp-content\/uploads\/FLHilda_Optimized.jpg 2000w, https:\/\/stltriallawyers.com\/wp-content\/uploads\/FLHilda_Optimized-300x300.jpg 300w, https:\/\/stltriallawyers.com\/wp-content\/uploads\/FLHilda_Optimized-1024x1024.jpg 1024w, https:\/\/stltriallawyers.com\/wp-content\/uploads\/FLHilda_Optimized-150x150.jpg 150w, https:\/\/stltriallawyers.com\/wp-content\/uploads\/FLHilda_Optimized-768x768.jpg 768w, https:\/\/stltriallawyers.com\/wp-content\/uploads\/FLHilda_Optimized-1536x1536.jpg 1536w\" sizes=\"(max-width: 2000px) 100vw, 2000px\" alt=\"Legal Assistant Hilda Wilson smiling\" \t\tclass=\"so-widget-image\"\/>\n\t<\/div>\n\n<\/div><\/div><\/div><div id=\"pgc-8025-3-1\"  class=\"panel-grid-cell\" ><div id=\"panel-8025-3-1-0\" class=\"so-panel widget_sow-editor panel-first-child panel-last-child\" data-index=\"7\" ><div\n\t\t\t\n\t\t\tclass=\"so-widget-sow-editor so-widget-sow-editor-base\"\n\t\t\t\n\t\t>\n<div class=\"siteorigin-widget-tinymce textwidget\">\n\t<h4 class=\"person_title\"><strong>Hilda Wilson<\/strong><\/h4>\n<p class=\"person_subtitle\"><span style=\"font-weight: 400;\">Asistente Legal<\/span><\/p>\n<p><span style=\"font-weight: 400;\">Hilda Wilson es la Asistente Legal de la Oficina Legal Fern\u00e1ndez (Fern\u00e1ndez Law Office), en donde act\u00faa como asistente de los abogados en el proceso de direcci\u00f3n y gesti\u00f3n diaria de las operaciones de la oficina.<\/span><\/p>\n<div><a class=\"myButton\" href=\"https:\/\/stltriallawyers.com\/es\/nuestro-equipo\/hilda-wilson\/\">Perfil<\/a><\/div>\n<\/div>\n<\/div><\/div><\/div><\/div><div id=\"pg-8025-4\"  class=\"panel-grid panel-no-style\" ><div id=\"pgc-8025-4-0\"  class=\"panel-grid-cell\" ><div id=\"panel-8025-4-0-0\" class=\"so-panel widget_sow-image panel-first-child panel-last-child\" data-index=\"8\" ><div\n\t\t\t\n\t\t\tclass=\"so-widget-sow-image so-widget-sow-image-default-c67d20f9f743-8025\"\n\t\t\t\n\t\t>\n<div class=\"sow-image-container\">\n\t\t<img \n\tsrc=\"https:\/\/stltriallawyers.com\/wp-content\/uploads\/FLAnne_Optimized.jpg\" width=\"2000\" height=\"2000\" srcset=\"https:\/\/stltriallawyers.com\/wp-content\/uploads\/FLAnne_Optimized.jpg 2000w, https:\/\/stltriallawyers.com\/wp-content\/uploads\/FLAnne_Optimized-300x300.jpg 300w, https:\/\/stltriallawyers.com\/wp-content\/uploads\/FLAnne_Optimized-1024x1024.jpg 1024w, https:\/\/stltriallawyers.com\/wp-content\/uploads\/FLAnne_Optimized-150x150.jpg 150w, https:\/\/stltriallawyers.com\/wp-content\/uploads\/FLAnne_Optimized-768x768.jpg 768w, https:\/\/stltriallawyers.com\/wp-content\/uploads\/FLAnne_Optimized-1536x1536.jpg 1536w\" sizes=\"(max-width: 2000px) 100vw, 2000px\" alt=\"Bookkeeper Anne Fernandez smiling\" \t\tclass=\"so-widget-image\"\/>\n\t<\/div>\n\n<\/div><\/div><\/div><div id=\"pgc-8025-4-1\"  class=\"panel-grid-cell\" ><div id=\"panel-8025-4-1-0\" class=\"so-panel widget_sow-editor panel-first-child panel-last-child\" data-index=\"9\" ><div\n\t\t\t\n\t\t\tclass=\"so-widget-sow-editor so-widget-sow-editor-base\"\n\t\t\t\n\t\t>\n<div class=\"siteorigin-widget-tinymce textwidget\">\n\t<h4 class=\"person_title\"><strong>Anne Fernandez<\/strong><\/h4>\n<p class=\"person_subtitle\"><span style=\"font-weight: 400;\">Contadora<\/span><\/p>\n<p><span style=\"font-weight: 400;\">Anne Fern\u00e1ndez es la contadora de la Oficina Legal Fern\u00e1ndez (Fern\u00e1ndez Law) desde el a\u00f1o 2023, aunque su trayectoria en la firma se extiende por m\u00e1s de 25 a\u00f1os.<\/span><\/p>\n<div><a class=\"myButton\" href=\"https:\/\/stltriallawyers.com\/es\/nuestro-equipo\/anne-fernandez\/\">Perfil<\/a><\/div>\n<\/div>\n<\/div><\/div><\/div><\/div><\/div>","protected":false},"excerpt":{"rendered":"<p>Nuestra firma combina experiencia, servicio al cliente y un historial de \u00e9xito en nombre de las personas que han sufrido p\u00e9rdidas como resultado de la negligencia . Nuestra pr\u00e1ctica de lesiones personales incluye los casos de accidentes automovil\u00edsticos , accidentes de camiones , negligencia m\u00e9dica, responsabilidad por productos defectuosos y mala conducta policial . Gonzalo &#8230; <\/p>\n<p class=\"read-more-container\"><a title=\"Nuestro Equipo\" class=\"read-more button\" href=\"https:\/\/stltriallawyers.com\/es\/nuestro-equipo\/#more-8025\" aria-label=\"Leer m\u00e1s sobre Nuestro Equipo\">Leer m\u00e1s<\/a><\/p>\n","protected":false},"author":8,"featured_media":0,"parent":0,"menu_order":0,"comment_status":"closed","ping_status":"closed","template":"","meta":{"inline_featured_image":false,"ngg_post_thumbnail":0,"footnotes":""},"class_list":["post-8025","page","type-page","status-publish"],"yoast_head":"<!-- This site is optimized with the Yoast SEO Premium plugin v22.4 (Yoast SEO v26.7) - https:\/\/yoast.com\/wordpress\/plugins\/seo\/ -->\n<title>Nuestro Equipo - St. Louis Trial Lawyers<\/title>\n<meta name=\"robots\" content=\"index, follow, max-snippet:-1, max-image-preview:large, max-video-preview:-1\" \/>\n<link rel=\"canonical\" href=\"https:\/\/stltriallawyers.com\/es\/nuestro-equipo\/\" \/>\n<meta property=\"og:locale\" content=\"es_ES\" \/>\n<meta property=\"og:type\" content=\"article\" \/>\n<meta property=\"og:title\" content=\"Nuestro Equipo\" \/>\n<meta property=\"og:description\" content=\"Nuestra firma combina experiencia, servicio al cliente y un historial de \u00e9xito en nombre de las personas que han sufrido p\u00e9rdidas como resultado de la negligencia . Nuestra pr\u00e1ctica de lesiones personales incluye los casos de accidentes automovil\u00edsticos , accidentes de camiones , negligencia m\u00e9dica, responsabilidad por productos defectuosos y mala conducta policial . Gonzalo ... Leer m\u00e1s\" \/>\n<meta property=\"og:url\" content=\"https:\/\/stltriallawyers.com\/es\/nuestro-equipo\/\" \/>\n<meta property=\"og:site_name\" content=\"St. Louis Trial Lawyers\" \/>\n<meta property=\"article:modified_time\" content=\"2025-09-17T16:02:16+00:00\" \/>\n<meta name=\"twitter:label1\" content=\"Tiempo de lectura\" \/>\n\t<meta name=\"twitter:data1\" content=\"3 minutos\" \/>\n<script type=\"application\/ld+json\" class=\"yoast-schema-graph\">{\"@context\":\"https:\/\/schema.org\",\"@graph\":[{\"@type\":\"WebPage\",\"@id\":\"https:\/\/stltriallawyers.com\/es\/nuestro-equipo\/\",\"url\":\"https:\/\/stltriallawyers.com\/es\/nuestro-equipo\/\",\"name\":\"Nuestro Equipo - St. Louis Trial Lawyers\",\"isPartOf\":{\"@id\":\"https:\/\/stltriallawyers.com\/#website\"},\"datePublished\":\"2021-02-10T05:16:18+00:00\",\"dateModified\":\"2025-09-17T16:02:16+00:00\",\"breadcrumb\":{\"@id\":\"https:\/\/stltriallawyers.com\/es\/nuestro-equipo\/#breadcrumb\"},\"inLanguage\":\"es\",\"potentialAction\":[{\"@type\":\"ReadAction\",\"target\":[\"https:\/\/stltriallawyers.com\/es\/nuestro-equipo\/\"]}]},{\"@type\":\"BreadcrumbList\",\"@id\":\"https:\/\/stltriallawyers.com\/es\/nuestro-equipo\/#breadcrumb\",\"itemListElement\":[{\"@type\":\"ListItem\",\"position\":1,\"name\":\"Home\",\"item\":\"https:\/\/stltriallawyers.com\/es\/\"},{\"@type\":\"ListItem\",\"position\":2,\"name\":\"Nuestro Equipo\"}]},{\"@type\":\"WebSite\",\"@id\":\"https:\/\/stltriallawyers.com\/#website\",\"url\":\"https:\/\/stltriallawyers.com\/\",\"name\":\"St. Louis Trial Lawyers\",\"description\":\"\",\"publisher\":{\"@id\":\"https:\/\/stltriallawyers.com\/#organization\"},\"potentialAction\":[{\"@type\":\"SearchAction\",\"target\":{\"@type\":\"EntryPoint\",\"urlTemplate\":\"https:\/\/stltriallawyers.com\/?s={search_term_string}\"},\"query-input\":{\"@type\":\"PropertyValueSpecification\",\"valueRequired\":true,\"valueName\":\"search_term_string\"}}],\"inLanguage\":\"es\"},{\"@type\":[\"Organization\",\"Place\"],\"@id\":\"https:\/\/stltriallawyers.com\/#organization\",\"name\":\"Fernandez Law, LLC\",\"url\":\"https:\/\/stltriallawyers.com\/\",\"logo\":{\"@id\":\"https:\/\/stltriallawyers.com\/es\/nuestro-equipo\/#local-main-organization-logo\"},\"image\":{\"@id\":\"https:\/\/stltriallawyers.com\/es\/nuestro-equipo\/#local-main-organization-logo\"},\"telephone\":[],\"openingHoursSpecification\":[{\"@type\":\"OpeningHoursSpecification\",\"dayOfWeek\":[\"Monday\",\"Tuesday\",\"Wednesday\",\"Thursday\",\"Friday\",\"Saturday\",\"Sunday\"],\"opens\":\"09:00\",\"closes\":\"17:00\"}]},{\"@type\":\"ImageObject\",\"inLanguage\":\"es\",\"@id\":\"https:\/\/stltriallawyers.com\/es\/nuestro-equipo\/#local-main-organization-logo\",\"url\":\"https:\/\/stltriallawyers.com\/wp-content\/uploads\/Logo.jpg\",\"contentUrl\":\"https:\/\/stltriallawyers.com\/wp-content\/uploads\/Logo.jpg\",\"width\":1084,\"height\":284,\"caption\":\"Fernandez Law, LLC\"}]}<\/script>\n<!-- \/ Yoast SEO Premium plugin. -->","yoast_head_json":{"title":"Nuestro Equipo - St. Louis Trial Lawyers","robots":{"index":"index","follow":"follow","max-snippet":"max-snippet:-1","max-image-preview":"max-image-preview:large","max-video-preview":"max-video-preview:-1"},"canonical":"https:\/\/stltriallawyers.com\/es\/nuestro-equipo\/","og_locale":"es_ES","og_type":"article","og_title":"Nuestro Equipo","og_description":"Nuestra firma combina experiencia, servicio al cliente y un historial de \u00e9xito en nombre de las personas que han sufrido p\u00e9rdidas como resultado de la negligencia . Nuestra pr\u00e1ctica de lesiones personales incluye los casos de accidentes automovil\u00edsticos , accidentes de camiones , negligencia m\u00e9dica, responsabilidad por productos defectuosos y mala conducta policial . Gonzalo ... Leer m\u00e1s","og_url":"https:\/\/stltriallawyers.com\/es\/nuestro-equipo\/","og_site_name":"St. Louis Trial Lawyers","article_modified_time":"2025-09-17T16:02:16+00:00","twitter_misc":{"Tiempo de lectura":"3 minutos"},"schema":{"@context":"https:\/\/schema.org","@graph":[{"@type":"WebPage","@id":"https:\/\/stltriallawyers.com\/es\/nuestro-equipo\/","url":"https:\/\/stltriallawyers.com\/es\/nuestro-equipo\/","name":"Nuestro Equipo - St. Louis Trial Lawyers","isPartOf":{"@id":"https:\/\/stltriallawyers.com\/#website"},"datePublished":"2021-02-10T05:16:18+00:00","dateModified":"2025-09-17T16:02:16+00:00","breadcrumb":{"@id":"https:\/\/stltriallawyers.com\/es\/nuestro-equipo\/#breadcrumb"},"inLanguage":"es","potentialAction":[{"@type":"ReadAction","target":["https:\/\/stltriallawyers.com\/es\/nuestro-equipo\/"]}]},{"@type":"BreadcrumbList","@id":"https:\/\/stltriallawyers.com\/es\/nuestro-equipo\/#breadcrumb","itemListElement":[{"@type":"ListItem","position":1,"name":"Home","item":"https:\/\/stltriallawyers.com\/es\/"},{"@type":"ListItem","position":2,"name":"Nuestro Equipo"}]},{"@type":"WebSite","@id":"https:\/\/stltriallawyers.com\/#website","url":"https:\/\/stltriallawyers.com\/","name":"St. Louis Trial Lawyers","description":"","publisher":{"@id":"https:\/\/stltriallawyers.com\/#organization"},"potentialAction":[{"@type":"SearchAction","target":{"@type":"EntryPoint","urlTemplate":"https:\/\/stltriallawyers.com\/?s={search_term_string}"},"query-input":{"@type":"PropertyValueSpecification","valueRequired":true,"valueName":"search_term_string"}}],"inLanguage":"es"},{"@type":["Organization","Place"],"@id":"https:\/\/stltriallawyers.com\/#organization","name":"Fernandez Law, LLC","url":"https:\/\/stltriallawyers.com\/","logo":{"@id":"https:\/\/stltriallawyers.com\/es\/nuestro-equipo\/#local-main-organization-logo"},"image":{"@id":"https:\/\/stltriallawyers.com\/es\/nuestro-equipo\/#local-main-organization-logo"},"telephone":[],"openingHoursSpecification":[{"@type":"OpeningHoursSpecification","dayOfWeek":["Monday","Tuesday","Wednesday","Thursday","Friday","Saturday","Sunday"],"opens":"09:00","closes":"17:00"}]},{"@type":"ImageObject","inLanguage":"es","@id":"https:\/\/stltriallawyers.com\/es\/nuestro-equipo\/#local-main-organization-logo","url":"https:\/\/stltriallawyers.com\/wp-content\/uploads\/Logo.jpg","contentUrl":"https:\/\/stltriallawyers.com\/wp-content\/uploads\/Logo.jpg","width":1084,"height":284,"caption":"Fernandez Law, LLC"}]}},"_links":{"self":[{"href":"https:\/\/stltriallawyers.com\/es\/wp-json\/wp\/v2\/pages\/8025","targetHints":{"allow":["GET"]}}],"collection":[{"href":"https:\/\/stltriallawyers.com\/es\/wp-json\/wp\/v2\/pages"}],"about":[{"href":"https:\/\/stltriallawyers.com\/es\/wp-json\/wp\/v2\/types\/page"}],"author":[{"embeddable":true,"href":"https:\/\/stltriallawyers.com\/es\/wp-json\/wp\/v2\/users\/8"}],"replies":[{"embeddable":true,"href":"https:\/\/stltriallawyers.com\/es\/wp-json\/wp\/v2\/comments?post=8025"}],"version-history":[{"count":25,"href":"https:\/\/stltriallawyers.com\/es\/wp-json\/wp\/v2\/pages\/8025\/revisions"}],"predecessor-version":[{"id":10147,"href":"https:\/\/stltriallawyers.com\/es\/wp-json\/wp\/v2\/pages\/8025\/revisions\/10147"}],"wp:attachment":[{"href":"https:\/\/stltriallawyers.com\/es\/wp-json\/wp\/v2\/media?parent=8025"}],"curies":[{"name":"wp","href":"https:\/\/api.w.org\/{rel}","templated":true}]}}