{"id":8361,"date":"2021-02-08T13:35:34","date_gmt":"2021-02-08T19:35:34","guid":{"rendered":"https:\/\/stltriallawyers.com\/case-results\/"},"modified":"2025-02-18T16:16:54","modified_gmt":"2025-02-18T22:16:54","slug":"resultatos-de-casos","status":"publish","type":"page","link":"https:\/\/stltriallawyers.com\/es\/resultatos-de-casos\/","title":{"rendered":"Resultados de Casos"},"content":{"rendered":"<div id=\"pl-8361\"  class=\"panel-layout\" ><div id=\"pg-8361-0\"  class=\"panel-grid panel-has-style\" ><div class=\"siteorigin-panels-stretch panel-row-style panel-row-style-for-8361-0\" data-stretch-type=\"full\" ><div id=\"pgc-8361-0-0\"  class=\"panel-grid-cell\" ><div id=\"panel-8361-0-0-0\" class=\"so-panel widget_sow-editor panel-first-child panel-last-child\" data-index=\"0\" ><div class=\"panel-widget-style panel-widget-style-for-8361-0-0-0\" ><div\n\t\t\t\n\t\t\tclass=\"so-widget-sow-editor so-widget-sow-editor-base\"\n\t\t\t\n\t\t>\n<div class=\"siteorigin-widget-tinymce textwidget\">\n\t<h2 class=\"heading_title\"><span style=\"color: #002d62;\"><strong><b>LA FAMILIA DE JANE DOE VS. Medicos Atendientes y Hospital <\/b><\/strong><\/span><\/h2>\n<h4>$1 Million<\/h4>\n<p><span style=\"font-weight: 400;\">Este fue un caso de muerte por negligencia que involucraba a una mujer de 74 a\u00f1os que muri\u00f3 despu\u00e9s de que los m\u00e9dicos que la trataban no reconocieron ni trataron complicaciones conocidas despu\u00e9s de un procedimiento hospitalario de rutina. El caso se resolvi\u00f3 antes del juicio por un mill\u00f3n de d\u00f3lares.<\/span><\/p>\n<\/div>\n<\/div><\/div><\/div><\/div><\/div><\/div><div id=\"pg-8361-1\"  class=\"panel-grid panel-has-style\" ><div class=\"siteorigin-panels-stretch panel-row-style panel-row-style-for-8361-1\" data-stretch-type=\"full\" ><div id=\"pgc-8361-1-0\"  class=\"panel-grid-cell\" ><div id=\"panel-8361-1-0-0\" class=\"so-panel widget_sow-editor panel-first-child panel-last-child\" data-index=\"1\" ><div class=\"panel-widget-style panel-widget-style-for-8361-1-0-0\" ><div\n\t\t\t\n\t\t\tclass=\"so-widget-sow-editor so-widget-sow-editor-base\"\n\t\t\t\n\t\t>\n<div class=\"siteorigin-widget-tinymce textwidget\">\n\t<h2 class=\"heading_title\"><span style=\"color: #002d62;\"><strong>MATTHEW SCOTT VS. SSM HEALTH CARE AND RADIOLOGIC IMAGING CONSULTANTS<\/strong><\/span><\/h2>\n<h4><b>casi 5 millones de d\u00f3lares<\/b><\/h4>\n<p class=\"smallText\">70 S.W.3d 560 (Mo. App. ED)<\/p>\n<p><span style=\"font-weight: 400;\">Demanda por mala praxis ( mala pr\u00e1ctica ) m\u00e9dica en una sala de urgencias que involucraba a un joven de 16 a\u00f1os que sufri\u00f3 una lesi\u00f3n cerebral a causa de una infecci\u00f3n que no fue diagnosticada ni tratada a tiempo en la sala de urgencias despu\u00e9s de un accidente automovil\u00edstico. La mala praxis (mala pr\u00e1ctica) m\u00e9dica provoc\u00f3 una infecci\u00f3n cerebral que le caus\u00f3 una p\u00e9rdida motora y cognitiva permanente. Un jurado otorg\u00f3 una indemnizaci\u00f3n por da\u00f1os y perjuicios por un monto de $4.945.000 d\u00f3lares. El tribunal de primera instancia aplic\u00f3 el l\u00edmite legal de da\u00f1os y perjuicios por dolor y sufrimiento y redujo el veredicto a $3.191.534 d\u00f3lares. Esa sentencia fue confirmada en apelaci\u00f3n.<\/span><\/p>\n<\/div>\n<\/div><\/div><\/div><\/div><\/div><\/div><div id=\"pg-8361-2\"  class=\"panel-grid panel-has-style\" ><div class=\"siteorigin-panels-stretch panel-row-style panel-row-style-for-8361-2\" data-stretch-type=\"full\" ><div id=\"pgc-8361-2-0\"  class=\"panel-grid-cell\" ><div id=\"panel-8361-2-0-0\" class=\"so-panel widget_sow-editor panel-first-child panel-last-child\" data-index=\"2\" ><div class=\"panel-widget-style panel-widget-style-for-8361-2-0-0\" ><div\n\t\t\t\n\t\t\tclass=\"so-widget-sow-editor so-widget-sow-editor-base\"\n\t\t\t\n\t\t>\n<div class=\"siteorigin-widget-tinymce textwidget\">\n\t<h2 class=\"heading_title\"><span style=\"color: #002d62;\"><strong><b>CALLAHAN VS. HOSPITAL CARDINAL GLENNON<\/b><\/strong><\/span><\/h2>\n<h4><b>16 millones de d\u00f3lares<\/b><\/h4>\n<p>901 S.W.2d 270 (Mo. App. ED)<\/p>\n<p><span style=\"font-weight: 400;\">Demanda por mala pr\u00e1ctica m\u00e9dica relacionada con un beb\u00e9 que sufri\u00f3 par\u00e1lisis en una pierna debido a que no se trat\u00f3 correctamente un absceso rectal. Un jurado otorg\u00f3 16 millones de d\u00f3lares en da\u00f1os y perjuicios a los demandados, lo que fue confirmado en apelaci\u00f3n por la Corte Suprema de Missouri.<\/span><\/p>\n<\/div>\n<\/div><\/div><\/div><\/div><\/div><\/div><div id=\"pg-8361-3\"  class=\"panel-grid panel-has-style\" ><div class=\"siteorigin-panels-stretch panel-row-style panel-row-style-for-8361-3\" data-stretch-type=\"full\" ><div id=\"pgc-8361-3-0\"  class=\"panel-grid-cell\" ><div id=\"panel-8361-3-0-0\" class=\"so-panel widget_sow-editor panel-first-child panel-last-child\" data-index=\"3\" ><div class=\"panel-widget-style panel-widget-style-for-8361-3-0-0\" ><div\n\t\t\t\n\t\t\tclass=\"so-widget-sow-editor so-widget-sow-editor-base\"\n\t\t\t\n\t\t>\n<div class=\"siteorigin-widget-tinymce textwidget\">\n\t<h2 class=\"heading_title\"><span style=\"color: #002d62;\"><strong>MATTHEW SCOTT V. SSM HEALTHCARE<\/strong><\/span><\/h2>\n<h4><b>$5 millones<\/b><\/h4>\n<p class=\"smallText\"><span style=\"font-weight: 400;\">Este fue un caso de negligencia m\u00e9dica en el que representamos a un joven que se present\u00f3 en la sala de emergencias con signos y s\u00edntomas de una infecci\u00f3n cerebral grave, que seg\u00fan alegamos, los m\u00e9dicos que lo atendieron no diagnosticaron ni trataron a tiempo. Despu\u00e9s de un juicio de casi dos semanas, el jurado fall\u00f3 a favor de nuestros clientes y otorg\u00f3 casi 5 millones de d\u00f3lares en da\u00f1os y perjuicios. El tribunal de primera instancia se vio obligado a reducir el monto de los da\u00f1os y perjuicios en varios millones de d\u00f3lares debido a una ley de Missouri que limita el monto de los da\u00f1os y perjuicios que un demandante puede recibir de cualquier demandado en un caso de negligencia m\u00e9dica. Este caso fue apelado hasta la Corte Suprema de Missouri y result\u00f3 en una decisi\u00f3n hist\u00f3rica a nuestro favor que cambi\u00f3 la ley en Missouri con respecto a cu\u00e1nto dinero un demandante puede recibir por concepto de da\u00f1os y perjuicios de un demandado en este tipo de casos. El caso sigue siendo ampliamente citado por tribunales y publicaciones acad\u00e9micas en todo el pa\u00eds. <\/span><\/p>\n<\/div>\n<\/div><\/div><\/div><\/div><\/div><\/div><div id=\"pg-8361-4\"  class=\"panel-grid panel-has-style\" ><div class=\"siteorigin-panels-stretch panel-row-style panel-row-style-for-8361-4\" data-stretch-type=\"full\" ><div id=\"pgc-8361-4-0\"  class=\"panel-grid-cell\" ><div id=\"panel-8361-4-0-0\" class=\"so-panel widget_sow-editor panel-first-child panel-last-child\" data-index=\"4\" ><div class=\"panel-widget-style panel-widget-style-for-8361-4-0-0\" ><div\n\t\t\t\n\t\t\tclass=\"so-widget-sow-editor so-widget-sow-editor-base\"\n\t\t\t\n\t\t>\n<div class=\"siteorigin-widget-tinymce textwidget\">\n\t<h2 class=\"heading_title\"><span style=\"color: #002d62;\"><strong>WEI WU V. RYDER TRUCK<\/strong><\/span><\/h2>\n<h4><b>$15 millones<\/b><\/h4>\n<p><span style=\"font-weight: 400;\">Wei Wu estaba dormido en la cabina de un cami\u00f3n de 18 ruedas que transportaba carga a trav\u00e9s del pa\u00eds. Mientras cruzaban el puente de Poplar Street en el centro de St. Louis, el conductor del cami\u00f3n con remolque perdi\u00f3 el control del veh\u00edculo, lo que provoc\u00f3 que chocara contra la media pared separadora y se volcara en la carretera. Wei Wu sufri\u00f3 lesiones devastadoras que cambiaron su vida. Ten\u00eda cientos de miles de d\u00f3lares en facturas m\u00e9dicas y nunca volver\u00eda a trabajar. Contrat\u00f3 a nuestra Oficina de Abogados para que representara sus intereses y demandamos al conductor y a la empresa de camiones en su nombre. La empresa de camiones traslad\u00f3 el asunto a su compa\u00f1\u00eda de seguros, la cual rechaz\u00f3 la demanda afirmando que no necesitaban proporcionar cobertura para este accidente en particular. Este fu\u00e9 un caso extremadamente complicado, ya que la empresa de camiones y los conductores ten\u00edan su base en Canad\u00e1. Lo que complic\u00f3 a\u00fan m\u00e1s las cosas fue el hecho de que su tractor (el cam\u00f3n que arrastra el remolque) se averi\u00f3 y su empresa alquil\u00f3 una cabina de tractor de reemplazo para que pudieran completar su transporte. Demand\u00e1mos al conductor del cami\u00f3n y a dos empresas de camiones independientes. Luchamos arduamente en nombre de nuestro cliente y obtuvimos una sentencia a su favor por la cantidad de $13,803,203. Obtuvimos otros $1.5 millones para su esposa por todos los da\u00f1os que sufri\u00f3 como resultado de que su esposo resultara tan terriblemente herido. Desafortunadamente, ganar en el papel fue solo el comienzo de esta batalla. Todo lo que hab\u00edamos hecho hasta ahora no tendr\u00eda sentido si no pudi\u00e9ramos cobrar. Todas las compa\u00f1\u00edas de seguros involucradas rechazaron la reclamaci\u00f3n diciendo que por una raz\u00f3n u otra el accidente no estaba cubierto por su p\u00f3liza. Seguimos presionando y finalmente presentamos una demanda de embargo por separado contra cuatro compa\u00f1\u00edas de seguros pidiendo al tribunal que las obligara a pagar lo que indicaba la sentencia a favor nuestro. Todos estuvieron de acuerdo en que nuestro cliente estaba herido, pero nadie quer\u00eda pagarle porque dec\u00edan que el accidente no estaba cubierto. Ganamos en el tribunal de primera instancia, ganamos en el Tribunal de Apelaciones y finalmente nos pagaron despu\u00e9s de que la Corte Suprema de Missouri fall\u00f3 en contra de las compa\u00f1\u00edas de seguros. Fue una batalla larga y dura, pero finalmente recaudamos m\u00e1s de 15 millones de d\u00f3lares para nuestro cliente.&nbsp;<\/span><\/p>\n<\/div>\n<\/div><\/div><\/div><\/div><\/div><\/div><\/div>","protected":false},"excerpt":{"rendered":"<p>LA FAMILIA DE JANE DOE VS. Medicos Atendientes y Hospital $1 Million Este fue un caso de muerte por negligencia que involucraba a una mujer de 74 a\u00f1os que muri\u00f3 despu\u00e9s de que los m\u00e9dicos que la trataban no reconocieron ni trataron complicaciones conocidas despu\u00e9s de un procedimiento hospitalario de rutina. El caso se resolvi\u00f3 &#8230; <\/p>\n<p class=\"read-more-container\"><a title=\"Resultados de Casos\" class=\"read-more button\" href=\"https:\/\/stltriallawyers.com\/es\/resultatos-de-casos\/#more-8361\" aria-label=\"Leer m\u00e1s sobre Resultados de Casos\">Leer m\u00e1s<\/a><\/p>\n","protected":false},"author":8,"featured_media":0,"parent":0,"menu_order":0,"comment_status":"closed","ping_status":"closed","template":"","meta":{"inline_featured_image":false,"ngg_post_thumbnail":0,"footnotes":""},"class_list":["post-8361","page","type-page","status-publish"],"yoast_head":"<!-- This site is optimized with the Yoast SEO Premium plugin v22.4 (Yoast SEO v26.7) - https:\/\/yoast.com\/wordpress\/plugins\/seo\/ -->\n<title>Resultados de Casos - St. Louis Trial Lawyers<\/title>\n<meta name=\"robots\" content=\"index, follow, max-snippet:-1, max-image-preview:large, max-video-preview:-1\" \/>\n<link rel=\"canonical\" href=\"https:\/\/stltriallawyers.com\/es\/resultatos-de-casos\/\" \/>\n<meta property=\"og:locale\" content=\"es_ES\" \/>\n<meta property=\"og:type\" content=\"article\" \/>\n<meta property=\"og:title\" content=\"Resultados de Casos\" \/>\n<meta property=\"og:description\" content=\"LA FAMILIA DE JANE DOE VS. Medicos Atendientes y Hospital $1 Million Este fue un caso de muerte por negligencia que involucraba a una mujer de 74 a\u00f1os que muri\u00f3 despu\u00e9s de que los m\u00e9dicos que la trataban no reconocieron ni trataron complicaciones conocidas despu\u00e9s de un procedimiento hospitalario de rutina. El caso se resolvi\u00f3 ... Leer m\u00e1s\" \/>\n<meta property=\"og:url\" content=\"https:\/\/stltriallawyers.com\/es\/resultatos-de-casos\/\" \/>\n<meta property=\"og:site_name\" content=\"St. Louis Trial Lawyers\" \/>\n<meta property=\"article:modified_time\" content=\"2025-02-18T22:16:54+00:00\" \/>\n<meta name=\"twitter:label1\" content=\"Tiempo de lectura\" \/>\n\t<meta name=\"twitter:data1\" content=\"4 minutos\" \/>\n<script type=\"application\/ld+json\" class=\"yoast-schema-graph\">{\"@context\":\"https:\/\/schema.org\",\"@graph\":[{\"@type\":\"WebPage\",\"@id\":\"https:\/\/stltriallawyers.com\/es\/resultatos-de-casos\/\",\"url\":\"https:\/\/stltriallawyers.com\/es\/resultatos-de-casos\/\",\"name\":\"Resultados de Casos - St. Louis Trial Lawyers\",\"isPartOf\":{\"@id\":\"https:\/\/stltriallawyers.com\/#website\"},\"datePublished\":\"2021-02-08T19:35:34+00:00\",\"dateModified\":\"2025-02-18T22:16:54+00:00\",\"breadcrumb\":{\"@id\":\"https:\/\/stltriallawyers.com\/es\/resultatos-de-casos\/#breadcrumb\"},\"inLanguage\":\"es\",\"potentialAction\":[{\"@type\":\"ReadAction\",\"target\":[\"https:\/\/stltriallawyers.com\/es\/resultatos-de-casos\/\"]}]},{\"@type\":\"BreadcrumbList\",\"@id\":\"https:\/\/stltriallawyers.com\/es\/resultatos-de-casos\/#breadcrumb\",\"itemListElement\":[{\"@type\":\"ListItem\",\"position\":1,\"name\":\"Home\",\"item\":\"https:\/\/stltriallawyers.com\/es\/\"},{\"@type\":\"ListItem\",\"position\":2,\"name\":\"Resultados de Casos\"}]},{\"@type\":\"WebSite\",\"@id\":\"https:\/\/stltriallawyers.com\/#website\",\"url\":\"https:\/\/stltriallawyers.com\/\",\"name\":\"St. Louis Trial Lawyers\",\"description\":\"\",\"publisher\":{\"@id\":\"https:\/\/stltriallawyers.com\/#organization\"},\"potentialAction\":[{\"@type\":\"SearchAction\",\"target\":{\"@type\":\"EntryPoint\",\"urlTemplate\":\"https:\/\/stltriallawyers.com\/?s={search_term_string}\"},\"query-input\":{\"@type\":\"PropertyValueSpecification\",\"valueRequired\":true,\"valueName\":\"search_term_string\"}}],\"inLanguage\":\"es\"},{\"@type\":[\"Organization\",\"Place\"],\"@id\":\"https:\/\/stltriallawyers.com\/#organization\",\"name\":\"Fernandez Law, LLC\",\"url\":\"https:\/\/stltriallawyers.com\/\",\"logo\":{\"@id\":\"https:\/\/stltriallawyers.com\/es\/resultatos-de-casos\/#local-main-organization-logo\"},\"image\":{\"@id\":\"https:\/\/stltriallawyers.com\/es\/resultatos-de-casos\/#local-main-organization-logo\"},\"telephone\":[],\"openingHoursSpecification\":[{\"@type\":\"OpeningHoursSpecification\",\"dayOfWeek\":[\"Monday\",\"Tuesday\",\"Wednesday\",\"Thursday\",\"Friday\",\"Saturday\",\"Sunday\"],\"opens\":\"09:00\",\"closes\":\"17:00\"}]},{\"@type\":\"ImageObject\",\"inLanguage\":\"es\",\"@id\":\"https:\/\/stltriallawyers.com\/es\/resultatos-de-casos\/#local-main-organization-logo\",\"url\":\"https:\/\/stltriallawyers.com\/wp-content\/uploads\/Logo.jpg\",\"contentUrl\":\"https:\/\/stltriallawyers.com\/wp-content\/uploads\/Logo.jpg\",\"width\":1084,\"height\":284,\"caption\":\"Fernandez Law, LLC\"}]}<\/script>\n<!-- \/ Yoast SEO Premium plugin. -->","yoast_head_json":{"title":"Resultados de Casos - St. Louis Trial Lawyers","robots":{"index":"index","follow":"follow","max-snippet":"max-snippet:-1","max-image-preview":"max-image-preview:large","max-video-preview":"max-video-preview:-1"},"canonical":"https:\/\/stltriallawyers.com\/es\/resultatos-de-casos\/","og_locale":"es_ES","og_type":"article","og_title":"Resultados de Casos","og_description":"LA FAMILIA DE JANE DOE VS. Medicos Atendientes y Hospital $1 Million Este fue un caso de muerte por negligencia que involucraba a una mujer de 74 a\u00f1os que muri\u00f3 despu\u00e9s de que los m\u00e9dicos que la trataban no reconocieron ni trataron complicaciones conocidas despu\u00e9s de un procedimiento hospitalario de rutina. El caso se resolvi\u00f3 ... Leer m\u00e1s","og_url":"https:\/\/stltriallawyers.com\/es\/resultatos-de-casos\/","og_site_name":"St. Louis Trial Lawyers","article_modified_time":"2025-02-18T22:16:54+00:00","twitter_misc":{"Tiempo de lectura":"4 minutos"},"schema":{"@context":"https:\/\/schema.org","@graph":[{"@type":"WebPage","@id":"https:\/\/stltriallawyers.com\/es\/resultatos-de-casos\/","url":"https:\/\/stltriallawyers.com\/es\/resultatos-de-casos\/","name":"Resultados de Casos - St. Louis Trial Lawyers","isPartOf":{"@id":"https:\/\/stltriallawyers.com\/#website"},"datePublished":"2021-02-08T19:35:34+00:00","dateModified":"2025-02-18T22:16:54+00:00","breadcrumb":{"@id":"https:\/\/stltriallawyers.com\/es\/resultatos-de-casos\/#breadcrumb"},"inLanguage":"es","potentialAction":[{"@type":"ReadAction","target":["https:\/\/stltriallawyers.com\/es\/resultatos-de-casos\/"]}]},{"@type":"BreadcrumbList","@id":"https:\/\/stltriallawyers.com\/es\/resultatos-de-casos\/#breadcrumb","itemListElement":[{"@type":"ListItem","position":1,"name":"Home","item":"https:\/\/stltriallawyers.com\/es\/"},{"@type":"ListItem","position":2,"name":"Resultados de Casos"}]},{"@type":"WebSite","@id":"https:\/\/stltriallawyers.com\/#website","url":"https:\/\/stltriallawyers.com\/","name":"St. Louis Trial Lawyers","description":"","publisher":{"@id":"https:\/\/stltriallawyers.com\/#organization"},"potentialAction":[{"@type":"SearchAction","target":{"@type":"EntryPoint","urlTemplate":"https:\/\/stltriallawyers.com\/?s={search_term_string}"},"query-input":{"@type":"PropertyValueSpecification","valueRequired":true,"valueName":"search_term_string"}}],"inLanguage":"es"},{"@type":["Organization","Place"],"@id":"https:\/\/stltriallawyers.com\/#organization","name":"Fernandez Law, LLC","url":"https:\/\/stltriallawyers.com\/","logo":{"@id":"https:\/\/stltriallawyers.com\/es\/resultatos-de-casos\/#local-main-organization-logo"},"image":{"@id":"https:\/\/stltriallawyers.com\/es\/resultatos-de-casos\/#local-main-organization-logo"},"telephone":[],"openingHoursSpecification":[{"@type":"OpeningHoursSpecification","dayOfWeek":["Monday","Tuesday","Wednesday","Thursday","Friday","Saturday","Sunday"],"opens":"09:00","closes":"17:00"}]},{"@type":"ImageObject","inLanguage":"es","@id":"https:\/\/stltriallawyers.com\/es\/resultatos-de-casos\/#local-main-organization-logo","url":"https:\/\/stltriallawyers.com\/wp-content\/uploads\/Logo.jpg","contentUrl":"https:\/\/stltriallawyers.com\/wp-content\/uploads\/Logo.jpg","width":1084,"height":284,"caption":"Fernandez Law, LLC"}]}},"_links":{"self":[{"href":"https:\/\/stltriallawyers.com\/es\/wp-json\/wp\/v2\/pages\/8361","targetHints":{"allow":["GET"]}}],"collection":[{"href":"https:\/\/stltriallawyers.com\/es\/wp-json\/wp\/v2\/pages"}],"about":[{"href":"https:\/\/stltriallawyers.com\/es\/wp-json\/wp\/v2\/types\/page"}],"author":[{"embeddable":true,"href":"https:\/\/stltriallawyers.com\/es\/wp-json\/wp\/v2\/users\/8"}],"replies":[{"embeddable":true,"href":"https:\/\/stltriallawyers.com\/es\/wp-json\/wp\/v2\/comments?post=8361"}],"version-history":[{"count":4,"href":"https:\/\/stltriallawyers.com\/es\/wp-json\/wp\/v2\/pages\/8361\/revisions"}],"predecessor-version":[{"id":9840,"href":"https:\/\/stltriallawyers.com\/es\/wp-json\/wp\/v2\/pages\/8361\/revisions\/9840"}],"wp:attachment":[{"href":"https:\/\/stltriallawyers.com\/es\/wp-json\/wp\/v2\/media?parent=8361"}],"curies":[{"name":"wp","href":"https:\/\/api.w.org\/{rel}","templated":true}]}}