{"id":8473,"date":"2021-03-16T11:48:55","date_gmt":"2021-03-16T16:48:55","guid":{"rendered":"https:\/\/stltriallawyers.com\/?page_id=8473"},"modified":"2025-02-08T15:06:27","modified_gmt":"2025-02-08T21:06:27","slug":"silicosis-y-la-enfermedad-pulmonar","status":"publish","type":"page","link":"https:\/\/stltriallawyers.com\/es\/silicosis-y-la-enfermedad-pulmonar\/","title":{"rendered":"Silicosis y La Enfermedad Pulmonar"},"content":{"rendered":"<h2><b>Que es Silicosis?<\/b><\/h2>\n<p><span style=\"font-weight: 400;\">Silicosis es una enfermedad pulmonar que se produce cuando se inhalan part\u00edculas diminutas de S\u00edlice un mineral com\u00fan que se encuentra en la arena, el cuarzo y otros tipos de rocas. Aquellos que est\u00e1n expuestos al polvo de S\u00edlice durante un periodo prolongado de tiempo pueden desarrollar inflamaci\u00f3n y cejuelas en los pulmones.&nbsp; Esta afecci\u00f3n es un tipo de fibrosis pulmonar conocida como \u201cSilicosis\u201d que puede afectar gravemente&nbsp; la capacidad de sus pulmones para absorber&nbsp; y transferir oxigeno.&nbsp;&nbsp;&nbsp;&nbsp;<\/span><\/p>\n<h2><b>Como se Contrae la Silicosis?<\/b><\/h2>\n<p><span style=\"font-weight: 400;\">La Silicosis es t\u00edpicamente una enfermedad ocupacional, lo que significa que&nbsp; la mayor\u00eda de los casos involucran a personas&nbsp; que est\u00e1 expuesta repetidamente al polvo de S\u00edlice en su trabajo durante largos periodos de tiempo.&nbsp; Algunos trabajos que se sabe que exponente a los trabajadores a altos niveles de polvo de S\u00edlice incluyen:&nbsp;<\/span><\/p>\n<ul>\n<li style=\"font-weight: 400;\" aria-level=\"1\"><span style=\"font-weight: 400;\">Trabajadores en piedra (Mamposteros) y Lijadores.&nbsp; Los trabajadores que lijan, pulen, perforan o trabajan con piedra o materiales compuestos corren un riesgo extremadamente alto.&nbsp; Muchas de las nuevas encimeras de material compuesto&nbsp; ( Pollos o Mesones ) que se utilizan en la construcci\u00f3n de viviendas, est\u00e1n hechas con cuarzo el cual contiene un alto contenido de S\u00edlice.&nbsp; Cuando se lijan o trituran estos compuestos, usted queda expuesto al polvo de S\u00edlice muy fino.<\/span><\/li>\n<li style=\"font-weight: 400;\" aria-level=\"1\"><span style=\"font-weight: 400;\">El chorro de arena a propulsi\u00f3n utiliza arena de s\u00edlice a alta presi\u00f3n creando una nube de polvo de s\u00edlice muy fino.<\/span><\/li>\n<li style=\"font-weight: 400;\" aria-level=\"1\"><span style=\"font-weight: 400;\">Trituraci\u00f3n carga y acarreo de piedra o roca que contenga un alto porcentaje de cuarzo.&nbsp;<\/span><\/li>\n<li style=\"font-weight: 400;\" aria-level=\"1\"><span style=\"font-weight: 400;\">Demolici\u00f3n de Hormig\u00f3n o Mamposter\u00eda<\/span><\/li>\n<li style=\"font-weight: 400;\" aria-level=\"1\"><span style=\"font-weight: 400;\">Miner\u00eda<\/span><\/li>\n<li style=\"font-weight: 400;\" aria-level=\"1\"><span style=\"font-weight: 400;\">Fabricaci\u00f3n de vidrio<\/span><\/li>\n<li style=\"font-weight: 400;\" aria-level=\"1\"><span style=\"font-weight: 400;\">Constructores de barcos y trabajadores ferroviarios<\/span><\/li>\n<li style=\"font-weight: 400;\" aria-level=\"1\"><span style=\"font-weight: 400;\">Trabajadores de fundici\u00f3n<\/span><\/li>\n<li style=\"font-weight: 400;\" aria-level=\"1\"><span style=\"font-weight: 400;\">Amoladoras y Pulidoras<\/span><\/li>\n<\/ul>\n<h2><b>Cuales son los S\u00edntomas de la Silicosis?<\/b><\/h2>\n<p><span style=\"font-weight: 400;\">Es posible que los s\u00edntomas de la Silicosis no aparezcan&nbsp; si no hasta a\u00f1os despu\u00e9s de haber estado expuesto.&nbsp; Los s\u00edntomas al principio pueden parecer leves e incluir tos y producci\u00f3n excesiva de esputo (flema, moco). A medida que las secuelas&nbsp; ( Cicatrices) empeoran y el tejido pulmonar se deteriora, los s\u00edntomas progresan a una tos cr\u00f3nica, dificultad para respirar y dolor en el pecho. &nbsp; Si su funcion pulmonar se ve&nbsp; gravemente comprometida, la falta de ox\u00edgeno en su cuerpo puede provocar fatiga, debilidad, inflamaci\u00f3n de las piernas, labios de un color azulado, sudores nocturnos y fiebre.&nbsp;&nbsp;<\/span><\/p>\n<p><span style=\"font-weight: 400;\">La Silicosis puede tambi\u00e9n&nbsp; afectar su sistema inmunol\u00f3gico dej\u00e1ndolo m\u00e1s vulnerable a la tuberculosis, el c\u00e1ncer del pulm\u00f3n y COPD (EPOC).&nbsp;&nbsp;&nbsp;<\/span><\/p>\n<h2><b>Que debo hacer?&nbsp;<\/b><\/h2>\n<p><span style=\"font-weight: 400;\">Si usted ha sido diagnosticado con Silicosis o sospecha que pueda tener esta enfermedad, llame a nuestra oficina inmediatamente para hablar con un abogado con experiencia en el manejo de este tipo de demandas.&nbsp; Casos que envuelven&nbsp; la exposici\u00f3n a la Silicosis pueden ser complicados ya que envuelven&nbsp; Leyes de Compensaci\u00f3n Laboral como tambi\u00e9n posible exposici\u00f3n de los manufactureros y distribuidores de productos que contengan Silica.&nbsp;&nbsp;<\/span><\/p>\n<p><span style=\"font-weight: 400;\">Llamenos para poder ayudarle.<\/span><\/p>\n<p><a class=\"myButton\" href=\"https:\/\/stltriallawyers.com\/es\/contactenos-hoy\/\">Programe una Evaluaci\u00f3n Gratuita de su Caso<\/a><\/p>\n<p>&nbsp;<\/p>\n","protected":false},"excerpt":{"rendered":"<p>Que es Silicosis? Silicosis es una enfermedad pulmonar que se produce cuando se inhalan part\u00edculas diminutas de S\u00edlice un mineral com\u00fan que se encuentra en la arena, el cuarzo y otros tipos de rocas. Aquellos que est\u00e1n expuestos al polvo de S\u00edlice durante un periodo prolongado de tiempo pueden desarrollar inflamaci\u00f3n y cejuelas en los &#8230; <\/p>\n<p class=\"read-more-container\"><a title=\"Silicosis y La Enfermedad Pulmonar\" class=\"read-more button\" href=\"https:\/\/stltriallawyers.com\/es\/silicosis-y-la-enfermedad-pulmonar\/#more-8473\" aria-label=\"Leer m\u00e1s sobre Silicosis y La Enfermedad Pulmonar\">Leer m\u00e1s<\/a><\/p>\n","protected":false},"author":6,"featured_media":0,"parent":0,"menu_order":0,"comment_status":"closed","ping_status":"closed","template":"","meta":{"inline_featured_image":false,"ngg_post_thumbnail":0,"footnotes":""},"class_list":["post-8473","page","type-page","status-publish"],"yoast_head":"<!-- This site is optimized with the Yoast SEO Premium plugin v22.4 (Yoast SEO v26.7) - https:\/\/yoast.com\/wordpress\/plugins\/seo\/ -->\n<title>Silicosis y La Enfermedad Pulmonar | Fernandez Law<\/title>\n<meta name=\"robots\" content=\"index, follow, max-snippet:-1, max-image-preview:large, max-video-preview:-1\" \/>\n<link rel=\"canonical\" href=\"https:\/\/stltriallawyers.com\/es\/silicosis-y-la-enfermedad-pulmonar\/\" \/>\n<meta property=\"og:locale\" content=\"es_ES\" \/>\n<meta property=\"og:type\" content=\"article\" \/>\n<meta property=\"og:title\" content=\"Silicosis y La Enfermedad Pulmonar\" \/>\n<meta property=\"og:description\" content=\"Que es Silicosis? Silicosis es una enfermedad pulmonar que se produce cuando se inhalan part\u00edculas diminutas de S\u00edlice un mineral com\u00fan que se encuentra en la arena, el cuarzo y otros tipos de rocas. Aquellos que est\u00e1n expuestos al polvo de S\u00edlice durante un periodo prolongado de tiempo pueden desarrollar inflamaci\u00f3n y cejuelas en los ... Leer m\u00e1s\" \/>\n<meta property=\"og:url\" content=\"https:\/\/stltriallawyers.com\/es\/silicosis-y-la-enfermedad-pulmonar\/\" \/>\n<meta property=\"og:site_name\" content=\"St. Louis Trial Lawyers\" \/>\n<meta property=\"article:modified_time\" content=\"2025-02-08T21:06:27+00:00\" \/>\n<meta name=\"twitter:label1\" content=\"Tiempo de lectura\" \/>\n\t<meta name=\"twitter:data1\" content=\"3 minutos\" \/>\n<script type=\"application\/ld+json\" class=\"yoast-schema-graph\">{\"@context\":\"https:\/\/schema.org\",\"@graph\":[{\"@type\":\"WebPage\",\"@id\":\"https:\/\/stltriallawyers.com\/es\/silicosis-y-la-enfermedad-pulmonar\/\",\"url\":\"https:\/\/stltriallawyers.com\/es\/silicosis-y-la-enfermedad-pulmonar\/\",\"name\":\"Silicosis y La Enfermedad Pulmonar | Fernandez Law\",\"isPartOf\":{\"@id\":\"https:\/\/stltriallawyers.com\/#website\"},\"datePublished\":\"2021-03-16T16:48:55+00:00\",\"dateModified\":\"2025-02-08T21:06:27+00:00\",\"breadcrumb\":{\"@id\":\"https:\/\/stltriallawyers.com\/es\/silicosis-y-la-enfermedad-pulmonar\/#breadcrumb\"},\"inLanguage\":\"es\",\"potentialAction\":[{\"@type\":\"ReadAction\",\"target\":[\"https:\/\/stltriallawyers.com\/es\/silicosis-y-la-enfermedad-pulmonar\/\"]}]},{\"@type\":\"BreadcrumbList\",\"@id\":\"https:\/\/stltriallawyers.com\/es\/silicosis-y-la-enfermedad-pulmonar\/#breadcrumb\",\"itemListElement\":[{\"@type\":\"ListItem\",\"position\":1,\"name\":\"Home\",\"item\":\"https:\/\/stltriallawyers.com\/es\/\"},{\"@type\":\"ListItem\",\"position\":2,\"name\":\"Silicosis y La Enfermedad Pulmonar\"}]},{\"@type\":\"WebSite\",\"@id\":\"https:\/\/stltriallawyers.com\/#website\",\"url\":\"https:\/\/stltriallawyers.com\/\",\"name\":\"St. Louis Trial Lawyers\",\"description\":\"\",\"publisher\":{\"@id\":\"https:\/\/stltriallawyers.com\/#organization\"},\"potentialAction\":[{\"@type\":\"SearchAction\",\"target\":{\"@type\":\"EntryPoint\",\"urlTemplate\":\"https:\/\/stltriallawyers.com\/?s={search_term_string}\"},\"query-input\":{\"@type\":\"PropertyValueSpecification\",\"valueRequired\":true,\"valueName\":\"search_term_string\"}}],\"inLanguage\":\"es\"},{\"@type\":[\"Organization\",\"Place\"],\"@id\":\"https:\/\/stltriallawyers.com\/#organization\",\"name\":\"Fernandez Law, LLC\",\"url\":\"https:\/\/stltriallawyers.com\/\",\"logo\":{\"@id\":\"https:\/\/stltriallawyers.com\/es\/silicosis-y-la-enfermedad-pulmonar\/#local-main-organization-logo\"},\"image\":{\"@id\":\"https:\/\/stltriallawyers.com\/es\/silicosis-y-la-enfermedad-pulmonar\/#local-main-organization-logo\"},\"telephone\":[],\"openingHoursSpecification\":[{\"@type\":\"OpeningHoursSpecification\",\"dayOfWeek\":[\"Monday\",\"Tuesday\",\"Wednesday\",\"Thursday\",\"Friday\",\"Saturday\",\"Sunday\"],\"opens\":\"09:00\",\"closes\":\"17:00\"}]},{\"@type\":\"ImageObject\",\"inLanguage\":\"es\",\"@id\":\"https:\/\/stltriallawyers.com\/es\/silicosis-y-la-enfermedad-pulmonar\/#local-main-organization-logo\",\"url\":\"https:\/\/stltriallawyers.com\/wp-content\/uploads\/Logo.jpg\",\"contentUrl\":\"https:\/\/stltriallawyers.com\/wp-content\/uploads\/Logo.jpg\",\"width\":1084,\"height\":284,\"caption\":\"Fernandez Law, LLC\"}]}<\/script>\n<!-- \/ Yoast SEO Premium plugin. -->","yoast_head_json":{"title":"Silicosis y La Enfermedad Pulmonar | Fernandez Law","robots":{"index":"index","follow":"follow","max-snippet":"max-snippet:-1","max-image-preview":"max-image-preview:large","max-video-preview":"max-video-preview:-1"},"canonical":"https:\/\/stltriallawyers.com\/es\/silicosis-y-la-enfermedad-pulmonar\/","og_locale":"es_ES","og_type":"article","og_title":"Silicosis y La Enfermedad Pulmonar","og_description":"Que es Silicosis? Silicosis es una enfermedad pulmonar que se produce cuando se inhalan part\u00edculas diminutas de S\u00edlice un mineral com\u00fan que se encuentra en la arena, el cuarzo y otros tipos de rocas. Aquellos que est\u00e1n expuestos al polvo de S\u00edlice durante un periodo prolongado de tiempo pueden desarrollar inflamaci\u00f3n y cejuelas en los ... Leer m\u00e1s","og_url":"https:\/\/stltriallawyers.com\/es\/silicosis-y-la-enfermedad-pulmonar\/","og_site_name":"St. Louis Trial Lawyers","article_modified_time":"2025-02-08T21:06:27+00:00","twitter_misc":{"Tiempo de lectura":"3 minutos"},"schema":{"@context":"https:\/\/schema.org","@graph":[{"@type":"WebPage","@id":"https:\/\/stltriallawyers.com\/es\/silicosis-y-la-enfermedad-pulmonar\/","url":"https:\/\/stltriallawyers.com\/es\/silicosis-y-la-enfermedad-pulmonar\/","name":"Silicosis y La Enfermedad Pulmonar | Fernandez Law","isPartOf":{"@id":"https:\/\/stltriallawyers.com\/#website"},"datePublished":"2021-03-16T16:48:55+00:00","dateModified":"2025-02-08T21:06:27+00:00","breadcrumb":{"@id":"https:\/\/stltriallawyers.com\/es\/silicosis-y-la-enfermedad-pulmonar\/#breadcrumb"},"inLanguage":"es","potentialAction":[{"@type":"ReadAction","target":["https:\/\/stltriallawyers.com\/es\/silicosis-y-la-enfermedad-pulmonar\/"]}]},{"@type":"BreadcrumbList","@id":"https:\/\/stltriallawyers.com\/es\/silicosis-y-la-enfermedad-pulmonar\/#breadcrumb","itemListElement":[{"@type":"ListItem","position":1,"name":"Home","item":"https:\/\/stltriallawyers.com\/es\/"},{"@type":"ListItem","position":2,"name":"Silicosis y La Enfermedad Pulmonar"}]},{"@type":"WebSite","@id":"https:\/\/stltriallawyers.com\/#website","url":"https:\/\/stltriallawyers.com\/","name":"St. Louis Trial Lawyers","description":"","publisher":{"@id":"https:\/\/stltriallawyers.com\/#organization"},"potentialAction":[{"@type":"SearchAction","target":{"@type":"EntryPoint","urlTemplate":"https:\/\/stltriallawyers.com\/?s={search_term_string}"},"query-input":{"@type":"PropertyValueSpecification","valueRequired":true,"valueName":"search_term_string"}}],"inLanguage":"es"},{"@type":["Organization","Place"],"@id":"https:\/\/stltriallawyers.com\/#organization","name":"Fernandez Law, LLC","url":"https:\/\/stltriallawyers.com\/","logo":{"@id":"https:\/\/stltriallawyers.com\/es\/silicosis-y-la-enfermedad-pulmonar\/#local-main-organization-logo"},"image":{"@id":"https:\/\/stltriallawyers.com\/es\/silicosis-y-la-enfermedad-pulmonar\/#local-main-organization-logo"},"telephone":[],"openingHoursSpecification":[{"@type":"OpeningHoursSpecification","dayOfWeek":["Monday","Tuesday","Wednesday","Thursday","Friday","Saturday","Sunday"],"opens":"09:00","closes":"17:00"}]},{"@type":"ImageObject","inLanguage":"es","@id":"https:\/\/stltriallawyers.com\/es\/silicosis-y-la-enfermedad-pulmonar\/#local-main-organization-logo","url":"https:\/\/stltriallawyers.com\/wp-content\/uploads\/Logo.jpg","contentUrl":"https:\/\/stltriallawyers.com\/wp-content\/uploads\/Logo.jpg","width":1084,"height":284,"caption":"Fernandez Law, LLC"}]}},"_links":{"self":[{"href":"https:\/\/stltriallawyers.com\/es\/wp-json\/wp\/v2\/pages\/8473","targetHints":{"allow":["GET"]}}],"collection":[{"href":"https:\/\/stltriallawyers.com\/es\/wp-json\/wp\/v2\/pages"}],"about":[{"href":"https:\/\/stltriallawyers.com\/es\/wp-json\/wp\/v2\/types\/page"}],"author":[{"embeddable":true,"href":"https:\/\/stltriallawyers.com\/es\/wp-json\/wp\/v2\/users\/6"}],"replies":[{"embeddable":true,"href":"https:\/\/stltriallawyers.com\/es\/wp-json\/wp\/v2\/comments?post=8473"}],"version-history":[{"count":5,"href":"https:\/\/stltriallawyers.com\/es\/wp-json\/wp\/v2\/pages\/8473\/revisions"}],"predecessor-version":[{"id":9826,"href":"https:\/\/stltriallawyers.com\/es\/wp-json\/wp\/v2\/pages\/8473\/revisions\/9826"}],"wp:attachment":[{"href":"https:\/\/stltriallawyers.com\/es\/wp-json\/wp\/v2\/media?parent=8473"}],"curies":[{"name":"wp","href":"https:\/\/api.w.org\/{rel}","templated":true}]}}