{"id":9783,"date":"2024-06-11T22:34:03","date_gmt":"2024-06-12T03:34:03","guid":{"rendered":"https:\/\/stltriallawyers.com\/?page_id=9783"},"modified":"2025-02-08T14:40:46","modified_gmt":"2025-02-08T20:40:46","slug":"abogado-de-monsanto-roundup","status":"publish","type":"page","link":"https:\/\/stltriallawyers.com\/es\/abogado-de-monsanto-roundup\/","title":{"rendered":"Abogado de Monsanto Roundup"},"content":{"rendered":"<p><img loading=\"lazy\" decoding=\"async\" class=\"alignleft wp-image-4378 size-medium\" src=\"https:\/\/stltriallawyers.com\/wp-content\/uploads\/Roundup-300x200.jpg\" alt=\"If you\u2019ve been diagnosed with non-Hodgkin\u2019s lymphoma after exposure to the weed killer Roundup, call us for a free case evaluation.\" width=\"300\" height=\"200\" srcset=\"https:\/\/stltriallawyers.com\/wp-content\/uploads\/Roundup-300x200.jpg 300w, https:\/\/stltriallawyers.com\/wp-content\/uploads\/Roundup-768x512.jpg 768w, https:\/\/stltriallawyers.com\/wp-content\/uploads\/Roundup-1024x683.jpg 1024w, https:\/\/stltriallawyers.com\/wp-content\/uploads\/Roundup-710x473.jpg 710w, https:\/\/stltriallawyers.com\/wp-content\/uploads\/Roundup-1040x693.jpg 1040w\" sizes=\"auto, (max-width: 300px) 100vw, 300px\" \/><\/p>\n<p>Los productos de control de malezas Roundup y Ranger Pro, de Monsanto han sido conectados al c\u00e1ncer, despu\u00e9s que un reporte de la Organizaci\u00f3n Mundial de la Salud, conocida por sus siglas (WHO) estimo que el ingrediente clave, glifosato, es un \u00abposible\u00bb carcin\u00f3geno. Espec\u00edficamente, perece existir una relaci\u00f3n entre la exposici\u00f3n al glifosato y el desarrollo de Linfoma no-Hodgkin.<\/p>\n<p>Personas que han estado expuestas al glifosato y han sido diagnosticadas con c\u00e1ncer est\u00e1n presentando demandas en todo el pa\u00eds. Casos legales en contra de Monsanto est\u00e1n sucediendo aqu\u00ed en la ciudad de St. Louis. &nbsp;Si usted ha sido diagnosticado con linfoma no-Hodgkin, y ha estado expuesto al Roundup u otro producto cuyo ingrediente base es glifosato, nosotros podemos ayudar. Nuestros abogado especializados en lesiones causadas por el Roundup, proveer\u00e1n una evaluaci\u00f3n gratis de su caso para determinar \u00f3ptimamente sus pr\u00f3ximos pasos.<\/p>\n<p><a class=\"myButton\" href=\"\/es\/contactenos-hoy\/\">Cont\u00e1ctanos para una consulta gratuita<\/a><\/p>\n<hr>\n<h2>Que es Roundup?<\/h2>\n<p>Roundup es un herbicida cuyo ingrediente base es glifosato originalmente producido por Monsanto, compa\u00f1\u00eda que fue adquirido por Bayer en 2018. Este y otros controladores de malezas son ampliamente usados por los granjeros, dise\u00f1adores paisajistas, jardineros, entre otros. La versi\u00f3n gen\u00e9rica de Roundup se llama Ranger Pro, el cual es tambi\u00e9n manufacturado por Monsanto.<\/p>\n<hr>\n<h2>Es el uso de Round inofensivo?<\/h2>\n<p>Hay puntos de vista en conflicto respecto al uso inofensivo de Roundup. Es el herbicida de m\u00e1s amplio uso en los Estados Unidos, pero estudios recientes han asociado la exposici\u00f3n al Roundup con ciertos tipos de c\u00e1ncer.<\/p>\n<hr>\n<h2>A que tipos de C\u00e1ncer ha sido asociado el Glifosato?<\/h2>\n<p>Los cient\u00edficos contin\u00faan trazando una l\u00ednea entre la exposici\u00f3n al Roundup producido por Monsanto y el Linfoma no-Hodgkin. &nbsp;La IARC ha listado el glifosato como una probable causa del Linfoma no-Hodgkin. La evidencia de la agencia encontr\u00f3 un vinculo entre la exposici\u00f3n al glifosato y el incremento de reportes de casos de Linfoma no-Hodgkin.<\/p>\n<p>El Linfoma no-Hodgkin ataca el sistema linf\u00e1tico, una parte muy critica de su sistema inmunol\u00f3gico. &nbsp;Comienza cuando su cuerpo comienza a producir Linfocitos Anormales los cuales son un tipo de c\u00e9lulas sangu\u00edneas blancas.<\/p>\n<p>Se\u00f1as y S\u00edntomas Incluyen lo Siguiente:<\/p>\n<ul>\n<li>Inflamaci\u00f3n de los vasos linf\u00e1ticos de su cuello, de su ingle, o de su axila<\/li>\n<li>Dolor en el pecho<\/li>\n<li>Sudores Nocturnos<\/li>\n<li>Fiebre<\/li>\n<li>Fatiga Constante<\/li>\n<li>Dolor abdominal o inflamaci\u00f3n<\/li>\n<\/ul>\n<hr>\n<h2>Quien Corre el Riesgo de Exposici\u00f3n al Glifosato?<\/h2>\n<p>Aquellos que trabajan alrededor de plantas o vegetaci\u00f3n corren el m\u00e1s alto riesgo de exposici\u00f3n.<\/p>\n<ul>\n<li>Dise\u00f1adores Paisajistas<\/li>\n<li>Jardineros<\/li>\n<li>Trabajadores de parques de recreaci\u00f3n<\/li>\n<li>Trabajadores forestales<\/li>\n<li>Empleados de Viveros<\/li>\n<li>Trabajadores de mantenimiento de campos atl\u00e9ticos<\/li>\n<li>Aplicadores de Fumigaci\u00f3n Comercial<\/li>\n<li>Usuarios Dom\u00e9sticos<\/li>\n<\/ul>\n<hr>\n<h2>Que otros Productos Monsanto Contienen Glifosato?<\/h2>\n<p>El herbicida glifosato m\u00e1s utilizado y mejor conocido es Roundup.\u2028Sin embargo, Monsanto vende una variedad de pesticidas que usan el mismo ingrediente clave. Se venden bajo una variedad de nombres de productos, incluidos Roundup y Ranger Pro.<\/p>\n<hr>\n<h2>Encuentran a Monsanto Culpable en Demanda por Round up<\/h2>\n<h3>Dewayne Johnson v. Monsanto Company<\/h3>\n<p>Una de las primeras demandas por Glifosato llevadas a juicio fue presentada en California y negociada a conformidad en Agosto del 2018. Dewayne \u201cLee\u201d Johnson trabajo como jardinero de una escuela &nbsp;y quien rutinariamente en los campos de deporte usaba productos cuyo principal ingrediente era glifosato.<\/p>\n<p>En su demanda, argument\u00f3 que su exposici\u00f3n al glifosato a trav\u00e9s del herbicida Ranger Pro lo llev\u00f3 a desarrollar c\u00e1ncer de Linfoma no Hodgkin. Adem\u00e1s, argument\u00f3 que Monsanto era responsable por no delinear adecuadamente y advertir sobre los riesgos del glifosato. En el juicio, sus m\u00e9dicos declararon que no se espera que viva m\u00e1s all\u00e1 de 2020.<\/p>\n<p>Un jurado de doce miembros devolvi\u00f3 un veredicto un\u00e1nime a favor de Johnson. Descubrieron que Monsanto no advirti\u00f3 adecuadamente al p\u00fablico sobre los riesgos asociados con Round Up y Ranger Pro. Le otorgaron al demandante $ 289 millones en total. Aproximadamente $ 39 millones fueron para da\u00f1os compensatorios y $ 250 millones por da\u00f1os punitivos. Estos incluyen $ 37 millones por da\u00f1os no econ\u00f3micos, es decir $1 mill\u00f3n por cada a\u00f1o que su vida fue cortada por el c\u00e1ncer.<\/p>\n<hr>\n<h2>Nuestros abogado de lesiones personales pueden representarlo en los juicios de Roundup.<\/h2>\n<p>Nuestra firma de abogado actualmente toma casos en nombre de dise\u00f1adores paisajistas, trabajadores de f\u00e1bricas, podadores de \u00e1rboles, trabajadores agr\u00edcolas y cualquier persona que haya estado expuesta a estos pesticidas peligrosos a trav\u00e9s de su trabajo o en casa.<\/p>\n<p>Si usted ha sido diagnosticado con Linfoma no Hodgkin, ll\u00e1menos para una consulta gratuita. Veremos c\u00f3mo podemos ayudarle a obtener la compensaci\u00f3n a la que tiene derecho por los da\u00f1os causados.<\/p>\n<p><a class=\"myButton\" href=\"\/es\/contactenos-hoy\/\">Cont\u00e1ctanos para una consulta gratuita<\/a><\/p>\n<p>&nbsp;<\/p>\n<p>&nbsp;<\/p>\n","protected":false},"excerpt":{"rendered":"<p>Los productos de control de malezas Roundup y Ranger Pro, de Monsanto han sido conectados al c\u00e1ncer, despu\u00e9s que un reporte de la Organizaci\u00f3n Mundial de la Salud, conocida por sus siglas (WHO) estimo que el ingrediente clave, glifosato, es un \u00abposible\u00bb carcin\u00f3geno. Espec\u00edficamente, perece existir una relaci\u00f3n entre la exposici\u00f3n al glifosato y el &#8230; <\/p>\n<p class=\"read-more-container\"><a title=\"Abogado de Monsanto Roundup\" class=\"read-more button\" href=\"https:\/\/stltriallawyers.com\/es\/abogado-de-monsanto-roundup\/#more-9783\" aria-label=\"Leer m\u00e1s sobre Abogado de Monsanto Roundup\">Leer m\u00e1s<\/a><\/p>\n","protected":false},"author":8,"featured_media":0,"parent":0,"menu_order":0,"comment_status":"closed","ping_status":"closed","template":"","meta":{"inline_featured_image":false,"ngg_post_thumbnail":0,"footnotes":""},"class_list":["post-9783","page","type-page","status-publish"],"yoast_head":"<!-- This site is optimized with the Yoast SEO Premium plugin v22.4 (Yoast SEO v26.7) - https:\/\/yoast.com\/wordpress\/plugins\/seo\/ -->\n<title>Abogado de Monsanto Roundup - St. Louis Trial Lawyers<\/title>\n<meta name=\"robots\" content=\"index, follow, max-snippet:-1, max-image-preview:large, max-video-preview:-1\" \/>\n<link rel=\"canonical\" href=\"https:\/\/stltriallawyers.com\/es\/abogado-de-monsanto-roundup\/\" \/>\n<meta property=\"og:locale\" content=\"es_ES\" \/>\n<meta property=\"og:type\" content=\"article\" \/>\n<meta property=\"og:title\" content=\"Abogado de Monsanto Roundup\" \/>\n<meta property=\"og:description\" content=\"Los productos de control de malezas Roundup y Ranger Pro, de Monsanto han sido conectados al c\u00e1ncer, despu\u00e9s que un reporte de la Organizaci\u00f3n Mundial de la Salud, conocida por sus siglas (WHO) estimo que el ingrediente clave, glifosato, es un \u00abposible\u00bb carcin\u00f3geno. Espec\u00edficamente, perece existir una relaci\u00f3n entre la exposici\u00f3n al glifosato y el ... Leer m\u00e1s\" \/>\n<meta property=\"og:url\" content=\"https:\/\/stltriallawyers.com\/es\/abogado-de-monsanto-roundup\/\" \/>\n<meta property=\"og:site_name\" content=\"St. Louis Trial Lawyers\" \/>\n<meta property=\"article:modified_time\" content=\"2025-02-08T20:40:46+00:00\" \/>\n<meta property=\"og:image\" content=\"https:\/\/stltriallawyers.com\/wp-content\/uploads\/Roundup.jpg\" \/>\n\t<meta property=\"og:image:width\" content=\"2121\" \/>\n\t<meta property=\"og:image:height\" content=\"1414\" \/>\n\t<meta property=\"og:image:type\" content=\"image\/jpeg\" \/>\n<meta name=\"twitter:label1\" content=\"Tiempo de lectura\" \/>\n\t<meta name=\"twitter:data1\" content=\"4 minutos\" \/>\n<script type=\"application\/ld+json\" class=\"yoast-schema-graph\">{\"@context\":\"https:\/\/schema.org\",\"@graph\":[{\"@type\":\"WebPage\",\"@id\":\"https:\/\/stltriallawyers.com\/es\/abogado-de-monsanto-roundup\/\",\"url\":\"https:\/\/stltriallawyers.com\/es\/abogado-de-monsanto-roundup\/\",\"name\":\"Abogado de Monsanto Roundup - St. Louis Trial Lawyers\",\"isPartOf\":{\"@id\":\"https:\/\/stltriallawyers.com\/#website\"},\"primaryImageOfPage\":{\"@id\":\"https:\/\/stltriallawyers.com\/es\/abogado-de-monsanto-roundup\/#primaryimage\"},\"image\":{\"@id\":\"https:\/\/stltriallawyers.com\/es\/abogado-de-monsanto-roundup\/#primaryimage\"},\"thumbnailUrl\":\"https:\/\/stltriallawyers.com\/wp-content\/uploads\/Roundup-300x200.jpg\",\"datePublished\":\"2024-06-12T03:34:03+00:00\",\"dateModified\":\"2025-02-08T20:40:46+00:00\",\"breadcrumb\":{\"@id\":\"https:\/\/stltriallawyers.com\/es\/abogado-de-monsanto-roundup\/#breadcrumb\"},\"inLanguage\":\"es\",\"potentialAction\":[{\"@type\":\"ReadAction\",\"target\":[\"https:\/\/stltriallawyers.com\/es\/abogado-de-monsanto-roundup\/\"]}]},{\"@type\":\"ImageObject\",\"inLanguage\":\"es\",\"@id\":\"https:\/\/stltriallawyers.com\/es\/abogado-de-monsanto-roundup\/#primaryimage\",\"url\":\"https:\/\/stltriallawyers.com\/wp-content\/uploads\/Roundup-300x200.jpg\",\"contentUrl\":\"https:\/\/stltriallawyers.com\/wp-content\/uploads\/Roundup-300x200.jpg\"},{\"@type\":\"BreadcrumbList\",\"@id\":\"https:\/\/stltriallawyers.com\/es\/abogado-de-monsanto-roundup\/#breadcrumb\",\"itemListElement\":[{\"@type\":\"ListItem\",\"position\":1,\"name\":\"Home\",\"item\":\"https:\/\/stltriallawyers.com\/es\/\"},{\"@type\":\"ListItem\",\"position\":2,\"name\":\"Abogado de Monsanto Roundup\"}]},{\"@type\":\"WebSite\",\"@id\":\"https:\/\/stltriallawyers.com\/#website\",\"url\":\"https:\/\/stltriallawyers.com\/\",\"name\":\"St. Louis Trial Lawyers\",\"description\":\"\",\"publisher\":{\"@id\":\"https:\/\/stltriallawyers.com\/#organization\"},\"potentialAction\":[{\"@type\":\"SearchAction\",\"target\":{\"@type\":\"EntryPoint\",\"urlTemplate\":\"https:\/\/stltriallawyers.com\/?s={search_term_string}\"},\"query-input\":{\"@type\":\"PropertyValueSpecification\",\"valueRequired\":true,\"valueName\":\"search_term_string\"}}],\"inLanguage\":\"es\"},{\"@type\":[\"Organization\",\"Place\"],\"@id\":\"https:\/\/stltriallawyers.com\/#organization\",\"name\":\"Fernandez Law, LLC\",\"url\":\"https:\/\/stltriallawyers.com\/\",\"logo\":{\"@id\":\"https:\/\/stltriallawyers.com\/es\/abogado-de-monsanto-roundup\/#local-main-organization-logo\"},\"image\":{\"@id\":\"https:\/\/stltriallawyers.com\/es\/abogado-de-monsanto-roundup\/#local-main-organization-logo\"},\"telephone\":[],\"openingHoursSpecification\":[{\"@type\":\"OpeningHoursSpecification\",\"dayOfWeek\":[\"Monday\",\"Tuesday\",\"Wednesday\",\"Thursday\",\"Friday\",\"Saturday\",\"Sunday\"],\"opens\":\"09:00\",\"closes\":\"17:00\"}]},{\"@type\":\"ImageObject\",\"inLanguage\":\"es\",\"@id\":\"https:\/\/stltriallawyers.com\/es\/abogado-de-monsanto-roundup\/#local-main-organization-logo\",\"url\":\"https:\/\/stltriallawyers.com\/wp-content\/uploads\/Logo.jpg\",\"contentUrl\":\"https:\/\/stltriallawyers.com\/wp-content\/uploads\/Logo.jpg\",\"width\":1084,\"height\":284,\"caption\":\"Fernandez Law, LLC\"}]}<\/script>\n<!-- \/ Yoast SEO Premium plugin. -->","yoast_head_json":{"title":"Abogado de Monsanto Roundup - St. Louis Trial Lawyers","robots":{"index":"index","follow":"follow","max-snippet":"max-snippet:-1","max-image-preview":"max-image-preview:large","max-video-preview":"max-video-preview:-1"},"canonical":"https:\/\/stltriallawyers.com\/es\/abogado-de-monsanto-roundup\/","og_locale":"es_ES","og_type":"article","og_title":"Abogado de Monsanto Roundup","og_description":"Los productos de control de malezas Roundup y Ranger Pro, de Monsanto han sido conectados al c\u00e1ncer, despu\u00e9s que un reporte de la Organizaci\u00f3n Mundial de la Salud, conocida por sus siglas (WHO) estimo que el ingrediente clave, glifosato, es un \u00abposible\u00bb carcin\u00f3geno. Espec\u00edficamente, perece existir una relaci\u00f3n entre la exposici\u00f3n al glifosato y el ... Leer m\u00e1s","og_url":"https:\/\/stltriallawyers.com\/es\/abogado-de-monsanto-roundup\/","og_site_name":"St. Louis Trial Lawyers","article_modified_time":"2025-02-08T20:40:46+00:00","og_image":[{"width":2121,"height":1414,"url":"https:\/\/stltriallawyers.com\/wp-content\/uploads\/Roundup.jpg","type":"image\/jpeg"}],"twitter_misc":{"Tiempo de lectura":"4 minutos"},"schema":{"@context":"https:\/\/schema.org","@graph":[{"@type":"WebPage","@id":"https:\/\/stltriallawyers.com\/es\/abogado-de-monsanto-roundup\/","url":"https:\/\/stltriallawyers.com\/es\/abogado-de-monsanto-roundup\/","name":"Abogado de Monsanto Roundup - St. Louis Trial Lawyers","isPartOf":{"@id":"https:\/\/stltriallawyers.com\/#website"},"primaryImageOfPage":{"@id":"https:\/\/stltriallawyers.com\/es\/abogado-de-monsanto-roundup\/#primaryimage"},"image":{"@id":"https:\/\/stltriallawyers.com\/es\/abogado-de-monsanto-roundup\/#primaryimage"},"thumbnailUrl":"https:\/\/stltriallawyers.com\/wp-content\/uploads\/Roundup-300x200.jpg","datePublished":"2024-06-12T03:34:03+00:00","dateModified":"2025-02-08T20:40:46+00:00","breadcrumb":{"@id":"https:\/\/stltriallawyers.com\/es\/abogado-de-monsanto-roundup\/#breadcrumb"},"inLanguage":"es","potentialAction":[{"@type":"ReadAction","target":["https:\/\/stltriallawyers.com\/es\/abogado-de-monsanto-roundup\/"]}]},{"@type":"ImageObject","inLanguage":"es","@id":"https:\/\/stltriallawyers.com\/es\/abogado-de-monsanto-roundup\/#primaryimage","url":"https:\/\/stltriallawyers.com\/wp-content\/uploads\/Roundup-300x200.jpg","contentUrl":"https:\/\/stltriallawyers.com\/wp-content\/uploads\/Roundup-300x200.jpg"},{"@type":"BreadcrumbList","@id":"https:\/\/stltriallawyers.com\/es\/abogado-de-monsanto-roundup\/#breadcrumb","itemListElement":[{"@type":"ListItem","position":1,"name":"Home","item":"https:\/\/stltriallawyers.com\/es\/"},{"@type":"ListItem","position":2,"name":"Abogado de Monsanto Roundup"}]},{"@type":"WebSite","@id":"https:\/\/stltriallawyers.com\/#website","url":"https:\/\/stltriallawyers.com\/","name":"St. Louis Trial Lawyers","description":"","publisher":{"@id":"https:\/\/stltriallawyers.com\/#organization"},"potentialAction":[{"@type":"SearchAction","target":{"@type":"EntryPoint","urlTemplate":"https:\/\/stltriallawyers.com\/?s={search_term_string}"},"query-input":{"@type":"PropertyValueSpecification","valueRequired":true,"valueName":"search_term_string"}}],"inLanguage":"es"},{"@type":["Organization","Place"],"@id":"https:\/\/stltriallawyers.com\/#organization","name":"Fernandez Law, LLC","url":"https:\/\/stltriallawyers.com\/","logo":{"@id":"https:\/\/stltriallawyers.com\/es\/abogado-de-monsanto-roundup\/#local-main-organization-logo"},"image":{"@id":"https:\/\/stltriallawyers.com\/es\/abogado-de-monsanto-roundup\/#local-main-organization-logo"},"telephone":[],"openingHoursSpecification":[{"@type":"OpeningHoursSpecification","dayOfWeek":["Monday","Tuesday","Wednesday","Thursday","Friday","Saturday","Sunday"],"opens":"09:00","closes":"17:00"}]},{"@type":"ImageObject","inLanguage":"es","@id":"https:\/\/stltriallawyers.com\/es\/abogado-de-monsanto-roundup\/#local-main-organization-logo","url":"https:\/\/stltriallawyers.com\/wp-content\/uploads\/Logo.jpg","contentUrl":"https:\/\/stltriallawyers.com\/wp-content\/uploads\/Logo.jpg","width":1084,"height":284,"caption":"Fernandez Law, LLC"}]}},"_links":{"self":[{"href":"https:\/\/stltriallawyers.com\/es\/wp-json\/wp\/v2\/pages\/9783","targetHints":{"allow":["GET"]}}],"collection":[{"href":"https:\/\/stltriallawyers.com\/es\/wp-json\/wp\/v2\/pages"}],"about":[{"href":"https:\/\/stltriallawyers.com\/es\/wp-json\/wp\/v2\/types\/page"}],"author":[{"embeddable":true,"href":"https:\/\/stltriallawyers.com\/es\/wp-json\/wp\/v2\/users\/8"}],"replies":[{"embeddable":true,"href":"https:\/\/stltriallawyers.com\/es\/wp-json\/wp\/v2\/comments?post=9783"}],"version-history":[{"count":2,"href":"https:\/\/stltriallawyers.com\/es\/wp-json\/wp\/v2\/pages\/9783\/revisions"}],"predecessor-version":[{"id":9785,"href":"https:\/\/stltriallawyers.com\/es\/wp-json\/wp\/v2\/pages\/9783\/revisions\/9785"}],"wp:attachment":[{"href":"https:\/\/stltriallawyers.com\/es\/wp-json\/wp\/v2\/media?parent=9783"}],"curies":[{"name":"wp","href":"https:\/\/api.w.org\/{rel}","templated":true}]}}